{"id":1345,"date":"2024-03-21T04:03:01","date_gmt":"2024-03-21T04:03:01","guid":{"rendered":"https:\/\/www.ccmmachine.com\/?post_type=product&#038;p=1345"},"modified":"2024-03-21T04:03:05","modified_gmt":"2024-03-21T04:03:05","slug":"friggitrice-elettrica-a-pressione-pfe-500","status":"publish","type":"product","link":"https:\/\/www.ccmmachine.com\/it\/product\/electric-pressure-fryer-pfe-500\/","title":{"rendered":"Friggitrice elettrica a pressione PFE-500"},"content":{"rendered":"<p>Questa serie di forni americani per pollo fritto \u00e8 un&#039;azienda che assorbe la tecnologia avanzata straniera, secondo le caratteristiche del processo di produzione del pollo fritto occidentale e tradizionale cinese nello sviluppo e nella produzione dell&#039;ultimo forno per pollo fritto. L&#039;intero corpo in acciaio inossidabile, funzionamento semplice, pressione di scarico con controllo automatico della temperatura.<br>Utilizzando i principi dell&#039;alta pressione a bassa temperatura, il cibo fritto \u00e8 croccante all&#039;esterno e tenero e dal colore brillante, ma anche anatra fritta, pollo fritto, pollo fritto, ali di pollo, pesce, maiale e altra carne, patate e altre verdure. Applicabile a tutti i grandi negozi, hotel, fast food, snack bar, mense aziendali e famiglie di lavoratori autonomi. Con funzionamento semplice, pulito, facile da usare, alta efficienza, durata e altre caratteristiche. \u00c8 l&#039;ultimo tipo di macchinari e attrezzature per la lavorazione degli alimenti.<gwmw style=\"display:none;\"><\/gwmw><\/p>\n\n\n\n<h3 class=\"wp-block-heading\"><strong>Caratteristiche:<\/strong><gwmw style=\"display:none;\"><\/gwmw><\/h3>\n\n\n\n<p>1, tutto il corpo in acciaio inossidabile, facile da lavare e pulire, lunga durata.<br>2, coperchio in alluminio, robusto e leggero, facile da aprire e chiudere.<br>3, sistema di filtraggio integrato, facile da usare ed efficiente dal punto di vista energetico.<br>4, quattro ruote con capacit\u00e0 di carico insieme alla funzione di freno, facilit\u00e0 di movimento e posizionamento.<br>5, il classico pannello di controllo della macchina, pi\u00f9 semplice ed efficiente.<\/p>\n\n\n\n<figure class=\"wp-block-table\"><table><tbody><tr><td>Nome<\/td><td>Friggitrice elettrica a pressione<\/td><\/tr><tr><td>nome<\/td><td>PFE-500<\/td><\/tr><tr><td>Voltaggio<\/td><td>~3N380v\/50Hz\uff08~3N220v\/60Hz\uff09<\/td><\/tr><tr><td>Energia<\/td><td>13,5 kW<\/td><\/tr><tr><td>Controllare l&#039;intervallo di temperatura<\/td><td>20-200 \u2103<\/td><\/tr><tr><td>Misurare<\/td><td>960\u00d7460\u00d71230 mm<\/td><\/tr><tr><td>Dimensioni dell&#039;imballaggio<\/td><td>1030\u00d7510\u00d71300 mm<\/td><\/tr><tr><td>Capacit\u00e0<\/td><td>24 litri<\/td><\/tr><tr><td>Peso<\/td><td>135 kg<\/td><\/tr><tr><td>Peso lordo<\/td><td>155 kg<\/td><\/tr><tr><td>Pannello di controllo<\/td><td>pannello manuale<\/td><\/tr><\/tbody><\/table><\/figure>\n\n\n\n<figure class=\"wp-block-image size-full\"><img decoding=\"async\" width=\"740\" height=\"300\" src=\"https:\/\/www.ccmmachine.com\/wp-content\/uploads\/2024\/03\/Electric-Pressure-fryer-PFE-500-001.webp\" alt=\"\" class=\"wp-image-1577\" srcset=\"https:\/\/www.ccmmachine.com\/wp-content\/uploads\/2024\/03\/Electric-Pressure-fryer-PFE-500-001.webp 740w, https:\/\/www.ccmmachine.com\/wp-content\/uploads\/2024\/03\/Electric-Pressure-fryer-PFE-500-001-700x284.webp 700w, https:\/\/www.ccmmachine.com\/wp-content\/uploads\/2024\/03\/Electric-Pressure-fryer-PFE-500-001-300x122.webp 300w, https:\/\/www.ccmmachine.com\/wp-content\/uploads\/2024\/03\/Electric-Pressure-fryer-PFE-500-001-18x7.webp 18w\" sizes=\"(max-width: 740px) 100vw, 740px\" \/><\/figure>\n\n\n\n<figure class=\"wp-block-image size-full\"><img decoding=\"async\" width=\"472\" height=\"461\" src=\"https:\/\/www.ccmmachine.com\/wp-content\/uploads\/2024\/03\/Electric-Pressure-fryer-PFE-500-002.webp\" alt=\"\" class=\"wp-image-1578\" srcset=\"https:\/\/www.ccmmachine.com\/wp-content\/uploads\/2024\/03\/Electric-Pressure-fryer-PFE-500-002.webp 472w, https:\/\/www.ccmmachine.com\/wp-content\/uploads\/2024\/03\/Electric-Pressure-fryer-PFE-500-002-300x293.webp 300w, https:\/\/www.ccmmachine.com\/wp-content\/uploads\/2024\/03\/Electric-Pressure-fryer-PFE-500-002-12x12.webp 12w\" sizes=\"(max-width: 472px) 100vw, 472px\" \/><\/figure>\n\n\n\n<p><gwmw style=\"display:none;\"><\/gwmw><\/p>","protected":false},"excerpt":{"rendered":"<p>This series American fried chicken oven is a company absorbing the foreign advanced technology, according to the production process characteristics of Western and traditional Chinese chicken fried chicken in the development and production of the latest fried chicken oven. The whole body of stainless steel, simple operation, automatic temperature control exhaust pressure.Using low-temperature high-pressure principles, [&#8230;]\n","protected":false},"featured_media":1576,"template":"","meta":[],"product_brand":[],"product_cat":[85],"product_tag":[],"class_list":{"0":"post-1345","1":"product","2":"type-product","3":"status-publish","4":"has-post-thumbnail","6":"product_cat-electric-pressure-fryers","8":"first","9":"instock","10":"shipping-taxable","11":"product-type-simple"},"_links":{"self":[{"href":"https:\/\/www.ccmmachine.com\/it\/wp-json\/wp\/v2\/product\/1345","targetHints":{"allow":["GET"]}}],"collection":[{"href":"https:\/\/www.ccmmachine.com\/it\/wp-json\/wp\/v2\/product"}],"about":[{"href":"https:\/\/www.ccmmachine.com\/it\/wp-json\/wp\/v2\/types\/product"}],"wp:featuredmedia":[{"embeddable":true,"href":"https:\/\/www.ccmmachine.com\/it\/wp-json\/wp\/v2\/media\/1576"}],"wp:attachment":[{"href":"https:\/\/www.ccmmachine.com\/it\/wp-json\/wp\/v2\/media?parent=1345"}],"wp:term":[{"taxonomy":"product_brand","embeddable":true,"href":"https:\/\/www.ccmmachine.com\/it\/wp-json\/wp\/v2\/product_brand?post=1345"},{"taxonomy":"product_cat","embeddable":true,"href":"https:\/\/www.ccmmachine.com\/it\/wp-json\/wp\/v2\/product_cat?post=1345"},{"taxonomy":"product_tag","embeddable":true,"href":"https:\/\/www.ccmmachine.com\/it\/wp-json\/wp\/v2\/product_tag?post=1345"}],"curies":[{"name":"wp","href":"https:\/\/api.w.org\/{rel}","templated":true}]}}