{"id":1340,"date":"2024-03-21T03:52:28","date_gmt":"2024-03-21T03:52:28","guid":{"rendered":"https:\/\/www.ccmmachine.com\/?post_type=product&#038;p=1340"},"modified":"2024-03-21T03:52:31","modified_gmt":"2024-03-21T03:52:31","slug":"friggitrice-elettrica-a-pressione-pfe-600","status":"publish","type":"product","link":"https:\/\/www.ccmmachine.com\/it\/product\/electric-pressure-fryer-pfe-600\/","title":{"rendered":"Friggitrice elettrica a pressione PFE-600"},"content":{"rendered":"<p><strong>Descrizione del prodotto:<\/strong><\/p>\n\n\n\n<p>1 Corpo interamente in acciaio inossidabile, facile da lavare e pulire, lunga durata.<br>2 Coperchio interamente in alluminio, robusto e leggero, facile da aprire e chiudere.<br>3 Il sistema di filtraggio automatico integrato \u00e8 facile da usare ed efficiente dal punto di vista energetico.<\/p>\n\n\n\n<p>Questa serie di forni americani per pollo fritto \u00e8 un&#039;azienda che assorbe tecnologia avanzata straniera, secondo le caratteristiche del processo di produzione del pollo fritto occidentale e tradizionale cinese nello sviluppo e nella produzione dell&#039;ultimo forno per pollo fritto. L&#039;intero corpo in acciaio inossidabile, pannello di controllo del computer LCD, funzionamento semplice, pressione di scarico del controllo automatico della temperatura. Utilizzando i principi dell&#039;alta pressione a bassa temperatura, il cibo fritto \u00e8 croccante all&#039;esterno e tenero, con colori vivaci, ma anche anatra fritta, pollo fritto, pollo fritto, ali di pollo, pesce, maiale e altra carne, patate e altre verdure. Applicabile a tutti i grandi negozi, hotel, fast food, snack bar, mense aziendali e famiglie di lavoratori autonomi. Con funzionamento semplice, pulito, facile da usare, alta efficienza, durata e altre funzionalit\u00e0. \u00c8 l&#039;ultimo tipo di macchinari e attrezzature per la lavorazione degli alimenti.<gwmw style=\"display:none;\"><\/gwmw><\/p>\n\n\n\n<p><strong>Caratteristiche:<\/strong><br>1, tutto il corpo in acciaio inossidabile, facile da lavare e pulire, lunga durata.<br>2, coperchio interamente in alluminio, robusto e leggero, facile da aprire e chiudere.<br>3, sistema di filtraggio automatico integrato, facile da usare ed efficiente dal punto di vista energetico.<br>4, capacit\u00e0 di carico di quattro rotelle insieme alla funzione di freno, facilit\u00e0 di movimento e posizionamento.<br>5, pannello di controllo del display digitale LCD, pi\u00f9 accurato e pi\u00f9 bello.<\/p>\n\n\n\n<figure class=\"wp-block-table\"><table><tbody><tr><td>Nome<\/td><td>Friggitrice elettrica a pressione<\/td><\/tr><tr><td>nome<\/td><td>PFE-600<\/td><\/tr><tr><td>Voltaggio<\/td><td>~3N380v\/50Hz\uff08~3N220v\/60Hz\uff09<\/td><\/tr><tr><td>Energia<\/td><td>13,5 kW<\/td><\/tr><tr><td>Controllare l&#039;intervallo di temperatura<\/td><td>20-200 \u2103<\/td><\/tr><tr><td>Misurare<\/td><td>960\u00d7460\u00d71230 mm<\/td><\/tr><tr><td>Dimensioni dell&#039;imballaggio<\/td><td>1030\u00d7510\u00d71300 mm<\/td><\/tr><tr><td>Capacit\u00e0<\/td><td>24 litri<\/td><\/tr><tr><td>Peso<\/td><td>135 kg<\/td><\/tr><tr><td>Peso lordo<\/td><td>155 kg<\/td><\/tr><tr><td>Pannello di controllo<\/td><td>Pannello di controllo LED<\/td><\/tr><\/tbody><\/table><\/figure>\n\n\n\n<figure class=\"wp-block-image\"><img decoding=\"async\" src=\"https:\/\/www.ccmmachine.com\/wp-content\/uploads\/2019\/09\/Electric-Pressure-fryer-PFE-600-001.jpg\" alt=\"\" class=\"wp-image-1342\"\/><\/figure>\n\n\n\n<figure class=\"wp-block-image\"><img decoding=\"async\" src=\"https:\/\/www.ccmmachine.com\/wp-content\/uploads\/2019\/09\/Electric-Pressure-fryer-PFE-600-002.jpg\" alt=\"\" class=\"wp-image-1344\"\/><\/figure>\n\n\n\n<p><gwmw style=\"display:none;\"><\/gwmw><\/p>","protected":false},"excerpt":{"rendered":"<p>Product Description\uff1a 1 All stainless steel body easy to wash and wipe long service life.2 All aluminum lid rugged and lightweight easy to open and close.3 The built-in automatic filtration system is easy to use and energy-efficient. This series of American fried chicken Ovens is a company absorbing foreign advanced technology, according to the production [&#8230;]\n","protected":false},"featured_media":1568,"template":"","meta":[],"product_brand":[],"product_cat":[85],"product_tag":[],"class_list":{"0":"post-1340","1":"product","2":"type-product","3":"status-publish","4":"has-post-thumbnail","6":"product_cat-electric-pressure-fryers","8":"first","9":"instock","10":"shipping-taxable","11":"product-type-simple"},"_links":{"self":[{"href":"https:\/\/www.ccmmachine.com\/it\/wp-json\/wp\/v2\/product\/1340","targetHints":{"allow":["GET"]}}],"collection":[{"href":"https:\/\/www.ccmmachine.com\/it\/wp-json\/wp\/v2\/product"}],"about":[{"href":"https:\/\/www.ccmmachine.com\/it\/wp-json\/wp\/v2\/types\/product"}],"wp:featuredmedia":[{"embeddable":true,"href":"https:\/\/www.ccmmachine.com\/it\/wp-json\/wp\/v2\/media\/1568"}],"wp:attachment":[{"href":"https:\/\/www.ccmmachine.com\/it\/wp-json\/wp\/v2\/media?parent=1340"}],"wp:term":[{"taxonomy":"product_brand","embeddable":true,"href":"https:\/\/www.ccmmachine.com\/it\/wp-json\/wp\/v2\/product_brand?post=1340"},{"taxonomy":"product_cat","embeddable":true,"href":"https:\/\/www.ccmmachine.com\/it\/wp-json\/wp\/v2\/product_cat?post=1340"},{"taxonomy":"product_tag","embeddable":true,"href":"https:\/\/www.ccmmachine.com\/it\/wp-json\/wp\/v2\/product_tag?post=1340"}],"curies":[{"name":"wp","href":"https:\/\/api.w.org\/{rel}","templated":true}]}}