{"id":1285,"date":"2024-03-21T02:33:56","date_gmt":"2024-03-21T02:33:56","guid":{"rendered":"https:\/\/www.ccmmachine.com\/?post_type=product&#038;p=1285"},"modified":"2024-03-21T02:34:00","modified_gmt":"2024-03-21T02:34:00","slug":"friggitrice-elettrica-a-pressione-pfe-600l","status":"publish","type":"product","link":"https:\/\/www.ccmmachine.com\/it\/product\/electric-pressure-fryer-pfe-600l\/","title":{"rendered":"Friggitrice elettrica a pressione PFE-600L"},"content":{"rendered":"<h3 class=\"wp-block-heading\"><strong>Descrizione del prodotto:<\/strong> <\/h3>\n\n\n\n<ul class=\"wp-block-list\">\n<li>Tutto il corpo in acciaio inossidabile \u00e8 facile da lavare e pulire e ha una lunga durata. <\/li>\n\n\n\n<li>Tutti i coperchi in alluminio robusti e leggeri, facili da aprire e chiudere. <\/li>\n\n\n\n<li>Il sistema di filtraggio automatico integrato \u00e8 facile da usare ed efficiente dal punto di vista energetico. <\/li>\n<\/ul>\n\n\n\n<p>Questa serie di forni americani per pollo fritto \u00e8 un&#039;azienda che assorbe tecnologia avanzata straniera, secondo le caratteristiche del processo di produzione del pollo fritto occidentale e tradizionale cinese nello sviluppo e nella produzione dell&#039;ultimo forno per pollo fritto. L&#039;intero corpo in acciaio inossidabile, pannello di controllo del computer LCD, funzionamento semplice, pressione di scarico del controllo automatico della temperatura. Utilizzando il principio dell&#039;alta pressione a bassa temperatura, il cibo fritto \u00e8 croccante all&#039;esterno e tenero e dal colore brillante, ma anche anatra fritta, pollo fritto, pollo fritto, ali di pollo, pesce, maiale e altra carne, patate e altre verdure. Applicabile a tutti i principali negozi, hotel, fast food, snack bar, mense aziendali e famiglie di lavoratori autonomi. Con funzionamento semplice, pulito, facile da usare, alta efficienza, durata e altre caratteristiche. \u00c8 l&#039;ultimo tipo di macchinari e attrezzature per la lavorazione degli alimenti. <\/p>\n\n\n\n<p><strong>Caratteristiche:<\/strong> <\/p>\n\n\n\n<ul class=\"wp-block-list\">\n<li>Tutto il corpo in acciaio inossidabile, facile da lavare e pulire, lunga durata. <\/li>\n\n\n\n<li>Tutti i coperchi in alluminio sono robusti e leggeri, facili da aprire e chiudere. <\/li>\n\n\n\n<li>Sistema di filtraggio automatico integrato, facile da usare ed efficiente dal punto di vista energetico. <\/li>\n\n\n\n<li>Quattro ruote con capacit\u00e0 di carico insieme alla funzione di freno, facilit\u00e0 di movimento e posizionamento. <\/li>\n\n\n\n<li>Il pannello di controllo del display digitale LCD \u00e8 pi\u00f9 preciso e pi\u00f9 bello. <\/li>\n<\/ul>\n\n\n\n<figure class=\"wp-block-table\"><table><tbody><tr><td>Nome<\/td><td>Friggitrice elettrica a pressione<\/td><\/tr><tr><td>nome<\/td><td>PFE-600L<\/td><\/tr><tr><td>Voltaggio<\/td><td>~3N380v\/50Hz\uff08~3N220v\/60Hz\uff09<\/td><\/tr><tr><td>Energia<\/td><td>13,5 kW<\/td><\/tr><tr><td>Controllare l&#039;intervallo di temperatura<\/td><td>20-200 \u2103<\/td><\/tr><tr><td>Misurare<\/td><td>960\u00d7460\u00d71230 mm<\/td><\/tr><tr><td>Dimensioni dell&#039;imballaggio<\/td><td>1030\u00d7510\u00d71300 mm<\/td><\/tr><tr><td>Capacit\u00e0<\/td><td>24 litri<\/td><\/tr><tr><td>Peso<\/td><td>135 kg<\/td><\/tr><tr><td>Peso lordo<\/td><td>155 kg<\/td><\/tr><tr><td>Pannello di controllo<\/td><td>Pannello di controllo LED<\/td><\/tr><\/tbody><\/table><\/figure>\n\n\n\n<figure class=\"wp-block-image\"><img decoding=\"async\" src=\"https:\/\/www.ccmmachine.com\/wp-content\/uploads\/2019\/08\/Electric-Pressure-fryer-PFE-600L-001.jpg\" alt=\"\" class=\"wp-image-1304\"\/><\/figure>\n\n\n\n<figure class=\"wp-block-image\"><img decoding=\"async\" src=\"https:\/\/www.ccmmachine.com\/wp-content\/uploads\/2019\/08\/Electric-Pressure-fryer-PFE-600L-002.jpg\" alt=\"\" class=\"wp-image-1305\"\/><\/figure>","protected":false},"excerpt":{"rendered":"<p>Product Description\uff1a This series American fried chicken furnace is the company absorbing foreign advanced technology, according to the production process characteristics Western and traditional Chinese chicken fried chicken in the development and production of the latest fried chicken furnace. The whole body of stainless steel, LCD computer control panel, simple operation, automatic temperature control exhaust [&#8230;]\n","protected":false},"featured_media":1562,"template":"","meta":[],"product_brand":[],"product_cat":[85],"product_tag":[],"class_list":{"0":"post-1285","1":"product","2":"type-product","3":"status-publish","4":"has-post-thumbnail","6":"product_cat-electric-pressure-fryers","8":"first","9":"instock","10":"shipping-taxable","11":"product-type-simple"},"_links":{"self":[{"href":"https:\/\/www.ccmmachine.com\/it\/wp-json\/wp\/v2\/product\/1285","targetHints":{"allow":["GET"]}}],"collection":[{"href":"https:\/\/www.ccmmachine.com\/it\/wp-json\/wp\/v2\/product"}],"about":[{"href":"https:\/\/www.ccmmachine.com\/it\/wp-json\/wp\/v2\/types\/product"}],"wp:featuredmedia":[{"embeddable":true,"href":"https:\/\/www.ccmmachine.com\/it\/wp-json\/wp\/v2\/media\/1562"}],"wp:attachment":[{"href":"https:\/\/www.ccmmachine.com\/it\/wp-json\/wp\/v2\/media?parent=1285"}],"wp:term":[{"taxonomy":"product_brand","embeddable":true,"href":"https:\/\/www.ccmmachine.com\/it\/wp-json\/wp\/v2\/product_brand?post=1285"},{"taxonomy":"product_cat","embeddable":true,"href":"https:\/\/www.ccmmachine.com\/it\/wp-json\/wp\/v2\/product_cat?post=1285"},{"taxonomy":"product_tag","embeddable":true,"href":"https:\/\/www.ccmmachine.com\/it\/wp-json\/wp\/v2\/product_tag?post=1285"}],"curies":[{"name":"wp","href":"https:\/\/api.w.org\/{rel}","templated":true}]}}