{"id":1403,"date":"2024-03-21T04:11:58","date_gmt":"2024-03-21T04:11:58","guid":{"rendered":"https:\/\/www.ccmmachine.com\/?post_type=product&#038;p=1403"},"modified":"2024-03-21T04:12:02","modified_gmt":"2024-03-21T04:12:02","slug":"gasthrystisteikingartaeki-mdxz-25c","status":"publish","type":"product","link":"https:\/\/www.ccmmachine.com\/is\/product\/gas-pressure-fryer-mdxz-25c\/","title":{"rendered":"Gas\u00fer\u00fdstisteikingart\u00e6ki MDXZ-25"},"content":{"rendered":"<p>\u00der\u00fdstisteikingarv\u00e9lin er fyrirt\u00e6ki\u00f0 sem gleypir erlenda h\u00e1\u00fer\u00f3a\u00f0a t\u00e6kni, \u00fer\u00f3un og framlei\u00f0slu \u00e1 n\u00fdjustu framlei\u00f0sluferli steiktu kj\u00faklingaofnsteikta kj\u00faklinga \u00ed samr\u00e6mi vi\u00f0 einkenni vestr\u00e6nna og hef\u00f0bundinna k\u00ednverska steikta kj\u00faklinga.<\/p>\n\n\n\n<p>Allur l\u00edkaminn \u00far ry\u00f0fr\u00edu st\u00e1li, rafr\u00e6n t\u00edmasetning, sj\u00e1lfvirk hitast\u00fdring \u00fatbl\u00e1sturs\u00fer\u00fdstings. Me\u00f0 \u00fev\u00ed a\u00f0 nota l\u00e1ghita h\u00e1\u00fer\u00fdstingsregluna er steiktur matur st\u00f6kkur a\u00f0 utan og mj\u00fakur, bjartur litur, en einnig steikt \u00f6nd, fiskur, sv\u00ednakj\u00f6t, lambakj\u00f6t og anna\u00f0 kj\u00f6t og gr\u00e6nmeti, kart\u00f6flur. Gildir fyrir allar helstu verslanir, h\u00f3tel, skyndibitasta\u00f0i, snarlbari, verksmi\u00f0jum\u00f6tuneyti og sj\u00e1lfst\u00e6tt starfandi heimili.<\/p>\n\n\n\n<p>S\u00e9rt\u00e6k a\u00f0ger\u00f0 er einf\u00f6ld, hrein, au\u00f0veld \u00ed notkun, mikil afk\u00f6st, endingu og \u00f6nnur einkenni, og er n\u00fdjasta tegund matv\u00e6lavinnsluv\u00e9la og -b\u00fana\u00f0ar.<gwmw style=\"display:none;\"><\/gwmw><\/p>\n\n\n\n<h3 class=\"wp-block-heading\"><strong>Eiginleikar:<\/strong><gwmw style=\"display:none;\"><\/gwmw><\/h3>\n\n\n\n<ul class=\"wp-block-list\">\n<li>Allt ry\u00f0fr\u00edtt st\u00e1l yfirbygging, au\u00f0velt a\u00f0 \u00fevo og \u00feurrka, langur endingart\u00edmi.<\/li>\n\n\n\n<li>\u00c1llok, har\u00f0gert og l\u00e9tt, au\u00f0velt a\u00f0 opna og loka.<gwmw style=\"display:none;\"><\/gwmw><\/li>\n\n\n\n<li>Bur\u00f0argeta fj\u00f6gurra hj\u00f3la \u00e1samt bremsuvirkni, au\u00f0veldri hreyfingu og sta\u00f0setningu.<gwmw style=\"display:none;\"><\/gwmw><\/li>\n\n\n\n<li>Stj\u00f3rnbor\u00f0i\u00f0 fyrir v\u00e9larbor\u00f0i\u00f0, endingargott og au\u00f0velt a\u00f0 skipta um.<gwmw style=\"display:none;\"><\/gwmw><gwmw style=\"display:none;\"><\/gwmw><gwmw style=\"display:none;\"><\/gwmw><gwmw style=\"display:none;\"><\/gwmw><\/li>\n<\/ul>\n\n\n\n<figure class=\"wp-block-table\"><table><tbody><tr><td><strong>Nafn<\/strong><\/td><td>gas\u00fer\u00fdstisteikingart\u00e6ki<\/td><\/tr><tr><td><strong>Fyrirmynd<\/strong><\/td><td>MDXZ-25<\/td><\/tr><tr><td><strong>Vinnu\u00fer\u00fdstingur<\/strong><\/td><td>0,085Mpa<\/td><\/tr><tr><td><strong>Stj\u00f3rna hitastigi<\/strong><\/td><td>90 ~ 190 \u2103<gwmw style=\"display: none; background-color: transparent;\"><\/gwmw><\/td><\/tr><tr><td><strong>Bens\u00ednnotkun<\/strong><\/td><td>um 0,48 kg\/klst.<\/td><\/tr><tr><td><strong>Spenna<\/strong><\/td><td>LPG\/jar\u00f0gas<\/td><\/tr><tr><td><strong>Eldsneyti<\/strong><\/td><td>LPG\/N\u00e1tt\u00farugas<\/td><\/tr><tr><td><strong>St\u00e6r\u00f0<\/strong><\/td><td>460\u00d7960\u00d71230mm<\/td><\/tr><tr><td><strong>P\u00f6kkunarst\u00e6r\u00f0<\/strong><\/td><td>510\u00d71030\u00d71300mm<\/td><\/tr><tr><td><strong>Getu<\/strong><\/td><td>25L<\/td><\/tr><tr><td><strong>\u00deyngd<\/strong><\/td><td>110 kg<gwmw style=\"display:none;\"><\/gwmw><\/td><\/tr><tr><td><strong>Heildar\u00feyngd<\/strong><\/td><td>120 kg<\/td><\/tr><tr><td><strong>Stj\u00f3rnbor\u00f0<\/strong><\/td><td>Handvirkt Panel<\/td><\/tr><\/tbody><\/table><\/figure>\n\n\n\n<p><gwmw style=\"display:none;\"><\/gwmw><\/p>","protected":false},"excerpt":{"rendered":"<p>The pressure fryer is the company absorbing foreign advanced technology, development and production of the latest fried chicken oven fried chicken production process according to the characteristics of Western and traditional Chinese roast chicken. The whole body of stainless steel, electronic timing, automatic temperature control exhaust pressure. Using the low-temperature high-pressure principle, fried food is [&#8230;]\n","protected":false},"featured_media":1580,"template":"","meta":[],"product_brand":[],"product_cat":[86],"product_tag":[],"class_list":{"0":"post-1403","1":"product","2":"type-product","3":"status-publish","4":"has-post-thumbnail","6":"product_cat-gas-pressure-fryers","8":"first","9":"instock","10":"shipping-taxable","11":"product-type-simple"},"_links":{"self":[{"href":"https:\/\/www.ccmmachine.com\/is\/wp-json\/wp\/v2\/product\/1403","targetHints":{"allow":["GET"]}}],"collection":[{"href":"https:\/\/www.ccmmachine.com\/is\/wp-json\/wp\/v2\/product"}],"about":[{"href":"https:\/\/www.ccmmachine.com\/is\/wp-json\/wp\/v2\/types\/product"}],"wp:featuredmedia":[{"embeddable":true,"href":"https:\/\/www.ccmmachine.com\/is\/wp-json\/wp\/v2\/media\/1580"}],"wp:attachment":[{"href":"https:\/\/www.ccmmachine.com\/is\/wp-json\/wp\/v2\/media?parent=1403"}],"wp:term":[{"taxonomy":"product_brand","embeddable":true,"href":"https:\/\/www.ccmmachine.com\/is\/wp-json\/wp\/v2\/product_brand?post=1403"},{"taxonomy":"product_cat","embeddable":true,"href":"https:\/\/www.ccmmachine.com\/is\/wp-json\/wp\/v2\/product_cat?post=1403"},{"taxonomy":"product_tag","embeddable":true,"href":"https:\/\/www.ccmmachine.com\/is\/wp-json\/wp\/v2\/product_tag?post=1403"}],"curies":[{"name":"wp","href":"https:\/\/api.w.org\/{rel}","templated":true}]}}