{"id":1399,"date":"2024-03-21T03:58:46","date_gmt":"2024-03-21T03:58:46","guid":{"rendered":"https:\/\/www.ccmmachine.com\/?post_type=product&#038;p=1399"},"modified":"2024-03-21T03:59:18","modified_gmt":"2024-03-21T03:59:18","slug":"gasthrystisteikingartaeki-pfg-500","status":"publish","type":"product","link":"https:\/\/www.ccmmachine.com\/is\/product\/gas-pressure-fryer-pfg-500\/","title":{"rendered":"Gas\u00fer\u00fdstingsteikingart\u00e6ki PFG-500"},"content":{"rendered":"<h3 class=\"wp-block-heading\">L\u00ddSING<gwmw style=\"display:none;\"><\/gwmw><\/h3>\n\n\n\n<p>Gas Pressure Fried Chicken Furnace r\u00f6\u00f0in er l\u00edna af t\u00e6kjum \u00fer\u00f3u\u00f0 af fyrirt\u00e6kinu okkar, me\u00f0 h\u00e1\u00fer\u00f3a\u00f0ri t\u00e6kni fr\u00e1 \u00fatl\u00f6ndum. \u00deessir ofnar eru s\u00e9rstaklega hanna\u00f0ir til framlei\u00f0slu \u00e1 steiktum kj\u00faklingi, me\u00f0 hli\u00f0sj\u00f3n af b\u00e6\u00f0i vestr\u00e6num og hef\u00f0bundnum k\u00ednverskum a\u00f0fer\u00f0um vi\u00f0 a\u00f0 steikja kj\u00fakling. Allur l\u00edkami ofnsins er \u00far ry\u00f0fr\u00edu st\u00e1li og er me\u00f0 rafr\u00e6nni t\u00edmasetningu og sj\u00e1lfvirkri hitast\u00fdringu me\u00f0 \u00fatbl\u00e1sturs\u00fer\u00fdstingi. Me\u00f0 \u00fev\u00ed a\u00f0 nota l\u00e1ghita h\u00e1\u00fer\u00fdstingsregluna framlei\u00f0a ofnarnir okkar st\u00f6kkan og mj\u00fakan steiktan mat me\u00f0 sk\u00e6rum lit. Auk kj\u00faklinga er einnig h\u00e6gt a\u00f0 nota \u00fe\u00e6r til a\u00f0 steikja \u00f6nd, fisk, sv\u00ednakj\u00f6t, nautakj\u00f6t, kindakj\u00f6t, kart\u00f6flur og anna\u00f0 gr\u00e6nmeti. Ofnarnir okkar eru hentugir til notkunar \u00e1 \u00fdmsum starfsst\u00f6\u00f0vum eins og verslunum, h\u00f3telum, skyndibitast\u00f6\u00f0um, skyndibitast\u00f6\u00f0um, verksmi\u00f0jum\u00f6tum og jafnvel fyrir sj\u00e1lfst\u00e6tt starfandi einstaklinga. \u00deau eru au\u00f0veld \u00ed notkun, hrein og mj\u00f6g skilvirk, sem gerir \u00feau a\u00f0 n\u00fdjustu og fullkomnustu matv\u00e6lavinnsluv\u00e9lum og b\u00fana\u00f0i sem v\u00f6l er \u00e1.<\/p>\n\n\n\n<h3 class=\"wp-block-heading\"><strong>Eiginleikar:<\/strong><gwmw style=\"display:none;\"><\/gwmw><\/h3>\n\n\n\n<p>1. Allur ry\u00f0fr\u00edtt st\u00e1l l\u00edkami, au\u00f0velt a\u00f0 \u00fevo og \u00feurrka, langur endingart\u00edmi.<br>2. \u00c1llok, har\u00f0gert og l\u00e9tt, au\u00f0velt a\u00f0 opna og loka.<br>3. Innbyggt sj\u00e1lfvirkt s\u00edunarkerfi, au\u00f0velt \u00ed notkun og orkusparandi.<br>4. Bur\u00f0argeta fj\u00f6gurra hj\u00f3la \u00e1samt bremsuvirkni, au\u00f0veldri hreyfingu og sta\u00f0setningu.<br>5. Stj\u00f3rnbor\u00f0i\u00f0 fyrir v\u00e9larbor\u00f0i\u00f0, endingargott og au\u00f0velt a\u00f0 skipta um.<\/p>\n\n\n\n<figure class=\"wp-block-image size-full is-resized\"><img decoding=\"async\" width=\"1000\" height=\"714\" src=\"https:\/\/www.ccmmachine.com\/wp-content\/uploads\/2024\/03\/Hot-Selling-Commercial-Henny-Penny-Kfc-Gas-Pfg-500-Pressure-Fryer-1.webp\" alt=\"\" class=\"wp-image-1570\" style=\"width:840px;height:auto\" srcset=\"https:\/\/www.ccmmachine.com\/wp-content\/uploads\/2024\/03\/Hot-Selling-Commercial-Henny-Penny-Kfc-Gas-Pfg-500-Pressure-Fryer-1.webp 1000w, https:\/\/www.ccmmachine.com\/wp-content\/uploads\/2024\/03\/Hot-Selling-Commercial-Henny-Penny-Kfc-Gas-Pfg-500-Pressure-Fryer-1-800x571.webp 800w\" sizes=\"(max-width: 1000px) 100vw, 1000px\" \/><\/figure>\n\n\n\n<figure class=\"wp-block-image size-large\"><img decoding=\"async\" width=\"647\" height=\"1024\" src=\"https:\/\/www.ccmmachine.com\/wp-content\/uploads\/2024\/03\/Hot-Selling-Commercial-Henny-Penny-Kfc-Gas-Pfg-500-Pressure-Fryer-2-647x1024.webp\" alt=\"\" class=\"wp-image-1571\" srcset=\"https:\/\/www.ccmmachine.com\/wp-content\/uploads\/2024\/03\/Hot-Selling-Commercial-Henny-Penny-Kfc-Gas-Pfg-500-Pressure-Fryer-2-647x1024.webp 647w, https:\/\/www.ccmmachine.com\/wp-content\/uploads\/2024\/03\/Hot-Selling-Commercial-Henny-Penny-Kfc-Gas-Pfg-500-Pressure-Fryer-2-800x1266.webp 800w, https:\/\/www.ccmmachine.com\/wp-content\/uploads\/2024\/03\/Hot-Selling-Commercial-Henny-Penny-Kfc-Gas-Pfg-500-Pressure-Fryer-2-190x300.webp 190w, https:\/\/www.ccmmachine.com\/wp-content\/uploads\/2024\/03\/Hot-Selling-Commercial-Henny-Penny-Kfc-Gas-Pfg-500-Pressure-Fryer-2-768x1215.webp 768w, https:\/\/www.ccmmachine.com\/wp-content\/uploads\/2024\/03\/Hot-Selling-Commercial-Henny-Penny-Kfc-Gas-Pfg-500-Pressure-Fryer-2-971x1536.webp 971w, https:\/\/www.ccmmachine.com\/wp-content\/uploads\/2024\/03\/Hot-Selling-Commercial-Henny-Penny-Kfc-Gas-Pfg-500-Pressure-Fryer-2-8x12.webp 8w, https:\/\/www.ccmmachine.com\/wp-content\/uploads\/2024\/03\/Hot-Selling-Commercial-Henny-Penny-Kfc-Gas-Pfg-500-Pressure-Fryer-2.webp 1000w\" sizes=\"(max-width: 647px) 100vw, 647px\" \/><\/figure>\n\n\n\n<figure class=\"wp-block-image size-full\"><img decoding=\"async\" width=\"740\" height=\"640\" src=\"https:\/\/www.ccmmachine.com\/wp-content\/uploads\/2024\/03\/Hot-Selling-Commercial-Henny-Penny-Kfc-Gas-Pfg-500-Pressure-Fryer-3.webp\" alt=\"\" class=\"wp-image-1572\" srcset=\"https:\/\/www.ccmmachine.com\/wp-content\/uploads\/2024\/03\/Hot-Selling-Commercial-Henny-Penny-Kfc-Gas-Pfg-500-Pressure-Fryer-3.webp 740w, https:\/\/www.ccmmachine.com\/wp-content\/uploads\/2024\/03\/Hot-Selling-Commercial-Henny-Penny-Kfc-Gas-Pfg-500-Pressure-Fryer-3-700x605.webp 700w, https:\/\/www.ccmmachine.com\/wp-content\/uploads\/2024\/03\/Hot-Selling-Commercial-Henny-Penny-Kfc-Gas-Pfg-500-Pressure-Fryer-3-300x259.webp 300w, https:\/\/www.ccmmachine.com\/wp-content\/uploads\/2024\/03\/Hot-Selling-Commercial-Henny-Penny-Kfc-Gas-Pfg-500-Pressure-Fryer-3-14x12.webp 14w\" sizes=\"(max-width: 740px) 100vw, 740px\" \/><\/figure>","protected":false},"excerpt":{"rendered":"<p>DESCRIPTION The\u00a0Gas\u00a0Pressure\u00a0Fried\u00a0Chicken\u00a0Furnace series\u00a0is a line of\u00a0devices\u00a0developed\u00a0by our\u00a0company,\u00a0incorporating advanced technology\u00a0from abroad. These\u00a0ovens\u00a0are designed\u00a0specifically\u00a0for\u00a0the\u00a0production of\u00a0fried chicken,\u00a0taking\u00a0into account\u00a0both Western and traditional Chinese\u00a0methods of\u00a0roasting\u00a0chicken. The entire\u00a0body of\u00a0the oven is\u00a0made of stainless steel\u00a0and features electronic timing and automatic temperature control\u00a0with\u00a0exhaust pressure.\u00a0By utilizing\u00a0the\u00a0low-temperature high-pressure principle,\u00a0our\u00a0ovens\u00a0produce\u00a0crispy\u00a0and tender\u00a0fried food with a\u00a0bright color. In addition to chicken, they\u00a0can also\u00a0be\u00a0used\u00a0to fry\u00a0duck, fish, pork, beef, mutton,\u00a0potatoes,\u00a0and [&#8230;]\n","protected":false},"featured_media":1573,"template":"","meta":[],"product_brand":[],"product_cat":[86],"product_tag":[],"class_list":{"0":"post-1399","1":"product","2":"type-product","3":"status-publish","4":"has-post-thumbnail","6":"product_cat-gas-pressure-fryers","8":"first","9":"instock","10":"shipping-taxable","11":"product-type-simple"},"_links":{"self":[{"href":"https:\/\/www.ccmmachine.com\/is\/wp-json\/wp\/v2\/product\/1399","targetHints":{"allow":["GET"]}}],"collection":[{"href":"https:\/\/www.ccmmachine.com\/is\/wp-json\/wp\/v2\/product"}],"about":[{"href":"https:\/\/www.ccmmachine.com\/is\/wp-json\/wp\/v2\/types\/product"}],"wp:featuredmedia":[{"embeddable":true,"href":"https:\/\/www.ccmmachine.com\/is\/wp-json\/wp\/v2\/media\/1573"}],"wp:attachment":[{"href":"https:\/\/www.ccmmachine.com\/is\/wp-json\/wp\/v2\/media?parent=1399"}],"wp:term":[{"taxonomy":"product_brand","embeddable":true,"href":"https:\/\/www.ccmmachine.com\/is\/wp-json\/wp\/v2\/product_brand?post=1399"},{"taxonomy":"product_cat","embeddable":true,"href":"https:\/\/www.ccmmachine.com\/is\/wp-json\/wp\/v2\/product_cat?post=1399"},{"taxonomy":"product_tag","embeddable":true,"href":"https:\/\/www.ccmmachine.com\/is\/wp-json\/wp\/v2\/product_tag?post=1399"}],"curies":[{"name":"wp","href":"https:\/\/api.w.org\/{rel}","templated":true}]}}