{"id":1349,"date":"2024-03-21T04:17:59","date_gmt":"2024-03-21T04:17:59","guid":{"rendered":"https:\/\/www.ccmmachine.com\/?post_type=product&#038;p=1349"},"modified":"2024-03-21T04:18:02","modified_gmt":"2024-03-21T04:18:02","slug":"hradsteikingartaeki-mdxz-24c","status":"publish","type":"product","link":"https:\/\/www.ccmmachine.com\/is\/product\/pressure-fryer-mdxz-24c\/","title":{"rendered":"H\u00e1\u00fer\u00fdstingssteikingart\u00e6ki MDXZ-24C"},"content":{"rendered":"<p>\u00deessi hluti \u00fer\u00fdstisteikingart\u00e6ki er fyrirt\u00e6ki\u00f0 sem gleypir erlenda h\u00e1\u00fer\u00f3a\u00f0a t\u00e6kni, \u00fer\u00f3un og framlei\u00f0slu \u00e1 n\u00fdjustu steiktu kj\u00faklingaofni steiktu kj\u00faklingaframlei\u00f0sluferlinu \u00ed samr\u00e6mi vi\u00f0 einkenni vestr\u00e6nna og hef\u00f0bundinna k\u00ednverska steiktu kj\u00faklinga. Allur l\u00edkaminn \u00far ry\u00f0fr\u00edu st\u00e1li, rafr\u00e6n t\u00edmasetning, sj\u00e1lfvirk hitast\u00fdring \u00fatbl\u00e1sturs\u00fer\u00fdstings.<\/p>\n\n\n\n<p>Notkun l\u00e1ghita h\u00e1\u00fer\u00fdstingsreglunnar, steiktur matur st\u00f6kkur a\u00f0 utan og mj\u00fakur, bjartur litur, en einnig steikt \u00f6nd, fiskur, sv\u00ednakj\u00f6t, lambakj\u00f6t og anna\u00f0 kj\u00f6t og kart\u00f6flur og anna\u00f0 gr\u00e6nmeti. Gildir fyrir allar helstu verslanir, h\u00f3tel, skyndibitasta\u00f0i, snarlbari, verksmi\u00f0jum\u00f6tuneyti og sj\u00e1lfst\u00e6tt starfandi heimili. S\u00e9rt\u00e6ka a\u00f0ger\u00f0in er einf\u00f6ld, hrein, au\u00f0veld \u00ed notkun, mikil afk\u00f6st og endingu, er n\u00fdjasta tegund matv\u00e6lavinnsluv\u00e9la og b\u00fana\u00f0ar<gwmw style=\"display:none;\"><\/gwmw><\/p>\n\n\n\n<h3 class=\"wp-block-heading\"><strong>Eiginleikar:<\/strong><gwmw style=\"display:none;\"><\/gwmw><\/h3>\n\n\n\n<p>1. Allur ry\u00f0fr\u00edtt st\u00e1l l\u00edkami, au\u00f0velt a\u00f0 \u00fevo og \u00feurrka, langur endingart\u00edmi.<br>2 \u00e1llok, har\u00f0ger\u00f0 og l\u00e9tt, au\u00f0velt a\u00f0 opna og loka.<br>3 bur\u00f0argetu \u00e1 fj\u00f3rum hj\u00f3lum \u00e1samt bremsuvirkni, au\u00f0veldri hreyfingu og sta\u00f0setningu.<br>4. V\u00e9lr\u00e6n t\u00e6kjast\u00fdring er einf\u00f6ld, au\u00f0veld, gl\u00e6sileg og n\u00e1kv\u00e6m.<gwmw style=\"display:none;\"><\/gwmw><gwmw style=\"display:none;\"><\/gwmw><\/p>\n\n\n\n<figure class=\"wp-block-table\"><table><tbody><tr><td>Nafn<\/td><td>Rafmagns \u00fer\u00fdstisteikingart\u00e6ki<\/td><\/tr><tr><td>nafn<\/td><td>MDXZ-24<\/td><\/tr><tr><td>Spenna<\/td><td>3N\/380V\/50Hz<\/td><\/tr><tr><td>Kraftur<\/td><td>12kw<\/td><\/tr><tr><td>Stj\u00f3rna hitastigi<\/td><td>90-190 \u2103<\/td><\/tr><tr><td>St\u00e6r\u00f0<\/td><td>960\u00d7460\u00d71230mm<\/td><\/tr><tr><td>P\u00f6kkunarst\u00e6r\u00f0<\/td><td>1030\u00d7510\u00d71300mm<\/td><\/tr><tr><td>Getu<\/td><td>24L<\/td><\/tr><tr><td>\u00deyngd<\/td><td>110 kg<\/td><\/tr><tr><td>Heildar\u00feyngd<\/td><td>135 kg<\/td><\/tr><tr><td>Stj\u00f3rnbor\u00f0<\/td><td>handvirkt spjaldi\u00f0<\/td><\/tr><\/tbody><\/table><\/figure>\n\n\n\n<p><gwmw style=\"display:none;\"><\/gwmw><\/p>","protected":false},"excerpt":{"rendered":"<p>This section pressure fryer is the company absorbing foreign advanced technology, development and production of the latest fried chicken oven fried chicken production process according to the characteristics of Western and traditional Chinese roast chicken. The whole body of stainless steel, electronic timing, automatic temperature control exhaust pressure. Using low-temperature high-pressure principle, fried food crisp [&#8230;]\n","protected":false},"featured_media":1582,"template":"","meta":[],"product_brand":[],"product_cat":[85],"product_tag":[],"class_list":{"0":"post-1349","1":"product","2":"type-product","3":"status-publish","4":"has-post-thumbnail","6":"product_cat-electric-pressure-fryers","8":"first","9":"instock","10":"shipping-taxable","11":"product-type-simple"},"_links":{"self":[{"href":"https:\/\/www.ccmmachine.com\/is\/wp-json\/wp\/v2\/product\/1349","targetHints":{"allow":["GET"]}}],"collection":[{"href":"https:\/\/www.ccmmachine.com\/is\/wp-json\/wp\/v2\/product"}],"about":[{"href":"https:\/\/www.ccmmachine.com\/is\/wp-json\/wp\/v2\/types\/product"}],"wp:featuredmedia":[{"embeddable":true,"href":"https:\/\/www.ccmmachine.com\/is\/wp-json\/wp\/v2\/media\/1582"}],"wp:attachment":[{"href":"https:\/\/www.ccmmachine.com\/is\/wp-json\/wp\/v2\/media?parent=1349"}],"wp:term":[{"taxonomy":"product_brand","embeddable":true,"href":"https:\/\/www.ccmmachine.com\/is\/wp-json\/wp\/v2\/product_brand?post=1349"},{"taxonomy":"product_cat","embeddable":true,"href":"https:\/\/www.ccmmachine.com\/is\/wp-json\/wp\/v2\/product_cat?post=1349"},{"taxonomy":"product_tag","embeddable":true,"href":"https:\/\/www.ccmmachine.com\/is\/wp-json\/wp\/v2\/product_tag?post=1349"}],"curies":[{"name":"wp","href":"https:\/\/api.w.org\/{rel}","templated":true}]}}