{"id":1340,"date":"2024-03-21T03:52:28","date_gmt":"2024-03-21T03:52:28","guid":{"rendered":"https:\/\/www.ccmmachine.com\/?post_type=product&#038;p=1340"},"modified":"2024-03-21T03:52:31","modified_gmt":"2024-03-21T03:52:31","slug":"rafmagns-thrystisteikingartaeki-pfe-600","status":"publish","type":"product","link":"https:\/\/www.ccmmachine.com\/is\/product\/electric-pressure-fryer-pfe-600\/","title":{"rendered":"Rafmagns \u00fer\u00fdstisteikingart\u00e6ki PFE-600"},"content":{"rendered":"<p><strong>V\u00f6rul\u00fdsing:<\/strong><\/p>\n\n\n\n<p>1 Yfirbygging \u00far ry\u00f0fr\u00edu st\u00e1li, au\u00f0velt a\u00f0 \u00fevo og \u00feurrka af, langan endingart\u00edma.<br>2 Loki\u00f0 \u00far \u00e1li, har\u00f0gert og l\u00e9tt, au\u00f0velt a\u00f0 opna og loka.<br>3 Innbyggt sj\u00e1lfvirka s\u00edunarkerfi\u00f0 er au\u00f0velt \u00ed notkun og orkusparandi.<\/p>\n\n\n\n<p>\u00deessi r\u00f6\u00f0 af amer\u00edskum steiktum kj\u00faklingaofnum er fyrirt\u00e6ki sem gleypir erlenda h\u00e1\u00fer\u00f3a\u00f0a t\u00e6kni, \u00ed samr\u00e6mi vi\u00f0 framlei\u00f0sluferliseinkenni vestr\u00e6nna og hef\u00f0bundinna k\u00ednverska kj\u00faklingasteikta kj\u00faklinga \u00ed \u00fer\u00f3un og framlei\u00f0slu \u00e1 n\u00fdjustu steiktu kj\u00faklingaofni. Allur l\u00edkaminn \u00far ry\u00f0fr\u00edu st\u00e1li, LCD t\u00f6lvust\u00fdribor\u00f0, einf\u00f6ld a\u00f0ger\u00f0, sj\u00e1lfvirk hitast\u00fdring \u00fatbl\u00e1sturs\u00fer\u00fdstings. Notkun l\u00e1ghita h\u00e1\u00fer\u00fdstingsreglur, steiktur matur st\u00f6kkur a\u00f0 utan og mj\u00fakur, me\u00f0 sk\u00e6rum litum, en einnig steikt \u00f6nd, steikt kj\u00faklingur, steiktur kj\u00faklingur, kj\u00faklingav\u00e6ngir, fiskur, sv\u00ednakj\u00f6t og anna\u00f0 kj\u00f6t og kart\u00f6flur og anna\u00f0 gr\u00e6nmeti. Gildir fyrir allar st\u00f3rar verslanir, h\u00f3tel, skyndibitasta\u00f0i, snakkbar, verksmi\u00f0jum\u00f6tuneyti og sj\u00e1lfst\u00e6tt starfandi heimili. Me\u00f0 einf\u00f6ldum a\u00f0ger\u00f0um, hreinum, au\u00f0veldum \u00ed notkun, mikilli skilvirkni, endingu og \u00f6\u00f0rum eiginleikum. \u00dea\u00f0 er n\u00fdjasta ger\u00f0 matv\u00e6lavinnsluv\u00e9la og -b\u00fana\u00f0ar.<gwmw style=\"display:none;\"><\/gwmw><\/p>\n\n\n\n<p><strong>Eiginleikar:<\/strong><br>1, Allur ry\u00f0fr\u00edu st\u00e1li l\u00edkami, au\u00f0velt a\u00f0 \u00fevo og \u00feurrka langan endingart\u00edma.<br>2, Allt \u00e1llok, har\u00f0gert og l\u00e9tt, au\u00f0velt a\u00f0 opna og loka.<br>3, Innbyggt sj\u00e1lfvirkt s\u00edunarkerfi, au\u00f0velt \u00ed notkun og orkusparandi.<br>4, bur\u00f0argeta fj\u00f6gurra hj\u00f3la \u00e1samt bremsuvirkni, au\u00f0veldri hreyfingu og sta\u00f0setningu.<br>5, LCD stafr\u00e6n skj\u00e1r stj\u00f3rnbor\u00f0, n\u00e1kv\u00e6mari og fallegri.<\/p>\n\n\n\n<figure class=\"wp-block-table\"><table><tbody><tr><td>Nafn<\/td><td>Rafmagns \u00fer\u00fdstisteikingart\u00e6ki<\/td><\/tr><tr><td>nafn<\/td><td>PFE-600<\/td><\/tr><tr><td>Spenna<\/td><td>~3N380v\/50Hz\uff08~3N220v\/60Hz\uff09<\/td><\/tr><tr><td>Kraftur<\/td><td>13,5kw<\/td><\/tr><tr><td>Stj\u00f3rna hitastigi<\/td><td>20-200 \u2103<\/td><\/tr><tr><td>St\u00e6r\u00f0<\/td><td>960\u00d7460\u00d71230mm<\/td><\/tr><tr><td>P\u00f6kkunarst\u00e6r\u00f0<\/td><td>1030\u00d7510\u00d71300mm<\/td><\/tr><tr><td>Getu<\/td><td>24L<\/td><\/tr><tr><td>\u00deyngd<\/td><td>135 kg<\/td><\/tr><tr><td>Heildar\u00feyngd<\/td><td>155 kg<\/td><\/tr><tr><td>Stj\u00f3rnbor\u00f0<\/td><td>LED stj\u00f3rnbor\u00f0<\/td><\/tr><\/tbody><\/table><\/figure>\n\n\n\n<figure class=\"wp-block-image\"><img decoding=\"async\" src=\"https:\/\/www.ccmmachine.com\/wp-content\/uploads\/2019\/09\/Electric-Pressure-fryer-PFE-600-001.jpg\" alt=\"\" class=\"wp-image-1342\"\/><\/figure>\n\n\n\n<figure class=\"wp-block-image\"><img decoding=\"async\" src=\"https:\/\/www.ccmmachine.com\/wp-content\/uploads\/2019\/09\/Electric-Pressure-fryer-PFE-600-002.jpg\" alt=\"\" class=\"wp-image-1344\"\/><\/figure>\n\n\n\n<p><gwmw style=\"display:none;\"><\/gwmw><\/p>","protected":false},"excerpt":{"rendered":"<p>Product Description\uff1a 1 All stainless steel body easy to wash and wipe long service life.2 All aluminum lid rugged and lightweight easy to open and close.3 The built-in automatic filtration system is easy to use and energy-efficient. This series of American fried chicken Ovens is a company absorbing foreign advanced technology, according to the production [&#8230;]\n","protected":false},"featured_media":1568,"template":"","meta":[],"product_brand":[],"product_cat":[85],"product_tag":[],"class_list":{"0":"post-1340","1":"product","2":"type-product","3":"status-publish","4":"has-post-thumbnail","6":"product_cat-electric-pressure-fryers","8":"first","9":"instock","10":"shipping-taxable","11":"product-type-simple"},"_links":{"self":[{"href":"https:\/\/www.ccmmachine.com\/is\/wp-json\/wp\/v2\/product\/1340","targetHints":{"allow":["GET"]}}],"collection":[{"href":"https:\/\/www.ccmmachine.com\/is\/wp-json\/wp\/v2\/product"}],"about":[{"href":"https:\/\/www.ccmmachine.com\/is\/wp-json\/wp\/v2\/types\/product"}],"wp:featuredmedia":[{"embeddable":true,"href":"https:\/\/www.ccmmachine.com\/is\/wp-json\/wp\/v2\/media\/1568"}],"wp:attachment":[{"href":"https:\/\/www.ccmmachine.com\/is\/wp-json\/wp\/v2\/media?parent=1340"}],"wp:term":[{"taxonomy":"product_brand","embeddable":true,"href":"https:\/\/www.ccmmachine.com\/is\/wp-json\/wp\/v2\/product_brand?post=1340"},{"taxonomy":"product_cat","embeddable":true,"href":"https:\/\/www.ccmmachine.com\/is\/wp-json\/wp\/v2\/product_cat?post=1340"},{"taxonomy":"product_tag","embeddable":true,"href":"https:\/\/www.ccmmachine.com\/is\/wp-json\/wp\/v2\/product_tag?post=1340"}],"curies":[{"name":"wp","href":"https:\/\/api.w.org\/{rel}","templated":true}]}}