{"id":1292,"date":"2024-03-21T02:29:27","date_gmt":"2024-03-21T02:29:27","guid":{"rendered":"https:\/\/www.ccmmachine.com\/?post_type=product&#038;p=1292"},"modified":"2024-03-21T02:29:30","modified_gmt":"2024-03-21T02:29:30","slug":"gasthrystisteikingartaeki-pfg-600l","status":"publish","type":"product","link":"https:\/\/www.ccmmachine.com\/is\/product\/gas-pressure-fryer-pfg-600l\/","title":{"rendered":"Gas\u00fer\u00fdstisteikingart\u00e6ki PFG-600L"},"content":{"rendered":"<p><strong>V\u00f6rul\u00fdsing:<\/strong><\/p>\n\n\n\n<ol class=\"wp-block-list\">\n<li>Yfirbygging \u00far ry\u00f0fr\u00edu st\u00e1li sem au\u00f0velt er a\u00f0 \u00fevo og \u00feurrka og hefur langan endingart\u00edma.<\/li>\n\n\n\n<li>\u00e1llok har\u00f0gert og l\u00e9tt sem au\u00f0velt er a\u00f0 opna og loka.<\/li>\n\n\n\n<li>innbyggt sj\u00e1lfvirkt ol\u00edus\u00edukerfi sem er au\u00f0velt \u00ed notkun og orkusparandi.<\/li>\n\n\n\n<li>bur\u00f0argeta fj\u00f6gurra hj\u00f3la \u00e1samt bremsuvirkni sem au\u00f0veldar hreyfingu og sta\u00f0setningu.<\/li>\n\n\n\n<li>LCD stj\u00f3rnbor\u00f0i\u00f0 er n\u00e1kv\u00e6mt og fallegt.<\/li>\n<\/ol>\n\n\n\n<p>Gas\u00fer\u00fdstingur er fyrirt\u00e6ki\u00f0 sem gleypir erlenda h\u00e1\u00fer\u00f3a\u00f0a t\u00e6kni, \u00fer\u00f3un og framlei\u00f0slu \u00e1 n\u00fdjustu framlei\u00f0sluferlinu fyrir steiktan kj\u00fakling ofn steiktan kj\u00fakling \u00ed samr\u00e6mi vi\u00f0 einkenni vestr\u00e6nna og hef\u00f0bundinna k\u00ednverskra steikta kj\u00faklinga. Allur l\u00edkaminn \u00far ry\u00f0fr\u00edu st\u00e1li, LCD t\u00f6lvust\u00fdringarkerfi sj\u00e1lfvirk hitast\u00fdring, \u00fer\u00fdstist\u00fdring, \u00fatbl\u00e1stur. Notkun l\u00e1ghita h\u00e1\u00fer\u00fdstingsreglunnar, steiktur matur st\u00f6kkur a\u00f0 utan og mj\u00fakur, sk\u00e6r litur, en einnig steikt \u00f6nd, fiskur, sv\u00ednakj\u00f6t, nautakj\u00f6t, kindakj\u00f6t og anna\u00f0 kj\u00f6t og kart\u00f6flur og anna\u00f0 gr\u00e6nmeti. Gildir fyrir allar helstu verslanir, h\u00f3tel, skyndibitasta\u00f0i, snarlbari, verksmi\u00f0jum\u00f6tuneyti og sj\u00e1lfst\u00e6tt starfandi heimili. S\u00e9rst\u00f6k a\u00f0ger\u00f0 er einf\u00f6ld, hrein, au\u00f0veld \u00ed notkun, mikil afk\u00f6st, ending og \u00f6nnur einkenni, er n\u00fdjasta tegund matv\u00e6lavinnsluv\u00e9la og b\u00fana\u00f0ar.<\/p>\n\n\n\n<figure class=\"wp-block-table\"><table><tbody><tr><td><strong>Nafn<\/strong><\/td><td>gas\u00fer\u00fdstisteikingart\u00e6ki<\/td><\/tr><tr><td><strong>Fyrirmynd<\/strong><\/td><td>PFG-600L<\/td><\/tr><tr><td><strong>Vinnu\u00fer\u00fdstingur<\/strong><\/td><td>0,085Mpa<\/td><\/tr><tr><td><strong>Stj\u00f3rna hitastigi<\/strong><\/td><td>20 ~ 200 \u2103<\/td><\/tr><tr><td><strong>Bens\u00ednnotkun<\/strong><\/td><td>um 0,48 kg\/klst.<\/td><\/tr><tr><td><strong>Spenna<\/strong><\/td><td>&nbsp;~220V\/50Hz-60Hz<\/td><\/tr><tr><td><strong>Eldsneyti<\/strong><\/td><td>LPG\/N\u00e1tt\u00farugas<\/td><\/tr><tr><td><strong>St\u00e6r\u00f0<\/strong><\/td><td>460\u00d7960\u00d71230mm<\/td><\/tr><tr><td><strong>P\u00f6kkunarst\u00e6r\u00f0<\/strong><\/td><td>510\u00d71030\u00d71300mm<\/td><\/tr><tr><td><strong>Getu<\/strong><\/td><td>24L<\/td><\/tr><tr><td><strong>\u00deyngd<\/strong><\/td><td>135 kg<\/td><\/tr><tr><td><strong>Heildar\u00feyngd<\/strong><\/td><td>155 kg<\/td><\/tr><tr><td><strong>Stj\u00f3rnbor\u00f0<\/strong><\/td><td>LCD<\/td><\/tr><\/tbody><\/table><\/figure>\n\n\n\n<figure class=\"wp-block-image\"><img decoding=\"async\" src=\"https:\/\/www.ccmmachine.com\/wp-content\/uploads\/2019\/08\/Electric-Pressure-fryer-PFE-600L-001.jpg\" alt=\"\" class=\"wp-image-1304\"\/><\/figure>","protected":false},"excerpt":{"rendered":"<p>Product Description\uff1a Gas pressure is the company absorbing foreign advanced technology, development, and production of the latest fried chicken oven fried chicken production process according to the characteristics of Western and traditional Chinese roast chicken. The whole body of stainless steel, LCD computer control system automatic temperature control, pressure control, exhaust. Using low-temperature high-pressure principle, [&#8230;]\n","protected":false},"featured_media":1560,"template":"","meta":[],"product_brand":[],"product_cat":[86],"product_tag":[],"class_list":{"0":"post-1292","1":"product","2":"type-product","3":"status-publish","4":"has-post-thumbnail","6":"product_cat-gas-pressure-fryers","8":"first","9":"instock","10":"shipping-taxable","11":"product-type-simple"},"_links":{"self":[{"href":"https:\/\/www.ccmmachine.com\/is\/wp-json\/wp\/v2\/product\/1292","targetHints":{"allow":["GET"]}}],"collection":[{"href":"https:\/\/www.ccmmachine.com\/is\/wp-json\/wp\/v2\/product"}],"about":[{"href":"https:\/\/www.ccmmachine.com\/is\/wp-json\/wp\/v2\/types\/product"}],"wp:featuredmedia":[{"embeddable":true,"href":"https:\/\/www.ccmmachine.com\/is\/wp-json\/wp\/v2\/media\/1560"}],"wp:attachment":[{"href":"https:\/\/www.ccmmachine.com\/is\/wp-json\/wp\/v2\/media?parent=1292"}],"wp:term":[{"taxonomy":"product_brand","embeddable":true,"href":"https:\/\/www.ccmmachine.com\/is\/wp-json\/wp\/v2\/product_brand?post=1292"},{"taxonomy":"product_cat","embeddable":true,"href":"https:\/\/www.ccmmachine.com\/is\/wp-json\/wp\/v2\/product_cat?post=1292"},{"taxonomy":"product_tag","embeddable":true,"href":"https:\/\/www.ccmmachine.com\/is\/wp-json\/wp\/v2\/product_tag?post=1292"}],"curies":[{"name":"wp","href":"https:\/\/api.w.org\/{rel}","templated":true}]}}