{"id":1285,"date":"2024-03-21T02:33:56","date_gmt":"2024-03-21T02:33:56","guid":{"rendered":"https:\/\/www.ccmmachine.com\/?post_type=product&#038;p=1285"},"modified":"2024-03-21T02:34:00","modified_gmt":"2024-03-21T02:34:00","slug":"rafmagns-thrystisteikingartaeki-pfe-600l","status":"publish","type":"product","link":"https:\/\/www.ccmmachine.com\/is\/product\/electric-pressure-fryer-pfe-600l\/","title":{"rendered":"Rafmagns \u00fer\u00fdstisteikingart\u00e6ki PFE-600L"},"content":{"rendered":"<h3 class=\"wp-block-heading\"><strong>V\u00f6rul\u00fdsing:<\/strong> <\/h3>\n\n\n\n<ul class=\"wp-block-list\">\n<li>Yfirbygging \u00far ry\u00f0fr\u00edu st\u00e1li, au\u00f0velt a\u00f0 \u00fevo og \u00feurrka og langur endingart\u00edmi. <\/li>\n\n\n\n<li>\u00d6ll \u00e1llok har\u00f0ger\u00f0 og l\u00e9tt sem au\u00f0velt er a\u00f0 opna og loka. <\/li>\n\n\n\n<li>Innbyggt sj\u00e1lfvirka s\u00edunarkerfi\u00f0 er au\u00f0velt \u00ed notkun og orkusparandi. <\/li>\n<\/ul>\n\n\n\n<p>\u00deessi r\u00f6\u00f0 American steikt kj\u00faklingur ofni er fyrirt\u00e6ki\u00f0 gleypa erlenda h\u00e1\u00fer\u00f3a\u00f0a t\u00e6kni, \u00ed samr\u00e6mi vi\u00f0 framlei\u00f0sluferli eiginleika vestr\u00e6na og hef\u00f0bundna k\u00ednverska kj\u00faklingur steiktur kj\u00faklingur \u00ed \u00fer\u00f3un og framlei\u00f0slu \u00e1 n\u00fdjustu steiktu kj\u00faklingaofni. Allur l\u00edkaminn \u00far ry\u00f0fr\u00edu st\u00e1li, LCD t\u00f6lvust\u00fdribor\u00f0, einf\u00f6ld a\u00f0ger\u00f0, sj\u00e1lfvirk hitast\u00fdring \u00fatbl\u00e1sturs\u00fer\u00fdstings. Notkun l\u00e1ghita h\u00e1\u00fer\u00fdstingsreglunnar, steiktur matur st\u00f6kkur a\u00f0 utan og mj\u00fakur, bjartur litur, en einnig steikt \u00f6nd, steikt kj\u00faklingur, steiktur kj\u00faklingur, kj\u00faklingav\u00e6ngir, fiskur, sv\u00ednakj\u00f6t og anna\u00f0 kj\u00f6t og kart\u00f6flur og anna\u00f0 gr\u00e6nmeti. Gildir fyrir allar helstu verslanir, h\u00f3tel, skyndibitasta\u00f0i, snarlbari, verksmi\u00f0jum\u00f6tuneyti og sj\u00e1lfst\u00e6tt starfandi heimili. Me\u00f0 einf\u00f6ldum a\u00f0ger\u00f0um, hreinum, au\u00f0veldum \u00ed notkun, mikilli skilvirkni, endingu og \u00f6\u00f0rum eiginleikum. Er n\u00fdjasta ger\u00f0 matv\u00e6lavinnsluv\u00e9la og -t\u00e6kja. <\/p>\n\n\n\n<p><strong>Eiginleikar:<\/strong> <\/p>\n\n\n\n<ul class=\"wp-block-list\">\n<li>Allt ry\u00f0fr\u00edtt st\u00e1l yfirbygging, au\u00f0velt a\u00f0 \u00fevo og \u00feurrka langan endingart\u00edma. <\/li>\n\n\n\n<li>\u00d6ll \u00e1llok eru har\u00f0ger\u00f0 og l\u00e9tt, au\u00f0velt a\u00f0 opna og loka. <\/li>\n\n\n\n<li>Innbyggt sj\u00e1lfvirkt s\u00edunarkerfi, au\u00f0velt \u00ed notkun og orkusparandi. <\/li>\n\n\n\n<li>Bur\u00f0argeta fj\u00f6gurra hj\u00f3la \u00e1samt bremsuvirkni, au\u00f0veldri hreyfingu og sta\u00f0setningu. <\/li>\n\n\n\n<li>LCD stafr\u00e6na skj\u00e1st\u00fdribor\u00f0i\u00f0 er n\u00e1kv\u00e6mara og fallegra. <\/li>\n<\/ul>\n\n\n\n<figure class=\"wp-block-table\"><table><tbody><tr><td>Nafn<\/td><td>Rafmagns \u00fer\u00fdstisteikingart\u00e6ki<\/td><\/tr><tr><td>nafn<\/td><td>PFE-600L<\/td><\/tr><tr><td>Spenna<\/td><td>~3N380v\/50Hz\uff08~3N220v\/60Hz\uff09<\/td><\/tr><tr><td>Kraftur<\/td><td>13,5kw<\/td><\/tr><tr><td>Stj\u00f3rna hitastigi<\/td><td>20-200 \u2103<\/td><\/tr><tr><td>St\u00e6r\u00f0<\/td><td>960\u00d7460\u00d71230mm<\/td><\/tr><tr><td>P\u00f6kkunarst\u00e6r\u00f0<\/td><td>1030\u00d7510\u00d71300mm<\/td><\/tr><tr><td>Getu<\/td><td>24L<\/td><\/tr><tr><td>\u00deyngd<\/td><td>135 kg<\/td><\/tr><tr><td>Heildar\u00feyngd<\/td><td>155 kg<\/td><\/tr><tr><td>Stj\u00f3rnbor\u00f0<\/td><td>LED stj\u00f3rnbor\u00f0<\/td><\/tr><\/tbody><\/table><\/figure>\n\n\n\n<figure class=\"wp-block-image\"><img decoding=\"async\" src=\"https:\/\/www.ccmmachine.com\/wp-content\/uploads\/2019\/08\/Electric-Pressure-fryer-PFE-600L-001.jpg\" alt=\"\" class=\"wp-image-1304\"\/><\/figure>\n\n\n\n<figure class=\"wp-block-image\"><img decoding=\"async\" src=\"https:\/\/www.ccmmachine.com\/wp-content\/uploads\/2019\/08\/Electric-Pressure-fryer-PFE-600L-002.jpg\" alt=\"\" class=\"wp-image-1305\"\/><\/figure>","protected":false},"excerpt":{"rendered":"<p>Product Description\uff1a This series American fried chicken furnace is the company absorbing foreign advanced technology, according to the production process characteristics Western and traditional Chinese chicken fried chicken in the development and production of the latest fried chicken furnace. The whole body of stainless steel, LCD computer control panel, simple operation, automatic temperature control exhaust [&#8230;]\n","protected":false},"featured_media":1562,"template":"","meta":[],"product_brand":[],"product_cat":[85],"product_tag":[],"class_list":{"0":"post-1285","1":"product","2":"type-product","3":"status-publish","4":"has-post-thumbnail","6":"product_cat-electric-pressure-fryers","8":"first","9":"instock","10":"shipping-taxable","11":"product-type-simple"},"_links":{"self":[{"href":"https:\/\/www.ccmmachine.com\/is\/wp-json\/wp\/v2\/product\/1285","targetHints":{"allow":["GET"]}}],"collection":[{"href":"https:\/\/www.ccmmachine.com\/is\/wp-json\/wp\/v2\/product"}],"about":[{"href":"https:\/\/www.ccmmachine.com\/is\/wp-json\/wp\/v2\/types\/product"}],"wp:featuredmedia":[{"embeddable":true,"href":"https:\/\/www.ccmmachine.com\/is\/wp-json\/wp\/v2\/media\/1562"}],"wp:attachment":[{"href":"https:\/\/www.ccmmachine.com\/is\/wp-json\/wp\/v2\/media?parent=1285"}],"wp:term":[{"taxonomy":"product_brand","embeddable":true,"href":"https:\/\/www.ccmmachine.com\/is\/wp-json\/wp\/v2\/product_brand?post=1285"},{"taxonomy":"product_cat","embeddable":true,"href":"https:\/\/www.ccmmachine.com\/is\/wp-json\/wp\/v2\/product_cat?post=1285"},{"taxonomy":"product_tag","embeddable":true,"href":"https:\/\/www.ccmmachine.com\/is\/wp-json\/wp\/v2\/product_tag?post=1285"}],"curies":[{"name":"wp","href":"https:\/\/api.w.org\/{rel}","templated":true}]}}