{"id":1414,"date":"2024-03-21T02:08:47","date_gmt":"2024-03-21T02:08:47","guid":{"rendered":"https:\/\/www.ccmmachine.com\/?post_type=product&#038;p=1414"},"modified":"2024-03-21T02:08:51","modified_gmt":"2024-03-21T02:08:51","slug":"gazsuto-pfg-800","status":"publish","type":"product","link":"https:\/\/www.ccmmachine.com\/hu\/product\/gas-pressure-fryer-pfg-800\/","title":{"rendered":"G\u00e1znyom\u00e1s\u00fa olajs\u00fct\u0151 PFG-800"},"content":{"rendered":"<p> Ez a sorozat\u00fa csirke olajs\u00fct\u0151 alacsony h\u0151m\u00e9rs\u00e9kleten \u00e9s magas nyom\u00e1son m\u0171k\u00f6dik, k\u00edv\u00fcl ropog\u00f3s s\u00fclt \u00e9tel, l\u00e1gy, \u00e9l\u00e9nk sz\u00edn\u0171. Az eg\u00e9sz test rozsdamentes ac\u00e9lb\u00f3l, sz\u00e1m\u00edt\u00f3g\u00e9pes vez\u00e9rl\u0151panel, egyszer\u0171 kezel\u00e9s \u00e9s automatikus h\u0151m\u00e9rs\u00e9klet-szab\u00e1lyoz\u00e1s kipufog\u00f3nyom\u00e1s. <\/p>\n\n\n\n<h3 class=\"wp-block-heading\"><strong>F\u0151bb jellemz\u0151i<\/strong><\/h3>\n\n\n\n<ul class=\"wp-block-list\">\n<li>Teljesen rozsdamentes ac\u00e9l test, k\u00f6nnyen tiszt\u00edthat\u00f3 \u00e9s t\u00f6r\u00f6lhet\u0151, hossz\u00fa \u00e9lettartammal. <\/li>\n\n\n\n<li>Alum\u00ednium fed\u00e9l, massz\u00edv \u00e9s k\u00f6nny\u0171, k\u00f6nnyen nyithat\u00f3 \u00e9s z\u00e1rhat\u00f3. <\/li>\n\n\n\n<li>Be\u00e9p\u00edtett automatikus olajsz\u0171r\u0151 rendszer, k\u00f6nnyen haszn\u00e1lhat\u00f3, hat\u00e9kony \u00e9s energiatakar\u00e9kos. <\/li>\n\n\n\n<li>A n\u00e9gy g\u00f6rg\u0151 nagy kapacit\u00e1s\u00fa \u00e9s f\u00e9kfunkci\u00f3val rendelkezik, amely k\u00f6nnyen mozgathat\u00f3 \u00e9s poz\u00edcion\u00e1lhat\u00f3. <\/li>\n\n\n\n<li>A digit\u00e1lis kijelz\u0151s vez\u00e9rl\u0151pult pontosabb \u00e9s szebb. <\/li>\n\n\n\n<li>A g\u00e9p 10-0 t\u00e1rol\u00f3kulccsal van felszerelve 10 kateg\u00f3ri\u00e1s \u00e9tels\u00fct\u00e9shez. <\/li>\n\n\n\n<li>Az id\u0151 lej\u00e1rta ut\u00e1n \u00e1ll\u00edtsa be az automatikus kipufog\u00f3t, \u00e9s adjon figyelmeztet\u0151 riaszt\u00e1st. <\/li>\n\n\n\n<li>Minden term\u00e9kkulcs 10 f\u0171t\u00e9si m\u00f3dot \u00e1ll\u00edthat be. <\/li>\n\n\n\n<li>Olajsz\u0171r\u0151 eml\u00e9keztet\u0151k \u00e9s olajcsere eml\u00e9keztet\u0151k be\u00e1ll\u00edthat\u00f3k. <\/li>\n\n\n\n<li>V\u00e1ltson Fahrenheit-fokra. <\/li>\n\n\n\n<li>Az el\u0151meleg\u00edt\u00e9si id\u0151 be\u00e1ll\u00edthat\u00f3. <\/li>\n\n\n\n<li>Be\u00e1ll\u00edthat\u00f3 a tiszt\u00edt\u00e1si id\u0151, az \u00fcresj\u00e1rati \u00fczemm\u00f3d \u00e9s az olajolvad\u00e1si m\u00f3d. <\/li>\n\n\n\n<li>Be\u00e1ll\u00edthat\u00f3 munkahelyi nyom\u00e1ssal vagy an\u00e9lk\u00fcl.<\/li>\n<\/ul>\n\n\n\n<figure class=\"wp-block-table\"><table><tbody><tr><td><strong>N\u00e9v<\/strong><\/td><td>g\u00e1zs\u00fct\u0151<\/td><\/tr><tr><td><strong>Modell<\/strong><\/td><td>PFG-800<\/td><\/tr><tr><td><strong>Munkahelyi nyom\u00e1s<\/strong><\/td><td>0,085 MPa<\/td><\/tr><tr><td><strong>Szab\u00e1lyoz\u00e1si h\u0151m\u00e9rs\u00e9klet tartom\u00e1ny<\/strong><\/td><td>20-200 \u2103<\/td><\/tr><tr><td><strong>G\u00e1zfogyaszt\u00e1s<\/strong><\/td><td>k\u00f6r\u00fclbel\u00fcl 0,48 kg\/h (bele\u00e9rtve a tart\u00e1si id\u0151t is)<\/td><\/tr><tr><td><strong>Fesz\u00fclts\u00e9g<\/strong><\/td><td>&nbsp;~220V\/50Hz-60Hz<\/td><\/tr><tr><td><strong>\u00dczemanyag<\/strong><\/td><td>LPG\/Term\u00e9szetg\u00e1z<\/td><\/tr><tr><td><strong>M\u00e9ret<\/strong><\/td><td>460\u00d7960\u00d71230 mm<\/td><\/tr><tr><td><strong>Csomagol\u00e1si m\u00e9ret<\/strong><\/td><td>510\u00d71030\u00d71300 mm<\/td><\/tr><tr><td><strong>Kapacit\u00e1s<\/strong><\/td><td>24L<\/td><\/tr><tr><td><strong>S\u00faly<\/strong><\/td><td>110 kg<\/td><\/tr><tr><td><strong>Brutt\u00f3 s\u00faly<\/strong><\/td><td>135 kg<\/td><\/tr><tr><td><strong>Kezel\u0151panel<\/strong><\/td><td>Sz\u00e1m\u00edt\u00f3g\u00e9p panel<\/td><\/tr><\/tbody><\/table><\/figure>\n\n\n\n<figure class=\"wp-block-image size-large\"><img decoding=\"async\" width=\"1024\" height=\"768\" src=\"https:\/\/www.ccmmachine.com\/wp-content\/uploads\/2024\/03\/Pfg-800-Chicken-Pressure-Fryer-LPG-Gas-Deep-Fryer-1024x768.webp\" alt=\"\" class=\"wp-image-1554\" srcset=\"https:\/\/www.ccmmachine.com\/wp-content\/uploads\/2024\/03\/Pfg-800-Chicken-Pressure-Fryer-LPG-Gas-Deep-Fryer-1024x768.webp 1024w, https:\/\/www.ccmmachine.com\/wp-content\/uploads\/2024\/03\/Pfg-800-Chicken-Pressure-Fryer-LPG-Gas-Deep-Fryer-800x600.webp 800w, https:\/\/www.ccmmachine.com\/wp-content\/uploads\/2024\/03\/Pfg-800-Chicken-Pressure-Fryer-LPG-Gas-Deep-Fryer-300x225.webp 300w, https:\/\/www.ccmmachine.com\/wp-content\/uploads\/2024\/03\/Pfg-800-Chicken-Pressure-Fryer-LPG-Gas-Deep-Fryer-768x576.webp 768w, https:\/\/www.ccmmachine.com\/wp-content\/uploads\/2024\/03\/Pfg-800-Chicken-Pressure-Fryer-LPG-Gas-Deep-Fryer-16x12.webp 16w, https:\/\/www.ccmmachine.com\/wp-content\/uploads\/2024\/03\/Pfg-800-Chicken-Pressure-Fryer-LPG-Gas-Deep-Fryer.webp 1440w\" sizes=\"(max-width: 1024px) 100vw, 1024px\" \/><\/figure>","protected":false},"excerpt":{"rendered":"<p>This series chicken pressure fryer uses a low temperature and high pressure principle, fried food crisp outside and tender, bright color. The whole body of stainless steel, computer control panel, simple operation, and automatic temperature control exhaust pressure. Main Features Name gas pressure fryer Model PFG-800 Working pressure 0.085Mpa Control temperature range 20~200\u2103 Gas consumption [&#8230;]\n","protected":false},"featured_media":1553,"template":"","meta":[],"product_brand":[],"product_cat":[86],"product_tag":[],"class_list":{"0":"post-1414","1":"product","2":"type-product","3":"status-publish","4":"has-post-thumbnail","6":"product_cat-gas-pressure-fryers","8":"first","9":"instock","10":"shipping-taxable","11":"product-type-simple"},"_links":{"self":[{"href":"https:\/\/www.ccmmachine.com\/hu\/wp-json\/wp\/v2\/product\/1414","targetHints":{"allow":["GET"]}}],"collection":[{"href":"https:\/\/www.ccmmachine.com\/hu\/wp-json\/wp\/v2\/product"}],"about":[{"href":"https:\/\/www.ccmmachine.com\/hu\/wp-json\/wp\/v2\/types\/product"}],"wp:featuredmedia":[{"embeddable":true,"href":"https:\/\/www.ccmmachine.com\/hu\/wp-json\/wp\/v2\/media\/1553"}],"wp:attachment":[{"href":"https:\/\/www.ccmmachine.com\/hu\/wp-json\/wp\/v2\/media?parent=1414"}],"wp:term":[{"taxonomy":"product_brand","embeddable":true,"href":"https:\/\/www.ccmmachine.com\/hu\/wp-json\/wp\/v2\/product_brand?post=1414"},{"taxonomy":"product_cat","embeddable":true,"href":"https:\/\/www.ccmmachine.com\/hu\/wp-json\/wp\/v2\/product_cat?post=1414"},{"taxonomy":"product_tag","embeddable":true,"href":"https:\/\/www.ccmmachine.com\/hu\/wp-json\/wp\/v2\/product_tag?post=1414"}],"curies":[{"name":"wp","href":"https:\/\/api.w.org\/{rel}","templated":true}]}}