{"id":1349,"date":"2024-03-21T04:17:59","date_gmt":"2024-03-21T04:17:59","guid":{"rendered":"https:\/\/www.ccmmachine.com\/?post_type=product&#038;p=1349"},"modified":"2024-03-21T04:18:02","modified_gmt":"2024-03-21T04:18:02","slug":"olajsuto-mdxz-24c","status":"publish","type":"product","link":"https:\/\/www.ccmmachine.com\/hu\/product\/pressure-fryer-mdxz-24c\/","title":{"rendered":"S\u00fct\u0151s\u00fct\u0151 MDXZ-24C"},"content":{"rendered":"<p>Ez a szekci\u00f3s olajs\u00fct\u0151 a k\u00fclf\u00f6ldi fejlett technol\u00f3gi\u00e1t felvev\u0151 v\u00e1llalat, a leg\u00fajabb s\u00fclt csirke s\u00fct\u0151ben s\u00fclt csirke gy\u00e1rt\u00e1si folyamat\u00e1nak fejleszt\u00e9se \u00e9s gy\u00e1rt\u00e1sa a nyugati \u00e9s a hagyom\u00e1nyos k\u00ednai s\u00fclt csirke jellemz\u0151i szerint. Az eg\u00e9sz test rozsdamentes ac\u00e9lb\u00f3l, elektronikus id\u0151z\u00edt\u00e9s, automatikus h\u0151m\u00e9rs\u00e9klet-szab\u00e1lyoz\u00e1s kipufog\u00f3nyom\u00e1s.<\/p>\n\n\n\n<p>Az alacsony h\u0151m\u00e9rs\u00e9klet\u0171, nagynyom\u00e1s\u00fa elven a s\u00fclt \u00e9tel ropog\u00f3s, puha, \u00e9l\u00e9nk sz\u00edn\u0171, de s\u00fclt kacsa, hal, sert\u00e9s, b\u00e1r\u00e1ny \u00e9s egy\u00e9b h\u00fas, burgonya \u00e9s egy\u00e9b z\u00f6lds\u00e9gek is. Minden nagyobb \u00fczletben, sz\u00e1llod\u00e1ban, gyors\u00e9tteremben, snack b\u00e1rban, \u00fczemi \u00e9tkezd\u00e9ben \u00e9s \u00f6n\u00e1ll\u00f3 h\u00e1ztart\u00e1sban alkalmazhat\u00f3. A konkr\u00e9t m\u0171velet egyszer\u0171, tiszta, k\u00f6nnyen haszn\u00e1lhat\u00f3, nagy hat\u00e9konys\u00e1g\u00fa \u00e9s tart\u00f3s, a leg\u00fajabb t\u00edpus\u00fa \u00e9lelmiszer-feldolgoz\u00f3 g\u00e9pek \u00e9s berendez\u00e9sek<gwmw style=\"display:none;\"><\/gwmw><\/p>\n\n\n\n<h3 class=\"wp-block-heading\"><strong>Jellemz\u0151k:<\/strong><gwmw style=\"display:none;\"><\/gwmw><\/h3>\n\n\n\n<p>1. Minden rozsdamentes ac\u00e9l test, k\u00f6nnyen moshat\u00f3 \u00e9s t\u00f6r\u00f6lhet\u0151, hossz\u00fa \u00e9lettartam\u00fa.<br>2 alum\u00ednium fed\u00e9l, massz\u00edv \u00e9s k\u00f6nny\u0171, k\u00f6nnyen nyithat\u00f3 \u00e9s z\u00e1rhat\u00f3.<br>3 n\u00e9gy g\u00f6rg\u0151 teherb\u00edr\u00e1sa, f\u00e9kfunkci\u00f3val, k\u00f6nny\u0171 mozg\u00e1ssal \u00e9s poz\u00edcion\u00e1l\u00e1ssal egy\u00fctt.<br>4. A mechanikus m\u0171szervez\u00e9rl\u00e9s egyszer\u0171, k\u00f6nny\u0171, eleg\u00e1ns \u00e9s prec\u00edz.<gwmw style=\"display:none;\"><\/gwmw><gwmw style=\"display:none;\"><\/gwmw><\/p>\n\n\n\n<figure class=\"wp-block-table\"><table><tbody><tr><td>N\u00e9v<\/td><td>Elektromos olajs\u00fct\u0151<\/td><\/tr><tr><td>n\u00e9v<\/td><td>MDXZ-24<\/td><\/tr><tr><td>Fesz\u00fclts\u00e9g<\/td><td>3N\/380V\/50Hz<\/td><\/tr><tr><td>Er\u0151<\/td><td>12kw<\/td><\/tr><tr><td>Szab\u00e1lyoz\u00e1si h\u0151m\u00e9rs\u00e9klet tartom\u00e1ny<\/td><td>90-190 \u2103<\/td><\/tr><tr><td>M\u00e9ret<\/td><td>960\u00d7460\u00d71230 mm<\/td><\/tr><tr><td>Csomagol\u00e1si m\u00e9ret<\/td><td>1030\u00d7510\u00d71300 mm<\/td><\/tr><tr><td>Kapacit\u00e1s<\/td><td>24L<\/td><\/tr><tr><td>S\u00faly<\/td><td>110 kg<\/td><\/tr><tr><td>Brutt\u00f3 s\u00faly<\/td><td>135 kg<\/td><\/tr><tr><td>Kezel\u0151panel<\/td><td>k\u00e9zi panel<\/td><\/tr><\/tbody><\/table><\/figure>\n\n\n\n<p><gwmw style=\"display:none;\"><\/gwmw><\/p>","protected":false},"excerpt":{"rendered":"<p>This section pressure fryer is the company absorbing foreign advanced technology, development and production of the latest fried chicken oven fried chicken production process according to the characteristics of Western and traditional Chinese roast chicken. The whole body of stainless steel, electronic timing, automatic temperature control exhaust pressure. Using low-temperature high-pressure principle, fried food crisp [&#8230;]\n","protected":false},"featured_media":1582,"template":"","meta":[],"product_brand":[],"product_cat":[85],"product_tag":[],"class_list":{"0":"post-1349","1":"product","2":"type-product","3":"status-publish","4":"has-post-thumbnail","6":"product_cat-electric-pressure-fryers","8":"first","9":"instock","10":"shipping-taxable","11":"product-type-simple"},"_links":{"self":[{"href":"https:\/\/www.ccmmachine.com\/hu\/wp-json\/wp\/v2\/product\/1349","targetHints":{"allow":["GET"]}}],"collection":[{"href":"https:\/\/www.ccmmachine.com\/hu\/wp-json\/wp\/v2\/product"}],"about":[{"href":"https:\/\/www.ccmmachine.com\/hu\/wp-json\/wp\/v2\/types\/product"}],"wp:featuredmedia":[{"embeddable":true,"href":"https:\/\/www.ccmmachine.com\/hu\/wp-json\/wp\/v2\/media\/1582"}],"wp:attachment":[{"href":"https:\/\/www.ccmmachine.com\/hu\/wp-json\/wp\/v2\/media?parent=1349"}],"wp:term":[{"taxonomy":"product_brand","embeddable":true,"href":"https:\/\/www.ccmmachine.com\/hu\/wp-json\/wp\/v2\/product_brand?post=1349"},{"taxonomy":"product_cat","embeddable":true,"href":"https:\/\/www.ccmmachine.com\/hu\/wp-json\/wp\/v2\/product_cat?post=1349"},{"taxonomy":"product_tag","embeddable":true,"href":"https:\/\/www.ccmmachine.com\/hu\/wp-json\/wp\/v2\/product_tag?post=1349"}],"curies":[{"name":"wp","href":"https:\/\/api.w.org\/{rel}","templated":true}]}}