{"id":1345,"date":"2024-03-21T04:03:01","date_gmt":"2024-03-21T04:03:01","guid":{"rendered":"https:\/\/www.ccmmachine.com\/?post_type=product&#038;p=1345"},"modified":"2024-03-21T04:03:05","modified_gmt":"2024-03-21T04:03:05","slug":"elektromos-olajsuto-pfe-500","status":"publish","type":"product","link":"https:\/\/www.ccmmachine.com\/hu\/product\/electric-pressure-fryer-pfe-500\/","title":{"rendered":"Elektromos nyom\u00f3s\u00fct\u0151 PFE-500"},"content":{"rendered":"<p>Ez a sorozat\u00fa amerikai s\u00fclt csirke s\u00fct\u0151 a k\u00fclf\u00f6ldi fejlett technol\u00f3gi\u00e1t elnyel\u0151 v\u00e1llalat, a nyugati \u00e9s hagyom\u00e1nyos k\u00ednai csirke s\u00fclt csirke gy\u00e1rt\u00e1si folyamat\u00e1nak jellemz\u0151i szerint a leg\u00fajabb s\u00fclt csirke s\u00fct\u0151 fejleszt\u00e9se \u00e9s gy\u00e1rt\u00e1sa sor\u00e1n. Az eg\u00e9sz test rozsdamentes ac\u00e9lb\u00f3l, egyszer\u0171 kezel\u00e9s, automatikus h\u0151m\u00e9rs\u00e9klet-szab\u00e1lyoz\u00e1s kipufog\u00f3nyom\u00e1s.<br>Alacsony h\u0151m\u00e9rs\u00e9klet\u0171, nagynyom\u00e1s\u00fa elveket haszn\u00e1lva a s\u00fclt \u00e9tel ropog\u00f3s, puha, \u00e9l\u00e9nk sz\u00edn\u0171, de s\u00fclt kacsa, s\u00fclt csirke, s\u00fclt csirke, csirkesz\u00e1rnyak, hal, sert\u00e9s \u00e9s egy\u00e9b h\u00fas, burgonya \u00e9s egy\u00e9b z\u00f6lds\u00e9gek is. Minden nagy \u00fczletben, sz\u00e1llod\u00e1ban, gyors\u00e9tteremben, snack b\u00e1rban, \u00fczemi \u00e9tkezd\u00e9ben \u00e9s \u00f6n\u00e1ll\u00f3 h\u00e1ztart\u00e1sban alkalmazhat\u00f3. Egyszer\u0171 kezel\u00e9s, tiszta, k\u00f6nnyen haszn\u00e1lhat\u00f3, nagy hat\u00e9konys\u00e1g\u00fa, tart\u00f3s \u00e9s egy\u00e9b jellemz\u0151k. Ez a leg\u00fajabb t\u00edpus\u00fa \u00e9lelmiszer-feldolgoz\u00f3 g\u00e9pek \u00e9s berendez\u00e9sek.<gwmw style=\"display:none;\"><\/gwmw><\/p>\n\n\n\n<h3 class=\"wp-block-heading\"><strong>Jellemz\u0151k:<\/strong><gwmw style=\"display:none;\"><\/gwmw><\/h3>\n\n\n\n<p>1, minden rozsdamentes ac\u00e9l test, k\u00f6nnyen moshat\u00f3 \u00e9s t\u00f6r\u00f6lhet\u0151, hossz\u00fa \u00e9lettartam\u00fa.<br>2, alum\u00ednium fed\u00e9l, massz\u00edv \u00e9s k\u00f6nny\u0171, k\u00f6nnyen nyithat\u00f3 \u00e9s z\u00e1rhat\u00f3.<br>3, be\u00e9p\u00edtett sz\u0171r\u0151rendszer, k\u00f6nnyen haszn\u00e1lhat\u00f3 \u00e9s energiatakar\u00e9kos.<br>4, n\u00e9gy g\u00f6rg\u0151 teherb\u00edr\u00e1sa, f\u00e9kfunkci\u00f3val, k\u00f6nny\u0171 mozg\u00e1ssal \u00e9s poz\u00edcion\u00e1l\u00e1ssal egy\u00fctt.<br>5, a klasszikus g\u00e9pi vez\u00e9rl\u0151pult, k\u00f6nnyebb \u00e9s hat\u00e9konyabb.<\/p>\n\n\n\n<figure class=\"wp-block-table\"><table><tbody><tr><td>N\u00e9v<\/td><td>Elektromos olajs\u00fct\u0151<\/td><\/tr><tr><td>n\u00e9v<\/td><td>PFE-500<\/td><\/tr><tr><td>Fesz\u00fclts\u00e9g<\/td><td>~3N380v\/50Hz (~3N220v\/60Hz)<\/td><\/tr><tr><td>Er\u0151<\/td><td>13,5 kW<\/td><\/tr><tr><td>Szab\u00e1lyoz\u00e1si h\u0151m\u00e9rs\u00e9klet tartom\u00e1ny<\/td><td>20-200 \u2103<\/td><\/tr><tr><td>M\u00e9ret<\/td><td>960\u00d7460\u00d71230 mm<\/td><\/tr><tr><td>Csomagol\u00e1si m\u00e9ret<\/td><td>1030\u00d7510\u00d71300 mm<\/td><\/tr><tr><td>Kapacit\u00e1s<\/td><td>24L<\/td><\/tr><tr><td>S\u00faly<\/td><td>135 kg<\/td><\/tr><tr><td>Brutt\u00f3 s\u00faly<\/td><td>155 kg<\/td><\/tr><tr><td>Kezel\u0151panel<\/td><td>k\u00e9zi panel<\/td><\/tr><\/tbody><\/table><\/figure>\n\n\n\n<figure class=\"wp-block-image size-full\"><img decoding=\"async\" width=\"740\" height=\"300\" src=\"https:\/\/www.ccmmachine.com\/wp-content\/uploads\/2024\/03\/Electric-Pressure-fryer-PFE-500-001.webp\" alt=\"\" class=\"wp-image-1577\" srcset=\"https:\/\/www.ccmmachine.com\/wp-content\/uploads\/2024\/03\/Electric-Pressure-fryer-PFE-500-001.webp 740w, https:\/\/www.ccmmachine.com\/wp-content\/uploads\/2024\/03\/Electric-Pressure-fryer-PFE-500-001-700x284.webp 700w, https:\/\/www.ccmmachine.com\/wp-content\/uploads\/2024\/03\/Electric-Pressure-fryer-PFE-500-001-300x122.webp 300w, https:\/\/www.ccmmachine.com\/wp-content\/uploads\/2024\/03\/Electric-Pressure-fryer-PFE-500-001-18x7.webp 18w\" sizes=\"(max-width: 740px) 100vw, 740px\" \/><\/figure>\n\n\n\n<figure class=\"wp-block-image size-full\"><img decoding=\"async\" width=\"472\" height=\"461\" src=\"https:\/\/www.ccmmachine.com\/wp-content\/uploads\/2024\/03\/Electric-Pressure-fryer-PFE-500-002.webp\" alt=\"\" class=\"wp-image-1578\" srcset=\"https:\/\/www.ccmmachine.com\/wp-content\/uploads\/2024\/03\/Electric-Pressure-fryer-PFE-500-002.webp 472w, https:\/\/www.ccmmachine.com\/wp-content\/uploads\/2024\/03\/Electric-Pressure-fryer-PFE-500-002-300x293.webp 300w, https:\/\/www.ccmmachine.com\/wp-content\/uploads\/2024\/03\/Electric-Pressure-fryer-PFE-500-002-12x12.webp 12w\" sizes=\"(max-width: 472px) 100vw, 472px\" \/><\/figure>\n\n\n\n<p><gwmw style=\"display:none;\"><\/gwmw><\/p>","protected":false},"excerpt":{"rendered":"<p>This series American fried chicken oven is a company absorbing the foreign advanced technology, according to the production process characteristics of Western and traditional Chinese chicken fried chicken in the development and production of the latest fried chicken oven. The whole body of stainless steel, simple operation, automatic temperature control exhaust pressure.Using low-temperature high-pressure principles, [&#8230;]\n","protected":false},"featured_media":1576,"template":"","meta":[],"product_brand":[],"product_cat":[85],"product_tag":[],"class_list":{"0":"post-1345","1":"product","2":"type-product","3":"status-publish","4":"has-post-thumbnail","6":"product_cat-electric-pressure-fryers","8":"first","9":"instock","10":"shipping-taxable","11":"product-type-simple"},"_links":{"self":[{"href":"https:\/\/www.ccmmachine.com\/hu\/wp-json\/wp\/v2\/product\/1345","targetHints":{"allow":["GET"]}}],"collection":[{"href":"https:\/\/www.ccmmachine.com\/hu\/wp-json\/wp\/v2\/product"}],"about":[{"href":"https:\/\/www.ccmmachine.com\/hu\/wp-json\/wp\/v2\/types\/product"}],"wp:featuredmedia":[{"embeddable":true,"href":"https:\/\/www.ccmmachine.com\/hu\/wp-json\/wp\/v2\/media\/1576"}],"wp:attachment":[{"href":"https:\/\/www.ccmmachine.com\/hu\/wp-json\/wp\/v2\/media?parent=1345"}],"wp:term":[{"taxonomy":"product_brand","embeddable":true,"href":"https:\/\/www.ccmmachine.com\/hu\/wp-json\/wp\/v2\/product_brand?post=1345"},{"taxonomy":"product_cat","embeddable":true,"href":"https:\/\/www.ccmmachine.com\/hu\/wp-json\/wp\/v2\/product_cat?post=1345"},{"taxonomy":"product_tag","embeddable":true,"href":"https:\/\/www.ccmmachine.com\/hu\/wp-json\/wp\/v2\/product_tag?post=1345"}],"curies":[{"name":"wp","href":"https:\/\/api.w.org\/{rel}","templated":true}]}}