{"id":1312,"date":"2024-03-21T02:37:40","date_gmt":"2024-03-21T02:37:40","guid":{"rendered":"https:\/\/www.ccmmachine.com\/?post_type=product&#038;p=1312"},"modified":"2024-03-21T02:54:52","modified_gmt":"2024-03-21T02:54:52","slug":"gazsuto-pfg-600","status":"publish","type":"product","link":"https:\/\/www.ccmmachine.com\/hu\/product\/gas-pressure-fryer-pfg-600\/","title":{"rendered":"PFG-600 g\u00e1zs\u00fct\u0151"},"content":{"rendered":"<h3 class=\"wp-block-heading\"><strong>Term\u00e9kle\u00edr\u00e1s:<\/strong><\/h3>\n\n\n\n<ol class=\"wp-block-list\">\n<li>&nbsp;Teljesen rozsdamentes ac\u00e9l test, k\u00f6nnyen moshat\u00f3 \u00e9s t\u00f6r\u00f6lhet\u0151, hossz\u00fa \u00e9lettartam\u00fa.<\/li>\n\n\n\n<li>&nbsp;alum\u00ednium fed\u00e9l, massz\u00edv \u00e9s k\u00f6nny\u0171, k\u00f6nnyen nyithat\u00f3 \u00e9s z\u00e1rhat\u00f3.<\/li>\n\n\n\n<li>&nbsp;n\u00e9gy g\u00f6rg\u0151 teherb\u00edr\u00e1sa, f\u00e9kfunkci\u00f3val, k\u00f6nny\u0171 mozgathat\u00f3s\u00e1ggal \u00e9s poz\u00edcion\u00e1l\u00e1ssal.<\/li>\n\n\n\n<li>&nbsp;Panelsz\u00e1m\u00edt\u00f3g\u00e9pes vez\u00e9rl\u0151rendszer, finom, prec\u00edz.<\/li>\n\n\n\n<li>&nbsp;A be\u00e9p\u00edtett automatikus sz\u0171r\u0151rendszer, k\u00f6nnyen haszn\u00e1lhat\u00f3 \u00e9s energiatakar\u00e9kos.<\/li>\n<\/ol>\n\n\n\n<p>A g\u00e1znyom\u00e1sos s\u00fclt csirkekemenc\u00e9k sorozata c\u00e9g\u00fcnk \u00e1ltal kifejlesztett, fejlett k\u00fclf\u00f6ldr\u0151l sz\u00e1rmaz\u00f3 technol\u00f3gi\u00e1t alkalmaz\u00f3 k\u00e9sz\u00fcl\u00e9kcsal\u00e1d. Ezeket a s\u00fct\u0151ket kifejezetten s\u00fclt csirke el\u0151\u00e1ll\u00edt\u00e1s\u00e1ra tervezt\u00e9k, figyelembe v\u00e9ve mind a nyugati, mind a hagyom\u00e1nyos k\u00ednai csirke s\u00fct\u00e9si m\u00f3dszereit. A s\u00fct\u0151 teljes teste rozsdamentes ac\u00e9lb\u00f3l k\u00e9sz\u00fclt, a sz\u00e1m\u00edt\u00f3g\u00e9pes vez\u00e9rl\u0151panel pedig lehet\u0151v\u00e9 teszi a kipufog\u00f3g\u00e1z nyom\u00e1s\u00e1nak automatikus szab\u00e1lyoz\u00e1s\u00e1t. S\u00fct\u0151ink az alacsony h\u0151m\u00e9rs\u00e9klet\u0171, magas nyom\u00e1s\u00fa elvet alkalmazva ropog\u00f3s, puha, \u00e9l\u00e9nk sz\u00edn\u0171 s\u00fclt \u00e9teleket k\u00e9sz\u00edtenek. A csirke mellett kacsa, hal, sert\u00e9s, marha, birka, burgonya \u00e9s egy\u00e9b z\u00f6lds\u00e9gek s\u00fct\u00e9s\u00e9re is haszn\u00e1lhat\u00f3. S\u00fct\u0151ink k\u00fcl\u00f6nf\u00e9le l\u00e9tes\u00edtm\u00e9nyekben, p\u00e9ld\u00e1ul \u00fczletekben, sz\u00e1llod\u00e1kban, gyors\u00e9ttermekben, b\u00fcf\u00e9kben, \u00fczemi \u00e9tkezd\u00e9kben, de ak\u00e1r egy\u00e9ni v\u00e1llalkoz\u00f3k sz\u00e1m\u00e1ra is haszn\u00e1lhat\u00f3k. K\u00f6nnyen kezelhet\u0151k, tiszt\u00edthat\u00f3k \u00e9s rendk\u00edv\u00fcl hat\u00e9konyak, \u00edgy a rendelkez\u00e9sre \u00e1ll\u00f3 leg\u00fajabb \u00e9s legfejlettebb \u00e9lelmiszer-feldolgoz\u00f3 g\u00e9pek \u00e9s berendez\u00e9sek.<\/p>\n\n\n\n<figure class=\"wp-block-table\"><table><tbody><tr><td><strong>N\u00e9v<\/strong><\/td><td>g\u00e1zs\u00fct\u0151<\/td><\/tr><tr><td><strong>Modell<\/strong><\/td><td>PFG-600<\/td><\/tr><tr><td><strong>Munkahelyi nyom\u00e1s<\/strong><\/td><td>0,085 MPa<\/td><\/tr><tr><td><strong>Szab\u00e1lyoz\u00e1si h\u0151m\u00e9rs\u00e9klet tartom\u00e1ny<\/strong><\/td><td>20-200 \u2103<\/td><\/tr><tr><td><strong>G\u00e1zfogyaszt\u00e1s<\/strong><\/td><td>k\u00f6r\u00fclbel\u00fcl 0,48 kg\/h (bele\u00e9rtve a tart\u00e1si id\u0151t is)<\/td><\/tr><tr><td><strong>Fesz\u00fclts\u00e9g<\/strong><\/td><td>&nbsp;~220V\/50Hz-60Hz<\/td><\/tr><tr><td><strong>\u00dczemanyag<\/strong><\/td><td>LPG\/Term\u00e9szetg\u00e1z<\/td><\/tr><tr><td><strong>M\u00e9ret<\/strong><\/td><td>460\u00d7960\u00d71230 mm<\/td><\/tr><tr><td><strong>Csomagol\u00e1si m\u00e9ret<\/strong><\/td><td>510\u00d71030\u00d71300 mm<\/td><\/tr><tr><td><strong>Kapacit\u00e1s<\/strong><\/td><td>24L<\/td><\/tr><tr><td><strong>S\u00faly<\/strong><\/td><td>135 kg<\/td><\/tr><tr><td><strong>Brutt\u00f3 s\u00faly<\/strong><\/td><td>155 kg<\/td><\/tr><tr><td><strong>Kezel\u0151panel<\/strong><\/td><td>LCD<\/td><\/tr><\/tbody><\/table><\/figure>\n\n\n\n<figure class=\"wp-block-image\"><img decoding=\"async\" src=\"https:\/\/www.ccmmachine.com\/wp-content\/uploads\/2019\/08\/Electric-Pressure-fryer-PFE-600L-001.jpg\" alt=\"\" class=\"wp-image-1304\"\/><\/figure>","protected":false},"excerpt":{"rendered":"<p>Product Description\uff1a The\u00a0Gas\u00a0Pressure\u00a0Fried\u00a0Chicken\u00a0Furnace series\u00a0is a line of\u00a0devices\u00a0developed\u00a0by our\u00a0company,\u00a0incorporating advanced technology\u00a0from abroad. These\u00a0ovens\u00a0are designed\u00a0specifically\u00a0for\u00a0the\u00a0production of\u00a0fried chicken,\u00a0taking\u00a0into account\u00a0both Western and traditional Chinese\u00a0methods of\u00a0roasting\u00a0chicken. The entire\u00a0body of\u00a0the oven is\u00a0made of stainless steel,\u00a0and the\u00a0computer control panel allows for automatic\u00a0regulation of exhaust pressure.\u00a0By utilizing\u00a0the\u00a0low-temperature high-pressure principle,\u00a0our\u00a0ovens\u00a0produce\u00a0crispy\u00a0and tender\u00a0fried food with a\u00a0bright color. In addition to chicken, they\u00a0can also\u00a0be\u00a0used\u00a0to fry\u00a0duck, fish, pork, [&#8230;]\n","protected":false},"featured_media":1563,"template":"","meta":[],"product_brand":[],"product_cat":[86],"product_tag":[],"class_list":{"0":"post-1312","1":"product","2":"type-product","3":"status-publish","4":"has-post-thumbnail","6":"product_cat-gas-pressure-fryers","8":"first","9":"instock","10":"shipping-taxable","11":"product-type-simple"},"_links":{"self":[{"href":"https:\/\/www.ccmmachine.com\/hu\/wp-json\/wp\/v2\/product\/1312","targetHints":{"allow":["GET"]}}],"collection":[{"href":"https:\/\/www.ccmmachine.com\/hu\/wp-json\/wp\/v2\/product"}],"about":[{"href":"https:\/\/www.ccmmachine.com\/hu\/wp-json\/wp\/v2\/types\/product"}],"wp:featuredmedia":[{"embeddable":true,"href":"https:\/\/www.ccmmachine.com\/hu\/wp-json\/wp\/v2\/media\/1563"}],"wp:attachment":[{"href":"https:\/\/www.ccmmachine.com\/hu\/wp-json\/wp\/v2\/media?parent=1312"}],"wp:term":[{"taxonomy":"product_brand","embeddable":true,"href":"https:\/\/www.ccmmachine.com\/hu\/wp-json\/wp\/v2\/product_brand?post=1312"},{"taxonomy":"product_cat","embeddable":true,"href":"https:\/\/www.ccmmachine.com\/hu\/wp-json\/wp\/v2\/product_cat?post=1312"},{"taxonomy":"product_tag","embeddable":true,"href":"https:\/\/www.ccmmachine.com\/hu\/wp-json\/wp\/v2\/product_tag?post=1312"}],"curies":[{"name":"wp","href":"https:\/\/api.w.org\/{rel}","templated":true}]}}