{"id":1292,"date":"2024-03-21T02:29:27","date_gmt":"2024-03-21T02:29:27","guid":{"rendered":"https:\/\/www.ccmmachine.com\/?post_type=product&#038;p=1292"},"modified":"2024-03-21T02:29:30","modified_gmt":"2024-03-21T02:29:30","slug":"gazsuto-pfg-600l","status":"publish","type":"product","link":"https:\/\/www.ccmmachine.com\/hu\/product\/gas-pressure-fryer-pfg-600l\/","title":{"rendered":"G\u00e1znyom\u00e1s\u00fa olajs\u00fct\u0151 PFG-600L"},"content":{"rendered":"<p><strong>Term\u00e9kle\u00edr\u00e1s:<\/strong><\/p>\n\n\n\n<ol class=\"wp-block-list\">\n<li>Minden rozsdamentes ac\u00e9l test k\u00f6nnyen moshat\u00f3 \u00e9s t\u00f6r\u00f6lhet\u0151, \u00e9s hossz\u00fa \u00e9lettartammal rendelkezik.<\/li>\n\n\n\n<li>alum\u00ednium fed\u00e9l massz\u00edv \u00e9s k\u00f6nny\u0171, k\u00f6nnyen nyithat\u00f3 \u00e9s z\u00e1rhat\u00f3.<\/li>\n\n\n\n<li>be\u00e9p\u00edtett automatikus olajsz\u0171r\u0151 rendszer, amely k\u00f6nnyen haszn\u00e1lhat\u00f3 \u00e9s energiatakar\u00e9kos.<\/li>\n\n\n\n<li>n\u00e9gy g\u00f6rg\u0151 teherb\u00edr\u00e1sa a f\u00e9kfunkci\u00f3val egy\u00fctt k\u00f6nny\u0171 mozgathat\u00f3s\u00e1g \u00e9s pozicion\u00e1l\u00e1s.<\/li>\n\n\n\n<li>Az LCD vez\u00e9rl\u0151panel prec\u00edz \u00e9s gy\u00f6ny\u00f6r\u0171.<\/li>\n<\/ol>\n\n\n\n<p>A g\u00e1znyom\u00e1s a k\u00fclf\u00f6ldi fejlett technol\u00f3gi\u00e1t, a leg\u00fajabb s\u00fclt csirke kemenc\u00e9ben s\u00fclt csirke gy\u00e1rt\u00e1si folyamatot fejleszti \u00e9s gy\u00e1rtja a nyugati \u00e9s hagyom\u00e1nyos k\u00ednai s\u00fclt csirke jellemz\u0151i szerint. Az eg\u00e9sz test rozsdamentes ac\u00e9lb\u00f3l, LCD sz\u00e1m\u00edt\u00f3g\u00e9pes vez\u00e9rl\u0151rendszer automatikus h\u0151m\u00e9rs\u00e9klet-szab\u00e1lyoz\u00e1s, nyom\u00e1sszab\u00e1lyoz\u00e1s, kipufog\u00f3. Az alacsony h\u0151m\u00e9rs\u00e9klet\u0171, nagynyom\u00e1s\u00fa elven a s\u00fclt \u00e9tel ropog\u00f3s, puha, \u00e9l\u00e9nk sz\u00edn\u0171, de s\u00fclt kacsa, hal, sert\u00e9s, marha, birka \u00e9s egy\u00e9b h\u00fas, burgonya \u00e9s egy\u00e9b z\u00f6lds\u00e9gek is. Minden nagyobb \u00fczletben, sz\u00e1llod\u00e1ban, gyors\u00e9tteremben, snack b\u00e1rban, \u00fczemi \u00e9tkezd\u00e9ben \u00e9s \u00f6n\u00e1ll\u00f3 h\u00e1ztart\u00e1sban alkalmazhat\u00f3. A konkr\u00e9t m\u0171velet egyszer\u0171, tiszta, k\u00f6nnyen haszn\u00e1lhat\u00f3, nagy hat\u00e9konys\u00e1g\u00fa, tart\u00f3s \u00e9s egy\u00e9b jellemz\u0151k, a leg\u00fajabb t\u00edpus\u00fa \u00e9lelmiszer-feldolgoz\u00f3 g\u00e9pek \u00e9s berendez\u00e9sek.<\/p>\n\n\n\n<figure class=\"wp-block-table\"><table><tbody><tr><td><strong>N\u00e9v<\/strong><\/td><td>g\u00e1zs\u00fct\u0151<\/td><\/tr><tr><td><strong>Modell<\/strong><\/td><td>PFG-600L<\/td><\/tr><tr><td><strong>Munkahelyi nyom\u00e1s<\/strong><\/td><td>0,085 MPa<\/td><\/tr><tr><td><strong>Szab\u00e1lyoz\u00e1si h\u0151m\u00e9rs\u00e9klet tartom\u00e1ny<\/strong><\/td><td>20-200 \u2103<\/td><\/tr><tr><td><strong>G\u00e1zfogyaszt\u00e1s<\/strong><\/td><td>k\u00f6r\u00fclbel\u00fcl 0,48 kg\/h (bele\u00e9rtve a tart\u00e1si id\u0151t is)<\/td><\/tr><tr><td><strong>Fesz\u00fclts\u00e9g<\/strong><\/td><td>&nbsp;~220V\/50Hz-60Hz<\/td><\/tr><tr><td><strong>\u00dczemanyag<\/strong><\/td><td>LPG\/Term\u00e9szetg\u00e1z<\/td><\/tr><tr><td><strong>M\u00e9ret<\/strong><\/td><td>460\u00d7960\u00d71230 mm<\/td><\/tr><tr><td><strong>Csomagol\u00e1si m\u00e9ret<\/strong><\/td><td>510\u00d71030\u00d71300 mm<\/td><\/tr><tr><td><strong>Kapacit\u00e1s<\/strong><\/td><td>24L<\/td><\/tr><tr><td><strong>S\u00faly<\/strong><\/td><td>135 kg<\/td><\/tr><tr><td><strong>Brutt\u00f3 s\u00faly<\/strong><\/td><td>155 kg<\/td><\/tr><tr><td><strong>Kezel\u0151panel<\/strong><\/td><td>LCD<\/td><\/tr><\/tbody><\/table><\/figure>\n\n\n\n<figure class=\"wp-block-image\"><img decoding=\"async\" src=\"https:\/\/www.ccmmachine.com\/wp-content\/uploads\/2019\/08\/Electric-Pressure-fryer-PFE-600L-001.jpg\" alt=\"\" class=\"wp-image-1304\"\/><\/figure>","protected":false},"excerpt":{"rendered":"<p>Product Description\uff1a Gas pressure is the company absorbing foreign advanced technology, development, and production of the latest fried chicken oven fried chicken production process according to the characteristics of Western and traditional Chinese roast chicken. The whole body of stainless steel, LCD computer control system automatic temperature control, pressure control, exhaust. Using low-temperature high-pressure principle, [&#8230;]\n","protected":false},"featured_media":1560,"template":"","meta":[],"product_brand":[],"product_cat":[86],"product_tag":[],"class_list":{"0":"post-1292","1":"product","2":"type-product","3":"status-publish","4":"has-post-thumbnail","6":"product_cat-gas-pressure-fryers","8":"first","9":"instock","10":"shipping-taxable","11":"product-type-simple"},"_links":{"self":[{"href":"https:\/\/www.ccmmachine.com\/hu\/wp-json\/wp\/v2\/product\/1292","targetHints":{"allow":["GET"]}}],"collection":[{"href":"https:\/\/www.ccmmachine.com\/hu\/wp-json\/wp\/v2\/product"}],"about":[{"href":"https:\/\/www.ccmmachine.com\/hu\/wp-json\/wp\/v2\/types\/product"}],"wp:featuredmedia":[{"embeddable":true,"href":"https:\/\/www.ccmmachine.com\/hu\/wp-json\/wp\/v2\/media\/1560"}],"wp:attachment":[{"href":"https:\/\/www.ccmmachine.com\/hu\/wp-json\/wp\/v2\/media?parent=1292"}],"wp:term":[{"taxonomy":"product_brand","embeddable":true,"href":"https:\/\/www.ccmmachine.com\/hu\/wp-json\/wp\/v2\/product_brand?post=1292"},{"taxonomy":"product_cat","embeddable":true,"href":"https:\/\/www.ccmmachine.com\/hu\/wp-json\/wp\/v2\/product_cat?post=1292"},{"taxonomy":"product_tag","embeddable":true,"href":"https:\/\/www.ccmmachine.com\/hu\/wp-json\/wp\/v2\/product_tag?post=1292"}],"curies":[{"name":"wp","href":"https:\/\/api.w.org\/{rel}","templated":true}]}}