{"id":3,"date":"2019-07-18T17:44:06","date_gmt":"2019-07-18T17:44:06","guid":{"rendered":"http:\/\/www.ccmmachine.com\/?page_id=3"},"modified":"2019-09-08T08:06:10","modified_gmt":"2019-09-08T08:06:10","slug":"adatvedelmi-iranyelvek","status":"publish","type":"page","link":"https:\/\/www.ccmmachine.com\/hu\/privacy-policy\/","title":{"rendered":"Adatv\u00e9delmi ir\u00e1nyelvek"},"content":{"rendered":"<h3 style=\"text-align: center;\">Adatv\u00e9delmi ir\u00e1nyelvek<\/h3>\n<p><strong>Elk\u00f6telezett<\/strong><\/p>\n<p>Elk\u00f6telezettek vagyunk a mag\u00e1n\u00e9let, a szem\u00e9lyes adatok \u00e9s a szem\u00e9lyes adatok (egy\u00fcttesen: \u201eSzem\u00e9lyes adatok\u201d) v\u00e9delme mellett, amelyet weboldalunk haszn\u00e1lata sor\u00e1n szolg\u00e1ltatunk, hogy k\u00e9pesek legy\u00fcnk szem\u00e9lyes adatokat gy\u0171jteni, felhaszn\u00e1lni, t\u00e1rolni \u00e9s tov\u00e1bb\u00edtani (szem\u00e9lyes adatokkal egy\u00fctt). mag\u00e1n\u00e9let). vonatkoz\u00f3 t\u00f6rv\u00e9nyek \u00e9s rendeletek) \u00e9s a legmagasabb szint\u0171 fogyaszt\u00f3v\u00e9delem.<\/p>\n<p>Annak \u00e9rdek\u00e9ben, hogy teljes m\u00e9rt\u00e9kben megb\u00edzhasson szem\u00e9lyes adatainak kezel\u00e9s\u00e9ben, r\u00e9szletesen el kell olvasnia \u00e9s meg kell \u00e9rtenie az Adatv\u00e9delmi szab\u00e1lyzat rendelkez\u00e9seit. A weboldalunk haszn\u00e1latakor k\u00fcl\u00f6n\u00f6sen \u00fagy kell tekinteni, hogy elfogadja, beleegyezik, meg\u00edg\u00e9rte \u00e9s meger\u0151s\u00edti:<\/p>\n<p>\u00d6n \u00f6nk\u00e9ntesen \u00e1tadja nek\u00fcnk a szem\u00e9lyes adatokat a sz\u00fcks\u00e9ges hozz\u00e1j\u00e1rul\u00e1ssal;<\/p>\n<p>\u00d6n betartja a jelen Adatv\u00e9delmi szab\u00e1lyzat \u00f6sszes felt\u00e9tel\u00e9t \u00e9s korl\u00e1toz\u00e1s\u00e1t;<\/p>\n<p>\u00d6n regisztr\u00e1l a weboldalunkon, \u00e9s az inform\u00e1ci\u00f3kat \u00f6sszegy\u0171jtj\u00fck;<\/p>\n<p>\u00d6n elfogadja az Adatv\u00e9delmi szab\u00e1lyzatunk j\u00f6v\u0151beni v\u00e1ltoz\u00e1sait;<\/p>\n<p>\u00d6n elfogadja le\u00e1nyv\u00e1llalatainkat, le\u00e1nyv\u00e1llalatainkat, alkalmazottainkat, \u00e9s \u00e9rdekl\u0151dhet olyan term\u00e9kek \u00e9s szolg\u00e1ltat\u00e1sok ir\u00e1nt, amelyek \u00e9rdekesek lehetnek az \u00d6n sz\u00e1m\u00e1ra (kiv\u00e9ve, ha jelezte, hogy nem k\u00edv\u00e1n ilyen \u00fczeneteket kapni).<\/p>\n<p><strong>A gy\u0171jt\u00f6tt szem\u00e9lyes adatok t\u00edpusa<\/strong><\/p>\n<p>Szem\u00e9lyes adatokat az \u00d6n hozz\u00e1j\u00e1rul\u00e1s\u00e1val gy\u0171jt\u00fcnk, kezel\u00fcnk \u00e9s figyel\u00fcnk. Ahhoz, hogy szolg\u00e1ltat\u00e1sainkat biztos\u00edthassuk \u00d6nnek, meg kell adnia azokat a szem\u00e9lyes adatokat \u00e9s meg nem nevezett anyagokat, amelyekr\u0151l \u00fagy gondoljuk, hogy az utas\u00edt\u00e1sai teljes\u00edt\u00e9s\u00e9hez \u00e9s szolg\u00e1ltat\u00e1saink tov\u00e1bbfejleszt\u00e9s\u00e9hez sz\u00fcks\u00e9gesek, bele\u00e9rtve, de nem kiz\u00e1r\u00f3lagosan:<\/p>\n<p><strong>Szem\u00e9lyes adat<\/strong><\/p>\n<p>\u2013 Az \u00d6n neve, neme, \u00e9letkora, sz\u00fclet\u00e9si ideje, telefonsz\u00e1ma, faxsz\u00e1ma, c\u00edme vagy levelez\u00e9si c\u00edme, e-mail c\u00edme.<\/p>\n<p><strong>N\u00e9vtelen anyag<\/strong><\/p>\n<p>A szem\u00e9lyes adatok \u00e9s meg nem nevezett inform\u00e1ci\u00f3k gy\u0171jt\u00e9s\u00e9nek c\u00e9lja \u00e9s felhaszn\u00e1l\u00e1sa a k\u00f6vetkez\u0151:<\/p>\n<p>Weboldalunkon kereszt\u00fcl ny\u00fajtsa sz\u00e1munkra szolg\u00e1ltat\u00e1sainkat;<\/p>\n<p>Amikor weboldalunkat haszn\u00e1lja, azonos\u00edthatja \u00e9s meger\u0151s\u00edtheti szem\u00e9lyazonoss\u00e1g\u00e1t;<\/p>\n<p>Hagyja, hogy \u00e9rezze mag\u00e1t, amikor weboldalunkat haszn\u00e1lja;<\/p>\n<p>\u00dcgyf\u00e9lszolg\u00e1lati munkat\u00e1rsaink sz\u00fcks\u00e9g eset\u00e9n felvehetik \u00d6nnel a kapcsolatot;<\/p>\n<p>Statisztik\u00e1k weboldalunk haszn\u00e1lat\u00e1r\u00f3l;<\/p>\n<p>Tegye k\u00f6nnyebb\u00e9 weboldalunk haszn\u00e1lat\u00e1t;<\/p>\n<p>Piackutat\u00e1si felm\u00e9r\u00e9sek k\u00e9sz\u00edt\u00e9se term\u00e9keink, szolg\u00e1ltat\u00e1saink \u00e9s webhelyeink tartalm\u00e1nak jav\u00edt\u00e1sa \u00e9rdek\u00e9ben;<\/p>\n<p>Inform\u00e1ci\u00f3kat gy\u0171jt\u00fcnk tev\u00e9kenys\u00e9geinkhez, marketing- \u00e9s prom\u00f3ci\u00f3s programjainkhoz;<\/p>\n<p>betartani a t\u00f6rv\u00e9nyeket, a korm\u00e1nyzati \u00e9s szab\u00e1lyoz\u00f3 hat\u00f3s\u00e1gokat, bele\u00e9rtve, de nem kiz\u00e1r\u00f3lagosan a szem\u00e9lyes adatok \u00e9s \u00e9rtes\u00edt\u00e9sek nyilv\u00e1noss\u00e1gra hozatal\u00e1t;<\/p>\n<p>Engedje meg, hogy mi \u00e9s le\u00e1nyv\u00e1llalataink, le\u00e1nyv\u00e1llalataink, le\u00e1nyv\u00e1llalataink, alkalmazottaink, \u00fcgyn\u00f6keink, szolg\u00e1ltat\u00f3 partnereink vagy m\u00e1s harmadik felek, akik vel\u00fcnk dolgoznak az \u00d6n lak\u00f3helye szerinti orsz\u00e1gban, rekl\u00e1mozz\u00e1k a term\u00e9keket \u00e9s\/vagy szolg\u00e1ltat\u00e1sokat;<\/p>\n<p>Elemezze, ellen\u0151rizze \u00e9s\/vagy fel\u00fclvizsg\u00e1lja hitel\u00e9t, fizet\u00e9s\u00e9t \u00e9s\/vagy \u00e1llapot\u00e1t az \u00e1ltalunk ny\u00fajtott szolg\u00e1ltat\u00e1sok tekintet\u00e9ben;<\/p>\n<p>B\u00e1rmilyen fizet\u00e9si utas\u00edt\u00e1s, csoportos beszed\u00e9si megb\u00edz\u00e1s \u00e9s\/vagy hitelmeg\u00e1llapod\u00e1s feldolgoz\u00e1sa k\u00e9r\u00e9s\u00e9re;<\/p>\n<p>Lehet\u0151v\u00e9 teszi sz\u00e1mla m\u0171k\u00f6dtet\u00e9s\u00e9t \u00e9s\/vagy lehet\u0151v\u00e9 teszi sz\u00e1munkra, hogy a sz\u00e1ml\u00e1r\u00f3l levonjuk a m\u00e9g fenn\u00e1ll\u00f3 szolg\u00e1ltat\u00e1si d\u00edjat.<\/p>\n<p><strong>Cookie-k<\/strong><\/p>\n<p>Amikor megl\u00e1togatja weboldalunkat, a Google Stats seg\u00edts\u00e9g\u00e9vel r\u00f6gz\u00edtj\u00fck teljes\u00edtm\u00e9ny\u00fcnket, \u00e9s cookie-kon kereszt\u00fcl ellen\u0151rizz\u00fck az online hirdet\u00e9sek hat\u00e9konys\u00e1g\u00e1t. A cookie egy kis adatmennyis\u00e9g, amelyet a b\u00f6ng\u00e9sz\u0151je elk\u00fcld, \u00e9s a sz\u00e1m\u00edt\u00f3g\u00e9pe merevlemez\u00e9n t\u00e1rol. Cookie-kat csak akkor lehet elk\u00fcldeni sz\u00e1m\u00edt\u00f3g\u00e9p\u00e9nek merevlemez\u00e9re, ha \u00d6n sz\u00e1m\u00edt\u00f3g\u00e9p\u00e9t haszn\u00e1lja weboldalunk el\u00e9r\u00e9s\u00e9hez. A s\u00fctiket gyakran haszn\u00e1ljuk a l\u00e1togat\u00f3k szok\u00e1sainak \u00e9s preferenci\u00e1inak r\u00f6gz\u00edt\u00e9s\u00e9re, amikor weboldalunkon k\u00fcl\u00f6nf\u00e9le t\u00e9teleket b\u00f6ng\u00e9sznek. A s\u00fctik \u00e1ltal gy\u0171jt\u00f6tt inform\u00e1ci\u00f3k nem regisztr\u00e1lt gy\u0171jt\u0151statisztika, \u00e9s nem tartalmaznak szem\u00e9lyes adatokat. A cookie-k nem haszn\u00e1lhat\u00f3k adatok megszerz\u00e9s\u00e9re a merevlemezr\u0151l, az e-mail c\u00edm\u00e9r\u0151l \u00e9s szem\u00e9lyes adatair\u00f3l. Amikor \u00fajra felkeresi weboldalunkat, elmentheti az ism\u00e9telt regisztr\u00e1ci\u00f3 l\u00e9p\u00e9seit. A legt\u00f6bb b\u00f6ng\u00e9sz\u0151 el\u0151re be van \u00e1ll\u00edtva a cookie-k elfogad\u00e1s\u00e1ra. Be\u00e1ll\u00edthatja, hogy b\u00f6ng\u00e9sz\u0151je ne fogadja el a cookie-kat, vagy \u00e9rtes\u00edtse \u00d6nt, ha a cookie-k telep\u00edtve vannak. Ha azonban letiltja a cookie-kat, el\u0151fordulhat, hogy nem tudja aktiv\u00e1lni vagy haszn\u00e1lni webhely\u00fcnk bizonyos funkci\u00f3it.<\/p>\n<p>Ha nem tiltja vagy t\u00e1vol\u00edtja el a s\u00fctiket, minden alkalommal, amikor ugyanazt a sz\u00e1m\u00edt\u00f3g\u00e9pet haszn\u00e1lja weboldalunk el\u00e9r\u00e9s\u00e9hez, webszerver\u00fcnk \u00e9rtes\u00edt benn\u00fcnket, hogy felkereste weboldalunkat, \u00e9s azonos\u00edtani fogjuk \u00d6nt, valamint regisztr\u00e1ci\u00f3s \u00e9s fizet\u00e9si adatait. , inform\u00e1ci\u00f3k gy\u0171jt\u00e9se a felhaszn\u00e1l\u00e1sr\u00f3l, piackutat\u00e1sr\u00f3l, az el\u0151rehalad\u00e1s nyomon k\u00f6vet\u00e9s\u00e9r\u0151l \u00e9s a prom\u00f3ci\u00f3s tev\u00e9kenys\u00e9gekben val\u00f3 r\u00e9szv\u00e9telr\u0151l.<\/p>\n<p>M\u00f3dos\u00edthatja a weboldalunk el\u00e9r\u00e9s\u00e9hez haszn\u00e1lt sz\u00e1m\u00edt\u00f3g\u00e9p b\u00f6ng\u00e9sz\u0151j\u00e9nek be\u00e1ll\u00edt\u00e1sait, \u00e9s eld\u00f6ntheti, hogy elfogadja-e a cookie-kat. Ha szeretn\u00e9, m\u00f3dos\u00edthatja a be\u00e1ll\u00edt\u00e1sokat a b\u00f6ng\u00e9sz\u0151j\u00e9ben. Ha megadja a be\u00e1ll\u00edt\u00e1sokat a b\u00f6ng\u00e9sz\u0151j\u00e9ben, akkor elfogadhat minden cookie-t, \u00e9rtes\u00edt\u00e9seket kaphat a cookie-kr\u00f3l, \u00e9s ak\u00e1r el is utas\u00edthat minden cookie-t. Ha azonban \u00fagy d\u00f6nt, hogy nem haszn\u00e1l cookie-kat, vagy elutas\u00edtja az \u00f6sszes cookie-t a b\u00f6ng\u00e9sz\u0151j\u00e9ben, el\u0151fordulhat, hogy nem tudja haszn\u00e1lni vagy aktiv\u00e1lni webhely\u00fcnk bizonyos funkci\u00f3it, vagy \u00fajra be kell jelentkeznie az adataiba.<\/p>\n<p><strong>Mentse el a szem\u00e9lyes adatokat \u00e9s a meg nem nevezett inform\u00e1ci\u00f3kat<\/strong><\/p>\n<p>Az \u00d6n \u00e1ltal rendelkez\u00e9s\u00fcnkre bocs\u00e1tott szem\u00e9lyes adatokat \u00e9s meg nem nevezett inform\u00e1ci\u00f3kat csak addig \u0151rizz\u00fck meg, am\u00edg a gy\u0171jt\u00e9s c\u00e9lj\u00e1t el nem \u00e9rj\u00fck, kiv\u00e9ve, ha azokat a vonatkoz\u00f3 t\u00f6rv\u00e9nyekkel \u00e9s rendelkez\u00e9sekkel \u00f6sszhangban \u0151rzik meg.<\/p>\n<p><strong>Szem\u00e9lyes adatok tulajdonjoga \u00e9s k\u00f6zz\u00e9t\u00e9tele<\/strong><\/p>\n<p>A weboldalunkon gy\u0171jt\u00f6tt \u00f6sszes inform\u00e1ci\u00f3 a mi tulajdonunk, \u00e9s nem adjuk b\u00e9rbe vagy adjuk el harmadik f\u00e9lnek. A szem\u00e9lyes adatok azonban \u00e1tadhat\u00f3k:<\/p>\n<p><strong>K\u00f6zvetlen \u00e9rt\u00e9kes\u00edt\u00e9s<\/strong><\/p>\n<p>Miut\u00e1n megadta nek\u00fcnk szem\u00e9lyes adatait, telefonh\u00edv\u00e1st, e-mailt \u00e9s direkt e-mailt kaphat t\u0151l\u00fcnk vagy kirendelts\u00e9g\u00fcnkt\u0151l. Ha nem szeretn\u00e9 megkapni direkt marketing \u00e9s prom\u00f3ci\u00f3s anyagainkat, k\u00e9rj\u00fck, \u00edrjon nek\u00fcnk az al\u00e1bbi c\u00edmre. Tiszteletben tartjuk k\u00e9r\u00e9s\u00e9t, \u00e9s a tov\u00e1bbiakban nem haszn\u00e1ljuk fel szem\u00e9lyes adatait direkt marketing tev\u00e9kenys\u00e9gekhez.<\/p>\n<p><strong>Szem\u00e9lyes adatok v\u00e9delme<\/strong><\/p>\n<p>Megfelel\u0151 fizikai, elektronikus, kezel\u00e9si \u00e9s technikai int\u00e9zked\u00e9seket hajtunk v\u00e9gre az \u00d6n szem\u00e9lyes adatai biztons\u00e1g\u00e1nak v\u00e9delme \u00e9s v\u00e9delme \u00e9rdek\u00e9ben. Arra t\u00f6reksz\u00fcnk, hogy a weboldalunkon kereszt\u00fcl gy\u0171jt\u00f6tt szem\u00e9lyes adatok ne legyenek zavar\u00f3ak b\u00e1rmely, vel\u00fcnk nem kapcsolatos harmadik f\u00e9lt\u0151l. Az \u00e1ltalunk megtett biztons\u00e1gi int\u00e9zked\u00e9sek k\u00f6z\u00e9 tartoznak, de nem kiz\u00e1r\u00f3lagosan:<\/p>\n<p>Fizikai int\u00e9zked\u00e9sek: A szem\u00e9lyes adatait tartalmaz\u00f3 nyilv\u00e1ntart\u00e1sokat z\u00e1rt helyen t\u00e1roljuk.<\/p>\n<p>Elektronikus int\u00e9zked\u00e9sek: Az \u00d6n szem\u00e9lyes adatait tartalmaz\u00f3 sz\u00e1m\u00edt\u00f3g\u00e9pes adatokat sz\u00e1m\u00edt\u00f3g\u00e9pes rendszereken \u00e9s adathordoz\u00f3kon t\u00e1roljuk szigor\u00fa bejelentkez\u00e9si korl\u00e1toz\u00e1sok mellett.<\/p>\n<p>Kezel\u00e9si int\u00e9zked\u00e9sek: Szem\u00e9lyes adataihoz csak az \u00e1ltalunk felhatalmazott alkalmazottak f\u00e9rhetnek hozz\u00e1. Ezek az alkalmazottak k\u00f6telesek betartani szem\u00e9lyes adataink bels\u0151 titoktart\u00e1si szab\u00e1lyzat\u00e1t.<\/p>\n<p>Technikai int\u00e9zked\u00e9sek: A szem\u00e9lyes adatok tov\u00e1bb\u00edt\u00e1s\u00e1ra titkos\u00edt\u00e1si technol\u00f3gia, p\u00e9ld\u00e1ul Secure Socket Layer Encryption haszn\u00e1lhat\u00f3.<\/p>\n<p>Egy\u00e9b int\u00e9zked\u00e9sek: Webszerver\u00fcnket \u201et\u0171zfal\u201d v\u00e9di.<\/p>\n<p>Ha b\u00e1rmilyen biztons\u00e1gi r\u00e9sr\u0151l van tudom\u00e1sa weboldalunkon, k\u00e9rj\u00fck, ne habozzon kapcsolatba l\u00e9pni vel\u00fcnk, hogy a lehet\u0151 leghamarabb meg tudjuk tenni a megfelel\u0151 l\u00e9p\u00e9seket.<\/p>\n<p>A fenti technikai \u00e9s biztons\u00e1gi int\u00e9zked\u00e9sek v\u00e9grehajt\u00e1sa ellen\u00e9re nem tudjuk garant\u00e1lni az interneten tal\u00e1lhat\u00f3 adatok abszol\u00fat biztons\u00e1g\u00e1t, \u00edgy nem tudjuk garant\u00e1lni, hogy a weboldalunkon kereszt\u00fcl r\u00e9sz\u00fcnkre megadott szem\u00e9lyes adatok mindenkor biztons\u00e1gban vannak. Nem v\u00e1llalunk felel\u0151ss\u00e9get semmilyen olyan esem\u00e9ny\u00e9rt, amely az \u00d6n szem\u00e9lyes adataihoz val\u00f3 jogosulatlan hozz\u00e1f\u00e9r\u00e9sb\u0151l ered, \u00e9s nem v\u00e1llalunk felel\u0151ss\u00e9get az ezzel kapcsolatban felmer\u00fcl\u0151 vagy okozott vesztes\u00e9gek\u00e9rt vagy k\u00e1rok\u00e9rt.<\/p>\n<p><strong>Kisebb<\/strong><\/p>\n<p>Ha b\u00e1rmely sz\u00fcl\u0151 vagy gy\u00e1m \u00fagy gondolja, hogy egy kiskor\u00fa szem\u00e9lyes adatokat adott nek\u00fcnk a sz\u00fcl\u0151 vagy gy\u00e1m j\u00f3v\u00e1hagy\u00e1sa vagy beleegyez\u00e9se n\u00e9lk\u00fcl, k\u00e9rj\u00fck, forduljon \u00dcgyf\u00e9lszolg\u00e1lati Oszt\u00e1lyunkhoz, hogy gondoskodjon az adatok elt\u00e1vol\u00edt\u00e1s\u00e1r\u00f3l \u00e9s a prom\u00f3ci\u00f3s list\u00e1nkr\u00f3l. Visszavonult.<\/p>\n<p><strong>A szem\u00e9lyes adatokhoz val\u00f3 hozz\u00e1f\u00e9r\u00e9s \u00e9s azok helyesb\u00edt\u00e9se<\/strong><\/p>\n<p><strong>\u00d6nnek joga van:<\/strong><\/p>\n<p>Ellen\u0151rizze, hogy birtokoljuk-e az \u00d6n szem\u00e9lyes adatait;<\/p>\n<p>Hozz\u00e1f\u00e9r\u00e9s a birtokunkban l\u00e9v\u0151 szem\u00e9lyes adataihoz;<\/p>\n<p>K\u00e9rjen t\u0151l\u00fcnk minden t\u00e9ves szem\u00e9lyes adat jav\u00edt\u00e1s\u00e1t;<\/p>\n<p>Id\u0151r\u0151l id\u0151re \u00e9rdekl\u0151dj\u00f6n az \u00e1ltalunk t\u00e1rolt szem\u00e9lyes adatok term\u00e9szet\u00e9r\u0151l, ir\u00e1nyelveir\u0151l \u00e9s v\u00e9grehajt\u00e1si m\u00f3dszereir\u0151l.<\/p>\n<p>A t\u00f6rv\u00e9ny \u00e1ltal megengedett rendk\u00edv\u00fcl korl\u00e1tozott k\u00f6r\u00fclm\u00e9nyek k\u00f6z\u00f6tt azonban el\u0151fordulhat, hogy nem enged\u00e9lyezz\u00fck \u00d6nnek a szem\u00e9lyes adataihoz val\u00f3 hozz\u00e1f\u00e9r\u00e9st, mint p\u00e9ld\u00e1ul:<\/p>\n<p>Ha megkapja \u00e9s megkapja szem\u00e9lyes adatait, vesz\u00e9lybe ker\u00fclhet;<\/p>\n<p>Amikor az \u00d6n profilja hat\u00e1ssal lehet egy folyamatban l\u00e9v\u0151 felm\u00e9r\u00e9sre;<\/p>\n<p>Amikor szem\u00e9lyes adatai b\u00edr\u00f3s\u00e1gi elj\u00e1r\u00e1shoz kapcsol\u00f3dnak, \u00e9s felt\u00e1r\u00e1si korl\u00e1toz\u00e1sok al\u00e1 eshetnek.<\/p>\n<p>Ha a profilja \u00fczleti szempontb\u00f3l \u00e9rz\u00e9keny d\u00f6nt\u00e9shozatali folyamatot tartalmaz;<\/p>\n<p>Amikor egy m\u00e1sik szem\u00e9ly profilja is szerepel ugyanabban a rekordban.<\/p>\n<p>Ha hozz\u00e1 szeretne f\u00e9rni szem\u00e9lyes adataihoz, kijav\u00edtani szeretn\u00e9 azokat, illetve t\u00e1j\u00e9koztat\u00e1st szeretne k\u00e9rni szem\u00e9lyes adatair\u00f3l, azok v\u00e9grehajt\u00e1s\u00e1nak m\u00f3dj\u00e1r\u00f3l \u00e9s az \u00d6n \u00e1ltal t\u00e1rolt szem\u00e9lyes adatok t\u00edpus\u00e1r\u00f3l, \u00edrjon nek\u00fcnk az al\u00e1bbi c\u00edmre. Az inform\u00e1ci\u00f3khoz val\u00f3 hozz\u00e1f\u00e9r\u00e9sre vagy az adatok jav\u00edt\u00e1s\u00e1ra ir\u00e1nyul\u00f3 k\u00e9r\u00e9sek \u00e9sszer\u0171 kezel\u00e9si d\u00edjakat vonhatnak maguk ut\u00e1n.<\/p>\n<p><strong>Tartsa biztons\u00e1gban jelszav\u00e1t<\/strong><\/p>\n<p>A szem\u00e9lyes adatok t\u00e1rol\u00e1s\u00e1nak \u00e9s feldolgoz\u00e1s\u00e1nak biztons\u00e1g\u00e1nak biztos\u00edt\u00e1s\u00e1ra tett er\u0151fesz\u00edt\u00e9seinken t\u00falmen\u0151en, szem\u00e9lyes adatai v\u00e9delme \u00e9rdek\u00e9ben senkinek ne adja ki bejelentkez\u00e9si jelszav\u00e1t vagy fi\u00f3kadatait. Amikor bejelentkezik weboldalunkra, k\u00fcl\u00f6n\u00f6sen akkor, ha valaki m\u00e1s sz\u00e1m\u00edt\u00f3g\u00e9p\u00e9t vagy nyilv\u00e1nos internetes termin\u00e1lj\u00e1t haszn\u00e1lja, ne felejtsen el kattintani \u00e9s kil\u00e9pni a m\u0171velet ut\u00e1n. Az \u00d6n er\u0151fesz\u00edt\u00e9sei \u00e9s seg\u00edts\u00e9ge rendk\u00edv\u00fcl hasznos sz\u00e1munkra, hogy megv\u00e9dj\u00fck szem\u00e9lyes adatait.<\/p>\n<p><strong>Az adatv\u00e9delmi szab\u00e1lyzat m\u00f3dos\u00edt\u00e1sa<\/strong><\/p>\n<p>Ez az adatv\u00e9delmi szab\u00e1lyzat id\u0151r\u0151l id\u0151re m\u00f3dosulhat (az \u00d6n el\u0151zetes \u00e9rtes\u00edt\u00e9se n\u00e9lk\u00fcl). Az adatv\u00e9delmi szab\u00e1lyzat b\u00e1rmely v\u00e1ltoz\u00e1s\u00e1t k\u00f6zz\u00e9tessz\u00fck weboldalunkon.<\/p>\n<p><strong>L\u00e9pjen kapcsolatba vel\u00fcnk<\/strong><\/p>\n<p>Ha b\u00e1rmilyen k\u00e9rd\u00e9se vagy agg\u00e1lya van az adatv\u00e9delmi szab\u00e1lyzatunkkal kapcsolatban, k\u00e9rj\u00fck, forduljon hozz\u00e1nk bizalommal.<\/p>","protected":false},"excerpt":{"rendered":"<p>Privacy Policy Committed to We are committed to protecting the privacy, personal information and personal information (collectively referred to as &#8220;Personal Data&#8221;) provided by us when using our website, so that we are able to collect, use, store and transmit personal data (with personal data privacy). Relevant laws and regulations) and the highest standards of [&#8230;]\n","protected":false},"author":1,"featured_media":0,"parent":0,"menu_order":0,"comment_status":"closed","ping_status":"open","template":"","meta":{"footnotes":""},"class_list":["post-3","page","type-page","status-publish","hentry"],"_links":{"self":[{"href":"https:\/\/www.ccmmachine.com\/hu\/wp-json\/wp\/v2\/pages\/3","targetHints":{"allow":["GET"]}}],"collection":[{"href":"https:\/\/www.ccmmachine.com\/hu\/wp-json\/wp\/v2\/pages"}],"about":[{"href":"https:\/\/www.ccmmachine.com\/hu\/wp-json\/wp\/v2\/types\/page"}],"author":[{"embeddable":true,"href":"https:\/\/www.ccmmachine.com\/hu\/wp-json\/wp\/v2\/users\/1"}],"replies":[{"embeddable":true,"href":"https:\/\/www.ccmmachine.com\/hu\/wp-json\/wp\/v2\/comments?post=3"}],"version-history":[{"count":0,"href":"https:\/\/www.ccmmachine.com\/hu\/wp-json\/wp\/v2\/pages\/3\/revisions"}],"wp:attachment":[{"href":"https:\/\/www.ccmmachine.com\/hu\/wp-json\/wp\/v2\/media?parent=3"}],"curies":[{"name":"wp","href":"https:\/\/api.w.org\/{rel}","templated":true}]}}