{"id":1414,"date":"2024-03-21T02:08:47","date_gmt":"2024-03-21T02:08:47","guid":{"rendered":"https:\/\/www.ccmmachine.com\/?post_type=product&#038;p=1414"},"modified":"2024-03-21T02:08:51","modified_gmt":"2024-03-21T02:08:51","slug":"friteuse-a-gaz-pfg-800","status":"publish","type":"product","link":"https:\/\/www.ccmmachine.com\/fr\/product\/gas-pressure-fryer-pfg-800\/","title":{"rendered":"Friteuse \u00e0 pression de gaz PFG-800"},"content":{"rendered":"<p> Cette friteuse \u00e0 pression de poulet de s\u00e9rie utilise un principe de basse temp\u00e9rature et de haute pression, des aliments frits croustillants \u00e0 l&#039;ext\u00e9rieur et des couleurs tendres et lumineuses. L&#039;ensemble du corps en acier inoxydable, panneau de commande par ordinateur, op\u00e9ration simple et pression d&#039;\u00e9chappement \u00e0 contr\u00f4le automatique de la temp\u00e9rature. <\/p>\n\n\n\n<h3 class=\"wp-block-heading\"><strong>Caract\u00e9ristiques principales<\/strong><\/h3>\n\n\n\n<ul class=\"wp-block-list\">\n<li>Corps enti\u00e8rement en acier inoxydable, facile \u00e0 nettoyer et \u00e0 essuyer, avec une longue dur\u00e9e de vie. <\/li>\n\n\n\n<li>Couvercle en aluminium, robuste et l\u00e9ger, facile \u00e0 ouvrir et \u00e0 fermer. <\/li>\n\n\n\n<li>Syst\u00e8me de filtre \u00e0 huile automatique int\u00e9gr\u00e9, facile \u00e0 utiliser, efficace et \u00e9conome en \u00e9nergie. <\/li>\n\n\n\n<li>Les quatre roulettes ont une grande capacit\u00e9 et sont \u00e9quip\u00e9es d&#039;une fonction de freinage, facile \u00e0 d\u00e9placer et \u00e0 positionner. <\/li>\n\n\n\n<li>Le panneau de commande \u00e0 affichage num\u00e9rique est plus pr\u00e9cis et plus beau. <\/li>\n\n\n\n<li>La machine est \u00e9quip\u00e9e de cl\u00e9s de stockage 10-0 pour 10 cat\u00e9gories de fritures. <\/li>\n\n\n\n<li>R\u00e9glez l&#039;\u00e9chappement automatique une fois le temps \u00e9coul\u00e9 et d\u00e9clenchez une alarme pour le rappeler. <\/li>\n\n\n\n<li>Chaque cl\u00e9 de produit peut d\u00e9finir 10 modes de chauffage. <\/li>\n\n\n\n<li>Des rappels de filtre \u00e0 huile et des rappels de changement d&#039;huile peuvent \u00eatre d\u00e9finis. <\/li>\n\n\n\n<li>Passez aux degr\u00e9s Fahrenheit. <\/li>\n\n\n\n<li>Le temps de pr\u00e9chauffage peut \u00eatre r\u00e9gl\u00e9. <\/li>\n\n\n\n<li>Le temps de nettoyage, le mode veille et le mode de fusion de l&#039;huile peuvent \u00eatre r\u00e9gl\u00e9s. <\/li>\n\n\n\n<li>Il peut \u00eatre r\u00e9gl\u00e9 avec ou sans pression au travail.<\/li>\n<\/ul>\n\n\n\n<figure class=\"wp-block-table\"><table><tbody><tr><td><strong>Nom<\/strong><\/td><td>friteuse \u00e0 gaz<\/td><\/tr><tr><td><strong>Mod\u00e8le<\/strong><\/td><td>PFG-800<\/td><\/tr><tr><td><strong>Pression de travail<\/strong><\/td><td>0,085 MPa<\/td><\/tr><tr><td><strong>Plage de temp\u00e9rature de contr\u00f4le<\/strong><\/td><td>20 ~ 200 \u2103<\/td><\/tr><tr><td><strong>Consommation de gaz<\/strong><\/td><td>environ 0,48 kg\/h (y compris le temps de maintien)<\/td><\/tr><tr><td><strong>Tension<\/strong><\/td><td>&nbsp;~220V\/50Hz-60Hz<\/td><\/tr><tr><td><strong>Carburant<\/strong><\/td><td>GPL\/gaz naturel<\/td><\/tr><tr><td><strong>Taille<\/strong><\/td><td>460\u00d7960\u00d71230mm<\/td><\/tr><tr><td><strong>Taille d&#039;emballage<\/strong><\/td><td>510\u00d71030\u00d71300mm<\/td><\/tr><tr><td><strong>Capacit\u00e9<\/strong><\/td><td>24L<\/td><\/tr><tr><td><strong>Poids<\/strong><\/td><td>110 kg<\/td><\/tr><tr><td><strong>Poids brut<\/strong><\/td><td>135 kg<\/td><\/tr><tr><td><strong>Panneau de contr\u00f4le<\/strong><\/td><td>Panneau d&#039;ordinateur<\/td><\/tr><\/tbody><\/table><\/figure>\n\n\n\n<figure class=\"wp-block-image size-large\"><img decoding=\"async\" width=\"1024\" height=\"768\" src=\"https:\/\/www.ccmmachine.com\/wp-content\/uploads\/2024\/03\/Pfg-800-Chicken-Pressure-Fryer-LPG-Gas-Deep-Fryer-1024x768.webp\" alt=\"\" class=\"wp-image-1554\" srcset=\"https:\/\/www.ccmmachine.com\/wp-content\/uploads\/2024\/03\/Pfg-800-Chicken-Pressure-Fryer-LPG-Gas-Deep-Fryer-1024x768.webp 1024w, https:\/\/www.ccmmachine.com\/wp-content\/uploads\/2024\/03\/Pfg-800-Chicken-Pressure-Fryer-LPG-Gas-Deep-Fryer-800x600.webp 800w, https:\/\/www.ccmmachine.com\/wp-content\/uploads\/2024\/03\/Pfg-800-Chicken-Pressure-Fryer-LPG-Gas-Deep-Fryer-300x225.webp 300w, https:\/\/www.ccmmachine.com\/wp-content\/uploads\/2024\/03\/Pfg-800-Chicken-Pressure-Fryer-LPG-Gas-Deep-Fryer-768x576.webp 768w, https:\/\/www.ccmmachine.com\/wp-content\/uploads\/2024\/03\/Pfg-800-Chicken-Pressure-Fryer-LPG-Gas-Deep-Fryer-16x12.webp 16w, https:\/\/www.ccmmachine.com\/wp-content\/uploads\/2024\/03\/Pfg-800-Chicken-Pressure-Fryer-LPG-Gas-Deep-Fryer.webp 1440w\" sizes=\"(max-width: 1024px) 100vw, 1024px\" \/><\/figure>","protected":false},"excerpt":{"rendered":"<p>This series chicken pressure fryer uses a low temperature and high pressure principle, fried food crisp outside and tender, bright color. The whole body of stainless steel, computer control panel, simple operation, and automatic temperature control exhaust pressure. Main Features Name gas pressure fryer Model PFG-800 Working pressure 0.085Mpa Control temperature range 20~200\u2103 Gas consumption [&#8230;]\n","protected":false},"featured_media":1553,"template":"","meta":[],"product_brand":[],"product_cat":[86],"product_tag":[],"class_list":{"0":"post-1414","1":"product","2":"type-product","3":"status-publish","4":"has-post-thumbnail","6":"product_cat-gas-pressure-fryers","8":"first","9":"instock","10":"shipping-taxable","11":"product-type-simple"},"_links":{"self":[{"href":"https:\/\/www.ccmmachine.com\/fr\/wp-json\/wp\/v2\/product\/1414","targetHints":{"allow":["GET"]}}],"collection":[{"href":"https:\/\/www.ccmmachine.com\/fr\/wp-json\/wp\/v2\/product"}],"about":[{"href":"https:\/\/www.ccmmachine.com\/fr\/wp-json\/wp\/v2\/types\/product"}],"wp:featuredmedia":[{"embeddable":true,"href":"https:\/\/www.ccmmachine.com\/fr\/wp-json\/wp\/v2\/media\/1553"}],"wp:attachment":[{"href":"https:\/\/www.ccmmachine.com\/fr\/wp-json\/wp\/v2\/media?parent=1414"}],"wp:term":[{"taxonomy":"product_brand","embeddable":true,"href":"https:\/\/www.ccmmachine.com\/fr\/wp-json\/wp\/v2\/product_brand?post=1414"},{"taxonomy":"product_cat","embeddable":true,"href":"https:\/\/www.ccmmachine.com\/fr\/wp-json\/wp\/v2\/product_cat?post=1414"},{"taxonomy":"product_tag","embeddable":true,"href":"https:\/\/www.ccmmachine.com\/fr\/wp-json\/wp\/v2\/product_tag?post=1414"}],"curies":[{"name":"wp","href":"https:\/\/api.w.org\/{rel}","templated":true}]}}