{"id":1399,"date":"2024-03-21T03:58:46","date_gmt":"2024-03-21T03:58:46","guid":{"rendered":"https:\/\/www.ccmmachine.com\/?post_type=product&#038;p=1399"},"modified":"2024-03-21T03:59:18","modified_gmt":"2024-03-21T03:59:18","slug":"friteuse-a-gaz-pfg-500","status":"publish","type":"product","link":"https:\/\/www.ccmmachine.com\/fr\/product\/gas-pressure-fryer-pfg-500\/","title":{"rendered":"Friteuse \u00e0 gaz \u00e0 pression PFG-500"},"content":{"rendered":"<h3 class=\"wp-block-heading\">DESCRIPTION<gwmw style=\"display:none;\"><\/gwmw><\/h3>\n\n\n\n<p>La s\u00e9rie de fours \u00e0 poulet frit \u00e0 pression de gaz est une gamme d&#039;appareils d\u00e9velopp\u00e9s par notre soci\u00e9t\u00e9, int\u00e9grant une technologie de pointe \u00e9trang\u00e8re. Ces fours sont con\u00e7us sp\u00e9cifiquement pour la production de poulet frit, en tenant compte des m\u00e9thodes occidentales et chinoises traditionnelles de r\u00f4tissage du poulet. Le corps entier du four est en acier inoxydable et dispose d&#039;une minuterie \u00e9lectronique et d&#039;un contr\u00f4le automatique de la temp\u00e9rature avec pression d&#039;\u00e9chappement. En utilisant le principe haute pression \u00e0 basse temp\u00e9rature, nos fours produisent des aliments frits croustillants et tendres avec une couleur vive. En plus du poulet, ils peuvent \u00e9galement \u00eatre utilis\u00e9s pour faire frire du canard, du poisson, du porc, du b\u0153uf, du mouton, des pommes de terre et d&#039;autres l\u00e9gumes. Nos fours conviennent \u00e0 une utilisation dans divers \u00e9tablissements tels que les magasins, les h\u00f4tels, les fast-foods, les snacks, les cantines d&#039;usine, et m\u00eame pour les ind\u00e9pendants. Ils sont faciles \u00e0 utiliser, propres et tr\u00e8s efficaces, ce qui en fait les machines et \u00e9quipements de transformation des aliments les plus r\u00e9cents et les plus avanc\u00e9s disponibles.<\/p>\n\n\n\n<h3 class=\"wp-block-heading\"><strong>Caract\u00e9ristiques:<\/strong><gwmw style=\"display:none;\"><\/gwmw><\/h3>\n\n\n\n<p>1. Corps enti\u00e8rement en acier inoxydable, facile \u00e0 laver et \u00e0 essuyer, longue dur\u00e9e de vie.<br>2. Couvercle en aluminium, robuste et l\u00e9ger, facile \u00e0 ouvrir et \u00e0 fermer.<br>3. Syst\u00e8me de filtration automatique int\u00e9gr\u00e9, facile \u00e0 utiliser et \u00e9conome en \u00e9nergie.<br>4. Capacit\u00e9 de charge de quatre roulettes, ainsi que fonction de freinage, facilit\u00e9 de mouvement et de positionnement.<br>5. Le panneau de commande du panneau de la machine, durable et facile \u00e0 remplacer.<\/p>\n\n\n\n<figure class=\"wp-block-image size-full is-resized\"><img decoding=\"async\" width=\"1000\" height=\"714\" src=\"https:\/\/www.ccmmachine.com\/wp-content\/uploads\/2024\/03\/Hot-Selling-Commercial-Henny-Penny-Kfc-Gas-Pfg-500-Pressure-Fryer-1.webp\" alt=\"\" class=\"wp-image-1570\" style=\"width:840px;height:auto\" srcset=\"https:\/\/www.ccmmachine.com\/wp-content\/uploads\/2024\/03\/Hot-Selling-Commercial-Henny-Penny-Kfc-Gas-Pfg-500-Pressure-Fryer-1.webp 1000w, https:\/\/www.ccmmachine.com\/wp-content\/uploads\/2024\/03\/Hot-Selling-Commercial-Henny-Penny-Kfc-Gas-Pfg-500-Pressure-Fryer-1-800x571.webp 800w\" sizes=\"(max-width: 1000px) 100vw, 1000px\" \/><\/figure>\n\n\n\n<figure class=\"wp-block-image size-large\"><img decoding=\"async\" width=\"647\" height=\"1024\" src=\"https:\/\/www.ccmmachine.com\/wp-content\/uploads\/2024\/03\/Hot-Selling-Commercial-Henny-Penny-Kfc-Gas-Pfg-500-Pressure-Fryer-2-647x1024.webp\" alt=\"\" class=\"wp-image-1571\" srcset=\"https:\/\/www.ccmmachine.com\/wp-content\/uploads\/2024\/03\/Hot-Selling-Commercial-Henny-Penny-Kfc-Gas-Pfg-500-Pressure-Fryer-2-647x1024.webp 647w, https:\/\/www.ccmmachine.com\/wp-content\/uploads\/2024\/03\/Hot-Selling-Commercial-Henny-Penny-Kfc-Gas-Pfg-500-Pressure-Fryer-2-800x1266.webp 800w, https:\/\/www.ccmmachine.com\/wp-content\/uploads\/2024\/03\/Hot-Selling-Commercial-Henny-Penny-Kfc-Gas-Pfg-500-Pressure-Fryer-2-190x300.webp 190w, https:\/\/www.ccmmachine.com\/wp-content\/uploads\/2024\/03\/Hot-Selling-Commercial-Henny-Penny-Kfc-Gas-Pfg-500-Pressure-Fryer-2-768x1215.webp 768w, https:\/\/www.ccmmachine.com\/wp-content\/uploads\/2024\/03\/Hot-Selling-Commercial-Henny-Penny-Kfc-Gas-Pfg-500-Pressure-Fryer-2-971x1536.webp 971w, https:\/\/www.ccmmachine.com\/wp-content\/uploads\/2024\/03\/Hot-Selling-Commercial-Henny-Penny-Kfc-Gas-Pfg-500-Pressure-Fryer-2-8x12.webp 8w, https:\/\/www.ccmmachine.com\/wp-content\/uploads\/2024\/03\/Hot-Selling-Commercial-Henny-Penny-Kfc-Gas-Pfg-500-Pressure-Fryer-2.webp 1000w\" sizes=\"(max-width: 647px) 100vw, 647px\" \/><\/figure>\n\n\n\n<figure class=\"wp-block-image size-full\"><img decoding=\"async\" width=\"740\" height=\"640\" src=\"https:\/\/www.ccmmachine.com\/wp-content\/uploads\/2024\/03\/Hot-Selling-Commercial-Henny-Penny-Kfc-Gas-Pfg-500-Pressure-Fryer-3.webp\" alt=\"\" class=\"wp-image-1572\" srcset=\"https:\/\/www.ccmmachine.com\/wp-content\/uploads\/2024\/03\/Hot-Selling-Commercial-Henny-Penny-Kfc-Gas-Pfg-500-Pressure-Fryer-3.webp 740w, https:\/\/www.ccmmachine.com\/wp-content\/uploads\/2024\/03\/Hot-Selling-Commercial-Henny-Penny-Kfc-Gas-Pfg-500-Pressure-Fryer-3-700x605.webp 700w, https:\/\/www.ccmmachine.com\/wp-content\/uploads\/2024\/03\/Hot-Selling-Commercial-Henny-Penny-Kfc-Gas-Pfg-500-Pressure-Fryer-3-300x259.webp 300w, https:\/\/www.ccmmachine.com\/wp-content\/uploads\/2024\/03\/Hot-Selling-Commercial-Henny-Penny-Kfc-Gas-Pfg-500-Pressure-Fryer-3-14x12.webp 14w\" sizes=\"(max-width: 740px) 100vw, 740px\" \/><\/figure>","protected":false},"excerpt":{"rendered":"<p>DESCRIPTION The\u00a0Gas\u00a0Pressure\u00a0Fried\u00a0Chicken\u00a0Furnace series\u00a0is a line of\u00a0devices\u00a0developed\u00a0by our\u00a0company,\u00a0incorporating advanced technology\u00a0from abroad. These\u00a0ovens\u00a0are designed\u00a0specifically\u00a0for\u00a0the\u00a0production of\u00a0fried chicken,\u00a0taking\u00a0into account\u00a0both Western and traditional Chinese\u00a0methods of\u00a0roasting\u00a0chicken. The entire\u00a0body of\u00a0the oven is\u00a0made of stainless steel\u00a0and features electronic timing and automatic temperature control\u00a0with\u00a0exhaust pressure.\u00a0By utilizing\u00a0the\u00a0low-temperature high-pressure principle,\u00a0our\u00a0ovens\u00a0produce\u00a0crispy\u00a0and tender\u00a0fried food with a\u00a0bright color. In addition to chicken, they\u00a0can also\u00a0be\u00a0used\u00a0to fry\u00a0duck, fish, pork, beef, mutton,\u00a0potatoes,\u00a0and [&#8230;]\n","protected":false},"featured_media":1573,"template":"","meta":[],"product_brand":[],"product_cat":[86],"product_tag":[],"class_list":{"0":"post-1399","1":"product","2":"type-product","3":"status-publish","4":"has-post-thumbnail","6":"product_cat-gas-pressure-fryers","8":"first","9":"instock","10":"shipping-taxable","11":"product-type-simple"},"_links":{"self":[{"href":"https:\/\/www.ccmmachine.com\/fr\/wp-json\/wp\/v2\/product\/1399","targetHints":{"allow":["GET"]}}],"collection":[{"href":"https:\/\/www.ccmmachine.com\/fr\/wp-json\/wp\/v2\/product"}],"about":[{"href":"https:\/\/www.ccmmachine.com\/fr\/wp-json\/wp\/v2\/types\/product"}],"wp:featuredmedia":[{"embeddable":true,"href":"https:\/\/www.ccmmachine.com\/fr\/wp-json\/wp\/v2\/media\/1573"}],"wp:attachment":[{"href":"https:\/\/www.ccmmachine.com\/fr\/wp-json\/wp\/v2\/media?parent=1399"}],"wp:term":[{"taxonomy":"product_brand","embeddable":true,"href":"https:\/\/www.ccmmachine.com\/fr\/wp-json\/wp\/v2\/product_brand?post=1399"},{"taxonomy":"product_cat","embeddable":true,"href":"https:\/\/www.ccmmachine.com\/fr\/wp-json\/wp\/v2\/product_cat?post=1399"},{"taxonomy":"product_tag","embeddable":true,"href":"https:\/\/www.ccmmachine.com\/fr\/wp-json\/wp\/v2\/product_tag?post=1399"}],"curies":[{"name":"wp","href":"https:\/\/api.w.org\/{rel}","templated":true}]}}