{"id":1392,"date":"2024-03-21T02:18:29","date_gmt":"2024-03-21T02:18:29","guid":{"rendered":"https:\/\/www.ccmmachine.com\/?post_type=product&#038;p=1392"},"modified":"2024-03-21T02:18:34","modified_gmt":"2024-03-21T02:18:34","slug":"friteuse-de-poulet-professionnelle-pfe-800","status":"publish","type":"product","link":"https:\/\/www.ccmmachine.com\/fr\/product\/commercial-chicken-fryer-pfe-800\/","title":{"rendered":"Friteuse de poulet commerciale PFE-800"},"content":{"rendered":"<p>Friteuse de poulet commerciale PFE-800 <\/p>\n\n\n\n<ul class=\"wp-block-list\">\n<li>Utiliser le principe haute pression \u00e0 temp\u00e9rature <\/li>\n\n\n\n<li>L&#039;ensemble du corps en acier inoxydable 304, panneau de commande par ordinateur. <\/li>\n\n\n\n<li>Contr\u00f4lez automatiquement la temp\u00e9rature et l&#039;heure pour faciliter le fonctionnement quotidien. <\/li>\n\n\n\n<li>Temp\u00e9rature maximale de friture jusqu&#039;\u00e0 200\u00baC. Friteuse install\u00e9e \u00e0 l&#039;int\u00e9rieur d&#039;un syst\u00e8me de filtration, plusieurs filtres, am\u00e9liorent la qualit\u00e9 du produit et r\u00e9duisent le co\u00fbt de l&#039;huile. <\/li>\n\n\n\n<li>Il est couramment utilis\u00e9 dans les restaurants de fritures, les h\u00f4tels et autres \u00e9tablissements de restauration. <\/li>\n<\/ul>\n\n\n\n<h3 class=\"wp-block-heading\"><strong>Param\u00e8tre<\/strong><\/h3>\n\n\n\n<figure class=\"wp-block-table\"><table><tbody><tr><td> <span style=\"font-family: inherit; font-size: inherit; font-weight: inherit; color: initial;\">Nom du produit<\/span><\/td><td> <span style=\"font-family: inherit; font-size: inherit; font-weight: inherit; color: initial;\">Friteuse \u00e0 pression \u00e9lectrique et \u00e0 gaz<\/span><\/td><\/tr><tr><td><div><div>Mod\u00e8le<\/div><\/div><\/td><td><div>PFE-800<\/div><\/td><\/tr><tr><td><div><div>Tension<\/div><\/div><\/td><td> <span style=\"font-family: inherit; font-size: inherit; font-weight: inherit; color: initial;\">220V\/380V\/110V<\/span><\/td><\/tr><tr><td><div><div>Pouvoir<\/div><\/div><\/td><td><div>13,5 kW<\/div><\/td><\/tr><tr><td><div><div>Capacit\u00e9<\/div><\/div><\/td><td><div>25L<\/div><\/td><\/tr><tr><td><div><div>Poids net<\/div><\/div><\/td><td><div>135 kg<\/div><\/td><\/tr><tr><td><div><div>Poids brut<\/div><\/div><\/td><td><div>155 kg<\/div><\/td><\/tr><tr><td><div><div>Dimension<\/div><\/div><\/td><td><div>460*960*1230mm<\/div><\/td><\/tr><tr><td><div><div>Panneau de contr\u00f4le<\/div><\/div><\/td><td><div>Panneau de contr\u00f4le de l&#039;ordinateur<\/div><\/td><\/tr><\/tbody><\/table><\/figure>\n\n\n\n<figure class=\"wp-block-image size-large\"><img decoding=\"async\" width=\"768\" height=\"1024\" src=\"https:\/\/www.ccmmachine.com\/wp-content\/uploads\/2019\/09\/Commercial-Factory-Price-Chicken-Frying-Machine-Deep-Pressure-Fryer-Machine-Commercial-Chicken-Fryer-Pfe-800-1-768x1024.webp\" alt=\"\" class=\"wp-image-1556\" srcset=\"https:\/\/www.ccmmachine.com\/wp-content\/uploads\/2019\/09\/Commercial-Factory-Price-Chicken-Frying-Machine-Deep-Pressure-Fryer-Machine-Commercial-Chicken-Fryer-Pfe-800-1-768x1024.webp 768w, https:\/\/www.ccmmachine.com\/wp-content\/uploads\/2019\/09\/Commercial-Factory-Price-Chicken-Frying-Machine-Deep-Pressure-Fryer-Machine-Commercial-Chicken-Fryer-Pfe-800-1-800x1067.webp 800w, https:\/\/www.ccmmachine.com\/wp-content\/uploads\/2019\/09\/Commercial-Factory-Price-Chicken-Frying-Machine-Deep-Pressure-Fryer-Machine-Commercial-Chicken-Fryer-Pfe-800-1-225x300.webp 225w, https:\/\/www.ccmmachine.com\/wp-content\/uploads\/2019\/09\/Commercial-Factory-Price-Chicken-Frying-Machine-Deep-Pressure-Fryer-Machine-Commercial-Chicken-Fryer-Pfe-800-1-9x12.webp 9w, https:\/\/www.ccmmachine.com\/wp-content\/uploads\/2019\/09\/Commercial-Factory-Price-Chicken-Frying-Machine-Deep-Pressure-Fryer-Machine-Commercial-Chicken-Fryer-Pfe-800-1.webp 869w\" sizes=\"(max-width: 768px) 100vw, 768px\" \/><\/figure>\n\n\n\n<figure class=\"wp-block-image size-large\"><img decoding=\"async\" width=\"768\" height=\"1024\" src=\"https:\/\/www.ccmmachine.com\/wp-content\/uploads\/2024\/03\/Commercial-Factory-Price-Chicken-Frying-Machine-Deep-Pressure-Fryer-Machine-Commercial-Chicken-Fryer-Pfe-800-11-768x1024.webp\" alt=\"\" class=\"wp-image-1557\" srcset=\"https:\/\/www.ccmmachine.com\/wp-content\/uploads\/2024\/03\/Commercial-Factory-Price-Chicken-Frying-Machine-Deep-Pressure-Fryer-Machine-Commercial-Chicken-Fryer-Pfe-800-11-768x1024.webp 768w, https:\/\/www.ccmmachine.com\/wp-content\/uploads\/2024\/03\/Commercial-Factory-Price-Chicken-Frying-Machine-Deep-Pressure-Fryer-Machine-Commercial-Chicken-Fryer-Pfe-800-11-800x1066.webp 800w, https:\/\/www.ccmmachine.com\/wp-content\/uploads\/2024\/03\/Commercial-Factory-Price-Chicken-Frying-Machine-Deep-Pressure-Fryer-Machine-Commercial-Chicken-Fryer-Pfe-800-11-225x300.webp 225w, https:\/\/www.ccmmachine.com\/wp-content\/uploads\/2024\/03\/Commercial-Factory-Price-Chicken-Frying-Machine-Deep-Pressure-Fryer-Machine-Commercial-Chicken-Fryer-Pfe-800-11-9x12.webp 9w, https:\/\/www.ccmmachine.com\/wp-content\/uploads\/2024\/03\/Commercial-Factory-Price-Chicken-Frying-Machine-Deep-Pressure-Fryer-Machine-Commercial-Chicken-Fryer-Pfe-800-11.webp 1060w\" sizes=\"(max-width: 768px) 100vw, 768px\" \/><\/figure>\n\n\n\n<figure class=\"wp-block-image size-large\"><img decoding=\"async\" width=\"1024\" height=\"768\" src=\"https:\/\/www.ccmmachine.com\/wp-content\/uploads\/2024\/03\/Commercial-Factory-Price-Chicken-Frying-Machine-Deep-Pressure-Fryer-Machine-Commercial-Chicken-Fryer-Pfe-800-2-1024x768.webp\" alt=\"\" class=\"wp-image-1558\" srcset=\"https:\/\/www.ccmmachine.com\/wp-content\/uploads\/2024\/03\/Commercial-Factory-Price-Chicken-Frying-Machine-Deep-Pressure-Fryer-Machine-Commercial-Chicken-Fryer-Pfe-800-2-1024x768.webp 1024w, https:\/\/www.ccmmachine.com\/wp-content\/uploads\/2024\/03\/Commercial-Factory-Price-Chicken-Frying-Machine-Deep-Pressure-Fryer-Machine-Commercial-Chicken-Fryer-Pfe-800-2-800x600.webp 800w, https:\/\/www.ccmmachine.com\/wp-content\/uploads\/2024\/03\/Commercial-Factory-Price-Chicken-Frying-Machine-Deep-Pressure-Fryer-Machine-Commercial-Chicken-Fryer-Pfe-800-2-300x225.webp 300w, https:\/\/www.ccmmachine.com\/wp-content\/uploads\/2024\/03\/Commercial-Factory-Price-Chicken-Frying-Machine-Deep-Pressure-Fryer-Machine-Commercial-Chicken-Fryer-Pfe-800-2-768x576.webp 768w, https:\/\/www.ccmmachine.com\/wp-content\/uploads\/2024\/03\/Commercial-Factory-Price-Chicken-Frying-Machine-Deep-Pressure-Fryer-Machine-Commercial-Chicken-Fryer-Pfe-800-2-16x12.webp 16w, https:\/\/www.ccmmachine.com\/wp-content\/uploads\/2024\/03\/Commercial-Factory-Price-Chicken-Frying-Machine-Deep-Pressure-Fryer-Machine-Commercial-Chicken-Fryer-Pfe-800-2.webp 1440w\" sizes=\"(max-width: 1024px) 100vw, 1024px\" \/><\/figure>\n\n\n\n<h3 class=\"wp-block-heading\"><strong>Livraison<\/strong> <\/h3>\n\n\n\n<p>Livraison : par mer ou par avion P\u00e9riode de chargement : dans les 2 jours, jusqu&#039;\u00e0 votre quantit\u00e9 Port de chargement : Shanghai Chine Conditions de paiement : (30% comme d\u00e9p\u00f4t. 70% avant exp\u00e9dition), L\/C, western union, Paypal, TT.peut \u00eatre n\u00e9goci\u00e9. juste selon votre convenance. Conditions commerciales\u00a0: FOB CFR CIF DDU etc.<\/p>","protected":false},"excerpt":{"rendered":"<p>Commercial Chicken Fryer PFE-800 Parameter Product Name Electric &amp;\u00a0gas Pressure Fryer Model PFE-800 Voltage 220V\/380V\/110V Power 13.5kw Capacity 25L Net Weight 135kg Gross Weight 155kg Dimension 460*960*1230mm Control Panel Computer control panel Delivery Delivery: by sea or aircraft Loading period: within 2 days, up to your quantity Loading port: Shanghai China Payment terms: (30% as [&#8230;]\n","protected":false},"featured_media":1553,"template":"","meta":[],"product_brand":[],"product_cat":[85],"product_tag":[],"class_list":{"0":"post-1392","1":"product","2":"type-product","3":"status-publish","4":"has-post-thumbnail","6":"product_cat-electric-pressure-fryers","8":"first","9":"instock","10":"shipping-taxable","11":"product-type-simple"},"_links":{"self":[{"href":"https:\/\/www.ccmmachine.com\/fr\/wp-json\/wp\/v2\/product\/1392","targetHints":{"allow":["GET"]}}],"collection":[{"href":"https:\/\/www.ccmmachine.com\/fr\/wp-json\/wp\/v2\/product"}],"about":[{"href":"https:\/\/www.ccmmachine.com\/fr\/wp-json\/wp\/v2\/types\/product"}],"wp:featuredmedia":[{"embeddable":true,"href":"https:\/\/www.ccmmachine.com\/fr\/wp-json\/wp\/v2\/media\/1553"}],"wp:attachment":[{"href":"https:\/\/www.ccmmachine.com\/fr\/wp-json\/wp\/v2\/media?parent=1392"}],"wp:term":[{"taxonomy":"product_brand","embeddable":true,"href":"https:\/\/www.ccmmachine.com\/fr\/wp-json\/wp\/v2\/product_brand?post=1392"},{"taxonomy":"product_cat","embeddable":true,"href":"https:\/\/www.ccmmachine.com\/fr\/wp-json\/wp\/v2\/product_cat?post=1392"},{"taxonomy":"product_tag","embeddable":true,"href":"https:\/\/www.ccmmachine.com\/fr\/wp-json\/wp\/v2\/product_tag?post=1392"}],"curies":[{"name":"wp","href":"https:\/\/api.w.org\/{rel}","templated":true}]}}