{"id":1345,"date":"2024-03-21T04:03:01","date_gmt":"2024-03-21T04:03:01","guid":{"rendered":"https:\/\/www.ccmmachine.com\/?post_type=product&#038;p=1345"},"modified":"2024-03-21T04:03:05","modified_gmt":"2024-03-21T04:03:05","slug":"friteuse-electrique-a-pression-pfe-500","status":"publish","type":"product","link":"https:\/\/www.ccmmachine.com\/fr\/product\/electric-pressure-fryer-pfe-500\/","title":{"rendered":"Friteuse \u00e9lectrique \u00e0 pression PFE-500"},"content":{"rendered":"<p>Cette s\u00e9rie de fours \u00e0 poulet frit am\u00e9ricains est une entreprise qui absorbe la technologie de pointe \u00e9trang\u00e8re, selon les caract\u00e9ristiques du processus de production du poulet frit au poulet occidental et traditionnel chinois dans le d\u00e9veloppement et la production du dernier four \u00e0 poulet frit. L&#039;ensemble du corps en acier inoxydable, op\u00e9ration simple, contr\u00f4le automatique de la temp\u00e9rature, pression d&#039;\u00e9chappement.<br>En utilisant des principes de haute pression \u00e0 basse temp\u00e9rature, des aliments frits croustillants \u00e0 l&#039;ext\u00e9rieur et des couleurs tendres et vives, mais aussi du canard frit, du poulet frit, du poulet frit, des ailes de poulet, du poisson, du porc et d&#039;autres viandes, pommes de terre et autres l\u00e9gumes. Applicable \u00e0 tous les grands magasins, h\u00f4tels, fast-foods, snack-bars, cantines d\u2019usine et m\u00e9nages ind\u00e9pendants. Avec un fonctionnement simple, propre, facile \u00e0 utiliser, haute efficacit\u00e9, durabilit\u00e9 et autres fonctionnalit\u00e9s. Il s&#039;agit du dernier type de machines et d&#039;\u00e9quipements de transformation des aliments.<gwmw style=\"display:none;\"><\/gwmw><\/p>\n\n\n\n<h3 class=\"wp-block-heading\"><strong>Caract\u00e9ristiques:<\/strong><gwmw style=\"display:none;\"><\/gwmw><\/h3>\n\n\n\n<p>1, corps enti\u00e8rement en acier inoxydable, facile \u00e0 laver et \u00e0 essuyer, longue dur\u00e9e de vie.<br>2, couvercle en aluminium, robuste et l\u00e9ger, facile \u00e0 ouvrir et \u00e0 fermer.<br>3, syst\u00e8me de filtration int\u00e9gr\u00e9, facile \u00e0 utiliser et \u00e9conome en \u00e9nergie.<br>4, capacit\u00e9 de charge de quatre roulettes avec fonction de freinage, facilit\u00e9 de mouvement et de positionnement.<br>5, le panneau de commande classique de la machine, plus simple et plus efficace.<\/p>\n\n\n\n<figure class=\"wp-block-table\"><table><tbody><tr><td>Nom<\/td><td>Friteuse \u00e9lectrique \u00e0 pression<\/td><\/tr><tr><td>nom<\/td><td>PFE-500<\/td><\/tr><tr><td>Tension<\/td><td>~3N380v\/50Hz\uff08~3N220v\/60Hz\uff09<\/td><\/tr><tr><td>Pouvoir<\/td><td>13,5 kW<\/td><\/tr><tr><td>Plage de temp\u00e9rature de contr\u00f4le<\/td><td>20-200 \u2103<\/td><\/tr><tr><td>Taille<\/td><td>960\u00d7460\u00d71230mm<\/td><\/tr><tr><td>Taille d&#039;emballage<\/td><td>1030\u00d7510\u00d71300mm<\/td><\/tr><tr><td>Capacit\u00e9<\/td><td>24L<\/td><\/tr><tr><td>Poids<\/td><td>135 kg<\/td><\/tr><tr><td>Poids brut<\/td><td>155 kg<\/td><\/tr><tr><td>Panneau de contr\u00f4le<\/td><td>panneau manuel<\/td><\/tr><\/tbody><\/table><\/figure>\n\n\n\n<figure class=\"wp-block-image size-full\"><img decoding=\"async\" width=\"740\" height=\"300\" src=\"https:\/\/www.ccmmachine.com\/wp-content\/uploads\/2024\/03\/Electric-Pressure-fryer-PFE-500-001.webp\" alt=\"\" class=\"wp-image-1577\" srcset=\"https:\/\/www.ccmmachine.com\/wp-content\/uploads\/2024\/03\/Electric-Pressure-fryer-PFE-500-001.webp 740w, https:\/\/www.ccmmachine.com\/wp-content\/uploads\/2024\/03\/Electric-Pressure-fryer-PFE-500-001-700x284.webp 700w, https:\/\/www.ccmmachine.com\/wp-content\/uploads\/2024\/03\/Electric-Pressure-fryer-PFE-500-001-300x122.webp 300w, https:\/\/www.ccmmachine.com\/wp-content\/uploads\/2024\/03\/Electric-Pressure-fryer-PFE-500-001-18x7.webp 18w\" sizes=\"(max-width: 740px) 100vw, 740px\" \/><\/figure>\n\n\n\n<figure class=\"wp-block-image size-full\"><img decoding=\"async\" width=\"472\" height=\"461\" src=\"https:\/\/www.ccmmachine.com\/wp-content\/uploads\/2024\/03\/Electric-Pressure-fryer-PFE-500-002.webp\" alt=\"\" class=\"wp-image-1578\" srcset=\"https:\/\/www.ccmmachine.com\/wp-content\/uploads\/2024\/03\/Electric-Pressure-fryer-PFE-500-002.webp 472w, https:\/\/www.ccmmachine.com\/wp-content\/uploads\/2024\/03\/Electric-Pressure-fryer-PFE-500-002-300x293.webp 300w, https:\/\/www.ccmmachine.com\/wp-content\/uploads\/2024\/03\/Electric-Pressure-fryer-PFE-500-002-12x12.webp 12w\" sizes=\"(max-width: 472px) 100vw, 472px\" \/><\/figure>\n\n\n\n<p><gwmw style=\"display:none;\"><\/gwmw><\/p>","protected":false},"excerpt":{"rendered":"<p>This series American fried chicken oven is a company absorbing the foreign advanced technology, according to the production process characteristics of Western and traditional Chinese chicken fried chicken in the development and production of the latest fried chicken oven. The whole body of stainless steel, simple operation, automatic temperature control exhaust pressure.Using low-temperature high-pressure principles, [&#8230;]\n","protected":false},"featured_media":1576,"template":"","meta":[],"product_brand":[],"product_cat":[85],"product_tag":[],"class_list":{"0":"post-1345","1":"product","2":"type-product","3":"status-publish","4":"has-post-thumbnail","6":"product_cat-electric-pressure-fryers","8":"first","9":"instock","10":"shipping-taxable","11":"product-type-simple"},"_links":{"self":[{"href":"https:\/\/www.ccmmachine.com\/fr\/wp-json\/wp\/v2\/product\/1345","targetHints":{"allow":["GET"]}}],"collection":[{"href":"https:\/\/www.ccmmachine.com\/fr\/wp-json\/wp\/v2\/product"}],"about":[{"href":"https:\/\/www.ccmmachine.com\/fr\/wp-json\/wp\/v2\/types\/product"}],"wp:featuredmedia":[{"embeddable":true,"href":"https:\/\/www.ccmmachine.com\/fr\/wp-json\/wp\/v2\/media\/1576"}],"wp:attachment":[{"href":"https:\/\/www.ccmmachine.com\/fr\/wp-json\/wp\/v2\/media?parent=1345"}],"wp:term":[{"taxonomy":"product_brand","embeddable":true,"href":"https:\/\/www.ccmmachine.com\/fr\/wp-json\/wp\/v2\/product_brand?post=1345"},{"taxonomy":"product_cat","embeddable":true,"href":"https:\/\/www.ccmmachine.com\/fr\/wp-json\/wp\/v2\/product_cat?post=1345"},{"taxonomy":"product_tag","embeddable":true,"href":"https:\/\/www.ccmmachine.com\/fr\/wp-json\/wp\/v2\/product_tag?post=1345"}],"curies":[{"name":"wp","href":"https:\/\/api.w.org\/{rel}","templated":true}]}}