{"id":1285,"date":"2024-03-21T02:33:56","date_gmt":"2024-03-21T02:33:56","guid":{"rendered":"https:\/\/www.ccmmachine.com\/?post_type=product&#038;p=1285"},"modified":"2024-03-21T02:34:00","modified_gmt":"2024-03-21T02:34:00","slug":"friteuse-electrique-a-pression-pfe-600l","status":"publish","type":"product","link":"https:\/\/www.ccmmachine.com\/fr\/product\/electric-pressure-fryer-pfe-600l\/","title":{"rendered":"Friteuse \u00e9lectrique \u00e0 pression PFE-600L"},"content":{"rendered":"<h3 class=\"wp-block-heading\"><strong>Description du produit:<\/strong> <\/h3>\n\n\n\n<ul class=\"wp-block-list\">\n<li>Corps enti\u00e8rement en acier inoxydable facile \u00e0 laver et \u00e0 essuyer et longue dur\u00e9e de vie. <\/li>\n\n\n\n<li>Tous les couvercles en aluminium robustes et l\u00e9gers sont faciles \u00e0 ouvrir et \u00e0 fermer. <\/li>\n\n\n\n<li>Le syst\u00e8me de filtration automatique int\u00e9gr\u00e9 est facile \u00e0 utiliser et \u00e9conome en \u00e9nergie. <\/li>\n<\/ul>\n\n\n\n<p>Cette s\u00e9rie de fours \u00e0 poulet frit am\u00e9ricains est la soci\u00e9t\u00e9 qui absorbe la technologie de pointe \u00e9trang\u00e8re, selon les caract\u00e9ristiques du processus de production, le poulet frit au poulet occidental et traditionnel chinois dans le d\u00e9veloppement et la production du dernier four \u00e0 poulet frit. Le corps entier en acier inoxydable, panneau de commande d&#039;ordinateur LCD, op\u00e9ration simple, pression d&#039;\u00e9chappement de contr\u00f4le automatique de la temp\u00e9rature. En utilisant le principe haute pression \u00e0 basse temp\u00e9rature, les aliments frits sont croustillants \u00e0 l&#039;ext\u00e9rieur et tendres, de couleur vive, mais aussi du canard frit, du poulet frit, du poulet frit, des ailes de poulet, du poisson, du porc et d&#039;autres viandes, pommes de terre et autres l\u00e9gumes. Applicable \u00e0 tous les grands magasins, h\u00f4tels, restaurants fast-food, snack-bars, cantines d&#039;usine et m\u00e9nages ind\u00e9pendants. Avec un fonctionnement simple, propre, facile \u00e0 utiliser, haute efficacit\u00e9, durabilit\u00e9 et autres caract\u00e9ristiques. Est le dernier type de machines et d\u2019\u00e9quipements de transformation des aliments. <\/p>\n\n\n\n<p><strong>Caract\u00e9ristiques:<\/strong> <\/p>\n\n\n\n<ul class=\"wp-block-list\">\n<li>Corps enti\u00e8rement en acier inoxydable, facile \u00e0 laver et \u00e0 essuyer, longue dur\u00e9e de vie. <\/li>\n\n\n\n<li>Tous les couvercles en aluminium sont robustes et l\u00e9gers, faciles \u00e0 ouvrir et \u00e0 fermer. <\/li>\n\n\n\n<li>Syst\u00e8me de filtration automatique int\u00e9gr\u00e9, facile \u00e0 utiliser et \u00e9conome en \u00e9nergie. <\/li>\n\n\n\n<li>Capacit\u00e9 de charge de quatre roulettes avec fonction de freinage, facilit\u00e9 de mouvement et de positionnement. <\/li>\n\n\n\n<li>Le panneau de commande \u00e0 affichage num\u00e9rique LCD est plus pr\u00e9cis et plus beau. <\/li>\n<\/ul>\n\n\n\n<figure class=\"wp-block-table\"><table><tbody><tr><td>Nom<\/td><td>Friteuse \u00e9lectrique \u00e0 pression<\/td><\/tr><tr><td>nom<\/td><td>PFE-600L<\/td><\/tr><tr><td>Tension<\/td><td>~3N380v\/50Hz\uff08~3N220v\/60Hz\uff09<\/td><\/tr><tr><td>Pouvoir<\/td><td>13,5 kW<\/td><\/tr><tr><td>Plage de temp\u00e9rature de contr\u00f4le<\/td><td>20-200 \u2103<\/td><\/tr><tr><td>Taille<\/td><td>960\u00d7460\u00d71230mm<\/td><\/tr><tr><td>Taille d&#039;emballage<\/td><td>1030\u00d7510\u00d71300mm<\/td><\/tr><tr><td>Capacit\u00e9<\/td><td>24L<\/td><\/tr><tr><td>Poids<\/td><td>135 kg<\/td><\/tr><tr><td>Poids brut<\/td><td>155 kg<\/td><\/tr><tr><td>Panneau de contr\u00f4le<\/td><td>Panneau de commande LED<\/td><\/tr><\/tbody><\/table><\/figure>\n\n\n\n<figure class=\"wp-block-image\"><img decoding=\"async\" src=\"https:\/\/www.ccmmachine.com\/wp-content\/uploads\/2019\/08\/Electric-Pressure-fryer-PFE-600L-001.jpg\" alt=\"\" class=\"wp-image-1304\"\/><\/figure>\n\n\n\n<figure class=\"wp-block-image\"><img decoding=\"async\" src=\"https:\/\/www.ccmmachine.com\/wp-content\/uploads\/2019\/08\/Electric-Pressure-fryer-PFE-600L-002.jpg\" alt=\"\" class=\"wp-image-1305\"\/><\/figure>","protected":false},"excerpt":{"rendered":"<p>Product Description\uff1a This series American fried chicken furnace is the company absorbing foreign advanced technology, according to the production process characteristics Western and traditional Chinese chicken fried chicken in the development and production of the latest fried chicken furnace. The whole body of stainless steel, LCD computer control panel, simple operation, automatic temperature control exhaust [&#8230;]\n","protected":false},"featured_media":1562,"template":"","meta":[],"product_brand":[],"product_cat":[85],"product_tag":[],"class_list":{"0":"post-1285","1":"product","2":"type-product","3":"status-publish","4":"has-post-thumbnail","6":"product_cat-electric-pressure-fryers","8":"first","9":"instock","10":"shipping-taxable","11":"product-type-simple"},"_links":{"self":[{"href":"https:\/\/www.ccmmachine.com\/fr\/wp-json\/wp\/v2\/product\/1285","targetHints":{"allow":["GET"]}}],"collection":[{"href":"https:\/\/www.ccmmachine.com\/fr\/wp-json\/wp\/v2\/product"}],"about":[{"href":"https:\/\/www.ccmmachine.com\/fr\/wp-json\/wp\/v2\/types\/product"}],"wp:featuredmedia":[{"embeddable":true,"href":"https:\/\/www.ccmmachine.com\/fr\/wp-json\/wp\/v2\/media\/1562"}],"wp:attachment":[{"href":"https:\/\/www.ccmmachine.com\/fr\/wp-json\/wp\/v2\/media?parent=1285"}],"wp:term":[{"taxonomy":"product_brand","embeddable":true,"href":"https:\/\/www.ccmmachine.com\/fr\/wp-json\/wp\/v2\/product_brand?post=1285"},{"taxonomy":"product_cat","embeddable":true,"href":"https:\/\/www.ccmmachine.com\/fr\/wp-json\/wp\/v2\/product_cat?post=1285"},{"taxonomy":"product_tag","embeddable":true,"href":"https:\/\/www.ccmmachine.com\/fr\/wp-json\/wp\/v2\/product_tag?post=1285"}],"curies":[{"name":"wp","href":"https:\/\/api.w.org\/{rel}","templated":true}]}}