{"id":1414,"date":"2024-03-21T02:08:47","date_gmt":"2024-03-21T02:08:47","guid":{"rendered":"https:\/\/www.ccmmachine.com\/?post_type=product&#038;p=1414"},"modified":"2024-03-21T02:08:51","modified_gmt":"2024-03-21T02:08:51","slug":"gaasisurvefrituur-pfg-800","status":"publish","type":"product","link":"https:\/\/www.ccmmachine.com\/et\/product\/gas-pressure-fryer-pfg-800\/","title":{"rendered":"Gaasisurvega frit\u00fc\u00fcr PFG-800"},"content":{"rendered":"<p> See seeria kana praepann kasutab madala temperatuuri ja k\u00f5rge r\u00f5hu p\u00f5him\u00f5tet, praetud toit on v\u00e4ljas kr\u00f5be ja \u00f5rn, erksav\u00e4rviline. Kogu korpus roostevabast terasest, arvuti juhtpaneel, lihtne t\u00f6\u00f6 ja automaatne temperatuuri reguleerimise v\u00e4ljalasker\u00f5hk. <\/p>\n\n\n\n<h3 class=\"wp-block-heading\"><strong>P\u00f5hijooned<\/strong><\/h3>\n\n\n\n<ul class=\"wp-block-list\">\n<li>Kogu roostevabast terasest korpus, lihtne puhastada ja p\u00fchkida, pikk kasutusiga. <\/li>\n\n\n\n<li>Alumiiniumist kaas, vastupidav ja kerge, lihtne avada ja sulgeda. <\/li>\n\n\n\n<li>Sisseehitatud automaatne \u00f5lifiltris\u00fcsteem, lihtne kasutada, t\u00f5hus ja energias\u00e4\u00e4stlik. <\/li>\n\n\n\n<li>Neli ratast on suure mahutavusega ja varustatud pidurifunktsiooniga, mida on lihtne liigutada ja paigutada. <\/li>\n\n\n\n<li>Digitaalse ekraani juhtpaneel on t\u00e4psem ja ilusam. <\/li>\n\n\n\n<li>Masin on varustatud 10-0 salvestusklahviga 10 kategooria toidu praadimiseks. <\/li>\n\n\n\n<li>P\u00e4rast aja m\u00f6\u00f6dumist seadistage automaatne v\u00e4ljalaskes\u00fcsteem ja andke meeldetuletussignaal. <\/li>\n\n\n\n<li>Iga tootenumbriga saab m\u00e4\u00e4rata 10 k\u00fcttere\u017eiimi. <\/li>\n\n\n\n<li>Seadistada saab \u00f5lifiltri meeldetuletusi ja \u00f5livahetuse meeldetuletusi. <\/li>\n\n\n\n<li>L\u00fclituge Fahrenheiti kraadidele. <\/li>\n\n\n\n<li>Eelsoojendusaega saab seadistada. <\/li>\n\n\n\n<li>Saate seadistada puhastusaega, t\u00fchik\u00e4igure\u017eiimi ja \u00f5lisulatusre\u017eiimi. <\/li>\n\n\n\n<li>Seda saab seadistada t\u00f6\u00f6l survega v\u00f5i ilma.<\/li>\n<\/ul>\n\n\n\n<figure class=\"wp-block-table\"><table><tbody><tr><td><strong>Nimi<\/strong><\/td><td>gaasisurvega praepann<\/td><\/tr><tr><td><strong>Mudel<\/strong><\/td><td>PFG-800<\/td><\/tr><tr><td><strong>T\u00f6\u00f6r\u00f5hk<\/strong><\/td><td>0,085 MPa<\/td><\/tr><tr><td><strong>Kontrolli temperatuurivahemikku<\/strong><\/td><td>20-200 \u2103<\/td><\/tr><tr><td><strong>Gaasi tarbimine<\/strong><\/td><td>umbes 0,48 kg\/h (kaasa arvatud hoidmisaeg)<\/td><\/tr><tr><td><strong>Pinge<\/strong><\/td><td>&nbsp;~220V\/50Hz-60Hz<\/td><\/tr><tr><td><strong>K\u00fctus<\/strong><\/td><td>LPG\/loodusgaas<\/td><\/tr><tr><td><strong>Suurus<\/strong><\/td><td>460 \u00d7 960 \u00d7 1230 mm<\/td><\/tr><tr><td><strong>Pakendi suurus<\/strong><\/td><td>510 \u00d7 1030 \u00d7 1300 mm<\/td><\/tr><tr><td><strong>Mahutavus<\/strong><\/td><td>24L<\/td><\/tr><tr><td><strong>Kaal<\/strong><\/td><td>110 kg<\/td><\/tr><tr><td><strong>Brutokaal<\/strong><\/td><td>135 kg<\/td><\/tr><tr><td><strong>Kontrollpaneel<\/strong><\/td><td>Arvuti paneel<\/td><\/tr><\/tbody><\/table><\/figure>\n\n\n\n<figure class=\"wp-block-image size-large\"><img decoding=\"async\" width=\"1024\" height=\"768\" src=\"https:\/\/www.ccmmachine.com\/wp-content\/uploads\/2024\/03\/Pfg-800-Chicken-Pressure-Fryer-LPG-Gas-Deep-Fryer-1024x768.webp\" alt=\"\" class=\"wp-image-1554\" srcset=\"https:\/\/www.ccmmachine.com\/wp-content\/uploads\/2024\/03\/Pfg-800-Chicken-Pressure-Fryer-LPG-Gas-Deep-Fryer-1024x768.webp 1024w, https:\/\/www.ccmmachine.com\/wp-content\/uploads\/2024\/03\/Pfg-800-Chicken-Pressure-Fryer-LPG-Gas-Deep-Fryer-800x600.webp 800w, https:\/\/www.ccmmachine.com\/wp-content\/uploads\/2024\/03\/Pfg-800-Chicken-Pressure-Fryer-LPG-Gas-Deep-Fryer-300x225.webp 300w, https:\/\/www.ccmmachine.com\/wp-content\/uploads\/2024\/03\/Pfg-800-Chicken-Pressure-Fryer-LPG-Gas-Deep-Fryer-768x576.webp 768w, https:\/\/www.ccmmachine.com\/wp-content\/uploads\/2024\/03\/Pfg-800-Chicken-Pressure-Fryer-LPG-Gas-Deep-Fryer-16x12.webp 16w, https:\/\/www.ccmmachine.com\/wp-content\/uploads\/2024\/03\/Pfg-800-Chicken-Pressure-Fryer-LPG-Gas-Deep-Fryer.webp 1440w\" sizes=\"(max-width: 1024px) 100vw, 1024px\" \/><\/figure>","protected":false},"excerpt":{"rendered":"<p>This series chicken pressure fryer uses a low temperature and high pressure principle, fried food crisp outside and tender, bright color. The whole body of stainless steel, computer control panel, simple operation, and automatic temperature control exhaust pressure. Main Features Name gas pressure fryer Model PFG-800 Working pressure 0.085Mpa Control temperature range 20~200\u2103 Gas consumption [&#8230;]\n","protected":false},"featured_media":1553,"template":"","meta":[],"product_brand":[],"product_cat":[86],"product_tag":[],"class_list":{"0":"post-1414","1":"product","2":"type-product","3":"status-publish","4":"has-post-thumbnail","6":"product_cat-gas-pressure-fryers","8":"first","9":"instock","10":"shipping-taxable","11":"product-type-simple"},"_links":{"self":[{"href":"https:\/\/www.ccmmachine.com\/et\/wp-json\/wp\/v2\/product\/1414","targetHints":{"allow":["GET"]}}],"collection":[{"href":"https:\/\/www.ccmmachine.com\/et\/wp-json\/wp\/v2\/product"}],"about":[{"href":"https:\/\/www.ccmmachine.com\/et\/wp-json\/wp\/v2\/types\/product"}],"wp:featuredmedia":[{"embeddable":true,"href":"https:\/\/www.ccmmachine.com\/et\/wp-json\/wp\/v2\/media\/1553"}],"wp:attachment":[{"href":"https:\/\/www.ccmmachine.com\/et\/wp-json\/wp\/v2\/media?parent=1414"}],"wp:term":[{"taxonomy":"product_brand","embeddable":true,"href":"https:\/\/www.ccmmachine.com\/et\/wp-json\/wp\/v2\/product_brand?post=1414"},{"taxonomy":"product_cat","embeddable":true,"href":"https:\/\/www.ccmmachine.com\/et\/wp-json\/wp\/v2\/product_cat?post=1414"},{"taxonomy":"product_tag","embeddable":true,"href":"https:\/\/www.ccmmachine.com\/et\/wp-json\/wp\/v2\/product_tag?post=1414"}],"curies":[{"name":"wp","href":"https:\/\/api.w.org\/{rel}","templated":true}]}}