{"id":1349,"date":"2024-03-21T04:17:59","date_gmt":"2024-03-21T04:17:59","guid":{"rendered":"https:\/\/www.ccmmachine.com\/?post_type=product&#038;p=1349"},"modified":"2024-03-21T04:18:02","modified_gmt":"2024-03-21T04:18:02","slug":"praepann-mdxz-24c","status":"publish","type":"product","link":"https:\/\/www.ccmmachine.com\/et\/product\/pressure-fryer-mdxz-24c\/","title":{"rendered":"Survefrit\u00fc\u00fcr MDXZ-24C"},"content":{"rendered":"<p>See sektsiooni survefrit\u00fc\u00fcr on ettev\u00f5te, mis neelab v\u00e4lismaist k\u00f5rgtehnoloogiat, arendab ja toodab uusimat praekana ahjus praekana tootmisprotsessi vastavalt l\u00e4\u00e4ne ja traditsioonilise Hiina r\u00f6stitud kana omadustele. Kogu korpus roostevabast terasest, elektrooniline ajastus, automaatne temperatuuri reguleerimine v\u00e4ljalaske r\u00f5hul.<\/p>\n\n\n\n<p>Madala temperatuuri k\u00f5rgsurve p\u00f5him\u00f5tet kasutades muudavad praetud toidud v\u00e4ljast kr\u00f5bedad ja \u00f5rnad, erksav\u00e4rvilised, aga ka praetud part, kala, sealiha, lambaliha ja muu liha, kartul ja muud k\u00f6\u00f6giviljad. Kehtib k\u00f5igi suuremate poodide, hotellide, kiirtoidurestoranide, suupistebaaride, tehaste s\u00f6\u00f6klate ja f\u00fc\u00fcsilisest isikust ettev\u00f5tjana tegutsevate majapidamiste puhul. Spetsiifiline toiming on lihtne, puhas, h\u00f5lpsasti kasutatav, k\u00f5rge efektiivsusega ja vastupidav, on uusimat t\u00fc\u00fcpi toiduainete t\u00f6\u00f6tlemise masinad ja seadmed<gwmw style=\"display:none;\"><\/gwmw><\/p>\n\n\n\n<h3 class=\"wp-block-heading\"><strong>Funktsioonid:<\/strong><gwmw style=\"display:none;\"><\/gwmw><\/h3>\n\n\n\n<p>1. K\u00f5ik roostevabast terasest korpus, lihtne pesta ja p\u00fchkida, pikk kasutusiga.<br>2 alumiiniumist kaant, vastupidav ja kerge, lihtne avada ja sulgeda.<br>3 nelja ratta kandev\u00f5imet koos pidurifunktsiooniga, liikumise lihtsusega ja positsioneerimisega.<br>4. Mehaaniline instrumentide juhtimisoperatsioon on lihtne, lihtne, elegantne ja t\u00e4pne.<gwmw style=\"display:none;\"><\/gwmw><gwmw style=\"display:none;\"><\/gwmw><\/p>\n\n\n\n<figure class=\"wp-block-table\"><table><tbody><tr><td>Nimi<\/td><td>Elektriline survefrit\u00fc\u00fcr<\/td><\/tr><tr><td>nimi<\/td><td>MDXZ-24<\/td><\/tr><tr><td>Pinge<\/td><td>3N\/380V\/50Hz<\/td><\/tr><tr><td>V\u00f5imsus<\/td><td>12kw<\/td><\/tr><tr><td>Kontrolli temperatuurivahemikku<\/td><td>90-190 \u2103<\/td><\/tr><tr><td>Suurus<\/td><td>960\u00d7460\u00d71230 mm<\/td><\/tr><tr><td>Pakendi suurus<\/td><td>1030 \u00d7 510 \u00d7 1300 mm<\/td><\/tr><tr><td>Mahutavus<\/td><td>24L<\/td><\/tr><tr><td>Kaal<\/td><td>110 kg<\/td><\/tr><tr><td>Brutokaal<\/td><td>135 kg<\/td><\/tr><tr><td>Kontrollpaneel<\/td><td>manuaalne paneel<\/td><\/tr><\/tbody><\/table><\/figure>\n\n\n\n<p><gwmw style=\"display:none;\"><\/gwmw><\/p>","protected":false},"excerpt":{"rendered":"<p>This section pressure fryer is the company absorbing foreign advanced technology, development and production of the latest fried chicken oven fried chicken production process according to the characteristics of Western and traditional Chinese roast chicken. The whole body of stainless steel, electronic timing, automatic temperature control exhaust pressure. Using low-temperature high-pressure principle, fried food crisp [&#8230;]\n","protected":false},"featured_media":1582,"template":"","meta":[],"product_brand":[],"product_cat":[85],"product_tag":[],"class_list":{"0":"post-1349","1":"product","2":"type-product","3":"status-publish","4":"has-post-thumbnail","6":"product_cat-electric-pressure-fryers","8":"first","9":"instock","10":"shipping-taxable","11":"product-type-simple"},"_links":{"self":[{"href":"https:\/\/www.ccmmachine.com\/et\/wp-json\/wp\/v2\/product\/1349","targetHints":{"allow":["GET"]}}],"collection":[{"href":"https:\/\/www.ccmmachine.com\/et\/wp-json\/wp\/v2\/product"}],"about":[{"href":"https:\/\/www.ccmmachine.com\/et\/wp-json\/wp\/v2\/types\/product"}],"wp:featuredmedia":[{"embeddable":true,"href":"https:\/\/www.ccmmachine.com\/et\/wp-json\/wp\/v2\/media\/1582"}],"wp:attachment":[{"href":"https:\/\/www.ccmmachine.com\/et\/wp-json\/wp\/v2\/media?parent=1349"}],"wp:term":[{"taxonomy":"product_brand","embeddable":true,"href":"https:\/\/www.ccmmachine.com\/et\/wp-json\/wp\/v2\/product_brand?post=1349"},{"taxonomy":"product_cat","embeddable":true,"href":"https:\/\/www.ccmmachine.com\/et\/wp-json\/wp\/v2\/product_cat?post=1349"},{"taxonomy":"product_tag","embeddable":true,"href":"https:\/\/www.ccmmachine.com\/et\/wp-json\/wp\/v2\/product_tag?post=1349"}],"curies":[{"name":"wp","href":"https:\/\/api.w.org\/{rel}","templated":true}]}}