{"id":1345,"date":"2024-03-21T04:03:01","date_gmt":"2024-03-21T04:03:01","guid":{"rendered":"https:\/\/www.ccmmachine.com\/?post_type=product&#038;p=1345"},"modified":"2024-03-21T04:03:05","modified_gmt":"2024-03-21T04:03:05","slug":"elektriline-frituur-pfe-500","status":"publish","type":"product","link":"https:\/\/www.ccmmachine.com\/et\/product\/electric-pressure-fryer-pfe-500\/","title":{"rendered":"Elektriline survefritter PFE-500"},"content":{"rendered":"<p>See seeria Ameerika praekana ahi on ettev\u00f5te, mis neelab v\u00e4lismaist k\u00f5rgtehnoloogiat vastavalt l\u00e4\u00e4ne ja traditsioonilise Hiina kana praekana tootmisprotsessi omadustele uusima praekana ahju v\u00e4ljat\u00f6\u00f6tamisel ja tootmisel. Kogu korpus roostevabast terasest, lihtne t\u00f6\u00f6, automaatne temperatuuri reguleerimine v\u00e4ljalaske r\u00f5hul.<br>Madala temperatuuri k\u00f5rgsurve p\u00f5him\u00f5tet kasutades muudavad praetud toidud v\u00e4ljas kr\u00f5bedaks ja \u00f5rnad, erksav\u00e4rvilised, aga ka praepart, praekana, praekana, kanatiivad, kala, sealiha ning muu liha ja kartul ja muud k\u00f6\u00f6giviljad. Kehtib k\u00f5ikides suurtes poodides, hotellides, kiirtoidurestoranides, suupistebaarides, tehases\u00f6\u00f6klates ja f\u00fc\u00fcsilisest isikust ettev\u00f5tjana tegutsevate majapidamiste puhul. Lihtsa t\u00f6\u00f6, puhas, h\u00f5lpsasti kasutatav, k\u00f5rge efektiivsuse, vastupidavuse ja muude funktsioonidega. See on uusimat t\u00fc\u00fcpi toiduainete t\u00f6\u00f6tlemise masinad ja seadmed.<gwmw style=\"display:none;\"><\/gwmw><\/p>\n\n\n\n<h3 class=\"wp-block-heading\"><strong>Funktsioonid:<\/strong><gwmw style=\"display:none;\"><\/gwmw><\/h3>\n\n\n\n<p>1, k\u00f5ik roostevabast terasest korpus, lihtne pesta ja p\u00fchkida pikk kasutusiga.<br>2, alumiiniumkaas, vastupidav ja kerge, lihtne avada ja sulgeda.<br>3, sisseehitatud filtreerimiss\u00fcsteem, lihtne kasutada ja energias\u00e4\u00e4stlik.<br>4, nelja ratta kandev\u00f5ime koos pidurifunktsiooniga, liikumise ja positsioneerimise lihtsusega.<br>5, klassikaline masina juhtpaneel, lihtsam ja t\u00f5husam.<\/p>\n\n\n\n<figure class=\"wp-block-table\"><table><tbody><tr><td>Nimi<\/td><td>Elektriline survefrit\u00fc\u00fcr<\/td><\/tr><tr><td>nimi<\/td><td>PFE-500<\/td><\/tr><tr><td>Pinge<\/td><td>~3N380v\/50Hz (~3N220v\/60Hz)<\/td><\/tr><tr><td>V\u00f5imsus<\/td><td>13,5kw<\/td><\/tr><tr><td>Kontrolli temperatuurivahemikku<\/td><td>20-200 \u2103<\/td><\/tr><tr><td>Suurus<\/td><td>960\u00d7460\u00d71230 mm<\/td><\/tr><tr><td>Pakendi suurus<\/td><td>1030 \u00d7 510 \u00d7 1300 mm<\/td><\/tr><tr><td>Mahutavus<\/td><td>24L<\/td><\/tr><tr><td>Kaal<\/td><td>135 kg<\/td><\/tr><tr><td>Brutokaal<\/td><td>155 kg<\/td><\/tr><tr><td>Kontrollpaneel<\/td><td>manuaalne paneel<\/td><\/tr><\/tbody><\/table><\/figure>\n\n\n\n<figure class=\"wp-block-image size-full\"><img decoding=\"async\" width=\"740\" height=\"300\" src=\"https:\/\/www.ccmmachine.com\/wp-content\/uploads\/2024\/03\/Electric-Pressure-fryer-PFE-500-001.webp\" alt=\"\" class=\"wp-image-1577\" srcset=\"https:\/\/www.ccmmachine.com\/wp-content\/uploads\/2024\/03\/Electric-Pressure-fryer-PFE-500-001.webp 740w, https:\/\/www.ccmmachine.com\/wp-content\/uploads\/2024\/03\/Electric-Pressure-fryer-PFE-500-001-700x284.webp 700w, https:\/\/www.ccmmachine.com\/wp-content\/uploads\/2024\/03\/Electric-Pressure-fryer-PFE-500-001-300x122.webp 300w, https:\/\/www.ccmmachine.com\/wp-content\/uploads\/2024\/03\/Electric-Pressure-fryer-PFE-500-001-18x7.webp 18w\" sizes=\"(max-width: 740px) 100vw, 740px\" \/><\/figure>\n\n\n\n<figure class=\"wp-block-image size-full\"><img decoding=\"async\" width=\"472\" height=\"461\" src=\"https:\/\/www.ccmmachine.com\/wp-content\/uploads\/2024\/03\/Electric-Pressure-fryer-PFE-500-002.webp\" alt=\"\" class=\"wp-image-1578\" srcset=\"https:\/\/www.ccmmachine.com\/wp-content\/uploads\/2024\/03\/Electric-Pressure-fryer-PFE-500-002.webp 472w, https:\/\/www.ccmmachine.com\/wp-content\/uploads\/2024\/03\/Electric-Pressure-fryer-PFE-500-002-300x293.webp 300w, https:\/\/www.ccmmachine.com\/wp-content\/uploads\/2024\/03\/Electric-Pressure-fryer-PFE-500-002-12x12.webp 12w\" sizes=\"(max-width: 472px) 100vw, 472px\" \/><\/figure>\n\n\n\n<p><gwmw style=\"display:none;\"><\/gwmw><\/p>","protected":false},"excerpt":{"rendered":"<p>This series American fried chicken oven is a company absorbing the foreign advanced technology, according to the production process characteristics of Western and traditional Chinese chicken fried chicken in the development and production of the latest fried chicken oven. The whole body of stainless steel, simple operation, automatic temperature control exhaust pressure.Using low-temperature high-pressure principles, [&#8230;]\n","protected":false},"featured_media":1576,"template":"","meta":[],"product_brand":[],"product_cat":[85],"product_tag":[],"class_list":{"0":"post-1345","1":"product","2":"type-product","3":"status-publish","4":"has-post-thumbnail","6":"product_cat-electric-pressure-fryers","8":"first","9":"instock","10":"shipping-taxable","11":"product-type-simple"},"_links":{"self":[{"href":"https:\/\/www.ccmmachine.com\/et\/wp-json\/wp\/v2\/product\/1345","targetHints":{"allow":["GET"]}}],"collection":[{"href":"https:\/\/www.ccmmachine.com\/et\/wp-json\/wp\/v2\/product"}],"about":[{"href":"https:\/\/www.ccmmachine.com\/et\/wp-json\/wp\/v2\/types\/product"}],"wp:featuredmedia":[{"embeddable":true,"href":"https:\/\/www.ccmmachine.com\/et\/wp-json\/wp\/v2\/media\/1576"}],"wp:attachment":[{"href":"https:\/\/www.ccmmachine.com\/et\/wp-json\/wp\/v2\/media?parent=1345"}],"wp:term":[{"taxonomy":"product_brand","embeddable":true,"href":"https:\/\/www.ccmmachine.com\/et\/wp-json\/wp\/v2\/product_brand?post=1345"},{"taxonomy":"product_cat","embeddable":true,"href":"https:\/\/www.ccmmachine.com\/et\/wp-json\/wp\/v2\/product_cat?post=1345"},{"taxonomy":"product_tag","embeddable":true,"href":"https:\/\/www.ccmmachine.com\/et\/wp-json\/wp\/v2\/product_tag?post=1345"}],"curies":[{"name":"wp","href":"https:\/\/api.w.org\/{rel}","templated":true}]}}