{"id":1340,"date":"2024-03-21T03:52:28","date_gmt":"2024-03-21T03:52:28","guid":{"rendered":"https:\/\/www.ccmmachine.com\/?post_type=product&#038;p=1340"},"modified":"2024-03-21T03:52:31","modified_gmt":"2024-03-21T03:52:31","slug":"elektriline-frituur-pfe-600","status":"publish","type":"product","link":"https:\/\/www.ccmmachine.com\/et\/product\/electric-pressure-fryer-pfe-600\/","title":{"rendered":"Elektriline frit\u00fc\u00fcr PFE-600"},"content":{"rendered":"<p><strong>Tootekirjeldus:<\/strong><\/p>\n\n\n\n<p>1 Kogu roostevabast terasest korpust on lihtne pesta ja p\u00fchkida pikk kasutusiga.<br>2 Alumiiniumist kaas on vastupidav ja kerge, mida on lihtne avada ja sulgeda.<br>3 Sisseehitatud automaatset filtreerimiss\u00fcsteemi on lihtne kasutada ja see on energias\u00e4\u00e4stlik.<\/p>\n\n\n\n<p>See Ameerika praekana ahjude seeria on ettev\u00f5te, mis neelab v\u00e4lismaist k\u00f5rgtehnoloogiat vastavalt l\u00e4\u00e4ne ja traditsioonilise Hiina kana praekana tootmisprotsessi omadustele uusima praekana ahju v\u00e4ljat\u00f6\u00f6tamisel ja tootmisel. Kogu korpus roostevabast terasest, LCD-arvuti juhtpaneel, lihtne t\u00f6\u00f6, automaatne temperatuuri reguleerimine v\u00e4ljalaske r\u00f5hul. Madala temperatuuri k\u00f5rgsurve p\u00f5him\u00f5tet kasutades muudavad praetud toidud v\u00e4ljas kr\u00f5bedaks ja pehmeks, erksate v\u00e4rvidega, aga ka praeparti, praekana, praekana, kanatiibu, kala, sealiha ning muud liha ja kartulit ja muid k\u00f6\u00f6givilju. Kehtib k\u00f5ikides suurtes poodides, hotellides, kiirtoidurestoranides, suupistebaarides, tehases\u00f6\u00f6klates ja f\u00fc\u00fcsilisest isikust ettev\u00f5tjana tegutsevate majapidamiste puhul. Lihtsa t\u00f6\u00f6, puhas, h\u00f5lpsasti kasutatav, k\u00f5rge efektiivsuse, vastupidavuse ja muude funktsioonidega. See on uusimat t\u00fc\u00fcpi toiduainete t\u00f6\u00f6tlemise masinad ja seadmed.<gwmw style=\"display:none;\"><\/gwmw><\/p>\n\n\n\n<p><strong>Funktsioonid:<\/strong><br>1, k\u00f5ik roostevabast terasest korpus, lihtne pesta ja p\u00fchkida pikk kasutusiga.<br>2, t\u00e4ielikult alumiiniumist kaas, vastupidav ja kerge, lihtne avada ja sulgeda.<br>3, sisseehitatud automaatne filtreerimiss\u00fcsteem, lihtne kasutada ja energias\u00e4\u00e4stlik.<br>4, nelja ratta kandev\u00f5ime koos pidurifunktsiooniga, liikumise ja positsioneerimise lihtsusega.<br>5, LCD digitaalse ekraani juhtpaneel, t\u00e4psem ja ilusam.<\/p>\n\n\n\n<figure class=\"wp-block-table\"><table><tbody><tr><td>Nimi<\/td><td>Elektriline survefrit\u00fc\u00fcr<\/td><\/tr><tr><td>nimi<\/td><td>PFE-600<\/td><\/tr><tr><td>Pinge<\/td><td>~3N380v\/50Hz (~3N220v\/60Hz)<\/td><\/tr><tr><td>V\u00f5imsus<\/td><td>13,5kw<\/td><\/tr><tr><td>Kontrolli temperatuurivahemikku<\/td><td>20-200 \u2103<\/td><\/tr><tr><td>Suurus<\/td><td>960\u00d7460\u00d71230 mm<\/td><\/tr><tr><td>Pakendi suurus<\/td><td>1030 \u00d7 510 \u00d7 1300 mm<\/td><\/tr><tr><td>Mahutavus<\/td><td>24L<\/td><\/tr><tr><td>Kaal<\/td><td>135 kg<\/td><\/tr><tr><td>Brutokaal<\/td><td>155 kg<\/td><\/tr><tr><td>Kontrollpaneel<\/td><td>LED juhtpaneel<\/td><\/tr><\/tbody><\/table><\/figure>\n\n\n\n<figure class=\"wp-block-image\"><img decoding=\"async\" src=\"https:\/\/www.ccmmachine.com\/wp-content\/uploads\/2019\/09\/Electric-Pressure-fryer-PFE-600-001.jpg\" alt=\"\" class=\"wp-image-1342\"\/><\/figure>\n\n\n\n<figure class=\"wp-block-image\"><img decoding=\"async\" src=\"https:\/\/www.ccmmachine.com\/wp-content\/uploads\/2019\/09\/Electric-Pressure-fryer-PFE-600-002.jpg\" alt=\"\" class=\"wp-image-1344\"\/><\/figure>\n\n\n\n<p><gwmw style=\"display:none;\"><\/gwmw><\/p>","protected":false},"excerpt":{"rendered":"<p>Product Description\uff1a 1 All stainless steel body easy to wash and wipe long service life.2 All aluminum lid rugged and lightweight easy to open and close.3 The built-in automatic filtration system is easy to use and energy-efficient. This series of American fried chicken Ovens is a company absorbing foreign advanced technology, according to the production [&#8230;]\n","protected":false},"featured_media":1568,"template":"","meta":[],"product_brand":[],"product_cat":[85],"product_tag":[],"class_list":{"0":"post-1340","1":"product","2":"type-product","3":"status-publish","4":"has-post-thumbnail","6":"product_cat-electric-pressure-fryers","8":"first","9":"instock","10":"shipping-taxable","11":"product-type-simple"},"_links":{"self":[{"href":"https:\/\/www.ccmmachine.com\/et\/wp-json\/wp\/v2\/product\/1340","targetHints":{"allow":["GET"]}}],"collection":[{"href":"https:\/\/www.ccmmachine.com\/et\/wp-json\/wp\/v2\/product"}],"about":[{"href":"https:\/\/www.ccmmachine.com\/et\/wp-json\/wp\/v2\/types\/product"}],"wp:featuredmedia":[{"embeddable":true,"href":"https:\/\/www.ccmmachine.com\/et\/wp-json\/wp\/v2\/media\/1568"}],"wp:attachment":[{"href":"https:\/\/www.ccmmachine.com\/et\/wp-json\/wp\/v2\/media?parent=1340"}],"wp:term":[{"taxonomy":"product_brand","embeddable":true,"href":"https:\/\/www.ccmmachine.com\/et\/wp-json\/wp\/v2\/product_brand?post=1340"},{"taxonomy":"product_cat","embeddable":true,"href":"https:\/\/www.ccmmachine.com\/et\/wp-json\/wp\/v2\/product_cat?post=1340"},{"taxonomy":"product_tag","embeddable":true,"href":"https:\/\/www.ccmmachine.com\/et\/wp-json\/wp\/v2\/product_tag?post=1340"}],"curies":[{"name":"wp","href":"https:\/\/api.w.org\/{rel}","templated":true}]}}