{"id":1312,"date":"2024-03-21T02:37:40","date_gmt":"2024-03-21T02:37:40","guid":{"rendered":"https:\/\/www.ccmmachine.com\/?post_type=product&#038;p=1312"},"modified":"2024-03-21T02:54:52","modified_gmt":"2024-03-21T02:54:52","slug":"gaasisurvefrituur-pfg-600","status":"publish","type":"product","link":"https:\/\/www.ccmmachine.com\/et\/product\/gas-pressure-fryer-pfg-600\/","title":{"rendered":"Survegaasiga praepann PFG-600"},"content":{"rendered":"<h3 class=\"wp-block-heading\"><strong>Tootekirjeldus:<\/strong><\/h3>\n\n\n\n<ol class=\"wp-block-list\">\n<li>&nbsp;Kogu roostevabast terasest korpus, lihtne pesta ja p\u00fchkida, pikk kasutusiga.<\/li>\n\n\n\n<li>&nbsp;alumiiniumist kaas, vastupidav ja kerge, lihtne avada ja sulgeda.<\/li>\n\n\n\n<li>&nbsp;nelja ratta kandev\u00f5ime koos pidurifunktsiooniga, liikumise ja positsioneerimise lihtsusega.<\/li>\n\n\n\n<li>&nbsp;Paneelarvuti juhtimiss\u00fcsteem, korralik, t\u00e4pne.<\/li>\n\n\n\n<li>&nbsp;Sisseehitatud automaatne filtreerimiss\u00fcsteem, lihtne kasutada ja energias\u00e4\u00e4stlik.<\/li>\n<\/ol>\n\n\n\n<p>Gaasur\u00f5hul praetud kanaahjude seeria on meie ettev\u00f5tte v\u00e4lja t\u00f6\u00f6tatud seadmete sari, mis sisaldab k\u00f5rgtehnoloogiat v\u00e4lismaalt. Need ahjud on loodud spetsiaalselt praekana tootmiseks, v\u00f5ttes arvesse nii l\u00e4\u00e4ne kui ka traditsioonilisi Hiina kana r\u00f6stimise meetodeid. Kogu ahju korpus on valmistatud roostevabast terasest ning arvuti juhtpaneel v\u00f5imaldab automaatselt reguleerida v\u00e4ljat\u00f5mber\u00f5hku. Kasutades madala temperatuuri k\u00f5rgsurve p\u00f5him\u00f5tet, toodavad meie ahjud kr\u00f5bedaid ja pehmeid erksav\u00e4rvilisi praetud toite. Lisaks kanalihale saab neid kasutada ka pardi-, kala-, sea-, veise-, lamba-, kartuli- ja muude k\u00f6\u00f6giviljade praadimiseks. Meie ahjud sobivad kasutamiseks erinevates asutustes, nagu kauplused, hotellid, kiirtoidurestoranid, suupistebaarid, tehaste s\u00f6\u00f6klad ja isegi f\u00fc\u00fcsilisest isikust ettev\u00f5tjatele. Neid on lihtne kasutada, neid on lihtne puhastada ja need on v\u00e4ga t\u00f5husad, muutes need k\u00f5ige uuemateks ja k\u00f5ige arenenumateks toiduainete t\u00f6\u00f6tlemise masinateks ja seadmeteks.<\/p>\n\n\n\n<figure class=\"wp-block-table\"><table><tbody><tr><td><strong>Nimi<\/strong><\/td><td>gaasisurvega praepann<\/td><\/tr><tr><td><strong>Mudel<\/strong><\/td><td>PFG-600<\/td><\/tr><tr><td><strong>T\u00f6\u00f6r\u00f5hk<\/strong><\/td><td>0,085 MPa<\/td><\/tr><tr><td><strong>Kontrolli temperatuurivahemikku<\/strong><\/td><td>20-200 \u2103<\/td><\/tr><tr><td><strong>Gaasi tarbimine<\/strong><\/td><td>umbes 0,48 kg\/h (kaasa arvatud hoidmisaeg)<\/td><\/tr><tr><td><strong>Pinge<\/strong><\/td><td>&nbsp;~220V\/50Hz-60Hz<\/td><\/tr><tr><td><strong>K\u00fctus<\/strong><\/td><td>LPG\/loodusgaas<\/td><\/tr><tr><td><strong>Suurus<\/strong><\/td><td>460 \u00d7 960 \u00d7 1230 mm<\/td><\/tr><tr><td><strong>Pakendi suurus<\/strong><\/td><td>510 \u00d7 1030 \u00d7 1300 mm<\/td><\/tr><tr><td><strong>Mahutavus<\/strong><\/td><td>24L<\/td><\/tr><tr><td><strong>Kaal<\/strong><\/td><td>135 kg<\/td><\/tr><tr><td><strong>Brutokaal<\/strong><\/td><td>155 kg<\/td><\/tr><tr><td><strong>Kontrollpaneel<\/strong><\/td><td>LCD<\/td><\/tr><\/tbody><\/table><\/figure>\n\n\n\n<figure class=\"wp-block-image\"><img decoding=\"async\" src=\"https:\/\/www.ccmmachine.com\/wp-content\/uploads\/2019\/08\/Electric-Pressure-fryer-PFE-600L-001.jpg\" alt=\"\" class=\"wp-image-1304\"\/><\/figure>","protected":false},"excerpt":{"rendered":"<p>Product Description\uff1a The\u00a0Gas\u00a0Pressure\u00a0Fried\u00a0Chicken\u00a0Furnace series\u00a0is a line of\u00a0devices\u00a0developed\u00a0by our\u00a0company,\u00a0incorporating advanced technology\u00a0from abroad. These\u00a0ovens\u00a0are designed\u00a0specifically\u00a0for\u00a0the\u00a0production of\u00a0fried chicken,\u00a0taking\u00a0into account\u00a0both Western and traditional Chinese\u00a0methods of\u00a0roasting\u00a0chicken. The entire\u00a0body of\u00a0the oven is\u00a0made of stainless steel,\u00a0and the\u00a0computer control panel allows for automatic\u00a0regulation of exhaust pressure.\u00a0By utilizing\u00a0the\u00a0low-temperature high-pressure principle,\u00a0our\u00a0ovens\u00a0produce\u00a0crispy\u00a0and tender\u00a0fried food with a\u00a0bright color. In addition to chicken, they\u00a0can also\u00a0be\u00a0used\u00a0to fry\u00a0duck, fish, pork, [&#8230;]\n","protected":false},"featured_media":1563,"template":"","meta":[],"product_brand":[],"product_cat":[86],"product_tag":[],"class_list":{"0":"post-1312","1":"product","2":"type-product","3":"status-publish","4":"has-post-thumbnail","6":"product_cat-gas-pressure-fryers","8":"first","9":"instock","10":"shipping-taxable","11":"product-type-simple"},"_links":{"self":[{"href":"https:\/\/www.ccmmachine.com\/et\/wp-json\/wp\/v2\/product\/1312","targetHints":{"allow":["GET"]}}],"collection":[{"href":"https:\/\/www.ccmmachine.com\/et\/wp-json\/wp\/v2\/product"}],"about":[{"href":"https:\/\/www.ccmmachine.com\/et\/wp-json\/wp\/v2\/types\/product"}],"wp:featuredmedia":[{"embeddable":true,"href":"https:\/\/www.ccmmachine.com\/et\/wp-json\/wp\/v2\/media\/1563"}],"wp:attachment":[{"href":"https:\/\/www.ccmmachine.com\/et\/wp-json\/wp\/v2\/media?parent=1312"}],"wp:term":[{"taxonomy":"product_brand","embeddable":true,"href":"https:\/\/www.ccmmachine.com\/et\/wp-json\/wp\/v2\/product_brand?post=1312"},{"taxonomy":"product_cat","embeddable":true,"href":"https:\/\/www.ccmmachine.com\/et\/wp-json\/wp\/v2\/product_cat?post=1312"},{"taxonomy":"product_tag","embeddable":true,"href":"https:\/\/www.ccmmachine.com\/et\/wp-json\/wp\/v2\/product_tag?post=1312"}],"curies":[{"name":"wp","href":"https:\/\/api.w.org\/{rel}","templated":true}]}}