{"id":3,"date":"2019-07-18T17:44:06","date_gmt":"2019-07-18T17:44:06","guid":{"rendered":"http:\/\/www.ccmmachine.com\/?page_id=3"},"modified":"2019-09-08T08:06:10","modified_gmt":"2019-09-08T08:06:10","slug":"privaatsuspoliitika","status":"publish","type":"page","link":"https:\/\/www.ccmmachine.com\/et\/privacy-policy\/","title":{"rendered":"Privaatsuspoliitika"},"content":{"rendered":"<h3 style=\"text-align: center;\">Privaatsuspoliitika<\/h3>\n<p><strong>P\u00fchendunud<\/strong><\/p>\n<p>Oleme v\u00f5tnud endale kohustuse kaitsta meie veebisaidi kasutamisel esitatud privaatsust, isikuandmeid ja isikuandmeid (edaspidi &quot;isikuandmed&quot;), et saaksime koguda, kasutada, salvestada ja edastada isikuandmeid (koos isikuandmetega). privaatsus). asjakohased seadused ja m\u00e4\u00e4rused) ning tarbijakaitse k\u00f5rgeimad standardid.<\/p>\n<p>Tagamaks, et teil on t\u00e4ielik usaldus teie isikuandmete t\u00f6\u00f6tlemise suhtes, peaksite privaatsuspoliitika s\u00e4tted \u00fcksikasjalikult l\u00e4bi lugema ja neist aru saama. Eelk\u00f5ige loetakse, et kui kasutate meie veebisaiti, siis n\u00f5ustute, n\u00f5ustute, lubate ja kinnitate:<\/p>\n<p>Avaldate meile vabatahtlikult n\u00f5utud n\u00f5usolekul isikuandmeid;<\/p>\n<p>Te j\u00e4rgite k\u00f5iki selle privaatsuspoliitika tingimusi ja piiranguid;<\/p>\n<p>Registreerute meie veebisaidil ja teave kogutakse;<\/p>\n<p>N\u00f5ustute meie privaatsuspoliitika mis tahes muudatustega tulevikus;<\/p>\n<p>N\u00f5ustute meie sidusettev\u00f5tete, sidusettev\u00f5tete ja t\u00f6\u00f6tajatega ning v\u00f5ite olla huvitatud toodetest ja teenustest, mis v\u00f5ivad teile huvi pakkuda (v\u00e4lja arvatud juhul, kui olete m\u00e4rkinud, et te ei soovi selliseid s\u00f5numeid saada).<\/p>\n<p><strong>Kogutavate isikuandmete t\u00fc\u00fcp<\/strong><\/p>\n<p>Kogume, haldame ja j\u00e4lgime isikuandmeid teie n\u00f5usolekul. Teile meie teenuste osutamiseks peate esitama isikuandmed ja nimetamata materjalid, mis on meie arvates vajalikud teie juhiste t\u00e4itmiseks ja meie teenuste edasiseks t\u00e4iustamiseks, sealhulgas, kuid mitte ainult:<\/p>\n<p><strong>Isiklik informatsioon<\/strong><\/p>\n<p>\u2013 Teie nimi, sugu, vanus, s\u00fcnniaeg, telefoninumber, faksinumber, aadress v\u00f5i postiaadress, e-posti aadress.<\/p>\n<p><strong>Nimetu materjal<\/strong><\/p>\n<p>Isikuandmete ja nimeta teabe kogumise eesm\u00e4rk ja kasutamine on j\u00e4rgmine:<\/p>\n<p>Pakkuge meile teenuseid meie veebisaidi kaudu;<\/p>\n<p>Kui kasutate meie veebisaiti, saate oma isiku tuvastada ja kinnitada;<\/p>\n<p>Lubage teil meie veebisaiti kasutades tunda;<\/p>\n<p>Meie klienditeenindajad saavad vajadusel teiega \u00fchendust v\u00f5tta;<\/p>\n<p>Statistika meie veebisaidi kasutamise kohta;<\/p>\n<p>Muutke meie veebisaidi kasutamine teile lihtsamaks;<\/p>\n<p>Viige l\u00e4bi turu-uuringuid meie toodete, teenuste ja veebisaidi sisu t\u00e4iustamiseks;<\/p>\n<p>Kogume teavet meie tegevuste, turundus- ja m\u00fc\u00fcgiedendusprogrammide jaoks;<\/p>\n<p>J\u00e4rgima seadusi, valitsus- ja reguleerivaid asutusi, sealhulgas, kuid mitte ainult, isikuandmete avaldamine ja teatised;<\/p>\n<p>Laske meil ja meie sidusettev\u00f5tetel, sidusettev\u00f5tetel, sidusettev\u00f5tetel, t\u00f6\u00f6tajatel, agentidel, teeninduspartneritel v\u00f5i muudel kolmandatel isikutel, kes t\u00f6\u00f6tavad meiega riigis, kus te elate, reklaamida tooteid ja\/v\u00f5i teenuseid;<\/p>\n<p>Anal\u00fc\u00fcsida, kontrollida ja\/v\u00f5i \u00fcle vaadata oma krediit, makse ja\/v\u00f5i olek seoses meie pakutavate teenustega;<\/p>\n<p>T\u00f6\u00f6delge teie n\u00f5udmisel maksejuhiseid, otsekorraldusi ja\/v\u00f5i krediidikorraldusi;<\/p>\n<p>V\u00f5imaldab teil oma kontot hallata ja\/v\u00f5i v\u00f5imaldab meil kontolt tasumata teenustasu v\u00e4lja v\u00f5tta.<\/p>\n<p><strong>K\u00fcpsised<\/strong><\/p>\n<p>Kui k\u00fclastate meie veebisaiti, kasutame Google&#039;i statistikat oma toimivuse salvestamiseks ja k\u00fcpsiste kaudu veebireklaami t\u00f5hususe kontrollimiseks. K\u00fcpsis on v\u00e4ike kogus andmeid, mis saadetakse teie brauserisse ja salvestatakse teie arvuti k\u00f5vakettale. K\u00fcpsiseid saab saata teie arvuti k\u00f5vakettale ainult siis, kui kasutate oma arvutit meie veebisaidile juurdep\u00e4\u00e4suks. K\u00fcpsiseid kasutatakse sageli k\u00fclastajate harjumuste ja eelistuste salvestamiseks meie veebisaidil erinevate \u00fcksuste sirvimisel. K\u00fcpsiste kogutud teave on registreerimata kollektiivne statistika ega sisalda isikuandmeid. K\u00fcpsiseid ei saa kasutada teie k\u00f5vakettal olevate andmete, teie e-posti aadressi ja teie privaatsete andmete hankimiseks. Kui k\u00fclastate meie veebisaiti uuesti, saate uuesti registreerumiseks vajalikud sammud salvestada. Enamik brausereid on eelh\u00e4\u00e4lestatud k\u00fcpsiste vastuv\u00f5tmiseks. Saate seadistada oma brauseri k\u00fcpsiseid mitte aktsepteerima v\u00f5i teavitama teid k\u00fcpsiste installimisest. Kui aga m\u00e4\u00e4rate k\u00fcpsiste kasutamise keelu, ei pruugi teil olla v\u00f5imalik meie veebisaidi teatud funktsioone aktiveerida ega kasutada.<\/p>\n<p>Kui te k\u00fcpsiseid ei keela ega eemalda, siis iga kord, kui kasutate meie veebisaidile sisenemiseks sama arvutit, teavitab meie veebiserver meid, et olete meie veebisaiti k\u00fclastanud, ning tuvastame teid ja teie registreerimis- ja makseandmeid. , kogub teavet kasutamise, turu-uuringute, edenemise j\u00e4lgimise ja reklaamitegevuses osalemise kohta.<\/p>\n<p>Saate muuta meie veebisaidile juurdep\u00e4\u00e4suks kasutatava arvuti brauseri seadeid, et otsustada, kas n\u00f5ustuda k\u00fcpsistega v\u00f5i mitte. Soovi korral saate brauseris s\u00e4tteid muuta. Kui m\u00e4\u00e4rate oma eelistused oma brauserisse, saate n\u00f5ustuda k\u00f5igi k\u00fcpsistega, saada k\u00fcpsistest teatisi ja isegi keelduda k\u00f5igist k\u00fcpsistest. Kui aga otsustate k\u00fcpsiseid mitte kasutada v\u00f5i k\u00f5ik k\u00fcpsised oma brauseris tagasi l\u00fckata, ei pruugi teil olla v\u00f5imalik meie veebisaidi teatud funktsioone kasutada v\u00f5i aktiveerida v\u00f5i peate v\u00f5ib-olla oma andmetesse uuesti sisse logima.<\/p>\n<p><strong>Salvestage isikuandmed ja nimeta teave<\/strong><\/p>\n<p>Isikuandmeid ja nimetut teavet, mille meile esitate, s\u00e4ilitatakse ainult kuni kogumise eesm\u00e4rgi saavutamiseni, v\u00e4lja arvatud juhul, kui seda s\u00e4ilitatakse koosk\u00f5las kehtivate seaduste ja m\u00e4\u00e4rustega.<\/p>\n<p><strong>Isikuandmete omamine ja avalikustamine<\/strong><\/p>\n<p>Kogu meie veebisaidil kogutud teave kuulub meile ja seda ei rendita ega m\u00fc\u00fcda mitteseotud kolmandatele isikutele. Isikuandmeid v\u00f5ib siiski avaldada:<\/p>\n<p><strong>Otsem\u00fc\u00fck<\/strong><\/p>\n<p>Kui olete meile oma isikuandmed edastanud, v\u00f5ite saada meilt v\u00f5i meie harukontorist telefonik\u00f5ne, e-kirja ja otsepostituse. Kui te ei soovi meie otseturundus- ja reklaammaterjale saada, kirjutage meile alloleval aadressil. Austame teie taotlust ega kasuta enam teie isikuandmeid otseturundustegevuses.<\/p>\n<p><strong>Isikuandmete kaitse<\/strong><\/p>\n<p>Rakendame asjakohaseid f\u00fc\u00fcsilisi, elektroonilisi, haldus- ja tehnilisi meetmeid, et kaitsta ja kaitsta teie isikuandmete turvalisust. P\u00fc\u00fcame tagada, et meie veebisaidi kaudu kogutud isikuandmed ei h\u00e4iri meiega mitteseotud kolmandaid isikuid. Turvameetmed, mida me v\u00f5tame, h\u00f5lmavad, kuid ei ole nendega piiratud:<\/p>\n<p>F\u00fc\u00fcsilised meetmed: Teie isikuandmeid sisaldavad kirjed s\u00e4ilitatakse lukustatud kohas.<\/p>\n<p>Elektroonilised meetmed: Teie isikuandmeid sisaldavad arvutiandmed salvestatakse arvutis\u00fcsteemidele ja andmekandjatele rangete sisselogimispiirangutega.<\/p>\n<p>Haldusmeetmed: Teie isikuandmetele p\u00e4\u00e4sevad juurde ainult meie poolt volitatud t\u00f6\u00f6tajad. Need t\u00f6\u00f6tajad on kohustatud j\u00e4rgima meie isikuandmete sisemist konfidentsiaalsuseeskirja.<\/p>\n<p>Tehnilised meetmed: teie isikuandmete edastamiseks v\u00f5idakse kasutada kr\u00fcpteerimistehnoloogiat, n\u00e4iteks Secure Socket Layer Encryption.<\/p>\n<p>Muud meetmed: meie veebiserver on kaitstud tulem\u00fc\u00fcriga.<\/p>\n<p>Kui olete teadlik meie veebisaidil esinevatest turvaaukudest, v\u00f5tke meiega \u00fchendust, et saaksime v\u00f5imalikult kiiresti asjakohaseid meetmeid v\u00f5tta.<\/p>\n<p>Vaatamata \u00fclaltoodud tehniliste ja turvameetmete rakendamisele ei saa me tagada Internetis olevate andmete absoluutset turvalisust, seega ei saa me garanteerida, et isikuandmed, mida meile meie veebisaidi kaudu edastate, on alati turvalised. Me ei vastuta vahejuhtumite eest, mis tulenevad volitamata juurdep\u00e4\u00e4sust teie isikuandmetele, ning me ei vastuta sellega seoses tekkinud v\u00f5i tekitatud kahjude v\u00f5i kahjude eest.<\/p>\n<p><strong>Alaealine<\/strong><\/p>\n<p>Kui m\u00f5ni vanem v\u00f5i eestkostja usub, et alaealine on esitanud meile isikuandmeid ilma vanema v\u00f5i eestkostja loata v\u00f5i n\u00f5usolekuta, v\u00f5tke julgelt \u00fchendust meie klienditeeninduse osakonnaga, et tagada teabe eemaldamine ja meie reklaamloendist. T\u00f5mbus tagasi.<\/p>\n<p><strong>Juurdep\u00e4\u00e4s isikuandmetele ja nende parandamine<\/strong><\/p>\n<p><strong>Teil on \u00f5igus:<\/strong><\/p>\n<p>Kontrollige, kas meil on teie isikuandmeid;<\/p>\n<p>Juurdep\u00e4\u00e4s meie valduses olevatele teie isikuandmetele;<\/p>\n<p>Paluge meil parandada k\u00f5ik eba\u00f5iged isikuandmed;<\/p>\n<p>Aeg-ajalt k\u00fcsige meie valduses olevate isikuandmete olemuse, poliitika ja rakendusmeetodite kohta.<\/p>\n<p>Kuid seadusega lubatud \u00e4\u00e4rmiselt piiratud asjaoludel ei pruugi me lubada teil juurdep\u00e4\u00e4su teie isikuandmetele, n\u00e4iteks:<\/p>\n<p>Kui saate ja saate oma isikuandmeid, v\u00f5ite olla ohus;<\/p>\n<p>Kui teie profiil v\u00f5ib k\u00e4imasolevat k\u00fcsitlust m\u00f5jutada;<\/p>\n<p>Kui teie isikuandmed on seotud kohtumenetlusega ja nende suhtes v\u00f5ivad kehtida avastamispiirangud.<\/p>\n<p>Kui teie profiil h\u00f5lmab \u00e4ritundlikku otsustusprotsessi;<\/p>\n<p>Kui samasse kirjesse on lisatud ka teise inimese profiil.<\/p>\n<p>Kui soovite oma isikuandmetele juurde p\u00e4\u00e4seda v\u00f5i neid parandada v\u00f5i k\u00fcsida teavet oma isikuandmete, nende teostamise ja teie valduses olevate isikuandmete t\u00fc\u00fcbi kohta, peaksite meile kirjutama alloleval aadressil. Teabele juurdep\u00e4\u00e4su v\u00f5i teabe parandamise taotlused v\u00f5ivad kaasa tuua m\u00f5istlikud t\u00f6\u00f6tlemistasud.<\/p>\n<p><strong>Hoidke oma parool turvaliselt<\/strong><\/p>\n<p>Lisaks meie p\u00fc\u00fcdlustele tagada teie isikuandmete s\u00e4ilitamise ja t\u00f6\u00f6tlemise turvalisus, ei tohiks te oma isikuandmete kaitsmiseks oma sisselogimise parooli ega kontoteavet kellelegi avaldada. Iga kord, kui logite meie veebisaidile sisse, eriti kui kasutate kellegi teise arvutit v\u00f5i avalikku internetiterminali, \u00e4rge unustage p\u00e4rast toimingut kl\u00f5psata ja sulgeda. Teie j\u00f5upingutused ja abi on meile teie isikuandmete kaitsmisel igati kasulikud.<\/p>\n<p><strong>Privaatsuspoliitika muutmine<\/strong><\/p>\n<p>Seda privaatsuspoliitikat v\u00f5idakse aeg-ajalt muuta (teid ette teatamata). K\u00f5ik privaatsuspoliitika muudatused avaldatakse meie veebisaidil.<\/p>\n<p><strong>V\u00f5ta meiega \u00fchendust<\/strong><\/p>\n<p>Kui teil on meie privaatsuspoliitika kohta k\u00fcsimusi v\u00f5i muresid, v\u00f5tke meiega julgelt \u00fchendust.<\/p>","protected":false},"excerpt":{"rendered":"<p>Privacy Policy Committed to We are committed to protecting the privacy, personal information and personal information (collectively referred to as &#8220;Personal Data&#8221;) provided by us when using our website, so that we are able to collect, use, store and transmit personal data (with personal data privacy). Relevant laws and regulations) and the highest standards of [&#8230;]\n","protected":false},"author":1,"featured_media":0,"parent":0,"menu_order":0,"comment_status":"closed","ping_status":"open","template":"","meta":{"footnotes":""},"class_list":["post-3","page","type-page","status-publish","hentry"],"_links":{"self":[{"href":"https:\/\/www.ccmmachine.com\/et\/wp-json\/wp\/v2\/pages\/3","targetHints":{"allow":["GET"]}}],"collection":[{"href":"https:\/\/www.ccmmachine.com\/et\/wp-json\/wp\/v2\/pages"}],"about":[{"href":"https:\/\/www.ccmmachine.com\/et\/wp-json\/wp\/v2\/types\/page"}],"author":[{"embeddable":true,"href":"https:\/\/www.ccmmachine.com\/et\/wp-json\/wp\/v2\/users\/1"}],"replies":[{"embeddable":true,"href":"https:\/\/www.ccmmachine.com\/et\/wp-json\/wp\/v2\/comments?post=3"}],"version-history":[{"count":0,"href":"https:\/\/www.ccmmachine.com\/et\/wp-json\/wp\/v2\/pages\/3\/revisions"}],"wp:attachment":[{"href":"https:\/\/www.ccmmachine.com\/et\/wp-json\/wp\/v2\/media?parent=3"}],"curies":[{"name":"wp","href":"https:\/\/api.w.org\/{rel}","templated":true}]}}