{"id":1414,"date":"2024-03-21T02:08:47","date_gmt":"2024-03-21T02:08:47","guid":{"rendered":"https:\/\/www.ccmmachine.com\/?post_type=product&#038;p=1414"},"modified":"2024-03-21T02:08:51","modified_gmt":"2024-03-21T02:08:51","slug":"freidora-a-presion-de-gas-pfg-800","status":"publish","type":"product","link":"https:\/\/www.ccmmachine.com\/es\/product\/gas-pressure-fryer-pfg-800\/","title":{"rendered":"Freidora a presi\u00f3n de gas PFG-800"},"content":{"rendered":"<p> Esta freidora a presi\u00f3n para pollo de la serie utiliza un principio de baja temperatura y alta presi\u00f3n, los alimentos fritos quedan crujientes por fuera y tiernos y de color brillante. Todo el cuerpo de acero inoxidable, panel de control por computadora, operaci\u00f3n simple y control autom\u00e1tico de temperatura y presi\u00f3n de escape. <\/p>\n\n\n\n<h3 class=\"wp-block-heading\"><strong>Principales caracter\u00edsticas<\/strong><\/h3>\n\n\n\n<ul class=\"wp-block-list\">\n<li>Cuerpo totalmente de acero inoxidable, f\u00e1cil de limpiar y limpiar, con una larga vida \u00fatil. <\/li>\n\n\n\n<li>Tapa de aluminio, resistente y ligera, f\u00e1cil de abrir y cerrar. <\/li>\n\n\n\n<li>Sistema de filtro de aceite autom\u00e1tico incorporado, f\u00e1cil de usar, eficiente y que ahorra energ\u00eda. <\/li>\n\n\n\n<li>Las cuatro ruedas tienen una gran capacidad y est\u00e1n equipadas con una funci\u00f3n de freno, que es f\u00e1cil de mover y colocar. <\/li>\n\n\n\n<li>El panel de control de pantalla digital es m\u00e1s preciso y hermoso. <\/li>\n\n\n\n<li>La m\u00e1quina est\u00e1 equipada con teclas de almacenamiento 10-0 para 10 categor\u00edas de fritura de alimentos. <\/li>\n\n\n\n<li>Configure el escape autom\u00e1tico una vez transcurrido el tiempo y active una alarma para recordarlo. <\/li>\n\n\n\n<li>Cada clave de producto puede configurar 10 modos de calefacci\u00f3n. <\/li>\n\n\n\n<li>Se pueden configurar recordatorios de filtro de aceite y recordatorios de cambio de aceite. <\/li>\n\n\n\n<li>Cambie a grados Fahrenheit. <\/li>\n\n\n\n<li>Se puede configurar el tiempo de precalentamiento. <\/li>\n\n\n\n<li>Se pueden configurar el tiempo de limpieza, el modo inactivo y el modo de fusi\u00f3n de aceite. <\/li>\n\n\n\n<li>Se puede regular con o sin presi\u00f3n en el trabajo.<\/li>\n<\/ul>\n\n\n\n<figure class=\"wp-block-table\"><table><tbody><tr><td><strong>Nombre<\/strong><\/td><td>freidora a presi\u00f3n de gas<\/td><\/tr><tr><td><strong>Modelo<\/strong><\/td><td>PFG-800<\/td><\/tr><tr><td><strong>Presi\u00f3n laboral<\/strong><\/td><td>0,085 MPa<\/td><\/tr><tr><td><strong>Rango de temperatura de control<\/strong><\/td><td>20~200\u2103<\/td><\/tr><tr><td><strong>Consumo de gas<\/strong><\/td><td>Aproximadamente 0,48 kg\/h (incluido el tiempo de espera)<\/td><\/tr><tr><td><strong>Voltaje<\/strong><\/td><td>&nbsp;~220V\/50Hz-60Hz<\/td><\/tr><tr><td><strong>Combustible<\/strong><\/td><td>GLP\/gas natural<\/td><\/tr><tr><td><strong>Tama\u00f1o<\/strong><\/td><td>460\u00d7960\u00d71230mm<\/td><\/tr><tr><td><strong>Tama\u00f1o de embalaje<\/strong><\/td><td>510\u00d71030\u00d71300mm<\/td><\/tr><tr><td><strong>Capacidad<\/strong><\/td><td>24L<\/td><\/tr><tr><td><strong>Peso<\/strong><\/td><td>110 kilos<\/td><\/tr><tr><td><strong>Peso bruto<\/strong><\/td><td>135 kilos<\/td><\/tr><tr><td><strong>Panel de control<\/strong><\/td><td>Panel de computadora<\/td><\/tr><\/tbody><\/table><\/figure>\n\n\n\n<figure class=\"wp-block-image size-large\"><img decoding=\"async\" width=\"1024\" height=\"768\" src=\"https:\/\/www.ccmmachine.com\/wp-content\/uploads\/2024\/03\/Pfg-800-Chicken-Pressure-Fryer-LPG-Gas-Deep-Fryer-1024x768.webp\" alt=\"\" class=\"wp-image-1554\" srcset=\"https:\/\/www.ccmmachine.com\/wp-content\/uploads\/2024\/03\/Pfg-800-Chicken-Pressure-Fryer-LPG-Gas-Deep-Fryer-1024x768.webp 1024w, https:\/\/www.ccmmachine.com\/wp-content\/uploads\/2024\/03\/Pfg-800-Chicken-Pressure-Fryer-LPG-Gas-Deep-Fryer-800x600.webp 800w, https:\/\/www.ccmmachine.com\/wp-content\/uploads\/2024\/03\/Pfg-800-Chicken-Pressure-Fryer-LPG-Gas-Deep-Fryer-300x225.webp 300w, https:\/\/www.ccmmachine.com\/wp-content\/uploads\/2024\/03\/Pfg-800-Chicken-Pressure-Fryer-LPG-Gas-Deep-Fryer-768x576.webp 768w, https:\/\/www.ccmmachine.com\/wp-content\/uploads\/2024\/03\/Pfg-800-Chicken-Pressure-Fryer-LPG-Gas-Deep-Fryer-16x12.webp 16w, https:\/\/www.ccmmachine.com\/wp-content\/uploads\/2024\/03\/Pfg-800-Chicken-Pressure-Fryer-LPG-Gas-Deep-Fryer.webp 1440w\" sizes=\"(max-width: 1024px) 100vw, 1024px\" \/><\/figure>","protected":false},"excerpt":{"rendered":"<p>This series chicken pressure fryer uses a low temperature and high pressure principle, fried food crisp outside and tender, bright color. The whole body of stainless steel, computer control panel, simple operation, and automatic temperature control exhaust pressure. Main Features Name gas pressure fryer Model PFG-800 Working pressure 0.085Mpa Control temperature range 20~200\u2103 Gas consumption [&#8230;]\n","protected":false},"featured_media":1553,"template":"","meta":[],"product_brand":[],"product_cat":[86],"product_tag":[],"class_list":{"0":"post-1414","1":"product","2":"type-product","3":"status-publish","4":"has-post-thumbnail","6":"product_cat-gas-pressure-fryers","8":"first","9":"instock","10":"shipping-taxable","11":"product-type-simple"},"_links":{"self":[{"href":"https:\/\/www.ccmmachine.com\/es\/wp-json\/wp\/v2\/product\/1414","targetHints":{"allow":["GET"]}}],"collection":[{"href":"https:\/\/www.ccmmachine.com\/es\/wp-json\/wp\/v2\/product"}],"about":[{"href":"https:\/\/www.ccmmachine.com\/es\/wp-json\/wp\/v2\/types\/product"}],"wp:featuredmedia":[{"embeddable":true,"href":"https:\/\/www.ccmmachine.com\/es\/wp-json\/wp\/v2\/media\/1553"}],"wp:attachment":[{"href":"https:\/\/www.ccmmachine.com\/es\/wp-json\/wp\/v2\/media?parent=1414"}],"wp:term":[{"taxonomy":"product_brand","embeddable":true,"href":"https:\/\/www.ccmmachine.com\/es\/wp-json\/wp\/v2\/product_brand?post=1414"},{"taxonomy":"product_cat","embeddable":true,"href":"https:\/\/www.ccmmachine.com\/es\/wp-json\/wp\/v2\/product_cat?post=1414"},{"taxonomy":"product_tag","embeddable":true,"href":"https:\/\/www.ccmmachine.com\/es\/wp-json\/wp\/v2\/product_tag?post=1414"}],"curies":[{"name":"wp","href":"https:\/\/api.w.org\/{rel}","templated":true}]}}