{"id":1403,"date":"2024-03-21T04:11:58","date_gmt":"2024-03-21T04:11:58","guid":{"rendered":"https:\/\/www.ccmmachine.com\/?post_type=product&#038;p=1403"},"modified":"2024-03-21T04:12:02","modified_gmt":"2024-03-21T04:12:02","slug":"freidora-a-presion-de-gas-mdxz-25c","status":"publish","type":"product","link":"https:\/\/www.ccmmachine.com\/es\/product\/gas-pressure-fryer-mdxz-25c\/","title":{"rendered":"Freidora a presi\u00f3n de gas MDXZ-25"},"content":{"rendered":"<p>La freidora a presi\u00f3n es la empresa que absorbe tecnolog\u00eda avanzada extranjera, desarrollo y producci\u00f3n del \u00faltimo proceso de producci\u00f3n de pollo frito al horno de acuerdo con las caracter\u00edsticas del pollo asado tradicional y occidental.<\/p>\n\n\n\n<p>Todo el cuerpo de acero inoxidable, sincronizaci\u00f3n electr\u00f3nica, control autom\u00e1tico de temperatura y presi\u00f3n de escape. Utilizando el principio de alta presi\u00f3n y baja temperatura, los alimentos fritos quedan crujientes por fuera y tiernos, de color brillante, pero tambi\u00e9n pato frito, pescado, cerdo, cordero y otras carnes y verduras, patatas. Aplicable a todas las principales tiendas, hoteles, restaurantes de comida r\u00e1pida, cafeter\u00edas, comedores de f\u00e1bricas y hogares de trabajadores aut\u00f3nomos.<\/p>\n\n\n\n<p>La operaci\u00f3n espec\u00edfica es simple, limpia, f\u00e1cil de usar, alta eficiencia, durabilidad y otras caracter\u00edsticas, y es el \u00faltimo tipo de maquinaria y equipo de procesamiento de alimentos.<gwmw style=\"display:none;\"><\/gwmw><\/p>\n\n\n\n<h3 class=\"wp-block-heading\"><strong>Caracter\u00edsticas:<\/strong><gwmw style=\"display:none;\"><\/gwmw><\/h3>\n\n\n\n<ul class=\"wp-block-list\">\n<li>Cuerpo totalmente de acero inoxidable, f\u00e1cil de lavar y limpiar, larga vida \u00fatil.<\/li>\n\n\n\n<li>Tapa de aluminio, resistente y ligera, f\u00e1cil de abrir y cerrar.<gwmw style=\"display:none;\"><\/gwmw><\/li>\n\n\n\n<li>Cuatro ruedas con capacidad de carga junto con funci\u00f3n de freno, facilidad de movimiento y posicionamiento.<gwmw style=\"display:none;\"><\/gwmw><\/li>\n\n\n\n<li>El panel de control del panel de la m\u00e1quina, duradero y f\u00e1cil de reemplazar.<gwmw style=\"display:none;\"><\/gwmw><gwmw style=\"display:none;\"><\/gwmw><gwmw style=\"display:none;\"><\/gwmw><gwmw style=\"display:none;\"><\/gwmw><\/li>\n<\/ul>\n\n\n\n<figure class=\"wp-block-table\"><table><tbody><tr><td><strong>Nombre<\/strong><\/td><td>freidora a presi\u00f3n de gas<\/td><\/tr><tr><td><strong>Modelo<\/strong><\/td><td>MDXZ-25<\/td><\/tr><tr><td><strong>Presi\u00f3n laboral<\/strong><\/td><td>0,085 MPa<\/td><\/tr><tr><td><strong>Rango de temperatura de control<\/strong><\/td><td>90~190\u2103<gwmw style=\"display: none; background-color: transparent;\"><\/gwmw><\/td><\/tr><tr><td><strong>Consumo de gas<\/strong><\/td><td>Aproximadamente 0,48 kg\/h (incluido el tiempo de espera)<\/td><\/tr><tr><td><strong>Voltaje<\/strong><\/td><td>GLP\/gas natural<\/td><\/tr><tr><td><strong>Combustible<\/strong><\/td><td>GLP\/gas natural<\/td><\/tr><tr><td><strong>Tama\u00f1o<\/strong><\/td><td>460\u00d7960\u00d71230mm<\/td><\/tr><tr><td><strong>Tama\u00f1o de embalaje<\/strong><\/td><td>510\u00d71030\u00d71300mm<\/td><\/tr><tr><td><strong>Capacidad<\/strong><\/td><td>25L<\/td><\/tr><tr><td><strong>Peso<\/strong><\/td><td>110 kilos<gwmw style=\"display:none;\"><\/gwmw><\/td><\/tr><tr><td><strong>Peso bruto<\/strong><\/td><td>120 kilos<\/td><\/tr><tr><td><strong>Panel de control<\/strong><\/td><td>paneles manuales<\/td><\/tr><\/tbody><\/table><\/figure>\n\n\n\n<p><gwmw style=\"display:none;\"><\/gwmw><\/p>","protected":false},"excerpt":{"rendered":"<p>The pressure fryer is the company absorbing foreign advanced technology, development and production of the latest fried chicken oven fried chicken production process according to the characteristics of Western and traditional Chinese roast chicken. The whole body of stainless steel, electronic timing, automatic temperature control exhaust pressure. Using the low-temperature high-pressure principle, fried food is [&#8230;]\n","protected":false},"featured_media":1580,"template":"","meta":[],"product_brand":[],"product_cat":[86],"product_tag":[],"class_list":{"0":"post-1403","1":"product","2":"type-product","3":"status-publish","4":"has-post-thumbnail","6":"product_cat-gas-pressure-fryers","8":"first","9":"instock","10":"shipping-taxable","11":"product-type-simple"},"_links":{"self":[{"href":"https:\/\/www.ccmmachine.com\/es\/wp-json\/wp\/v2\/product\/1403","targetHints":{"allow":["GET"]}}],"collection":[{"href":"https:\/\/www.ccmmachine.com\/es\/wp-json\/wp\/v2\/product"}],"about":[{"href":"https:\/\/www.ccmmachine.com\/es\/wp-json\/wp\/v2\/types\/product"}],"wp:featuredmedia":[{"embeddable":true,"href":"https:\/\/www.ccmmachine.com\/es\/wp-json\/wp\/v2\/media\/1580"}],"wp:attachment":[{"href":"https:\/\/www.ccmmachine.com\/es\/wp-json\/wp\/v2\/media?parent=1403"}],"wp:term":[{"taxonomy":"product_brand","embeddable":true,"href":"https:\/\/www.ccmmachine.com\/es\/wp-json\/wp\/v2\/product_brand?post=1403"},{"taxonomy":"product_cat","embeddable":true,"href":"https:\/\/www.ccmmachine.com\/es\/wp-json\/wp\/v2\/product_cat?post=1403"},{"taxonomy":"product_tag","embeddable":true,"href":"https:\/\/www.ccmmachine.com\/es\/wp-json\/wp\/v2\/product_tag?post=1403"}],"curies":[{"name":"wp","href":"https:\/\/api.w.org\/{rel}","templated":true}]}}