{"id":1399,"date":"2024-03-21T03:58:46","date_gmt":"2024-03-21T03:58:46","guid":{"rendered":"https:\/\/www.ccmmachine.com\/?post_type=product&#038;p=1399"},"modified":"2024-03-21T03:59:18","modified_gmt":"2024-03-21T03:59:18","slug":"freidora-a-presion-de-gas-pfg-500","status":"publish","type":"product","link":"https:\/\/www.ccmmachine.com\/es\/product\/gas-pressure-fryer-pfg-500\/","title":{"rendered":"Freidora a presi\u00f3n de gas PFG-500"},"content":{"rendered":"<h3 class=\"wp-block-heading\">DESCRIPCI\u00d3N<gwmw style=\"display:none;\"><\/gwmw><\/h3>\n\n\n\n<p>La serie de hornos para pollo frito a presi\u00f3n de gas es una l\u00ednea de dispositivos desarrollados por nuestra empresa, que incorpora tecnolog\u00eda avanzada del extranjero. Estos hornos est\u00e1n dise\u00f1ados espec\u00edficamente para la producci\u00f3n de pollo frito, teniendo en cuenta los m\u00e9todos de asado de pollo tanto occidentales como tradicionales chinos. Todo el cuerpo del horno est\u00e1 fabricado en acero inoxidable y cuenta con sincronizaci\u00f3n electr\u00f3nica y control autom\u00e1tico de temperatura con presi\u00f3n de escape. Al utilizar el principio de baja temperatura y alta presi\u00f3n, nuestros hornos producen alimentos fritos crujientes y tiernos con un color brillante. Adem\u00e1s de pollo, tambi\u00e9n se pueden utilizar para fre\u00edr pato, pescado, cerdo, ternera, cordero, patatas y otras verduras. Nuestros hornos son aptos para su uso en diversos establecimientos como tiendas, hoteles, restaurantes de comida r\u00e1pida, cafeter\u00edas, comedores de f\u00e1bricas e incluso para aut\u00f3nomos. Son f\u00e1ciles de operar, limpios y altamente eficientes, lo que los convierte en la maquinaria y el equipo de procesamiento de alimentos m\u00e1s recientes y avanzados disponibles.<\/p>\n\n\n\n<h3 class=\"wp-block-heading\"><strong>Caracter\u00edsticas:<\/strong><gwmw style=\"display:none;\"><\/gwmw><\/h3>\n\n\n\n<p>1. Cuerpo totalmente de acero inoxidable, f\u00e1cil de lavar y limpiar, larga vida \u00fatil.<br>2. Tapa de aluminio, resistente y liviana, f\u00e1cil de abrir y cerrar.<br>3. Sistema de filtraci\u00f3n autom\u00e1tico incorporado, f\u00e1cil de usar y energ\u00e9ticamente eficiente.<br>4. Capacidad de carga de cuatro ruedas, junto con funci\u00f3n de freno, facilidad de movimiento y posicionamiento.<br>5. El panel de control del panel de la m\u00e1quina, duradero y f\u00e1cil de reemplazar.<\/p>\n\n\n\n<figure class=\"wp-block-image size-full is-resized\"><img decoding=\"async\" width=\"1000\" height=\"714\" src=\"https:\/\/www.ccmmachine.com\/wp-content\/uploads\/2024\/03\/Hot-Selling-Commercial-Henny-Penny-Kfc-Gas-Pfg-500-Pressure-Fryer-1.webp\" alt=\"\" class=\"wp-image-1570\" style=\"width:840px;height:auto\" srcset=\"https:\/\/www.ccmmachine.com\/wp-content\/uploads\/2024\/03\/Hot-Selling-Commercial-Henny-Penny-Kfc-Gas-Pfg-500-Pressure-Fryer-1.webp 1000w, https:\/\/www.ccmmachine.com\/wp-content\/uploads\/2024\/03\/Hot-Selling-Commercial-Henny-Penny-Kfc-Gas-Pfg-500-Pressure-Fryer-1-800x571.webp 800w\" sizes=\"(max-width: 1000px) 100vw, 1000px\" \/><\/figure>\n\n\n\n<figure class=\"wp-block-image size-large\"><img decoding=\"async\" width=\"647\" height=\"1024\" src=\"https:\/\/www.ccmmachine.com\/wp-content\/uploads\/2024\/03\/Hot-Selling-Commercial-Henny-Penny-Kfc-Gas-Pfg-500-Pressure-Fryer-2-647x1024.webp\" alt=\"\" class=\"wp-image-1571\" srcset=\"https:\/\/www.ccmmachine.com\/wp-content\/uploads\/2024\/03\/Hot-Selling-Commercial-Henny-Penny-Kfc-Gas-Pfg-500-Pressure-Fryer-2-647x1024.webp 647w, https:\/\/www.ccmmachine.com\/wp-content\/uploads\/2024\/03\/Hot-Selling-Commercial-Henny-Penny-Kfc-Gas-Pfg-500-Pressure-Fryer-2-800x1266.webp 800w, https:\/\/www.ccmmachine.com\/wp-content\/uploads\/2024\/03\/Hot-Selling-Commercial-Henny-Penny-Kfc-Gas-Pfg-500-Pressure-Fryer-2-190x300.webp 190w, https:\/\/www.ccmmachine.com\/wp-content\/uploads\/2024\/03\/Hot-Selling-Commercial-Henny-Penny-Kfc-Gas-Pfg-500-Pressure-Fryer-2-768x1215.webp 768w, https:\/\/www.ccmmachine.com\/wp-content\/uploads\/2024\/03\/Hot-Selling-Commercial-Henny-Penny-Kfc-Gas-Pfg-500-Pressure-Fryer-2-971x1536.webp 971w, https:\/\/www.ccmmachine.com\/wp-content\/uploads\/2024\/03\/Hot-Selling-Commercial-Henny-Penny-Kfc-Gas-Pfg-500-Pressure-Fryer-2-8x12.webp 8w, https:\/\/www.ccmmachine.com\/wp-content\/uploads\/2024\/03\/Hot-Selling-Commercial-Henny-Penny-Kfc-Gas-Pfg-500-Pressure-Fryer-2.webp 1000w\" sizes=\"(max-width: 647px) 100vw, 647px\" \/><\/figure>\n\n\n\n<figure class=\"wp-block-image size-full\"><img decoding=\"async\" width=\"740\" height=\"640\" src=\"https:\/\/www.ccmmachine.com\/wp-content\/uploads\/2024\/03\/Hot-Selling-Commercial-Henny-Penny-Kfc-Gas-Pfg-500-Pressure-Fryer-3.webp\" alt=\"\" class=\"wp-image-1572\" srcset=\"https:\/\/www.ccmmachine.com\/wp-content\/uploads\/2024\/03\/Hot-Selling-Commercial-Henny-Penny-Kfc-Gas-Pfg-500-Pressure-Fryer-3.webp 740w, https:\/\/www.ccmmachine.com\/wp-content\/uploads\/2024\/03\/Hot-Selling-Commercial-Henny-Penny-Kfc-Gas-Pfg-500-Pressure-Fryer-3-700x605.webp 700w, https:\/\/www.ccmmachine.com\/wp-content\/uploads\/2024\/03\/Hot-Selling-Commercial-Henny-Penny-Kfc-Gas-Pfg-500-Pressure-Fryer-3-300x259.webp 300w, https:\/\/www.ccmmachine.com\/wp-content\/uploads\/2024\/03\/Hot-Selling-Commercial-Henny-Penny-Kfc-Gas-Pfg-500-Pressure-Fryer-3-14x12.webp 14w\" sizes=\"(max-width: 740px) 100vw, 740px\" \/><\/figure>","protected":false},"excerpt":{"rendered":"<p>DESCRIPTION The\u00a0Gas\u00a0Pressure\u00a0Fried\u00a0Chicken\u00a0Furnace series\u00a0is a line of\u00a0devices\u00a0developed\u00a0by our\u00a0company,\u00a0incorporating advanced technology\u00a0from abroad. These\u00a0ovens\u00a0are designed\u00a0specifically\u00a0for\u00a0the\u00a0production of\u00a0fried chicken,\u00a0taking\u00a0into account\u00a0both Western and traditional Chinese\u00a0methods of\u00a0roasting\u00a0chicken. The entire\u00a0body of\u00a0the oven is\u00a0made of stainless steel\u00a0and features electronic timing and automatic temperature control\u00a0with\u00a0exhaust pressure.\u00a0By utilizing\u00a0the\u00a0low-temperature high-pressure principle,\u00a0our\u00a0ovens\u00a0produce\u00a0crispy\u00a0and tender\u00a0fried food with a\u00a0bright color. In addition to chicken, they\u00a0can also\u00a0be\u00a0used\u00a0to fry\u00a0duck, fish, pork, beef, mutton,\u00a0potatoes,\u00a0and [&#8230;]\n","protected":false},"featured_media":1573,"template":"","meta":[],"product_brand":[],"product_cat":[86],"product_tag":[],"class_list":{"0":"post-1399","1":"product","2":"type-product","3":"status-publish","4":"has-post-thumbnail","6":"product_cat-gas-pressure-fryers","8":"first","9":"instock","10":"shipping-taxable","11":"product-type-simple"},"_links":{"self":[{"href":"https:\/\/www.ccmmachine.com\/es\/wp-json\/wp\/v2\/product\/1399","targetHints":{"allow":["GET"]}}],"collection":[{"href":"https:\/\/www.ccmmachine.com\/es\/wp-json\/wp\/v2\/product"}],"about":[{"href":"https:\/\/www.ccmmachine.com\/es\/wp-json\/wp\/v2\/types\/product"}],"wp:featuredmedia":[{"embeddable":true,"href":"https:\/\/www.ccmmachine.com\/es\/wp-json\/wp\/v2\/media\/1573"}],"wp:attachment":[{"href":"https:\/\/www.ccmmachine.com\/es\/wp-json\/wp\/v2\/media?parent=1399"}],"wp:term":[{"taxonomy":"product_brand","embeddable":true,"href":"https:\/\/www.ccmmachine.com\/es\/wp-json\/wp\/v2\/product_brand?post=1399"},{"taxonomy":"product_cat","embeddable":true,"href":"https:\/\/www.ccmmachine.com\/es\/wp-json\/wp\/v2\/product_cat?post=1399"},{"taxonomy":"product_tag","embeddable":true,"href":"https:\/\/www.ccmmachine.com\/es\/wp-json\/wp\/v2\/product_tag?post=1399"}],"curies":[{"name":"wp","href":"https:\/\/api.w.org\/{rel}","templated":true}]}}