{"id":1392,"date":"2024-03-21T02:18:29","date_gmt":"2024-03-21T02:18:29","guid":{"rendered":"https:\/\/www.ccmmachine.com\/?post_type=product&#038;p=1392"},"modified":"2024-03-21T02:18:34","modified_gmt":"2024-03-21T02:18:34","slug":"freidora-de-pollo-profesional-pfe-800","status":"publish","type":"product","link":"https:\/\/www.ccmmachine.com\/es\/product\/commercial-chicken-fryer-pfe-800\/","title":{"rendered":"Freidora de Pollo Comercial PFE-800"},"content":{"rendered":"<p>Freidora de Pollo Comercial PFE-800 <\/p>\n\n\n\n<ul class=\"wp-block-list\">\n<li>Principio de uso -temperatura alta presi\u00f3n <\/li>\n\n\n\n<li>Todo el cuerpo de acero inoxidable 304, panel de control por computadora. <\/li>\n\n\n\n<li>Controla autom\u00e1ticamente la temperatura y el tiempo para facilitar la operaci\u00f3n diaria. <\/li>\n\n\n\n<li>Temperatura m\u00e1xima de fritura hasta 200\u00baC. Freidora instalada dentro de un sistema de filtraci\u00f3n, varios filtros, mejoran la calidad del producto y reducen el coste del aceite. <\/li>\n\n\n\n<li>Se utiliza habitualmente en restaurantes de comida frita, hoteles y otros establecimientos de restauraci\u00f3n. <\/li>\n<\/ul>\n\n\n\n<h3 class=\"wp-block-heading\"><strong>Par\u00e1metro<\/strong><\/h3>\n\n\n\n<figure class=\"wp-block-table\"><table><tbody><tr><td> <span style=\"font-family: inherit; font-size: inherit; font-weight: inherit; color: initial;\">nombre del producto<\/span><\/td><td> <span style=\"font-family: inherit; font-size: inherit; font-weight: inherit; color: initial;\">Freidora a presi\u00f3n el\u00e9ctrica y de gas<\/span><\/td><\/tr><tr><td><div><div>Modelo<\/div><\/div><\/td><td><div>PFE-800<\/div><\/td><\/tr><tr><td><div><div>Voltaje<\/div><\/div><\/td><td> <span style=\"font-family: inherit; font-size: inherit; font-weight: inherit; color: initial;\">220V\/380V\/110V<\/span><\/td><\/tr><tr><td><div><div>Fuerza<\/div><\/div><\/td><td><div>13,5 kw<\/div><\/td><\/tr><tr><td><div><div>Capacidad<\/div><\/div><\/td><td><div>25L<\/div><\/td><\/tr><tr><td><div><div>Peso neto<\/div><\/div><\/td><td><div>135 kilos<\/div><\/td><\/tr><tr><td><div><div>Peso bruto<\/div><\/div><\/td><td><div>155 kilos<\/div><\/td><\/tr><tr><td><div><div>Dimensi\u00f3n<\/div><\/div><\/td><td><div>460*960*1230mm<\/div><\/td><\/tr><tr><td><div><div>Panel de control<\/div><\/div><\/td><td><div>Panel de control de computadora<\/div><\/td><\/tr><\/tbody><\/table><\/figure>\n\n\n\n<figure class=\"wp-block-image size-large\"><img decoding=\"async\" width=\"768\" height=\"1024\" src=\"https:\/\/www.ccmmachine.com\/wp-content\/uploads\/2019\/09\/Commercial-Factory-Price-Chicken-Frying-Machine-Deep-Pressure-Fryer-Machine-Commercial-Chicken-Fryer-Pfe-800-1-768x1024.webp\" alt=\"\" class=\"wp-image-1556\" srcset=\"https:\/\/www.ccmmachine.com\/wp-content\/uploads\/2019\/09\/Commercial-Factory-Price-Chicken-Frying-Machine-Deep-Pressure-Fryer-Machine-Commercial-Chicken-Fryer-Pfe-800-1-768x1024.webp 768w, https:\/\/www.ccmmachine.com\/wp-content\/uploads\/2019\/09\/Commercial-Factory-Price-Chicken-Frying-Machine-Deep-Pressure-Fryer-Machine-Commercial-Chicken-Fryer-Pfe-800-1-800x1067.webp 800w, https:\/\/www.ccmmachine.com\/wp-content\/uploads\/2019\/09\/Commercial-Factory-Price-Chicken-Frying-Machine-Deep-Pressure-Fryer-Machine-Commercial-Chicken-Fryer-Pfe-800-1-225x300.webp 225w, https:\/\/www.ccmmachine.com\/wp-content\/uploads\/2019\/09\/Commercial-Factory-Price-Chicken-Frying-Machine-Deep-Pressure-Fryer-Machine-Commercial-Chicken-Fryer-Pfe-800-1-9x12.webp 9w, https:\/\/www.ccmmachine.com\/wp-content\/uploads\/2019\/09\/Commercial-Factory-Price-Chicken-Frying-Machine-Deep-Pressure-Fryer-Machine-Commercial-Chicken-Fryer-Pfe-800-1.webp 869w\" sizes=\"(max-width: 768px) 100vw, 768px\" \/><\/figure>\n\n\n\n<figure class=\"wp-block-image size-large\"><img decoding=\"async\" width=\"768\" height=\"1024\" src=\"https:\/\/www.ccmmachine.com\/wp-content\/uploads\/2024\/03\/Commercial-Factory-Price-Chicken-Frying-Machine-Deep-Pressure-Fryer-Machine-Commercial-Chicken-Fryer-Pfe-800-11-768x1024.webp\" alt=\"\" class=\"wp-image-1557\" srcset=\"https:\/\/www.ccmmachine.com\/wp-content\/uploads\/2024\/03\/Commercial-Factory-Price-Chicken-Frying-Machine-Deep-Pressure-Fryer-Machine-Commercial-Chicken-Fryer-Pfe-800-11-768x1024.webp 768w, https:\/\/www.ccmmachine.com\/wp-content\/uploads\/2024\/03\/Commercial-Factory-Price-Chicken-Frying-Machine-Deep-Pressure-Fryer-Machine-Commercial-Chicken-Fryer-Pfe-800-11-800x1066.webp 800w, https:\/\/www.ccmmachine.com\/wp-content\/uploads\/2024\/03\/Commercial-Factory-Price-Chicken-Frying-Machine-Deep-Pressure-Fryer-Machine-Commercial-Chicken-Fryer-Pfe-800-11-225x300.webp 225w, https:\/\/www.ccmmachine.com\/wp-content\/uploads\/2024\/03\/Commercial-Factory-Price-Chicken-Frying-Machine-Deep-Pressure-Fryer-Machine-Commercial-Chicken-Fryer-Pfe-800-11-9x12.webp 9w, https:\/\/www.ccmmachine.com\/wp-content\/uploads\/2024\/03\/Commercial-Factory-Price-Chicken-Frying-Machine-Deep-Pressure-Fryer-Machine-Commercial-Chicken-Fryer-Pfe-800-11.webp 1060w\" sizes=\"(max-width: 768px) 100vw, 768px\" \/><\/figure>\n\n\n\n<figure class=\"wp-block-image size-large\"><img decoding=\"async\" width=\"1024\" height=\"768\" src=\"https:\/\/www.ccmmachine.com\/wp-content\/uploads\/2024\/03\/Commercial-Factory-Price-Chicken-Frying-Machine-Deep-Pressure-Fryer-Machine-Commercial-Chicken-Fryer-Pfe-800-2-1024x768.webp\" alt=\"\" class=\"wp-image-1558\" srcset=\"https:\/\/www.ccmmachine.com\/wp-content\/uploads\/2024\/03\/Commercial-Factory-Price-Chicken-Frying-Machine-Deep-Pressure-Fryer-Machine-Commercial-Chicken-Fryer-Pfe-800-2-1024x768.webp 1024w, https:\/\/www.ccmmachine.com\/wp-content\/uploads\/2024\/03\/Commercial-Factory-Price-Chicken-Frying-Machine-Deep-Pressure-Fryer-Machine-Commercial-Chicken-Fryer-Pfe-800-2-800x600.webp 800w, https:\/\/www.ccmmachine.com\/wp-content\/uploads\/2024\/03\/Commercial-Factory-Price-Chicken-Frying-Machine-Deep-Pressure-Fryer-Machine-Commercial-Chicken-Fryer-Pfe-800-2-300x225.webp 300w, https:\/\/www.ccmmachine.com\/wp-content\/uploads\/2024\/03\/Commercial-Factory-Price-Chicken-Frying-Machine-Deep-Pressure-Fryer-Machine-Commercial-Chicken-Fryer-Pfe-800-2-768x576.webp 768w, https:\/\/www.ccmmachine.com\/wp-content\/uploads\/2024\/03\/Commercial-Factory-Price-Chicken-Frying-Machine-Deep-Pressure-Fryer-Machine-Commercial-Chicken-Fryer-Pfe-800-2-16x12.webp 16w, https:\/\/www.ccmmachine.com\/wp-content\/uploads\/2024\/03\/Commercial-Factory-Price-Chicken-Frying-Machine-Deep-Pressure-Fryer-Machine-Commercial-Chicken-Fryer-Pfe-800-2.webp 1440w\" sizes=\"(max-width: 1024px) 100vw, 1024px\" \/><\/figure>\n\n\n\n<h3 class=\"wp-block-heading\"><strong>Entrega<\/strong> <\/h3>\n\n\n\n<p>Entrega: por mar o avi\u00f3n Per\u00edodo de carga: dentro de 2 d\u00edas, hasta su cantidad Puerto de carga: Shanghai China Condiciones de pago: (30% como dep\u00f3sito. 70% antes del env\u00edo), L\/C, western union, Paypal, TT.se pueden negociar. s\u00f3lo seg\u00fan su conveniencia. T\u00e9rminos comerciales: FOB CFR CIF DDU, etc.<\/p>","protected":false},"excerpt":{"rendered":"<p>Commercial Chicken Fryer PFE-800 Parameter Product Name Electric &amp;\u00a0gas Pressure Fryer Model PFE-800 Voltage 220V\/380V\/110V Power 13.5kw Capacity 25L Net Weight 135kg Gross Weight 155kg Dimension 460*960*1230mm Control Panel Computer control panel Delivery Delivery: by sea or aircraft Loading period: within 2 days, up to your quantity Loading port: Shanghai China Payment terms: (30% as [&#8230;]\n","protected":false},"featured_media":1553,"template":"","meta":[],"product_brand":[],"product_cat":[85],"product_tag":[],"class_list":{"0":"post-1392","1":"product","2":"type-product","3":"status-publish","4":"has-post-thumbnail","6":"product_cat-electric-pressure-fryers","8":"first","9":"instock","10":"shipping-taxable","11":"product-type-simple"},"_links":{"self":[{"href":"https:\/\/www.ccmmachine.com\/es\/wp-json\/wp\/v2\/product\/1392","targetHints":{"allow":["GET"]}}],"collection":[{"href":"https:\/\/www.ccmmachine.com\/es\/wp-json\/wp\/v2\/product"}],"about":[{"href":"https:\/\/www.ccmmachine.com\/es\/wp-json\/wp\/v2\/types\/product"}],"wp:featuredmedia":[{"embeddable":true,"href":"https:\/\/www.ccmmachine.com\/es\/wp-json\/wp\/v2\/media\/1553"}],"wp:attachment":[{"href":"https:\/\/www.ccmmachine.com\/es\/wp-json\/wp\/v2\/media?parent=1392"}],"wp:term":[{"taxonomy":"product_brand","embeddable":true,"href":"https:\/\/www.ccmmachine.com\/es\/wp-json\/wp\/v2\/product_brand?post=1392"},{"taxonomy":"product_cat","embeddable":true,"href":"https:\/\/www.ccmmachine.com\/es\/wp-json\/wp\/v2\/product_cat?post=1392"},{"taxonomy":"product_tag","embeddable":true,"href":"https:\/\/www.ccmmachine.com\/es\/wp-json\/wp\/v2\/product_tag?post=1392"}],"curies":[{"name":"wp","href":"https:\/\/api.w.org\/{rel}","templated":true}]}}