{"id":1345,"date":"2024-03-21T04:03:01","date_gmt":"2024-03-21T04:03:01","guid":{"rendered":"https:\/\/www.ccmmachine.com\/?post_type=product&#038;p=1345"},"modified":"2024-03-21T04:03:05","modified_gmt":"2024-03-21T04:03:05","slug":"freidora-a-presion-electrica-pfe-500","status":"publish","type":"product","link":"https:\/\/www.ccmmachine.com\/es\/product\/electric-pressure-fryer-pfe-500\/","title":{"rendered":"Freidora a Presi\u00f3n El\u00e9ctrica PFE-500"},"content":{"rendered":"<p>Esta serie de hornos para pollo frito americano es una empresa que absorbe tecnolog\u00eda avanzada extranjera, de acuerdo con las caracter\u00edsticas del proceso de producci\u00f3n del pollo frito occidental y chino tradicional en el desarrollo y producci\u00f3n del \u00faltimo horno para pollo frito. Todo el cuerpo de acero inoxidable, funcionamiento sencillo, control autom\u00e1tico de temperatura y presi\u00f3n de escape.<br>Utilizando principios de baja temperatura y alta presi\u00f3n, los alimentos fritos son crujientes por fuera y tiernos y de colores brillantes, pero tambi\u00e9n pato frito, pollo frito, pollo frito, alitas de pollo, pescado, cerdo y otras carnes, patatas y otras verduras. Aplicable a todas las grandes tiendas, hoteles, restaurantes de comida r\u00e1pida, cafeter\u00edas, comedores de f\u00e1bricas y hogares de aut\u00f3nomos. Con operaci\u00f3n simple, limpia, f\u00e1cil de usar, alta eficiencia, durabilidad y otras caracter\u00edsticas. Es el \u00faltimo tipo de maquinaria y equipo de procesamiento de alimentos.<gwmw style=\"display:none;\"><\/gwmw><\/p>\n\n\n\n<h3 class=\"wp-block-heading\"><strong>Caracter\u00edsticas:<\/strong><gwmw style=\"display:none;\"><\/gwmw><\/h3>\n\n\n\n<p>1, cuerpo totalmente de acero inoxidable, f\u00e1cil de lavar y limpiar con una larga vida \u00fatil.<br>2, tapa de aluminio, resistente y ligera, f\u00e1cil de abrir y cerrar.<br>3, sistema de filtraci\u00f3n incorporado, f\u00e1cil de usar y de bajo consumo.<br>4, cuatro ruedas con capacidad de carga junto con funci\u00f3n de freno, facilidad de movimiento y posicionamiento.<br>5, el cl\u00e1sico panel de control de la m\u00e1quina, m\u00e1s f\u00e1cil y eficiente.<\/p>\n\n\n\n<figure class=\"wp-block-table\"><table><tbody><tr><td>Nombre<\/td><td>Freidora a presi\u00f3n el\u00e9ctrica<\/td><\/tr><tr><td>nombre<\/td><td>PFE-500<\/td><\/tr><tr><td>Voltaje<\/td><td>~3N380v\/50Hz\uff08~3N220v\/60Hz\uff09<\/td><\/tr><tr><td>Fuerza<\/td><td>13,5 kw<\/td><\/tr><tr><td>Rango de temperatura de control<\/td><td>20-200\u2103<\/td><\/tr><tr><td>Tama\u00f1o<\/td><td>960\u00d7460\u00d71230mm<\/td><\/tr><tr><td>Tama\u00f1o de embalaje<\/td><td>1030\u00d7510\u00d71300mm<\/td><\/tr><tr><td>Capacidad<\/td><td>24L<\/td><\/tr><tr><td>Peso<\/td><td>135 kilos<\/td><\/tr><tr><td>Peso bruto<\/td><td>155 kilos<\/td><\/tr><tr><td>Panel de control<\/td><td>panel manual<\/td><\/tr><\/tbody><\/table><\/figure>\n\n\n\n<figure class=\"wp-block-image size-full\"><img decoding=\"async\" width=\"740\" height=\"300\" src=\"https:\/\/www.ccmmachine.com\/wp-content\/uploads\/2024\/03\/Electric-Pressure-fryer-PFE-500-001.webp\" alt=\"\" class=\"wp-image-1577\" srcset=\"https:\/\/www.ccmmachine.com\/wp-content\/uploads\/2024\/03\/Electric-Pressure-fryer-PFE-500-001.webp 740w, https:\/\/www.ccmmachine.com\/wp-content\/uploads\/2024\/03\/Electric-Pressure-fryer-PFE-500-001-700x284.webp 700w, https:\/\/www.ccmmachine.com\/wp-content\/uploads\/2024\/03\/Electric-Pressure-fryer-PFE-500-001-300x122.webp 300w, https:\/\/www.ccmmachine.com\/wp-content\/uploads\/2024\/03\/Electric-Pressure-fryer-PFE-500-001-18x7.webp 18w\" sizes=\"(max-width: 740px) 100vw, 740px\" \/><\/figure>\n\n\n\n<figure class=\"wp-block-image size-full\"><img decoding=\"async\" width=\"472\" height=\"461\" src=\"https:\/\/www.ccmmachine.com\/wp-content\/uploads\/2024\/03\/Electric-Pressure-fryer-PFE-500-002.webp\" alt=\"\" class=\"wp-image-1578\" srcset=\"https:\/\/www.ccmmachine.com\/wp-content\/uploads\/2024\/03\/Electric-Pressure-fryer-PFE-500-002.webp 472w, https:\/\/www.ccmmachine.com\/wp-content\/uploads\/2024\/03\/Electric-Pressure-fryer-PFE-500-002-300x293.webp 300w, https:\/\/www.ccmmachine.com\/wp-content\/uploads\/2024\/03\/Electric-Pressure-fryer-PFE-500-002-12x12.webp 12w\" sizes=\"(max-width: 472px) 100vw, 472px\" \/><\/figure>\n\n\n\n<p><gwmw style=\"display:none;\"><\/gwmw><\/p>","protected":false},"excerpt":{"rendered":"<p>This series American fried chicken oven is a company absorbing the foreign advanced technology, according to the production process characteristics of Western and traditional Chinese chicken fried chicken in the development and production of the latest fried chicken oven. The whole body of stainless steel, simple operation, automatic temperature control exhaust pressure.Using low-temperature high-pressure principles, [&#8230;]\n","protected":false},"featured_media":1576,"template":"","meta":[],"product_brand":[],"product_cat":[85],"product_tag":[],"class_list":{"0":"post-1345","1":"product","2":"type-product","3":"status-publish","4":"has-post-thumbnail","6":"product_cat-electric-pressure-fryers","8":"first","9":"instock","10":"shipping-taxable","11":"product-type-simple"},"_links":{"self":[{"href":"https:\/\/www.ccmmachine.com\/es\/wp-json\/wp\/v2\/product\/1345","targetHints":{"allow":["GET"]}}],"collection":[{"href":"https:\/\/www.ccmmachine.com\/es\/wp-json\/wp\/v2\/product"}],"about":[{"href":"https:\/\/www.ccmmachine.com\/es\/wp-json\/wp\/v2\/types\/product"}],"wp:featuredmedia":[{"embeddable":true,"href":"https:\/\/www.ccmmachine.com\/es\/wp-json\/wp\/v2\/media\/1576"}],"wp:attachment":[{"href":"https:\/\/www.ccmmachine.com\/es\/wp-json\/wp\/v2\/media?parent=1345"}],"wp:term":[{"taxonomy":"product_brand","embeddable":true,"href":"https:\/\/www.ccmmachine.com\/es\/wp-json\/wp\/v2\/product_brand?post=1345"},{"taxonomy":"product_cat","embeddable":true,"href":"https:\/\/www.ccmmachine.com\/es\/wp-json\/wp\/v2\/product_cat?post=1345"},{"taxonomy":"product_tag","embeddable":true,"href":"https:\/\/www.ccmmachine.com\/es\/wp-json\/wp\/v2\/product_tag?post=1345"}],"curies":[{"name":"wp","href":"https:\/\/api.w.org\/{rel}","templated":true}]}}