{"id":1340,"date":"2024-03-21T03:52:28","date_gmt":"2024-03-21T03:52:28","guid":{"rendered":"https:\/\/www.ccmmachine.com\/?post_type=product&#038;p=1340"},"modified":"2024-03-21T03:52:31","modified_gmt":"2024-03-21T03:52:31","slug":"freidora-a-presion-electrica-pfe-600","status":"publish","type":"product","link":"https:\/\/www.ccmmachine.com\/es\/product\/electric-pressure-fryer-pfe-600\/","title":{"rendered":"Freidora a presi\u00f3n el\u00e9ctrica PFE-600"},"content":{"rendered":"<p><strong>Descripci\u00f3n del Producto:<\/strong><\/p>\n\n\n\n<p>1 Cuerpo totalmente de acero inoxidable f\u00e1cil de lavar y limpiar con una larga vida \u00fatil.<br>2 Tapa totalmente de aluminio, resistente y liviana, f\u00e1cil de abrir y cerrar.<br>3 El sistema de filtraci\u00f3n autom\u00e1tico incorporado es f\u00e1cil de usar y energ\u00e9ticamente eficiente.<\/p>\n\n\n\n<p>Esta serie de hornos americanos para pollo frito es una empresa que absorbe tecnolog\u00eda avanzada extranjera, de acuerdo con las caracter\u00edsticas del proceso de producci\u00f3n del pollo frito occidental y chino tradicional en el desarrollo y producci\u00f3n del \u00faltimo horno para pollo frito. Todo el cuerpo de acero inoxidable, panel de control por computadora LCD, operaci\u00f3n simple, control autom\u00e1tico de temperatura y presi\u00f3n de escape. Utilizando principios de baja temperatura y alta presi\u00f3n, los alimentos fritos son crujientes por fuera y tiernos, con colores brillantes, pero tambi\u00e9n pato frito, pollo frito, pollo frito, alitas de pollo, pescado, cerdo y otras carnes, patatas y otras verduras. Aplicable a todas las grandes tiendas, hoteles, restaurantes de comida r\u00e1pida, cafeter\u00edas, comedores de f\u00e1bricas y hogares de aut\u00f3nomos. Con operaci\u00f3n simple, limpia, f\u00e1cil de usar, alta eficiencia, durabilidad y otras caracter\u00edsticas. Es el \u00faltimo tipo de maquinaria y equipo de procesamiento de alimentos.<gwmw style=\"display:none;\"><\/gwmw><\/p>\n\n\n\n<p><strong>Caracter\u00edsticas:<\/strong><br>1. Cuerpo totalmente de acero inoxidable, f\u00e1cil de lavar y limpiar con una larga vida \u00fatil.<br>2, tapa totalmente de aluminio, resistente y liviana, f\u00e1cil de abrir y cerrar.<br>3, sistema de filtraci\u00f3n autom\u00e1tico incorporado, f\u00e1cil de usar y de bajo consumo.<br>4, capacidad de carga de cuatro ruedas junto con funci\u00f3n de freno, facilidad de movimiento y posicionamiento.<br>5. Panel de control de pantalla digital LCD, m\u00e1s preciso y m\u00e1s hermoso.<\/p>\n\n\n\n<figure class=\"wp-block-table\"><table><tbody><tr><td>Nombre<\/td><td>Freidora a presi\u00f3n el\u00e9ctrica<\/td><\/tr><tr><td>nombre<\/td><td>PFE-600<\/td><\/tr><tr><td>Voltaje<\/td><td>~3N380v\/50Hz\uff08~3N220v\/60Hz\uff09<\/td><\/tr><tr><td>Fuerza<\/td><td>13,5 kw<\/td><\/tr><tr><td>Rango de temperatura de control<\/td><td>20-200\u2103<\/td><\/tr><tr><td>Tama\u00f1o<\/td><td>960\u00d7460\u00d71230mm<\/td><\/tr><tr><td>Tama\u00f1o de embalaje<\/td><td>1030\u00d7510\u00d71300mm<\/td><\/tr><tr><td>Capacidad<\/td><td>24L<\/td><\/tr><tr><td>Peso<\/td><td>135 kilos<\/td><\/tr><tr><td>Peso bruto<\/td><td>155 kilos<\/td><\/tr><tr><td>Panel de control<\/td><td>Panel de control LED<\/td><\/tr><\/tbody><\/table><\/figure>\n\n\n\n<figure class=\"wp-block-image\"><img decoding=\"async\" src=\"https:\/\/www.ccmmachine.com\/wp-content\/uploads\/2019\/09\/Electric-Pressure-fryer-PFE-600-001.jpg\" alt=\"\" class=\"wp-image-1342\"\/><\/figure>\n\n\n\n<figure class=\"wp-block-image\"><img decoding=\"async\" src=\"https:\/\/www.ccmmachine.com\/wp-content\/uploads\/2019\/09\/Electric-Pressure-fryer-PFE-600-002.jpg\" alt=\"\" class=\"wp-image-1344\"\/><\/figure>\n\n\n\n<p><gwmw style=\"display:none;\"><\/gwmw><\/p>","protected":false},"excerpt":{"rendered":"<p>Product Description\uff1a 1 All stainless steel body easy to wash and wipe long service life.2 All aluminum lid rugged and lightweight easy to open and close.3 The built-in automatic filtration system is easy to use and energy-efficient. This series of American fried chicken Ovens is a company absorbing foreign advanced technology, according to the production [&#8230;]\n","protected":false},"featured_media":1568,"template":"","meta":[],"product_brand":[],"product_cat":[85],"product_tag":[],"class_list":{"0":"post-1340","1":"product","2":"type-product","3":"status-publish","4":"has-post-thumbnail","6":"product_cat-electric-pressure-fryers","8":"first","9":"instock","10":"shipping-taxable","11":"product-type-simple"},"_links":{"self":[{"href":"https:\/\/www.ccmmachine.com\/es\/wp-json\/wp\/v2\/product\/1340","targetHints":{"allow":["GET"]}}],"collection":[{"href":"https:\/\/www.ccmmachine.com\/es\/wp-json\/wp\/v2\/product"}],"about":[{"href":"https:\/\/www.ccmmachine.com\/es\/wp-json\/wp\/v2\/types\/product"}],"wp:featuredmedia":[{"embeddable":true,"href":"https:\/\/www.ccmmachine.com\/es\/wp-json\/wp\/v2\/media\/1568"}],"wp:attachment":[{"href":"https:\/\/www.ccmmachine.com\/es\/wp-json\/wp\/v2\/media?parent=1340"}],"wp:term":[{"taxonomy":"product_brand","embeddable":true,"href":"https:\/\/www.ccmmachine.com\/es\/wp-json\/wp\/v2\/product_brand?post=1340"},{"taxonomy":"product_cat","embeddable":true,"href":"https:\/\/www.ccmmachine.com\/es\/wp-json\/wp\/v2\/product_cat?post=1340"},{"taxonomy":"product_tag","embeddable":true,"href":"https:\/\/www.ccmmachine.com\/es\/wp-json\/wp\/v2\/product_tag?post=1340"}],"curies":[{"name":"wp","href":"https:\/\/api.w.org\/{rel}","templated":true}]}}