{"id":1285,"date":"2024-03-21T02:33:56","date_gmt":"2024-03-21T02:33:56","guid":{"rendered":"https:\/\/www.ccmmachine.com\/?post_type=product&#038;p=1285"},"modified":"2024-03-21T02:34:00","modified_gmt":"2024-03-21T02:34:00","slug":"freidora-a-presion-electrica-pfe-600l","status":"publish","type":"product","link":"https:\/\/www.ccmmachine.com\/es\/product\/electric-pressure-fryer-pfe-600l\/","title":{"rendered":"Freidora a presi\u00f3n el\u00e9ctrica PFE-600L"},"content":{"rendered":"<h3 class=\"wp-block-heading\"><strong>Descripci\u00f3n del Producto:<\/strong> <\/h3>\n\n\n\n<ul class=\"wp-block-list\">\n<li>Todo el cuerpo de acero inoxidable es f\u00e1cil de lavar y limpiar y tiene una larga vida \u00fatil. <\/li>\n\n\n\n<li>Todas las tapas de aluminio son resistentes y livianas, f\u00e1ciles de abrir y cerrar. <\/li>\n\n\n\n<li>El sistema de filtraci\u00f3n autom\u00e1tico incorporado es f\u00e1cil de usar y energ\u00e9ticamente eficiente. <\/li>\n<\/ul>\n\n\n\n<p>Esta serie de hornos americanos para pollo frito es la empresa que absorbe tecnolog\u00eda avanzada extranjera, de acuerdo con las caracter\u00edsticas del proceso de producci\u00f3n de pollo frito chino occidental y tradicional en el desarrollo y producci\u00f3n del \u00faltimo horno para pollo frito. Todo el cuerpo de acero inoxidable, panel de control por computadora LCD, operaci\u00f3n simple, control autom\u00e1tico de temperatura y presi\u00f3n de escape. Utilizando el principio de baja temperatura y alta presi\u00f3n, los alimentos fritos quedan crujientes por fuera y tiernos y de colores brillantes, pero tambi\u00e9n pato frito, pollo frito, pollo frito, alitas de pollo, pescado, cerdo y otras carnes, patatas y otras verduras. Aplicable a todas las principales tiendas, hoteles, restaurantes de comida r\u00e1pida, cafeter\u00edas, comedores de f\u00e1bricas y hogares de trabajadores aut\u00f3nomos. Con operaci\u00f3n simple, limpia, f\u00e1cil de usar, alta eficiencia, durabilidad y otras caracter\u00edsticas. Es el \u00faltimo tipo de maquinaria y equipo de procesamiento de alimentos. <\/p>\n\n\n\n<p><strong>Caracter\u00edsticas:<\/strong> <\/p>\n\n\n\n<ul class=\"wp-block-list\">\n<li>Cuerpo totalmente de acero inoxidable, f\u00e1cil de lavar y limpiar, larga vida \u00fatil. <\/li>\n\n\n\n<li>Todas las tapas de aluminio son resistentes y livianas, f\u00e1ciles de abrir y cerrar. <\/li>\n\n\n\n<li>Sistema de filtraci\u00f3n autom\u00e1tico incorporado, f\u00e1cil de usar y energ\u00e9ticamente eficiente. <\/li>\n\n\n\n<li>Cuatro ruedas con capacidad de carga junto con funci\u00f3n de freno, facilidad de movimiento y posicionamiento. <\/li>\n\n\n\n<li>El panel de control de pantalla digital LCD es m\u00e1s preciso y hermoso. <\/li>\n<\/ul>\n\n\n\n<figure class=\"wp-block-table\"><table><tbody><tr><td>Nombre<\/td><td>Freidora a presi\u00f3n el\u00e9ctrica<\/td><\/tr><tr><td>nombre<\/td><td>PFE-600L<\/td><\/tr><tr><td>Voltaje<\/td><td>~3N380v\/50Hz\uff08~3N220v\/60Hz\uff09<\/td><\/tr><tr><td>Fuerza<\/td><td>13,5 kw<\/td><\/tr><tr><td>Rango de temperatura de control<\/td><td>20-200\u2103<\/td><\/tr><tr><td>Tama\u00f1o<\/td><td>960\u00d7460\u00d71230mm<\/td><\/tr><tr><td>Tama\u00f1o de embalaje<\/td><td>1030\u00d7510\u00d71300mm<\/td><\/tr><tr><td>Capacidad<\/td><td>24L<\/td><\/tr><tr><td>Peso<\/td><td>135 kilos<\/td><\/tr><tr><td>Peso bruto<\/td><td>155 kilos<\/td><\/tr><tr><td>Panel de control<\/td><td>Panel de control LED<\/td><\/tr><\/tbody><\/table><\/figure>\n\n\n\n<figure class=\"wp-block-image\"><img decoding=\"async\" src=\"https:\/\/www.ccmmachine.com\/wp-content\/uploads\/2019\/08\/Electric-Pressure-fryer-PFE-600L-001.jpg\" alt=\"\" class=\"wp-image-1304\"\/><\/figure>\n\n\n\n<figure class=\"wp-block-image\"><img decoding=\"async\" src=\"https:\/\/www.ccmmachine.com\/wp-content\/uploads\/2019\/08\/Electric-Pressure-fryer-PFE-600L-002.jpg\" alt=\"\" class=\"wp-image-1305\"\/><\/figure>","protected":false},"excerpt":{"rendered":"<p>Product Description\uff1a This series American fried chicken furnace is the company absorbing foreign advanced technology, according to the production process characteristics Western and traditional Chinese chicken fried chicken in the development and production of the latest fried chicken furnace. The whole body of stainless steel, LCD computer control panel, simple operation, automatic temperature control exhaust [&#8230;]\n","protected":false},"featured_media":1562,"template":"","meta":[],"product_brand":[],"product_cat":[85],"product_tag":[],"class_list":{"0":"post-1285","1":"product","2":"type-product","3":"status-publish","4":"has-post-thumbnail","6":"product_cat-electric-pressure-fryers","8":"first","9":"instock","10":"shipping-taxable","11":"product-type-simple"},"_links":{"self":[{"href":"https:\/\/www.ccmmachine.com\/es\/wp-json\/wp\/v2\/product\/1285","targetHints":{"allow":["GET"]}}],"collection":[{"href":"https:\/\/www.ccmmachine.com\/es\/wp-json\/wp\/v2\/product"}],"about":[{"href":"https:\/\/www.ccmmachine.com\/es\/wp-json\/wp\/v2\/types\/product"}],"wp:featuredmedia":[{"embeddable":true,"href":"https:\/\/www.ccmmachine.com\/es\/wp-json\/wp\/v2\/media\/1562"}],"wp:attachment":[{"href":"https:\/\/www.ccmmachine.com\/es\/wp-json\/wp\/v2\/media?parent=1285"}],"wp:term":[{"taxonomy":"product_brand","embeddable":true,"href":"https:\/\/www.ccmmachine.com\/es\/wp-json\/wp\/v2\/product_brand?post=1285"},{"taxonomy":"product_cat","embeddable":true,"href":"https:\/\/www.ccmmachine.com\/es\/wp-json\/wp\/v2\/product_cat?post=1285"},{"taxonomy":"product_tag","embeddable":true,"href":"https:\/\/www.ccmmachine.com\/es\/wp-json\/wp\/v2\/product_tag?post=1285"}],"curies":[{"name":"wp","href":"https:\/\/api.w.org\/{rel}","templated":true}]}}