{"id":1349,"date":"2024-03-21T04:17:59","date_gmt":"2024-03-21T04:17:59","guid":{"rendered":"https:\/\/www.ccmmachine.com\/?post_type=product&#038;p=1349"},"modified":"2024-03-21T04:18:02","modified_gmt":"2024-03-21T04:18:02","slug":"druckfritteuse-mdxz-24c","status":"publish","type":"product","link":"https:\/\/www.ccmmachine.com\/de\/product\/pressure-fryer-mdxz-24c\/","title":{"rendered":"Druckfritteuse MDXZ-24C"},"content":{"rendered":"<p>Dieser Bereich der Druckfritteuse ist ein Unternehmen, das ausl\u00e4ndische fortschrittliche Technologie, Entwicklung und Produktion des neuesten Herstellungsverfahrens f\u00fcr gebratenes H\u00e4hnchen im Ofen gem\u00e4\u00df den Merkmalen westlicher und traditioneller chinesischer Brath\u00e4hnchen aufnimmt. Der gesamte K\u00f6rper aus Edelstahl, elektronische Zeitsteuerung, automatische Temperaturregelung des Abgasdrucks.<\/p>\n\n\n\n<p>Unter Verwendung des Niedertemperatur-Hochdruckprinzips werden frittierte Lebensmittel au\u00dfen knusprig und zart, mit leuchtender Farbe, aber auch gebratene Ente, Fisch, Schweinefleisch, Lammfleisch und anderes Fleisch sowie Kartoffeln und anderes Gem\u00fcse. Gilt f\u00fcr alle gro\u00dfen Gesch\u00e4fte, Hotels, Fast-Food-Restaurants, Snackbars, Fabrikkantinen und Selbstst\u00e4ndige. Der spezifische Betrieb ist einfach, sauber, benutzerfreundlich, hocheffizient und langlebig und ist die neueste Art von Maschinen und Ger\u00e4ten f\u00fcr die Lebensmittelverarbeitung<gwmw style=\"display:none;\"><\/gwmw><\/p>\n\n\n\n<h3 class=\"wp-block-heading\"><strong>Merkmale:<\/strong><gwmw style=\"display:none;\"><\/gwmw><\/h3>\n\n\n\n<p>1. Geh\u00e4use komplett aus Edelstahl, leicht zu waschen und abzuwischen, lange Lebensdauer.<br>2 Aluminiumdeckel, robust und leicht, leicht zu \u00f6ffnen und zu schlie\u00dfen.<br>3 vier Rollen mit Tragf\u00e4higkeit sowie Bremsfunktion, einfache Bewegung und Positionierung.<br>4. Eine mechanische Instrumentensteuerung ist einfach, leicht, elegant und pr\u00e4zise.<gwmw style=\"display:none;\"><\/gwmw><gwmw style=\"display:none;\"><\/gwmw><\/p>\n\n\n\n<figure class=\"wp-block-table\"><table><tbody><tr><td>Name<\/td><td>Elektrische Druckfritteuse<\/td><\/tr><tr><td>Name<\/td><td>MDXZ-24<\/td><\/tr><tr><td>Stromspannung<\/td><td>3N\/380V\/50Hz<\/td><\/tr><tr><td>Leistung<\/td><td>12 kW<\/td><\/tr><tr><td>Kontrolltemperaturbereich<\/td><td>90-190\u2103<\/td><\/tr><tr><td>Gr\u00f6\u00dfe<\/td><td>960\u00d7460\u00d71230mm<\/td><\/tr><tr><td>Packungsgr\u00f6\u00dfe<\/td><td>1030\u00d7510\u00d71300mm<\/td><\/tr><tr><td>Kapazit\u00e4t<\/td><td>24L<\/td><\/tr><tr><td>Gewicht<\/td><td>110kg<\/td><\/tr><tr><td>Bruttogewicht<\/td><td>135kg<\/td><\/tr><tr><td>Bedienfeld<\/td><td>manuelles Panel<\/td><\/tr><\/tbody><\/table><\/figure>\n\n\n\n<p><gwmw style=\"display:none;\"><\/gwmw><\/p>","protected":false},"excerpt":{"rendered":"<p>This section pressure fryer is the company absorbing foreign advanced technology, development and production of the latest fried chicken oven fried chicken production process according to the characteristics of Western and traditional Chinese roast chicken. The whole body of stainless steel, electronic timing, automatic temperature control exhaust pressure. Using low-temperature high-pressure principle, fried food crisp [&#8230;]\n","protected":false},"featured_media":1582,"template":"","meta":[],"product_brand":[],"product_cat":[85],"product_tag":[],"class_list":{"0":"post-1349","1":"product","2":"type-product","3":"status-publish","4":"has-post-thumbnail","6":"product_cat-electric-pressure-fryers","8":"first","9":"instock","10":"shipping-taxable","11":"product-type-simple"},"_links":{"self":[{"href":"https:\/\/www.ccmmachine.com\/de\/wp-json\/wp\/v2\/product\/1349","targetHints":{"allow":["GET"]}}],"collection":[{"href":"https:\/\/www.ccmmachine.com\/de\/wp-json\/wp\/v2\/product"}],"about":[{"href":"https:\/\/www.ccmmachine.com\/de\/wp-json\/wp\/v2\/types\/product"}],"wp:featuredmedia":[{"embeddable":true,"href":"https:\/\/www.ccmmachine.com\/de\/wp-json\/wp\/v2\/media\/1582"}],"wp:attachment":[{"href":"https:\/\/www.ccmmachine.com\/de\/wp-json\/wp\/v2\/media?parent=1349"}],"wp:term":[{"taxonomy":"product_brand","embeddable":true,"href":"https:\/\/www.ccmmachine.com\/de\/wp-json\/wp\/v2\/product_brand?post=1349"},{"taxonomy":"product_cat","embeddable":true,"href":"https:\/\/www.ccmmachine.com\/de\/wp-json\/wp\/v2\/product_cat?post=1349"},{"taxonomy":"product_tag","embeddable":true,"href":"https:\/\/www.ccmmachine.com\/de\/wp-json\/wp\/v2\/product_tag?post=1349"}],"curies":[{"name":"wp","href":"https:\/\/api.w.org\/{rel}","templated":true}]}}