{"id":1345,"date":"2024-03-21T04:03:01","date_gmt":"2024-03-21T04:03:01","guid":{"rendered":"https:\/\/www.ccmmachine.com\/?post_type=product&#038;p=1345"},"modified":"2024-03-21T04:03:05","modified_gmt":"2024-03-21T04:03:05","slug":"elektrische-druckfritteuse-pfe-500","status":"publish","type":"product","link":"https:\/\/www.ccmmachine.com\/de\/product\/electric-pressure-fryer-pfe-500\/","title":{"rendered":"Elektrische Druckfritteuse PFE-500"},"content":{"rendered":"<p>Bei dieser Serie von amerikanischen Brath\u00e4hnchen\u00f6fen handelt es sich um ein Unternehmen, das bei der Entwicklung und Produktion des neuesten Brath\u00e4hnchenofens die fortschrittliche ausl\u00e4ndische Technologie gem\u00e4\u00df den Produktionsverfahrensmerkmalen westlicher und traditioneller chinesischer H\u00e4hnchenbrath\u00e4hnchen aufnimmt. Der gesamte K\u00f6rper aus Edelstahl, einfache Bedienung, automatische Temperaturregelung des Abgasdrucks.<br>Unter Verwendung von Niedertemperatur-Hochdruckprinzipien werden frittierte Lebensmittel au\u00dfen knusprig und zart und von leuchtender Farbe, aber auch gebratene Ente, gebratenes H\u00e4hnchen, gebratenes H\u00e4hnchen, H\u00e4hnchenfl\u00fcgel, Fisch, Schweinefleisch und anderes Fleisch sowie Kartoffeln und anderes Gem\u00fcse. Gilt f\u00fcr alle gro\u00dfen Gesch\u00e4fte, Hotels, Fast-Food-Restaurants, Snackbars, Fabrikkantinen und Selbstst\u00e4ndige. Mit einfacher Bedienung, sauber, benutzerfreundlich, hoher Effizienz, Haltbarkeit und anderen Merkmalen. Es handelt sich um die neueste Art von Maschinen und Ger\u00e4ten f\u00fcr die Lebensmittelverarbeitung.<gwmw style=\"display:none;\"><\/gwmw><\/p>\n\n\n\n<h3 class=\"wp-block-heading\"><strong>Merkmale:<\/strong><gwmw style=\"display:none;\"><\/gwmw><\/h3>\n\n\n\n<p>1. Geh\u00e4use komplett aus Edelstahl, leicht zu waschen und abzuwischen, lange Lebensdauer.<br>2. Aluminiumdeckel, robust und leicht, einfach zu \u00f6ffnen und zu schlie\u00dfen.<br>3, integriertes Filtersystem, einfach zu bedienen und energieeffizient.<br>4, vier Rollen Tragf\u00e4higkeit zusammen mit Bremsfunktion, einfache Bewegung und Positionierung.<br>5, das klassische Maschinensteuerpult, einfacher und effizienter.<\/p>\n\n\n\n<figure class=\"wp-block-table\"><table><tbody><tr><td>Name<\/td><td>Elektrische Druckfritteuse<\/td><\/tr><tr><td>Name<\/td><td>PFE-500<\/td><\/tr><tr><td>Stromspannung<\/td><td>~3N380v\/50Hz\uff08~3N220v\/60Hz\uff09<\/td><\/tr><tr><td>Leistung<\/td><td>13,5 kW<\/td><\/tr><tr><td>Kontrolltemperaturbereich<\/td><td>20-200\u2103<\/td><\/tr><tr><td>Gr\u00f6\u00dfe<\/td><td>960\u00d7460\u00d71230mm<\/td><\/tr><tr><td>Packungsgr\u00f6\u00dfe<\/td><td>1030\u00d7510\u00d71300mm<\/td><\/tr><tr><td>Kapazit\u00e4t<\/td><td>24L<\/td><\/tr><tr><td>Gewicht<\/td><td>135kg<\/td><\/tr><tr><td>Bruttogewicht<\/td><td>155kg<\/td><\/tr><tr><td>Bedienfeld<\/td><td>manuelles Panel<\/td><\/tr><\/tbody><\/table><\/figure>\n\n\n\n<figure class=\"wp-block-image size-full\"><img decoding=\"async\" width=\"740\" height=\"300\" src=\"https:\/\/www.ccmmachine.com\/wp-content\/uploads\/2024\/03\/Electric-Pressure-fryer-PFE-500-001.webp\" alt=\"\" class=\"wp-image-1577\" srcset=\"https:\/\/www.ccmmachine.com\/wp-content\/uploads\/2024\/03\/Electric-Pressure-fryer-PFE-500-001.webp 740w, https:\/\/www.ccmmachine.com\/wp-content\/uploads\/2024\/03\/Electric-Pressure-fryer-PFE-500-001-700x284.webp 700w, https:\/\/www.ccmmachine.com\/wp-content\/uploads\/2024\/03\/Electric-Pressure-fryer-PFE-500-001-300x122.webp 300w, https:\/\/www.ccmmachine.com\/wp-content\/uploads\/2024\/03\/Electric-Pressure-fryer-PFE-500-001-18x7.webp 18w\" sizes=\"(max-width: 740px) 100vw, 740px\" \/><\/figure>\n\n\n\n<figure class=\"wp-block-image size-full\"><img decoding=\"async\" width=\"472\" height=\"461\" src=\"https:\/\/www.ccmmachine.com\/wp-content\/uploads\/2024\/03\/Electric-Pressure-fryer-PFE-500-002.webp\" alt=\"\" class=\"wp-image-1578\" srcset=\"https:\/\/www.ccmmachine.com\/wp-content\/uploads\/2024\/03\/Electric-Pressure-fryer-PFE-500-002.webp 472w, https:\/\/www.ccmmachine.com\/wp-content\/uploads\/2024\/03\/Electric-Pressure-fryer-PFE-500-002-300x293.webp 300w, https:\/\/www.ccmmachine.com\/wp-content\/uploads\/2024\/03\/Electric-Pressure-fryer-PFE-500-002-12x12.webp 12w\" sizes=\"(max-width: 472px) 100vw, 472px\" \/><\/figure>\n\n\n\n<p><gwmw style=\"display:none;\"><\/gwmw><\/p>","protected":false},"excerpt":{"rendered":"<p>This series American fried chicken oven is a company absorbing the foreign advanced technology, according to the production process characteristics of Western and traditional Chinese chicken fried chicken in the development and production of the latest fried chicken oven. The whole body of stainless steel, simple operation, automatic temperature control exhaust pressure.Using low-temperature high-pressure principles, [&#8230;]\n","protected":false},"featured_media":1576,"template":"","meta":[],"product_brand":[],"product_cat":[85],"product_tag":[],"class_list":{"0":"post-1345","1":"product","2":"type-product","3":"status-publish","4":"has-post-thumbnail","6":"product_cat-electric-pressure-fryers","8":"first","9":"instock","10":"shipping-taxable","11":"product-type-simple"},"_links":{"self":[{"href":"https:\/\/www.ccmmachine.com\/de\/wp-json\/wp\/v2\/product\/1345","targetHints":{"allow":["GET"]}}],"collection":[{"href":"https:\/\/www.ccmmachine.com\/de\/wp-json\/wp\/v2\/product"}],"about":[{"href":"https:\/\/www.ccmmachine.com\/de\/wp-json\/wp\/v2\/types\/product"}],"wp:featuredmedia":[{"embeddable":true,"href":"https:\/\/www.ccmmachine.com\/de\/wp-json\/wp\/v2\/media\/1576"}],"wp:attachment":[{"href":"https:\/\/www.ccmmachine.com\/de\/wp-json\/wp\/v2\/media?parent=1345"}],"wp:term":[{"taxonomy":"product_brand","embeddable":true,"href":"https:\/\/www.ccmmachine.com\/de\/wp-json\/wp\/v2\/product_brand?post=1345"},{"taxonomy":"product_cat","embeddable":true,"href":"https:\/\/www.ccmmachine.com\/de\/wp-json\/wp\/v2\/product_cat?post=1345"},{"taxonomy":"product_tag","embeddable":true,"href":"https:\/\/www.ccmmachine.com\/de\/wp-json\/wp\/v2\/product_tag?post=1345"}],"curies":[{"name":"wp","href":"https:\/\/api.w.org\/{rel}","templated":true}]}}