{"id":1340,"date":"2024-03-21T03:52:28","date_gmt":"2024-03-21T03:52:28","guid":{"rendered":"https:\/\/www.ccmmachine.com\/?post_type=product&#038;p=1340"},"modified":"2024-03-21T03:52:31","modified_gmt":"2024-03-21T03:52:31","slug":"elektrische-druckfritteuse-pfe-600","status":"publish","type":"product","link":"https:\/\/www.ccmmachine.com\/de\/product\/electric-pressure-fryer-pfe-600\/","title":{"rendered":"Elektrische Druckfritteuse PFE-600"},"content":{"rendered":"<p><strong>Produktbeschreibung:<\/strong><\/p>\n\n\n\n<p>1. Geh\u00e4use komplett aus Edelstahl, leicht zu waschen und abzuwischen, lange Lebensdauer.<br>2. Robuster und leichter Vollaluminiumdeckel, einfach zu \u00f6ffnen und zu schlie\u00dfen.<br>3 Das eingebaute automatische Filtersystem ist einfach zu bedienen und energieeffizient.<\/p>\n\n\n\n<p>Bei dieser Serie amerikanischer Brath\u00e4hnchen\u00f6fen handelt es sich um ein Unternehmen, das bei der Entwicklung und Produktion des neuesten Brath\u00e4hnchenofens ausl\u00e4ndische Spitzentechnologie aufnimmt und dabei die Merkmale des Produktionsprozesses westlicher und traditioneller chinesischer H\u00e4hnchenbrath\u00e4hnchen ber\u00fccksichtigt. Der gesamte K\u00f6rper aus Edelstahl, LCD-Computer-Bedienfeld, einfache Bedienung, automatische Temperaturregelung des Abgasdrucks. Unter Verwendung des Niedertemperatur-Hochdruckprinzips werden frittierte Lebensmittel au\u00dfen knusprig und zart mit leuchtenden Farben gebraten, aber auch gebratene Ente, gebratenes H\u00e4hnchen, gebratenes H\u00e4hnchen, H\u00e4hnchenfl\u00fcgel, Fisch, Schweinefleisch und anderes Fleisch sowie Kartoffeln und anderes Gem\u00fcse. Gilt f\u00fcr alle gro\u00dfen Gesch\u00e4fte, Hotels, Fast-Food-Restaurants, Snackbars, Fabrikkantinen und Selbstst\u00e4ndige. Mit einfacher Bedienung, sauber, benutzerfreundlich, hoher Effizienz, Haltbarkeit und anderen Funktionen. Es handelt sich um die neueste Art von Maschinen und Ger\u00e4ten f\u00fcr die Lebensmittelverarbeitung.<gwmw style=\"display:none;\"><\/gwmw><\/p>\n\n\n\n<p><strong>Merkmale:<\/strong><br>1. Geh\u00e4use komplett aus Edelstahl, leicht zu waschen und abzuwischen, lange Lebensdauer.<br>2, Vollaluminiumdeckel, robust und leicht, leicht zu \u00f6ffnen und zu schlie\u00dfen.<br>3, Eingebautes automatisches Filtersystem, einfach zu bedienen und energieeffizient.<br>4, Tragf\u00e4higkeit von vier Rollen sowie Bremsfunktion, einfache Bewegung und Positionierung.<br>5. LCD-Digitalanzeige-Bedienfeld, genauer und sch\u00f6ner.<\/p>\n\n\n\n<figure class=\"wp-block-table\"><table><tbody><tr><td>Name<\/td><td>Elektrische Druckfritteuse<\/td><\/tr><tr><td>Name<\/td><td>PFE-600<\/td><\/tr><tr><td>Stromspannung<\/td><td>~3N380v\/50Hz\uff08~3N220v\/60Hz\uff09<\/td><\/tr><tr><td>Leistung<\/td><td>13,5 kW<\/td><\/tr><tr><td>Kontrolltemperaturbereich<\/td><td>20-200\u2103<\/td><\/tr><tr><td>Gr\u00f6\u00dfe<\/td><td>960\u00d7460\u00d71230mm<\/td><\/tr><tr><td>Packungsgr\u00f6\u00dfe<\/td><td>1030\u00d7510\u00d71300mm<\/td><\/tr><tr><td>Kapazit\u00e4t<\/td><td>24L<\/td><\/tr><tr><td>Gewicht<\/td><td>135kg<\/td><\/tr><tr><td>Bruttogewicht<\/td><td>155kg<\/td><\/tr><tr><td>Bedienfeld<\/td><td>LED-Bedienfeld<\/td><\/tr><\/tbody><\/table><\/figure>\n\n\n\n<figure class=\"wp-block-image\"><img decoding=\"async\" src=\"https:\/\/www.ccmmachine.com\/wp-content\/uploads\/2019\/09\/Electric-Pressure-fryer-PFE-600-001.jpg\" alt=\"\" class=\"wp-image-1342\"\/><\/figure>\n\n\n\n<figure class=\"wp-block-image\"><img decoding=\"async\" src=\"https:\/\/www.ccmmachine.com\/wp-content\/uploads\/2019\/09\/Electric-Pressure-fryer-PFE-600-002.jpg\" alt=\"\" class=\"wp-image-1344\"\/><\/figure>\n\n\n\n<p><gwmw style=\"display:none;\"><\/gwmw><\/p>","protected":false},"excerpt":{"rendered":"<p>Product Description\uff1a 1 All stainless steel body easy to wash and wipe long service life.2 All aluminum lid rugged and lightweight easy to open and close.3 The built-in automatic filtration system is easy to use and energy-efficient. This series of American fried chicken Ovens is a company absorbing foreign advanced technology, according to the production [&#8230;]\n","protected":false},"featured_media":1568,"template":"","meta":[],"product_brand":[],"product_cat":[85],"product_tag":[],"class_list":{"0":"post-1340","1":"product","2":"type-product","3":"status-publish","4":"has-post-thumbnail","6":"product_cat-electric-pressure-fryers","8":"first","9":"instock","10":"shipping-taxable","11":"product-type-simple"},"_links":{"self":[{"href":"https:\/\/www.ccmmachine.com\/de\/wp-json\/wp\/v2\/product\/1340","targetHints":{"allow":["GET"]}}],"collection":[{"href":"https:\/\/www.ccmmachine.com\/de\/wp-json\/wp\/v2\/product"}],"about":[{"href":"https:\/\/www.ccmmachine.com\/de\/wp-json\/wp\/v2\/types\/product"}],"wp:featuredmedia":[{"embeddable":true,"href":"https:\/\/www.ccmmachine.com\/de\/wp-json\/wp\/v2\/media\/1568"}],"wp:attachment":[{"href":"https:\/\/www.ccmmachine.com\/de\/wp-json\/wp\/v2\/media?parent=1340"}],"wp:term":[{"taxonomy":"product_brand","embeddable":true,"href":"https:\/\/www.ccmmachine.com\/de\/wp-json\/wp\/v2\/product_brand?post=1340"},{"taxonomy":"product_cat","embeddable":true,"href":"https:\/\/www.ccmmachine.com\/de\/wp-json\/wp\/v2\/product_cat?post=1340"},{"taxonomy":"product_tag","embeddable":true,"href":"https:\/\/www.ccmmachine.com\/de\/wp-json\/wp\/v2\/product_tag?post=1340"}],"curies":[{"name":"wp","href":"https:\/\/api.w.org\/{rel}","templated":true}]}}