{"id":1312,"date":"2024-03-21T02:37:40","date_gmt":"2024-03-21T02:37:40","guid":{"rendered":"https:\/\/www.ccmmachine.com\/?post_type=product&#038;p=1312"},"modified":"2024-03-21T02:54:52","modified_gmt":"2024-03-21T02:54:52","slug":"gasdruckfritteuse-pfg-600","status":"publish","type":"product","link":"https:\/\/www.ccmmachine.com\/de\/product\/gas-pressure-fryer-pfg-600\/","title":{"rendered":"Gasdruckfritteuse PFG-600"},"content":{"rendered":"<h3 class=\"wp-block-heading\"><strong>Produktbeschreibung:<\/strong><\/h3>\n\n\n\n<ol class=\"wp-block-list\">\n<li>&nbsp;Komplett aus Edelstahl gefertigtes Geh\u00e4use, leicht zu waschen und abzuwischen, lange Lebensdauer.<\/li>\n\n\n\n<li>&nbsp;Aluminiumdeckel, robust und leicht, leicht zu \u00f6ffnen und zu schlie\u00dfen.<\/li>\n\n\n\n<li>&nbsp;Tragf\u00e4higkeit von vier Rollen sowie Bremsfunktion, einfache Bewegung und Positionierung.<\/li>\n\n\n\n<li>&nbsp;Panel-Computer-Steuerungssystem, fein, pr\u00e4zise.<\/li>\n\n\n\n<li>&nbsp;Das eingebaute automatische Filtersystem ist einfach zu bedienen und energieeffizient.<\/li>\n<\/ol>\n\n\n\n<p>Bei der Gas Pressure Fried Chicken Furnace-Serie handelt es sich um eine von unserem Unternehmen entwickelte Ger\u00e4tereihe mit fortschrittlicher Technologie aus dem Ausland. Diese \u00d6fen sind speziell f\u00fcr die Herstellung von Brath\u00e4hnchen konzipiert und ber\u00fccksichtigen sowohl westliche als auch traditionelle chinesische Methoden zum Braten von H\u00e4hnchen. Der gesamte Ofenk\u00f6rper besteht aus Edelstahl und das Computer-Bedienfeld erm\u00f6glicht die automatische Regulierung des Abgasdrucks. Durch die Nutzung des Niedertemperatur-Hochdruck-Prinzips erzeugen unsere \u00d6fen knusprige und zarte Frittierspeisen mit leuchtender Farbe. Neben H\u00fchnchen k\u00f6nnen damit auch Ente, Fisch, Schweinefleisch, Rindfleisch, Hammelfleisch, Kartoffeln und anderes Gem\u00fcse gebraten werden. Unsere \u00d6fen eignen sich f\u00fcr den Einsatz in verschiedenen Einrichtungen wie Gesch\u00e4ften, Hotels, Fast-Food-Restaurants, Snackbars, Fabrikkantinen und sogar f\u00fcr Selbstst\u00e4ndige. Sie sind einfach zu bedienen, sauber und hocheffizient, was sie zu den neuesten und fortschrittlichsten Maschinen und Ger\u00e4ten f\u00fcr die Lebensmittelverarbeitung auf dem Markt macht.<\/p>\n\n\n\n<figure class=\"wp-block-table\"><table><tbody><tr><td><strong>Name<\/strong><\/td><td>Gasdruckfritteuse<\/td><\/tr><tr><td><strong>Modell<\/strong><\/td><td>PFG-600<\/td><\/tr><tr><td><strong>Arbeitsdruck<\/strong><\/td><td>0,085 MPa<\/td><\/tr><tr><td><strong>Kontrolltemperaturbereich<\/strong><\/td><td>20~200\u2103<\/td><\/tr><tr><td><strong>Gasverbrauch<\/strong><\/td><td>ca. 0,48 kg\/h (einschlie\u00dflich Haltezeit)<\/td><\/tr><tr><td><strong>Stromspannung<\/strong><\/td><td>&nbsp;~220V\/50Hz-60Hz<\/td><\/tr><tr><td><strong>Kraftstoff<\/strong><\/td><td>Fl\u00fcssiggas\/Erdgas<\/td><\/tr><tr><td><strong>Gr\u00f6\u00dfe<\/strong><\/td><td>460\u00d7960\u00d71230mm<\/td><\/tr><tr><td><strong>Packungsgr\u00f6\u00dfe<\/strong><\/td><td>510\u00d71030\u00d71300mm<\/td><\/tr><tr><td><strong>Kapazit\u00e4t<\/strong><\/td><td>24L<\/td><\/tr><tr><td><strong>Gewicht<\/strong><\/td><td>135kg<\/td><\/tr><tr><td><strong>Bruttogewicht<\/strong><\/td><td>155kg<\/td><\/tr><tr><td><strong>Bedienfeld<\/strong><\/td><td>LCD<\/td><\/tr><\/tbody><\/table><\/figure>\n\n\n\n<figure class=\"wp-block-image\"><img decoding=\"async\" src=\"https:\/\/www.ccmmachine.com\/wp-content\/uploads\/2019\/08\/Electric-Pressure-fryer-PFE-600L-001.jpg\" alt=\"\" class=\"wp-image-1304\"\/><\/figure>","protected":false},"excerpt":{"rendered":"<p>Product Description\uff1a The\u00a0Gas\u00a0Pressure\u00a0Fried\u00a0Chicken\u00a0Furnace series\u00a0is a line of\u00a0devices\u00a0developed\u00a0by our\u00a0company,\u00a0incorporating advanced technology\u00a0from abroad. These\u00a0ovens\u00a0are designed\u00a0specifically\u00a0for\u00a0the\u00a0production of\u00a0fried chicken,\u00a0taking\u00a0into account\u00a0both Western and traditional Chinese\u00a0methods of\u00a0roasting\u00a0chicken. The entire\u00a0body of\u00a0the oven is\u00a0made of stainless steel,\u00a0and the\u00a0computer control panel allows for automatic\u00a0regulation of exhaust pressure.\u00a0By utilizing\u00a0the\u00a0low-temperature high-pressure principle,\u00a0our\u00a0ovens\u00a0produce\u00a0crispy\u00a0and tender\u00a0fried food with a\u00a0bright color. In addition to chicken, they\u00a0can also\u00a0be\u00a0used\u00a0to fry\u00a0duck, fish, pork, [&#8230;]\n","protected":false},"featured_media":1563,"template":"","meta":[],"product_brand":[],"product_cat":[86],"product_tag":[],"class_list":{"0":"post-1312","1":"product","2":"type-product","3":"status-publish","4":"has-post-thumbnail","6":"product_cat-gas-pressure-fryers","8":"first","9":"instock","10":"shipping-taxable","11":"product-type-simple"},"_links":{"self":[{"href":"https:\/\/www.ccmmachine.com\/de\/wp-json\/wp\/v2\/product\/1312","targetHints":{"allow":["GET"]}}],"collection":[{"href":"https:\/\/www.ccmmachine.com\/de\/wp-json\/wp\/v2\/product"}],"about":[{"href":"https:\/\/www.ccmmachine.com\/de\/wp-json\/wp\/v2\/types\/product"}],"wp:featuredmedia":[{"embeddable":true,"href":"https:\/\/www.ccmmachine.com\/de\/wp-json\/wp\/v2\/media\/1563"}],"wp:attachment":[{"href":"https:\/\/www.ccmmachine.com\/de\/wp-json\/wp\/v2\/media?parent=1312"}],"wp:term":[{"taxonomy":"product_brand","embeddable":true,"href":"https:\/\/www.ccmmachine.com\/de\/wp-json\/wp\/v2\/product_brand?post=1312"},{"taxonomy":"product_cat","embeddable":true,"href":"https:\/\/www.ccmmachine.com\/de\/wp-json\/wp\/v2\/product_cat?post=1312"},{"taxonomy":"product_tag","embeddable":true,"href":"https:\/\/www.ccmmachine.com\/de\/wp-json\/wp\/v2\/product_tag?post=1312"}],"curies":[{"name":"wp","href":"https:\/\/api.w.org\/{rel}","templated":true}]}}