{"id":1292,"date":"2024-03-21T02:29:27","date_gmt":"2024-03-21T02:29:27","guid":{"rendered":"https:\/\/www.ccmmachine.com\/?post_type=product&#038;p=1292"},"modified":"2024-03-21T02:29:30","modified_gmt":"2024-03-21T02:29:30","slug":"gasdruckfritteuse-pfg-600l","status":"publish","type":"product","link":"https:\/\/www.ccmmachine.com\/de\/product\/gas-pressure-fryer-pfg-600l\/","title":{"rendered":"Gasdruckfritteuse PFG-600L"},"content":{"rendered":"<p><strong>Produktbeschreibung:<\/strong><\/p>\n\n\n\n<ol class=\"wp-block-list\">\n<li>Das gesamte Edelstahlgeh\u00e4use ist leicht zu waschen und abzuwischen und hat eine lange Lebensdauer.<\/li>\n\n\n\n<li>Robuster und leichter Aluminiumdeckel, leicht zu \u00f6ffnen und zu schlie\u00dfen.<\/li>\n\n\n\n<li>integriertes automatisches \u00d6lfiltersystem, das einfach zu bedienen und energieeffizient ist.<\/li>\n\n\n\n<li>Vier Rollen mit Tragf\u00e4higkeit und Bremsfunktion sorgen f\u00fcr einfache Bewegung und Positionierung.<\/li>\n\n\n\n<li>Das LCD-Bedienfeld ist pr\u00e4zise und sch\u00f6n.<\/li>\n<\/ol>\n\n\n\n<p>Gas Pressure ist das Unternehmen, das ausl\u00e4ndische fortschrittliche Technologie, Entwicklung und Produktion des neuesten Brath\u00e4hnchen-Produktionsprozesses f\u00fcr im Ofen gebratenes H\u00e4hnchen entsprechend den Merkmalen westlicher und traditioneller chinesischer Brath\u00e4hnchen absorbiert. Der gesamte K\u00f6rper aus Edelstahl, LCD-Computer-Steuerungssystem, automatische Temperaturregelung, Druckregelung, Auspuff. Unter Verwendung des Niedertemperatur-Hochdruckprinzips werden frittierte Lebensmittel au\u00dfen knusprig und zart und von leuchtender Farbe, aber auch gebratene Ente, Fisch, Schweinefleisch, Rind, Hammelfleisch und anderes Fleisch sowie Kartoffeln und anderes Gem\u00fcse. Gilt f\u00fcr alle gro\u00dfen Gesch\u00e4fte, Hotels, Fast-Food-Restaurants, Snackbars, Fabrikkantinen und Selbstst\u00e4ndige. Der spezifische Betrieb ist einfach, sauber, leicht zu bedienen, hocheffizient, langlebig und andere Eigenschaften, ist die neueste Art von Maschinen und Ger\u00e4ten f\u00fcr die Lebensmittelverarbeitung.<\/p>\n\n\n\n<figure class=\"wp-block-table\"><table><tbody><tr><td><strong>Name<\/strong><\/td><td>Gasdruckfritteuse<\/td><\/tr><tr><td><strong>Modell<\/strong><\/td><td>PFG-600L<\/td><\/tr><tr><td><strong>Arbeitsdruck<\/strong><\/td><td>0,085 MPa<\/td><\/tr><tr><td><strong>Kontrolltemperaturbereich<\/strong><\/td><td>20~200\u2103<\/td><\/tr><tr><td><strong>Gasverbrauch<\/strong><\/td><td>ca. 0,48 kg\/h (einschlie\u00dflich Haltezeit)<\/td><\/tr><tr><td><strong>Stromspannung<\/strong><\/td><td>&nbsp;~220V\/50Hz-60Hz<\/td><\/tr><tr><td><strong>Kraftstoff<\/strong><\/td><td>Fl\u00fcssiggas\/Erdgas<\/td><\/tr><tr><td><strong>Gr\u00f6\u00dfe<\/strong><\/td><td>460\u00d7960\u00d71230mm<\/td><\/tr><tr><td><strong>Packungsgr\u00f6\u00dfe<\/strong><\/td><td>510\u00d71030\u00d71300mm<\/td><\/tr><tr><td><strong>Kapazit\u00e4t<\/strong><\/td><td>24L<\/td><\/tr><tr><td><strong>Gewicht<\/strong><\/td><td>135kg<\/td><\/tr><tr><td><strong>Bruttogewicht<\/strong><\/td><td>155kg<\/td><\/tr><tr><td><strong>Bedienfeld<\/strong><\/td><td>LCD<\/td><\/tr><\/tbody><\/table><\/figure>\n\n\n\n<figure class=\"wp-block-image\"><img decoding=\"async\" src=\"https:\/\/www.ccmmachine.com\/wp-content\/uploads\/2019\/08\/Electric-Pressure-fryer-PFE-600L-001.jpg\" alt=\"\" class=\"wp-image-1304\"\/><\/figure>","protected":false},"excerpt":{"rendered":"<p>Product Description\uff1a Gas pressure is the company absorbing foreign advanced technology, development, and production of the latest fried chicken oven fried chicken production process according to the characteristics of Western and traditional Chinese roast chicken. The whole body of stainless steel, LCD computer control system automatic temperature control, pressure control, exhaust. Using low-temperature high-pressure principle, [&#8230;]\n","protected":false},"featured_media":1560,"template":"","meta":[],"product_brand":[],"product_cat":[86],"product_tag":[],"class_list":{"0":"post-1292","1":"product","2":"type-product","3":"status-publish","4":"has-post-thumbnail","6":"product_cat-gas-pressure-fryers","8":"first","9":"instock","10":"shipping-taxable","11":"product-type-simple"},"_links":{"self":[{"href":"https:\/\/www.ccmmachine.com\/de\/wp-json\/wp\/v2\/product\/1292","targetHints":{"allow":["GET"]}}],"collection":[{"href":"https:\/\/www.ccmmachine.com\/de\/wp-json\/wp\/v2\/product"}],"about":[{"href":"https:\/\/www.ccmmachine.com\/de\/wp-json\/wp\/v2\/types\/product"}],"wp:featuredmedia":[{"embeddable":true,"href":"https:\/\/www.ccmmachine.com\/de\/wp-json\/wp\/v2\/media\/1560"}],"wp:attachment":[{"href":"https:\/\/www.ccmmachine.com\/de\/wp-json\/wp\/v2\/media?parent=1292"}],"wp:term":[{"taxonomy":"product_brand","embeddable":true,"href":"https:\/\/www.ccmmachine.com\/de\/wp-json\/wp\/v2\/product_brand?post=1292"},{"taxonomy":"product_cat","embeddable":true,"href":"https:\/\/www.ccmmachine.com\/de\/wp-json\/wp\/v2\/product_cat?post=1292"},{"taxonomy":"product_tag","embeddable":true,"href":"https:\/\/www.ccmmachine.com\/de\/wp-json\/wp\/v2\/product_tag?post=1292"}],"curies":[{"name":"wp","href":"https:\/\/api.w.org\/{rel}","templated":true}]}}