{"id":1285,"date":"2024-03-21T02:33:56","date_gmt":"2024-03-21T02:33:56","guid":{"rendered":"https:\/\/www.ccmmachine.com\/?post_type=product&#038;p=1285"},"modified":"2024-03-21T02:34:00","modified_gmt":"2024-03-21T02:34:00","slug":"elektrische-druckfritteuse-pfe-600l","status":"publish","type":"product","link":"https:\/\/www.ccmmachine.com\/de\/product\/electric-pressure-fryer-pfe-600l\/","title":{"rendered":"Elektrische Druckfritteuse PFE-600L"},"content":{"rendered":"<h3 class=\"wp-block-heading\"><strong>Produktbeschreibung:<\/strong> <\/h3>\n\n\n\n<ul class=\"wp-block-list\">\n<li>Komplett aus Edelstahl gefertigtes Geh\u00e4use, leicht zu waschen und abzuwischen und eine lange Lebensdauer. <\/li>\n\n\n\n<li>Alle Aluminiumdeckel sind robust und leicht und lassen sich leicht \u00f6ffnen und schlie\u00dfen. <\/li>\n\n\n\n<li>Das eingebaute automatische Filtersystem ist einfach zu bedienen und energieeffizient. <\/li>\n<\/ul>\n\n\n\n<p>Diese Serie amerikanischer Brath\u00e4hnchen\u00f6fen ist das Unternehmen, das ausl\u00e4ndische fortschrittliche Technologie absorbiert, entsprechend den Produktionsverfahrensmerkmalen westlicher und traditioneller chinesischer H\u00e4hnchenbrath\u00e4hnchen bei der Entwicklung und Produktion des neuesten Brath\u00e4hnchenofens. Der gesamte K\u00f6rper aus Edelstahl, LCD-Computer-Bedienfeld, einfache Bedienung, automatische Temperaturregelung des Abgasdrucks. Unter Verwendung des Niedertemperatur-Hochdruckprinzips werden frittierte Lebensmittel au\u00dfen knusprig und zart und von leuchtender Farbe, aber auch gebratene Ente, gebratenes H\u00e4hnchen, gebratenes H\u00e4hnchen, H\u00e4hnchenfl\u00fcgel, Fisch, Schweinefleisch und anderes Fleisch sowie Kartoffeln und anderes Gem\u00fcse. Gilt f\u00fcr alle gro\u00dfen Gesch\u00e4fte, Hotels, Fast-Food-Restaurants, Snackbars, Fabrikkantinen und Selbstst\u00e4ndige. Mit einfacher Bedienung, sauber, benutzerfreundlich, hoher Effizienz, Haltbarkeit und anderen Eigenschaften. Ist die neueste Art von Maschinen und Ger\u00e4ten f\u00fcr die Lebensmittelverarbeitung. <\/p>\n\n\n\n<p><strong>Merkmale:<\/strong> <\/p>\n\n\n\n<ul class=\"wp-block-list\">\n<li>Geh\u00e4use komplett aus Edelstahl, leicht zu waschen und abzuwischen, lange Lebensdauer. <\/li>\n\n\n\n<li>Alle Aluminiumdeckel sind robust und leicht und lassen sich leicht \u00f6ffnen und schlie\u00dfen. <\/li>\n\n\n\n<li>Integriertes automatisches Filtersystem, einfach zu bedienen und energieeffizient. <\/li>\n\n\n\n<li>Vier Rollen mit Tragf\u00e4higkeit sowie Bremsfunktion, einfache Bewegung und Positionierung. <\/li>\n\n\n\n<li>Das LCD-Digitalanzeige-Bedienfeld ist genauer und sch\u00f6ner. <\/li>\n<\/ul>\n\n\n\n<figure class=\"wp-block-table\"><table><tbody><tr><td>Name<\/td><td>Elektrische Druckfritteuse<\/td><\/tr><tr><td>Name<\/td><td>PFE-600L<\/td><\/tr><tr><td>Stromspannung<\/td><td>~3N380v\/50Hz\uff08~3N220v\/60Hz\uff09<\/td><\/tr><tr><td>Leistung<\/td><td>13,5 kW<\/td><\/tr><tr><td>Kontrolltemperaturbereich<\/td><td>20-200\u2103<\/td><\/tr><tr><td>Gr\u00f6\u00dfe<\/td><td>960\u00d7460\u00d71230mm<\/td><\/tr><tr><td>Packungsgr\u00f6\u00dfe<\/td><td>1030\u00d7510\u00d71300mm<\/td><\/tr><tr><td>Kapazit\u00e4t<\/td><td>24L<\/td><\/tr><tr><td>Gewicht<\/td><td>135kg<\/td><\/tr><tr><td>Bruttogewicht<\/td><td>155kg<\/td><\/tr><tr><td>Bedienfeld<\/td><td>LED-Bedienfeld<\/td><\/tr><\/tbody><\/table><\/figure>\n\n\n\n<figure class=\"wp-block-image\"><img decoding=\"async\" src=\"https:\/\/www.ccmmachine.com\/wp-content\/uploads\/2019\/08\/Electric-Pressure-fryer-PFE-600L-001.jpg\" alt=\"\" class=\"wp-image-1304\"\/><\/figure>\n\n\n\n<figure class=\"wp-block-image\"><img decoding=\"async\" src=\"https:\/\/www.ccmmachine.com\/wp-content\/uploads\/2019\/08\/Electric-Pressure-fryer-PFE-600L-002.jpg\" alt=\"\" class=\"wp-image-1305\"\/><\/figure>","protected":false},"excerpt":{"rendered":"<p>Product Description\uff1a This series American fried chicken furnace is the company absorbing foreign advanced technology, according to the production process characteristics Western and traditional Chinese chicken fried chicken in the development and production of the latest fried chicken furnace. The whole body of stainless steel, LCD computer control panel, simple operation, automatic temperature control exhaust [&#8230;]\n","protected":false},"featured_media":1562,"template":"","meta":[],"product_brand":[],"product_cat":[85],"product_tag":[],"class_list":{"0":"post-1285","1":"product","2":"type-product","3":"status-publish","4":"has-post-thumbnail","6":"product_cat-electric-pressure-fryers","8":"first","9":"instock","10":"shipping-taxable","11":"product-type-simple"},"_links":{"self":[{"href":"https:\/\/www.ccmmachine.com\/de\/wp-json\/wp\/v2\/product\/1285","targetHints":{"allow":["GET"]}}],"collection":[{"href":"https:\/\/www.ccmmachine.com\/de\/wp-json\/wp\/v2\/product"}],"about":[{"href":"https:\/\/www.ccmmachine.com\/de\/wp-json\/wp\/v2\/types\/product"}],"wp:featuredmedia":[{"embeddable":true,"href":"https:\/\/www.ccmmachine.com\/de\/wp-json\/wp\/v2\/media\/1562"}],"wp:attachment":[{"href":"https:\/\/www.ccmmachine.com\/de\/wp-json\/wp\/v2\/media?parent=1285"}],"wp:term":[{"taxonomy":"product_brand","embeddable":true,"href":"https:\/\/www.ccmmachine.com\/de\/wp-json\/wp\/v2\/product_brand?post=1285"},{"taxonomy":"product_cat","embeddable":true,"href":"https:\/\/www.ccmmachine.com\/de\/wp-json\/wp\/v2\/product_cat?post=1285"},{"taxonomy":"product_tag","embeddable":true,"href":"https:\/\/www.ccmmachine.com\/de\/wp-json\/wp\/v2\/product_tag?post=1285"}],"curies":[{"name":"wp","href":"https:\/\/api.w.org\/{rel}","templated":true}]}}