{"id":3,"date":"2019-07-18T17:44:06","date_gmt":"2019-07-18T17:44:06","guid":{"rendered":"http:\/\/www.ccmmachine.com\/?page_id=3"},"modified":"2019-09-08T08:06:10","modified_gmt":"2019-09-08T08:06:10","slug":"fortrolighedspolitik","status":"publish","type":"page","link":"https:\/\/www.ccmmachine.com\/da\/privacy-policy\/","title":{"rendered":"Fortrolighedspolitik"},"content":{"rendered":"<h3 style=\"text-align: center;\">Fortrolighedspolitik<\/h3>\n<p><strong>Forpligtet til<\/strong><\/p>\n<p>Vi er forpligtet til at beskytte privatlivets fred, personlige oplysninger og personlige oplysninger (samlet ben\u00e6vnt &quot;Personlige data&quot;), der leveres af os, n\u00e5r vi bruger vores hjemmeside, s\u00e5 vi er i stand til at indsamle, bruge, gemme og overf\u00f8re personlige data (med personlige data privatliv). Relevante love og regler) og de h\u00f8jeste standarder for forbrugerbeskyttelse.<\/p>\n<p>For at sikre, at du har fuld tillid til vores h\u00e5ndtering af dine personlige data, b\u00f8r du l\u00e6se og forst\u00e5 bestemmelserne i fortrolighedspolitikken i detaljer. Is\u00e6r, n\u00e5r du bruger vores hjemmeside, vil du blive anset for at acceptere, acceptere, love og bekr\u00e6fte:<\/p>\n<p>Du videregiver frivilligt personlige oplysninger til os med det n\u00f8dvendige samtykke;<\/p>\n<p>Du vil overholde alle vilk\u00e5r og begr\u00e6nsninger i denne fortrolighedspolitik;<\/p>\n<p>Du tilmelder dig p\u00e5 vores hjemmeside, og oplysningerne vil blive indsamlet;<\/p>\n<p>Du accepterer eventuelle \u00e6ndringer af vores privatlivspolitik i fremtiden;<\/p>\n<p>Du accepterer vores associerede selskaber, associerede selskaber, medarbejdere, og du kan v\u00e6re interesseret i produkter og tjenester, der kan v\u00e6re af interesse for dig (medmindre du har angivet, at du ikke \u00f8nsker at modtage s\u00e5danne meddelelser).<\/p>\n<p><strong>Type af indsamlede personlige data<\/strong><\/p>\n<p>Vi indsamler, administrerer og overv\u00e5ger personlige data med dit samtykke. For at kunne levere vores tjenester til dig skal du levere de personlige data og unavngivne materialer, som vi mener er n\u00f8dvendige for at opfylde dine instruktioner og yderligere forbedre vores tjenester, herunder men ikke begr\u00e6nset til:<\/p>\n<p><strong>Personlig information<\/strong><\/p>\n<p>\u2013 Dit navn, k\u00f8n, alder, f\u00f8dselsdato, telefonnummer, faxnummer, adresse eller postadresse, e-mailadresse.<\/p>\n<p><strong>Unavngivet materiale<\/strong><\/p>\n<p>Form\u00e5let med og brugen af indsamling af personlige data og unavngivne oplysninger er som f\u00f8lger:<\/p>\n<p>Forsyne os med vores tjenester via vores hjemmeside;<\/p>\n<p>N\u00e5r du bruger vores hjemmeside, kan du identificere og bekr\u00e6fte din identitet;<\/p>\n<p>Lad dig f\u00e5 fornemmelsen for dig, n\u00e5r du bruger vores hjemmeside;<\/p>\n<p>Vores kundeservicemedarbejdere kan kontakte dig, hvis det er n\u00f8dvendigt;<\/p>\n<p>Statistik om brugen af vores hjemmeside;<\/p>\n<p>G\u00f8r det nemmere for dig at bruge vores hjemmeside;<\/p>\n<p>Udf\u00f8re markedsunders\u00f8gelser for at forbedre vores produkter, tjenester og webstedsindhold;<\/p>\n<p>Indsamle oplysninger til vores aktiviteter, markedsf\u00f8ring og salgsfremmende programmer;<\/p>\n<p>Overholde lovene, regerings- og regulerende myndigheder, herunder, men ikke begr\u00e6nset til, videregivelse af personlige data og meddelelser;<\/p>\n<p>Lad os og vores associerede selskaber, associerede selskaber, associerede selskaber, medarbejdere, agenter, servicepartnere eller andre tredjeparter, der arbejder med os i det land, hvor du bor, g\u00f8re promovering af produkter og\/eller tjenester;<\/p>\n<p>Analysere, verificere og\/eller gennemg\u00e5 din kredit, betaling og\/eller status med hensyn til de tjenester, vi leverer;<\/p>\n<p>Behandle alle betalingsinstruktioner, direkte debitering og\/eller kreditordninger p\u00e5 din anmodning;<\/p>\n<p>G\u00f8r det muligt for dig at betjene din konto og\/eller giver os mulighed for at tr\u00e6kke det udest\u00e5ende servicegebyr fra kontoen.<\/p>\n<p><strong>Cookies<\/strong><\/p>\n<p>N\u00e5r du bes\u00f8ger vores hjemmeside, bruger vi Google Stats til at registrere vores ydeevne og kontrollere effektiviteten af online annoncering gennem cookies. En cookie er en lille m\u00e6ngde data, der sendes til din browser og gemmes p\u00e5 din computers harddisk. Cookies kan kun sendes til din computers harddisk, n\u00e5r du bruger din computer til at f\u00e5 adgang til vores hjemmeside. Cookies bruges ofte til at registrere de bes\u00f8gendes vaner og pr\u00e6ferencer, n\u00e5r de gennemser forskellige elementer p\u00e5 vores hjemmeside. De oplysninger, der indsamles af cookies, er uregistrerede kollektive statistikker og indeholder ikke personoplysninger. Cookies kan ikke bruges til at indhente data p\u00e5 din harddisk, din e-mailadresse og dine private data. N\u00e5r du bes\u00f8ger vores hjemmeside igen, kan du gemme trinene for at registrere dig igen. De fleste browsere er forudindstillet til at acceptere cookies. Du kan v\u00e6lge at indstille din browser til ikke at acceptere cookies, eller at give dig besked, hvis der er installeret cookies. Men hvis du s\u00e6tter et forbud mod cookies, vil du muligvis ikke v\u00e6re i stand til at aktivere eller bruge visse funktioner p\u00e5 vores hjemmeside.<\/p>\n<p>Hvis du ikke forbyder eller fjerner cookies, vil vores webserver, hver gang du bruger den samme computer til at f\u00e5 adgang til vores hjemmeside, give os besked om, at du har bes\u00f8gt vores hjemmeside, og vi vil identificere dig og dine registreringsdata og betalingsdata. , indsamling af oplysninger om brug, markedsunders\u00f8gelser, sporing af fremskridt og deltagelse i salgsfremmende aktiviteter.<\/p>\n<p>Du kan \u00e6ndre indstillingerne i browseren p\u00e5 den computer, du bruger til at f\u00e5 adgang til vores hjemmeside, for at beslutte, om du vil acceptere cookies eller ej. Hvis du foretr\u00e6kker det, kan du \u00e6ndre indstillingerne i din browser. Hvis du angiver dine pr\u00e6ferencer i din browser, kan du acceptere alle cookies, modtage meddelelser fra cookies og endda afvise alle cookies. Men hvis du v\u00e6lger ikke at bruge cookies eller afviser alle cookies i din browser, kan du muligvis ikke bruge eller aktivere visse funktioner p\u00e5 vores hjemmeside, eller du kan blive n\u00f8dt til at logge ind p\u00e5 dine data igen.<\/p>\n<p><strong>Gem personlige data og unavngivne oplysninger<\/strong><\/p>\n<p>De personoplysninger og unavngivne oplysninger, som du giver os, opbevares kun, indtil form\u00e5let med indsamlingen er n\u00e5et, medmindre de opbevares i overensstemmelse med g\u00e6ldende love og regler.<\/p>\n<p><strong>Ejerskab og videregivelse af personlige data<\/strong><\/p>\n<p>Alle oplysninger indsamlet p\u00e5 vores hjemmeside ejes af os og vil ikke blive udlejet eller solgt til nogen ikke-relaterede tredjeparter. Dog kan personoplysninger videregives til:<\/p>\n<p><strong>Direkte salg<\/strong><\/p>\n<p>N\u00e5r du har givet os dine personlige oplysninger, kan du modtage et telefonopkald, e-mail og direkte mail fra os eller vores afdelingskontor. Hvis du ikke \u00f8nsker at modtage vores direkte markedsf\u00f8ring og reklamemateriale, bedes du skrive til os p\u00e5 nedenst\u00e5ende adresse. Vi respekterer din anmodning og bruger ikke l\u00e6ngere dine personlige oplysninger i direkte markedsf\u00f8ringsaktiviteter.<\/p>\n<p><strong>Beskyttelse af personlige data<\/strong><\/p>\n<p>Vi implementerer passende fysiske, elektroniske, ledelsesm\u00e6ssige og tekniske foranstaltninger for at beskytte og beskytte dine personlige data. Vi bestr\u00e6ber os p\u00e5 at sikre, at alle personlige data indsamlet via vores hjemmeside er fri for gener fra tredjeparter, der ikke er relateret til os. De sikkerhedsforanstaltninger, vi tr\u00e6ffer, omfatter, men er ikke begr\u00e6nset til:<\/p>\n<p>Fysiske foranstaltninger: Optegnelser, der indeholder dine personlige data, vil blive opbevaret p\u00e5 et afl\u00e5st sted.<\/p>\n<p>Elektroniske foranstaltninger: Computerdata, der indeholder dine personlige data, vil blive lagret p\u00e5 computersystemer og lagringsmedier underlagt strenge login-begr\u00e6nsninger.<\/p>\n<p>Ledelsesforanstaltninger: Kun medarbejdere, der er autoriseret af os, kan f\u00e5 adgang til dine personlige data. Disse medarbejdere er forpligtet til at overholde den interne fortrolighedskodeks for vores personlige data.<\/p>\n<p>Tekniske foranstaltninger: Krypteringsteknologi s\u00e5som Secure Socket Layer Encryption kan bruges til at levere dine personlige data.<\/p>\n<p>Andre foranstaltninger: Vores webserver er beskyttet af en &quot;firewall&quot;.<\/p>\n<p>Hvis du er opm\u00e6rksom p\u00e5 sikkerhedss\u00e5rbarheder p\u00e5 vores hjemmeside, s\u00e5 t\u00f8v ikke med at kontakte os, s\u00e5 vi kan tr\u00e6ffe passende foranstaltninger s\u00e5 hurtigt som muligt.<\/p>\n<p>P\u00e5 trods af implementeringen af ovenst\u00e5ende tekniske og sikkerhedsm\u00e6ssige foranstaltninger kan vi ikke garantere den absolutte sikkerhed af data p\u00e5 internettet, s\u00e5 vi kan ikke garantere, at de personlige data, du giver os via vores hjemmeside, til enhver tid er sikre. Vi er ikke ansvarlige for h\u00e6ndelser, der er et resultat af uautoriseret adgang til dine personlige data, og vi er ikke ansvarlige for tab eller skader, der opst\u00e5r eller for\u00e5rsages i denne forbindelse.<\/p>\n<p><strong>Mindre<\/strong><\/p>\n<p>Hvis en for\u00e6lder eller v\u00e6rge mener, at en mindre\u00e5rig har givet os personlige oplysninger uden godkendelse eller samtykke fra for\u00e6lderen eller v\u00e6rgen, er du velkommen til at kontakte vores kundeserviceafdeling for at sikre, at oplysningerne er fjernet og fra vores salgsfremmende liste. trak sig tilbage.<\/p>\n<p><strong>Adgang og rettelse af personoplysninger<\/strong><\/p>\n<p><strong>Du har ret til:<\/strong><\/p>\n<p>Tjek, om vi har nogen af dine personlige oplysninger;<\/p>\n<p>Adgang til dine personlige data, som vi opbevarer;<\/p>\n<p>Bed os om at rette eventuelle ukorrekte personlige oplysninger;<\/p>\n<p>Sp\u00f8rg fra tid til anden om arten, politikkerne og implementeringsmetoderne for de personlige data, vi har.<\/p>\n<p>Men under de yderst begr\u00e6nsede omst\u00e6ndigheder, der er tilladt ved lov, tillader vi muligvis ikke dig adgang til dine personlige data, s\u00e5som:<\/p>\n<p>Hvis du modtager og modtager dine personlige oplysninger, kan du v\u00e6re i fare;<\/p>\n<p>N\u00e5r din profil kan p\u00e5virke en igangv\u00e6rende unders\u00f8gelse;<\/p>\n<p>N\u00e5r dine personlige data vedr\u00f8rer retssager og kan v\u00e6re underlagt opdagelsesbegr\u00e6nsninger.<\/p>\n<p>N\u00e5r din profil involverer en forretningsf\u00f8lsom beslutningsproces;<\/p>\n<p>N\u00e5r en anden persons profil ogs\u00e5 er inkluderet i samme post.<\/p>\n<p>Hvis du \u00f8nsker at f\u00e5 adgang til eller rette dine persondata eller anmode om oplysninger om dine persondata, hvordan de udf\u00f8res, og hvilken type persondata du opbevarer, skal du skrive til os p\u00e5 nedenst\u00e5ende adresse. Anmodninger om adgang til eller rettelse af oplysninger kan medf\u00f8re rimelige ekspeditionsgebyrer.<\/p>\n<p><strong>Hold din adgangskode sikker<\/strong><\/p>\n<p>Ud over vores bestr\u00e6belser p\u00e5 at sikre sikkerheden for din lagring og behandling af dine personlige data, b\u00f8r du ikke videregive dit login-adgangskode eller kontooplysninger til nogen for at beskytte dine personlige data. N\u00e5r du logger ind p\u00e5 vores hjemmeside, is\u00e6r n\u00e5r du bruger en andens computer eller en offentlig internetterminal, skal du huske at klikke og afslutte efter operationen. Din indsats og hj\u00e6lp er absolut nyttig for os til at beskytte dine personlige oplysninger.<\/p>\n<p><strong>\u00c6ndring af privatlivspolitikken<\/strong><\/p>\n<p>Denne privatlivspolitik kan blive \u00e6ndret fra tid til anden (uden forudg\u00e5ende varsel til dig). Eventuelle \u00e6ndringer i privatlivspolitikken vil blive offentliggjort p\u00e5 vores hjemmeside.<\/p>\n<p><strong>Kontakt os<\/strong><\/p>\n<p>Hvis du har sp\u00f8rgsm\u00e5l eller bekymringer om vores privatlivspolitik, er du velkommen til at kontakte os.<\/p>","protected":false},"excerpt":{"rendered":"<p>Privacy Policy Committed to We are committed to protecting the privacy, personal information and personal information (collectively referred to as &#8220;Personal Data&#8221;) provided by us when using our website, so that we are able to collect, use, store and transmit personal data (with personal data privacy). Relevant laws and regulations) and the highest standards of [&#8230;]\n","protected":false},"author":1,"featured_media":0,"parent":0,"menu_order":0,"comment_status":"closed","ping_status":"open","template":"","meta":{"footnotes":""},"class_list":["post-3","page","type-page","status-publish","hentry"],"_links":{"self":[{"href":"https:\/\/www.ccmmachine.com\/da\/wp-json\/wp\/v2\/pages\/3","targetHints":{"allow":["GET"]}}],"collection":[{"href":"https:\/\/www.ccmmachine.com\/da\/wp-json\/wp\/v2\/pages"}],"about":[{"href":"https:\/\/www.ccmmachine.com\/da\/wp-json\/wp\/v2\/types\/page"}],"author":[{"embeddable":true,"href":"https:\/\/www.ccmmachine.com\/da\/wp-json\/wp\/v2\/users\/1"}],"replies":[{"embeddable":true,"href":"https:\/\/www.ccmmachine.com\/da\/wp-json\/wp\/v2\/comments?post=3"}],"version-history":[{"count":0,"href":"https:\/\/www.ccmmachine.com\/da\/wp-json\/wp\/v2\/pages\/3\/revisions"}],"wp:attachment":[{"href":"https:\/\/www.ccmmachine.com\/da\/wp-json\/wp\/v2\/media?parent=3"}],"curies":[{"name":"wp","href":"https:\/\/api.w.org\/{rel}","templated":true}]}}