{"id":1345,"date":"2024-03-21T04:03:01","date_gmt":"2024-03-21T04:03:01","guid":{"rendered":"https:\/\/www.ccmmachine.com\/?post_type=product&#038;p=1345"},"modified":"2024-03-21T04:03:05","modified_gmt":"2024-03-21T04:03:05","slug":"peiriant-ffrio-pwysau-trydan-pfe-500","status":"publish","type":"product","link":"https:\/\/www.ccmmachine.com\/cy\/product\/electric-pressure-fryer-pfe-500\/","title":{"rendered":"Ffr\u00efwr Pwysedd Trydan PFE-500"},"content":{"rendered":"<p>Mae&#039;r gyfres hon o ffwrn cyw i\u00e2r wedi&#039;i ffrio Americanaidd yn gwmni sy&#039;n amsugno&#039;r dechnoleg uwch dramor, yn unol \u00e2 nodweddion proses gynhyrchu cyw i\u00e2r wedi&#039;i ffrio cyw i\u00e2r Tsieineaidd a thraddodiadol yn natblygiad a chynhyrchiad y popty cyw i\u00e2r wedi&#039;i ffrio diweddaraf. Mae&#039;r corff cyfan o ddur di-staen, gweithrediad syml, rheoli tymheredd awtomatig pwysau gwac\u00e1u.<br>Gan ddefnyddio egwyddorion pwysedd uchel tymheredd isel, bwyd wedi&#039;i ffrio&#039;n grimp y tu allan, a thyner, lliw llachar, ond hefyd hwyaden wedi&#039;i ffrio, cyw i\u00e2r wedi&#039;i ffrio, cyw i\u00e2r wedi&#039;i ffrio, adenydd cyw i\u00e2r, pysgod, porc, a chig a thatws a llysiau eraill. Yn berthnasol i bob siop fawr, gwesty, bwytai bwyd cyflym, bariau byrbrydau, ffreuturau ffatri, a chartrefi hunangyflogedig. Gyda gweithrediad syml, gl\u00e2n, hawdd ei ddefnyddio, effeithlonrwydd uchel, gwydnwch a nodweddion eraill. Dyma&#039;r math diweddaraf o beiriannau ac offer prosesu bwyd.<gwmw style=\"display:none;\"><\/gwmw><\/p>\n\n\n\n<h3 class=\"wp-block-heading\"><strong>Nodweddion:<\/strong><gwmw style=\"display:none;\"><\/gwmw><\/h3>\n\n\n\n<p>1, pob corff dur di-staen, yn hawdd i&#039;w olchi a&#039;i sychu bywyd gwasanaeth hir.<br>2, caead alwminiwm, garw ac ysgafn, yn hawdd i&#039;w agor a&#039;i gau.<br>3, system hidlo adeiledig, yn hawdd i&#039;w defnyddio ac yn ynni-effeithlon.<br>4, pedwar casters cario capasiti ynghyd \u00e2 swyddogaeth br\u00eac, rhwyddineb symud a lleoli.<br>5, y panel rheoli peiriant clasurol, yn haws ac yn fwy effeithlon.<\/p>\n\n\n\n<figure class=\"wp-block-table\"><table><tbody><tr><td>Enw<\/td><td>Ffriwr pwysau trydan<\/td><\/tr><tr><td>enw<\/td><td>PFE-500<\/td><\/tr><tr><td>foltedd<\/td><td>~3N380v\/50Hz(~3N220v\/60Hz)<\/td><\/tr><tr><td>Grym<\/td><td>13.5kw<\/td><\/tr><tr><td>Rheoli ystod tymheredd<\/td><td>20-200 \u2103<\/td><\/tr><tr><td>Maint<\/td><td>960 \u00d7 460 \u00d7 1230mm<\/td><\/tr><tr><td>Maint pacio<\/td><td>1030 \u00d7 510 \u00d7 1300mm<\/td><\/tr><tr><td>Gallu<\/td><td>24L<\/td><\/tr><tr><td>Pwysau<\/td><td>135kg<\/td><\/tr><tr><td>Pwysau gros<\/td><td>155kg<\/td><\/tr><tr><td>Panel Rheoli<\/td><td>panel llaw<\/td><\/tr><\/tbody><\/table><\/figure>\n\n\n\n<figure class=\"wp-block-image size-full\"><img decoding=\"async\" width=\"740\" height=\"300\" src=\"https:\/\/www.ccmmachine.com\/wp-content\/uploads\/2024\/03\/Electric-Pressure-fryer-PFE-500-001.webp\" alt=\"\" class=\"wp-image-1577\" srcset=\"https:\/\/www.ccmmachine.com\/wp-content\/uploads\/2024\/03\/Electric-Pressure-fryer-PFE-500-001.webp 740w, https:\/\/www.ccmmachine.com\/wp-content\/uploads\/2024\/03\/Electric-Pressure-fryer-PFE-500-001-700x284.webp 700w, https:\/\/www.ccmmachine.com\/wp-content\/uploads\/2024\/03\/Electric-Pressure-fryer-PFE-500-001-300x122.webp 300w, https:\/\/www.ccmmachine.com\/wp-content\/uploads\/2024\/03\/Electric-Pressure-fryer-PFE-500-001-18x7.webp 18w\" sizes=\"(max-width: 740px) 100vw, 740px\" \/><\/figure>\n\n\n\n<figure class=\"wp-block-image size-full\"><img decoding=\"async\" width=\"472\" height=\"461\" src=\"https:\/\/www.ccmmachine.com\/wp-content\/uploads\/2024\/03\/Electric-Pressure-fryer-PFE-500-002.webp\" alt=\"\" class=\"wp-image-1578\" srcset=\"https:\/\/www.ccmmachine.com\/wp-content\/uploads\/2024\/03\/Electric-Pressure-fryer-PFE-500-002.webp 472w, https:\/\/www.ccmmachine.com\/wp-content\/uploads\/2024\/03\/Electric-Pressure-fryer-PFE-500-002-300x293.webp 300w, https:\/\/www.ccmmachine.com\/wp-content\/uploads\/2024\/03\/Electric-Pressure-fryer-PFE-500-002-12x12.webp 12w\" sizes=\"(max-width: 472px) 100vw, 472px\" \/><\/figure>\n\n\n\n<p><gwmw style=\"display:none;\"><\/gwmw><\/p>","protected":false},"excerpt":{"rendered":"<p>This series American fried chicken oven is a company absorbing the foreign advanced technology, according to the production process characteristics of Western and traditional Chinese chicken fried chicken in the development and production of the latest fried chicken oven. The whole body of stainless steel, simple operation, automatic temperature control exhaust pressure.Using low-temperature high-pressure principles, [&#8230;]\n","protected":false},"featured_media":1576,"template":"","meta":[],"product_brand":[],"product_cat":[85],"product_tag":[],"class_list":{"0":"post-1345","1":"product","2":"type-product","3":"status-publish","4":"has-post-thumbnail","6":"product_cat-electric-pressure-fryers","8":"first","9":"instock","10":"shipping-taxable","11":"product-type-simple"},"_links":{"self":[{"href":"https:\/\/www.ccmmachine.com\/cy\/wp-json\/wp\/v2\/product\/1345","targetHints":{"allow":["GET"]}}],"collection":[{"href":"https:\/\/www.ccmmachine.com\/cy\/wp-json\/wp\/v2\/product"}],"about":[{"href":"https:\/\/www.ccmmachine.com\/cy\/wp-json\/wp\/v2\/types\/product"}],"wp:featuredmedia":[{"embeddable":true,"href":"https:\/\/www.ccmmachine.com\/cy\/wp-json\/wp\/v2\/media\/1576"}],"wp:attachment":[{"href":"https:\/\/www.ccmmachine.com\/cy\/wp-json\/wp\/v2\/media?parent=1345"}],"wp:term":[{"taxonomy":"product_brand","embeddable":true,"href":"https:\/\/www.ccmmachine.com\/cy\/wp-json\/wp\/v2\/product_brand?post=1345"},{"taxonomy":"product_cat","embeddable":true,"href":"https:\/\/www.ccmmachine.com\/cy\/wp-json\/wp\/v2\/product_cat?post=1345"},{"taxonomy":"product_tag","embeddable":true,"href":"https:\/\/www.ccmmachine.com\/cy\/wp-json\/wp\/v2\/product_tag?post=1345"}],"curies":[{"name":"wp","href":"https:\/\/api.w.org\/{rel}","templated":true}]}}