{"id":1340,"date":"2024-03-21T03:52:28","date_gmt":"2024-03-21T03:52:28","guid":{"rendered":"https:\/\/www.ccmmachine.com\/?post_type=product&#038;p=1340"},"modified":"2024-03-21T03:52:31","modified_gmt":"2024-03-21T03:52:31","slug":"peiriant-ffrio-pwysau-trydan-pfe-600","status":"publish","type":"product","link":"https:\/\/www.ccmmachine.com\/cy\/product\/electric-pressure-fryer-pfe-600\/","title":{"rendered":"Ffr\u00efwr pwysau trydan PFE-600"},"content":{"rendered":"<p><strong>Disgrifiad o&#039;r Cynnyrch:<\/strong><\/p>\n\n\n\n<p>1 Pob corff dur di-staen yn hawdd i&#039;w olchi a&#039;i sychu bywyd gwasanaeth hir.<br>2 Mae pob caead alwminiwm yn garw ac yn ysgafn yn hawdd i&#039;w agor a&#039;i gau.<br>3 Mae&#039;r system hidlo awtomatig adeiledig yn hawdd i&#039;w defnyddio ac yn ynni-effeithlon.<\/p>\n\n\n\n<p>Mae&#039;r gyfres hon o Ffyrnau cyw i\u00e2r wedi&#039;i ffrio Americanaidd yn gwmni sy&#039;n amsugno technoleg uwch dramor, yn \u00f4l nodweddion proses gynhyrchu cyw i\u00e2r wedi&#039;i ffrio cyw i\u00e2r Tsieineaidd a thraddodiadol yn natblygiad a chynhyrchiad y popty cyw i\u00e2r wedi&#039;i ffrio diweddaraf. Mae&#039;r corff cyfan o ddur di-staen, panel rheoli cyfrifiaduron LCD, gweithrediad syml, pwysau gwac\u00e1u rheoli tymheredd awtomatig. Gan ddefnyddio egwyddorion pwysedd uchel tymheredd isel, bwyd wedi&#039;i ffrio&#039;n grimp y tu allan, a thyner, gyda lliwiau llachar, ond hefyd hwyaden wedi&#039;i ffrio, cyw i\u00e2r wedi&#039;i ffrio, cyw i\u00e2r wedi&#039;i ffrio, adenydd cyw i\u00e2r, pysgod, porc, a chig a thatws eraill a llysiau eraill. Yn berthnasol i bob siop fawr, gwesty, bwytai bwyd cyflym, bariau byrbrydau, ffreuturau ffatri, a chartrefi hunangyflogedig. Gyda gweithrediad syml, gl\u00e2n, hawdd ei ddefnyddio, effeithlonrwydd uchel, gwydnwch, a nodweddion eraill. Dyma&#039;r math diweddaraf o beiriannau ac offer prosesu bwyd.<gwmw style=\"display:none;\"><\/gwmw><\/p>\n\n\n\n<p><strong>Nodweddion:<\/strong><br>1, Pob corff dur di-staen, yn hawdd i&#039;w olchi a&#039;i sychu bywyd gwasanaeth hir.<br>2, Pob caead alwminiwm, garw ac ysgafn, yn hawdd i&#039;w agor a&#039;i gau.<br>3, System hidlo awtomatig adeiledig, yn hawdd i&#039;w defnyddio ac yn ynni-effeithlon.<br>4, Pedwar casters cario capasiti ynghyd \u00e2 swyddogaeth br\u00eac, rhwyddineb symud a lleoli.<br>5, panel rheoli arddangos digidol LCD, yn fwy cywir ac yn fwy prydferth.<\/p>\n\n\n\n<figure class=\"wp-block-table\"><table><tbody><tr><td>Enw<\/td><td>Ffriwr pwysau trydan<\/td><\/tr><tr><td>enw<\/td><td>PFE-600<\/td><\/tr><tr><td>foltedd<\/td><td>~3N380v\/50Hz(~3N220v\/60Hz)<\/td><\/tr><tr><td>Grym<\/td><td>13.5kw<\/td><\/tr><tr><td>Rheoli ystod tymheredd<\/td><td>20-200 \u2103<\/td><\/tr><tr><td>Maint<\/td><td>960 \u00d7 460 \u00d7 1230mm<\/td><\/tr><tr><td>Maint pacio<\/td><td>1030 \u00d7 510 \u00d7 1300mm<\/td><\/tr><tr><td>Gallu<\/td><td>24L<\/td><\/tr><tr><td>Pwysau<\/td><td>135kg<\/td><\/tr><tr><td>Pwysau gros<\/td><td>155kg<\/td><\/tr><tr><td>Panel Rheoli<\/td><td>Panel rheoli LED<\/td><\/tr><\/tbody><\/table><\/figure>\n\n\n\n<figure class=\"wp-block-image\"><img decoding=\"async\" src=\"https:\/\/www.ccmmachine.com\/wp-content\/uploads\/2019\/09\/Electric-Pressure-fryer-PFE-600-001.jpg\" alt=\"\" class=\"wp-image-1342\"\/><\/figure>\n\n\n\n<figure class=\"wp-block-image\"><img decoding=\"async\" src=\"https:\/\/www.ccmmachine.com\/wp-content\/uploads\/2019\/09\/Electric-Pressure-fryer-PFE-600-002.jpg\" alt=\"\" class=\"wp-image-1344\"\/><\/figure>\n\n\n\n<p><gwmw style=\"display:none;\"><\/gwmw><\/p>","protected":false},"excerpt":{"rendered":"<p>Product Description\uff1a 1 All stainless steel body easy to wash and wipe long service life.2 All aluminum lid rugged and lightweight easy to open and close.3 The built-in automatic filtration system is easy to use and energy-efficient. This series of American fried chicken Ovens is a company absorbing foreign advanced technology, according to the production [&#8230;]\n","protected":false},"featured_media":1568,"template":"","meta":[],"product_brand":[],"product_cat":[85],"product_tag":[],"class_list":{"0":"post-1340","1":"product","2":"type-product","3":"status-publish","4":"has-post-thumbnail","6":"product_cat-electric-pressure-fryers","8":"first","9":"instock","10":"shipping-taxable","11":"product-type-simple"},"_links":{"self":[{"href":"https:\/\/www.ccmmachine.com\/cy\/wp-json\/wp\/v2\/product\/1340","targetHints":{"allow":["GET"]}}],"collection":[{"href":"https:\/\/www.ccmmachine.com\/cy\/wp-json\/wp\/v2\/product"}],"about":[{"href":"https:\/\/www.ccmmachine.com\/cy\/wp-json\/wp\/v2\/types\/product"}],"wp:featuredmedia":[{"embeddable":true,"href":"https:\/\/www.ccmmachine.com\/cy\/wp-json\/wp\/v2\/media\/1568"}],"wp:attachment":[{"href":"https:\/\/www.ccmmachine.com\/cy\/wp-json\/wp\/v2\/media?parent=1340"}],"wp:term":[{"taxonomy":"product_brand","embeddable":true,"href":"https:\/\/www.ccmmachine.com\/cy\/wp-json\/wp\/v2\/product_brand?post=1340"},{"taxonomy":"product_cat","embeddable":true,"href":"https:\/\/www.ccmmachine.com\/cy\/wp-json\/wp\/v2\/product_cat?post=1340"},{"taxonomy":"product_tag","embeddable":true,"href":"https:\/\/www.ccmmachine.com\/cy\/wp-json\/wp\/v2\/product_tag?post=1340"}],"curies":[{"name":"wp","href":"https:\/\/api.w.org\/{rel}","templated":true}]}}