{"id":1312,"date":"2024-03-21T02:37:40","date_gmt":"2024-03-21T02:37:40","guid":{"rendered":"https:\/\/www.ccmmachine.com\/?post_type=product&#038;p=1312"},"modified":"2024-03-21T02:54:52","modified_gmt":"2024-03-21T02:54:52","slug":"peiriant-ffrio-pwysedd-nwy-pfg-600","status":"publish","type":"product","link":"https:\/\/www.ccmmachine.com\/cy\/product\/gas-pressure-fryer-pfg-600\/","title":{"rendered":"Ffr\u00efwr pwysau nwy PFG-600"},"content":{"rendered":"<h3 class=\"wp-block-heading\"><strong>Disgrifiad o&#039;r Cynnyrch:<\/strong><\/h3>\n\n\n\n<ol class=\"wp-block-list\">\n<li>&nbsp;Pob corff dur di-staen, hawdd ei olchi a&#039;i sychu, bywyd gwasanaeth hir.<\/li>\n\n\n\n<li>&nbsp;caead alwminiwm, garw ac ysgafn, hawdd ei agor a&#039;i gau.<\/li>\n\n\n\n<li>&nbsp;pedwar casters cario capasiti ynghyd \u00e2 swyddogaeth br\u00eac, rhwyddineb symud a lleoli.<\/li>\n\n\n\n<li>&nbsp;System rheoli cyfrifiadur panel, iawn, manwl gywir.<\/li>\n\n\n\n<li>&nbsp;Y system hidlo awtomatig adeiledig, sy&#039;n hawdd ei defnyddio ac yn ynni-effeithlon.<\/li>\n<\/ol>\n\n\n\n<p>Mae&#039;r gyfres Ffwrnais Cyw I\u00e2r Fried Pressure Gas yn llinell o ddyfeisiadau a ddatblygwyd gan ein cwmni, sy&#039;n ymgorffori technoleg uwch o dramor. Mae&#039;r ffyrnau hyn wedi&#039;u cynllunio&#039;n benodol ar gyfer cynhyrchu cyw i\u00e2r wedi&#039;i ffrio, gan ystyried dulliau Gorllewinol a thraddodiadol Tsieineaidd o rostio cyw i\u00e2r. Mae corff cyfan y popty wedi&#039;i wneud o ddur di-staen, ac mae&#039;r panel rheoli cyfrifiadurol yn caniat\u00e1u rheoleiddio pwysau gwac\u00e1u yn awtomatig. Trwy ddefnyddio&#039;r egwyddor pwysedd uchel tymheredd isel, mae ein ffyrnau&#039;n cynhyrchu bwyd wedi&#039;i ffrio creisionllyd a thyner gyda lliw llachar. Yn ogystal \u00e2 chyw i\u00e2r, gellir eu defnyddio hefyd i ffrio hwyaden, pysgod, porc, cig eidion, cig dafad, tatws a llysiau eraill. Mae ein poptai yn addas i&#039;w defnyddio mewn amrywiol sefydliadau megis siopau, gwestai, bwytai bwyd cyflym, bariau byrbrydau, ffreuturau ffatri, a hyd yn oed ar gyfer unigolion hunangyflogedig. Maent yn hawdd i&#039;w gweithredu, yn l\u00e2n, ac yn hynod effeithlon, gan eu gwneud y peiriannau a&#039;r offer prosesu bwyd diweddaraf a mwyaf datblygedig sydd ar gael.<\/p>\n\n\n\n<figure class=\"wp-block-table\"><table><tbody><tr><td><strong>Enw<\/strong><\/td><td>peiriant ffrio pwysau nwy<\/td><\/tr><tr><td><strong>Model<\/strong><\/td><td>PFG-600<\/td><\/tr><tr><td><strong>Pwysau gweithio<\/strong><\/td><td>0.085Mpa<\/td><\/tr><tr><td><strong>Rheoli ystod tymheredd<\/strong><\/td><td>20 ~ 200 \u2103<\/td><\/tr><tr><td><strong>Defnydd o nwy<\/strong><\/td><td>tua 0.48kg\/h (gan gynnwys yr amser dal)<\/td><\/tr><tr><td><strong>foltedd<\/strong><\/td><td>&nbsp;~ 220V \/ 50Hz-60Hz<\/td><\/tr><tr><td><strong>Tanwydd<\/strong><\/td><td>LPG \/ Nwy Natur<\/td><\/tr><tr><td><strong>Maint<\/strong><\/td><td>460 \u00d7 960 \u00d7 1230mm<\/td><\/tr><tr><td><strong>Maint pacio<\/strong><\/td><td>510 \u00d7 1030 \u00d7 1300mm<\/td><\/tr><tr><td><strong>Gallu<\/strong><\/td><td>24L<\/td><\/tr><tr><td><strong>Pwysau<\/strong><\/td><td>135kg<\/td><\/tr><tr><td><strong>Pwysau gros<\/strong><\/td><td>155kg<\/td><\/tr><tr><td><strong>Panel Rheoli<\/strong><\/td><td>LCD<\/td><\/tr><\/tbody><\/table><\/figure>\n\n\n\n<figure class=\"wp-block-image\"><img decoding=\"async\" src=\"https:\/\/www.ccmmachine.com\/wp-content\/uploads\/2019\/08\/Electric-Pressure-fryer-PFE-600L-001.jpg\" alt=\"\" class=\"wp-image-1304\"\/><\/figure>","protected":false},"excerpt":{"rendered":"<p>Product Description\uff1a The\u00a0Gas\u00a0Pressure\u00a0Fried\u00a0Chicken\u00a0Furnace series\u00a0is a line of\u00a0devices\u00a0developed\u00a0by our\u00a0company,\u00a0incorporating advanced technology\u00a0from abroad. These\u00a0ovens\u00a0are designed\u00a0specifically\u00a0for\u00a0the\u00a0production of\u00a0fried chicken,\u00a0taking\u00a0into account\u00a0both Western and traditional Chinese\u00a0methods of\u00a0roasting\u00a0chicken. The entire\u00a0body of\u00a0the oven is\u00a0made of stainless steel,\u00a0and the\u00a0computer control panel allows for automatic\u00a0regulation of exhaust pressure.\u00a0By utilizing\u00a0the\u00a0low-temperature high-pressure principle,\u00a0our\u00a0ovens\u00a0produce\u00a0crispy\u00a0and tender\u00a0fried food with a\u00a0bright color. In addition to chicken, they\u00a0can also\u00a0be\u00a0used\u00a0to fry\u00a0duck, fish, pork, [&#8230;]\n","protected":false},"featured_media":1563,"template":"","meta":[],"product_brand":[],"product_cat":[86],"product_tag":[],"class_list":{"0":"post-1312","1":"product","2":"type-product","3":"status-publish","4":"has-post-thumbnail","6":"product_cat-gas-pressure-fryers","8":"first","9":"instock","10":"shipping-taxable","11":"product-type-simple"},"_links":{"self":[{"href":"https:\/\/www.ccmmachine.com\/cy\/wp-json\/wp\/v2\/product\/1312","targetHints":{"allow":["GET"]}}],"collection":[{"href":"https:\/\/www.ccmmachine.com\/cy\/wp-json\/wp\/v2\/product"}],"about":[{"href":"https:\/\/www.ccmmachine.com\/cy\/wp-json\/wp\/v2\/types\/product"}],"wp:featuredmedia":[{"embeddable":true,"href":"https:\/\/www.ccmmachine.com\/cy\/wp-json\/wp\/v2\/media\/1563"}],"wp:attachment":[{"href":"https:\/\/www.ccmmachine.com\/cy\/wp-json\/wp\/v2\/media?parent=1312"}],"wp:term":[{"taxonomy":"product_brand","embeddable":true,"href":"https:\/\/www.ccmmachine.com\/cy\/wp-json\/wp\/v2\/product_brand?post=1312"},{"taxonomy":"product_cat","embeddable":true,"href":"https:\/\/www.ccmmachine.com\/cy\/wp-json\/wp\/v2\/product_cat?post=1312"},{"taxonomy":"product_tag","embeddable":true,"href":"https:\/\/www.ccmmachine.com\/cy\/wp-json\/wp\/v2\/product_tag?post=1312"}],"curies":[{"name":"wp","href":"https:\/\/api.w.org\/{rel}","templated":true}]}}