{"id":1292,"date":"2024-03-21T02:29:27","date_gmt":"2024-03-21T02:29:27","guid":{"rendered":"https:\/\/www.ccmmachine.com\/?post_type=product&#038;p=1292"},"modified":"2024-03-21T02:29:30","modified_gmt":"2024-03-21T02:29:30","slug":"peiriant-ffrio-pwysedd-nwy-pfg-600l","status":"publish","type":"product","link":"https:\/\/www.ccmmachine.com\/cy\/product\/gas-pressure-fryer-pfg-600l\/","title":{"rendered":"Ffr\u00efwr pwysau nwy PFG-600L"},"content":{"rendered":"<p><strong>Disgrifiad o&#039;r Cynnyrch:<\/strong><\/p>\n\n\n\n<ol class=\"wp-block-list\">\n<li>Pob corff dur di-staen yn hawdd i&#039;w olchi a&#039;i sychu ac mae ganddynt fywyd gwasanaeth hir.<\/li>\n\n\n\n<li>caead alwminiwm garw ac ysgafn hawdd i&#039;w agor a&#039;i gau.<\/li>\n\n\n\n<li>system hidlo olew awtomatig adeiledig sy&#039;n hawdd ei defnyddio ac yn ynni-effeithlon.<\/li>\n\n\n\n<li>pedwar casters cario capasiti ynghyd \u00e2 swyddogaeth br\u00eac rhwyddineb symud a lleoli.<\/li>\n\n\n\n<li>Mae&#039;r panel rheoli LCD yn fanwl gywir ac yn hardd.<\/li>\n<\/ol>\n\n\n\n<p>Pwysau nwy yw&#039;r cwmni sy&#039;n amsugno technoleg uwch tramor, datblygu, a chynhyrchu&#039;r broses gynhyrchu cyw i\u00e2r wedi&#039;i ffrio wedi&#039;i ffrio \u00e2 ffwrn cyw i\u00e2r wedi&#039;i ffrio yn unol \u00e2 nodweddion cyw i\u00e2r rhost Tsieineaidd Gorllewinol a thraddodiadol. Mae&#039;r corff cyfan o ddur di-staen, system rheoli cyfrifiaduron LCD rheoli tymheredd awtomatig, rheoli pwysau, gwac\u00e1u. Gan ddefnyddio egwyddor pwysedd uchel tymheredd isel, bwyd wedi&#039;i ffrio&#039;n grimp y tu allan, a thyner, lliw llachar, ond hefyd hwyaden wedi&#039;i ffrio, pysgod, porc, cig eidion, cig dafad a chig a thatws eraill a llysiau eraill. Yn berthnasol i bob prif siop, gwesty, bwytai bwyd cyflym, bariau byrbrydau, ffreuturau ffatri, a chartrefi hunangyflogedig. Mae gweithrediad penodol yn syml, yn l\u00e2n, yn hawdd ei ddefnyddio, effeithlonrwydd uchel, gwydnwch a nodweddion eraill, yw&#039;r math diweddaraf o beiriannau ac offer prosesu bwyd.<\/p>\n\n\n\n<figure class=\"wp-block-table\"><table><tbody><tr><td><strong>Enw<\/strong><\/td><td>peiriant ffrio pwysau nwy<\/td><\/tr><tr><td><strong>Model<\/strong><\/td><td>PFG-600L<\/td><\/tr><tr><td><strong>Pwysau gweithio<\/strong><\/td><td>0.085Mpa<\/td><\/tr><tr><td><strong>Rheoli ystod tymheredd<\/strong><\/td><td>20 ~ 200 \u2103<\/td><\/tr><tr><td><strong>Defnydd o nwy<\/strong><\/td><td>tua 0.48kg\/h (gan gynnwys yr amser dal)<\/td><\/tr><tr><td><strong>foltedd<\/strong><\/td><td>&nbsp;~ 220V \/ 50Hz-60Hz<\/td><\/tr><tr><td><strong>Tanwydd<\/strong><\/td><td>LPG \/ Nwy Natur<\/td><\/tr><tr><td><strong>Maint<\/strong><\/td><td>460 \u00d7 960 \u00d7 1230mm<\/td><\/tr><tr><td><strong>Maint pacio<\/strong><\/td><td>510 \u00d7 1030 \u00d7 1300mm<\/td><\/tr><tr><td><strong>Gallu<\/strong><\/td><td>24L<\/td><\/tr><tr><td><strong>Pwysau<\/strong><\/td><td>135kg<\/td><\/tr><tr><td><strong>Pwysau gros<\/strong><\/td><td>155kg<\/td><\/tr><tr><td><strong>Panel Rheoli<\/strong><\/td><td>LCD<\/td><\/tr><\/tbody><\/table><\/figure>\n\n\n\n<figure class=\"wp-block-image\"><img decoding=\"async\" src=\"https:\/\/www.ccmmachine.com\/wp-content\/uploads\/2019\/08\/Electric-Pressure-fryer-PFE-600L-001.jpg\" alt=\"\" class=\"wp-image-1304\"\/><\/figure>","protected":false},"excerpt":{"rendered":"<p>Product Description\uff1a Gas pressure is the company absorbing foreign advanced technology, development, and production of the latest fried chicken oven fried chicken production process according to the characteristics of Western and traditional Chinese roast chicken. The whole body of stainless steel, LCD computer control system automatic temperature control, pressure control, exhaust. Using low-temperature high-pressure principle, [&#8230;]\n","protected":false},"featured_media":1560,"template":"","meta":[],"product_brand":[],"product_cat":[86],"product_tag":[],"class_list":{"0":"post-1292","1":"product","2":"type-product","3":"status-publish","4":"has-post-thumbnail","6":"product_cat-gas-pressure-fryers","8":"first","9":"instock","10":"shipping-taxable","11":"product-type-simple"},"_links":{"self":[{"href":"https:\/\/www.ccmmachine.com\/cy\/wp-json\/wp\/v2\/product\/1292","targetHints":{"allow":["GET"]}}],"collection":[{"href":"https:\/\/www.ccmmachine.com\/cy\/wp-json\/wp\/v2\/product"}],"about":[{"href":"https:\/\/www.ccmmachine.com\/cy\/wp-json\/wp\/v2\/types\/product"}],"wp:featuredmedia":[{"embeddable":true,"href":"https:\/\/www.ccmmachine.com\/cy\/wp-json\/wp\/v2\/media\/1560"}],"wp:attachment":[{"href":"https:\/\/www.ccmmachine.com\/cy\/wp-json\/wp\/v2\/media?parent=1292"}],"wp:term":[{"taxonomy":"product_brand","embeddable":true,"href":"https:\/\/www.ccmmachine.com\/cy\/wp-json\/wp\/v2\/product_brand?post=1292"},{"taxonomy":"product_cat","embeddable":true,"href":"https:\/\/www.ccmmachine.com\/cy\/wp-json\/wp\/v2\/product_cat?post=1292"},{"taxonomy":"product_tag","embeddable":true,"href":"https:\/\/www.ccmmachine.com\/cy\/wp-json\/wp\/v2\/product_tag?post=1292"}],"curies":[{"name":"wp","href":"https:\/\/api.w.org\/{rel}","templated":true}]}}