{"id":1285,"date":"2024-03-21T02:33:56","date_gmt":"2024-03-21T02:33:56","guid":{"rendered":"https:\/\/www.ccmmachine.com\/?post_type=product&#038;p=1285"},"modified":"2024-03-21T02:34:00","modified_gmt":"2024-03-21T02:34:00","slug":"peiriant-ffrio-pwysau-trydan-pfe-600l","status":"publish","type":"product","link":"https:\/\/www.ccmmachine.com\/cy\/product\/electric-pressure-fryer-pfe-600l\/","title":{"rendered":"Ffr\u00efwr pwysau trydan PFE-600L"},"content":{"rendered":"<h3 class=\"wp-block-heading\"><strong>Disgrifiad o&#039;r Cynnyrch:<\/strong> <\/h3>\n\n\n\n<ul class=\"wp-block-list\">\n<li>Pob corff dur di-staen yn hawdd i&#039;w olchi a&#039;i sychu a bywyd gwasanaeth hir. <\/li>\n\n\n\n<li>Pob caead alwminiwm garw ac ysgafn hawdd i&#039;w agor a&#039;i gau. <\/li>\n\n\n\n<li>Mae&#039;r system hidlo awtomatig adeiledig yn hawdd i&#039;w defnyddio ac yn ynni-effeithlon. <\/li>\n<\/ul>\n\n\n\n<p>Y gyfres hon o ffwrnais cyw i\u00e2r wedi&#039;i ffrio Americanaidd yw&#039;r cwmni sy&#039;n amsugno technoleg uwch dramor, yn \u00f4l nodweddion y broses gynhyrchu cyw i\u00e2r ffrio cyw i\u00e2r gorllewinol a thraddodiadol Tsieineaidd yn natblygiad a chynhyrchiad y ffwrnais cyw i\u00e2r wedi&#039;i ffrio diweddaraf. Mae&#039;r corff cyfan o ddur di-staen, panel rheoli cyfrifiaduron LCD, gweithrediad syml, pwysau gwac\u00e1u rheoli tymheredd awtomatig. Gan ddefnyddio egwyddor pwysedd uchel tymheredd isel, bwyd wedi&#039;i ffrio&#039;n grimp y tu allan, a thyner, lliw llachar, ond hefyd hwyaden wedi&#039;i ffrio, cyw i\u00e2r wedi&#039;i ffrio, cyw i\u00e2r wedi&#039;i ffrio, adenydd cyw i\u00e2r, pysgod, porc, a chig a thatws a llysiau eraill. Yn berthnasol i bob prif siop, gwesty, bwytai bwyd cyflym, bariau byrbrydau, ffreuturau ffatri, a chartrefi hunangyflogedig. Gyda gweithrediad syml, gl\u00e2n, hawdd ei ddefnyddio, effeithlonrwydd uchel, gwydnwch, a nodweddion eraill. Ai&#039;r math diweddaraf o beiriannau ac offer prosesu bwyd. <\/p>\n\n\n\n<p><strong>Nodweddion:<\/strong> <\/p>\n\n\n\n<ul class=\"wp-block-list\">\n<li>Pob corff dur di-staen, yn hawdd i&#039;w olchi a&#039;i sychu bywyd gwasanaeth hir. <\/li>\n\n\n\n<li>Mae pob caead alwminiwm yn arw ac yn ysgafn, yn hawdd i&#039;w agor a&#039;i gau. <\/li>\n\n\n\n<li>System hidlo awtomatig wedi&#039;i hymgorffori, yn hawdd ei defnyddio ac yn ynni-effeithlon. <\/li>\n\n\n\n<li>Pedwar casters cario capasiti ynghyd \u00e2 swyddogaeth br\u00eac, rhwyddineb symud, a lleoli. <\/li>\n\n\n\n<li>Mae panel rheoli arddangos digidol LCD yn fwy cywir ac yn fwy prydferth. <\/li>\n<\/ul>\n\n\n\n<figure class=\"wp-block-table\"><table><tbody><tr><td>Enw<\/td><td>Ffriwr pwysau trydan<\/td><\/tr><tr><td>enw<\/td><td>PFE-600L<\/td><\/tr><tr><td>foltedd<\/td><td>~3N380v\/50Hz(~3N220v\/60Hz)<\/td><\/tr><tr><td>Grym<\/td><td>13.5kw<\/td><\/tr><tr><td>Rheoli ystod tymheredd<\/td><td>20-200 \u2103<\/td><\/tr><tr><td>Maint<\/td><td>960 \u00d7 460 \u00d7 1230mm<\/td><\/tr><tr><td>Maint pacio<\/td><td>1030 \u00d7 510 \u00d7 1300mm<\/td><\/tr><tr><td>Gallu<\/td><td>24L<\/td><\/tr><tr><td>Pwysau<\/td><td>135kg<\/td><\/tr><tr><td>Pwysau gros<\/td><td>155kg<\/td><\/tr><tr><td>Panel Rheoli<\/td><td>Panel rheoli LED<\/td><\/tr><\/tbody><\/table><\/figure>\n\n\n\n<figure class=\"wp-block-image\"><img decoding=\"async\" src=\"https:\/\/www.ccmmachine.com\/wp-content\/uploads\/2019\/08\/Electric-Pressure-fryer-PFE-600L-001.jpg\" alt=\"\" class=\"wp-image-1304\"\/><\/figure>\n\n\n\n<figure class=\"wp-block-image\"><img decoding=\"async\" src=\"https:\/\/www.ccmmachine.com\/wp-content\/uploads\/2019\/08\/Electric-Pressure-fryer-PFE-600L-002.jpg\" alt=\"\" class=\"wp-image-1305\"\/><\/figure>","protected":false},"excerpt":{"rendered":"<p>Product Description\uff1a This series American fried chicken furnace is the company absorbing foreign advanced technology, according to the production process characteristics Western and traditional Chinese chicken fried chicken in the development and production of the latest fried chicken furnace. The whole body of stainless steel, LCD computer control panel, simple operation, automatic temperature control exhaust [&#8230;]\n","protected":false},"featured_media":1562,"template":"","meta":[],"product_brand":[],"product_cat":[85],"product_tag":[],"class_list":{"0":"post-1285","1":"product","2":"type-product","3":"status-publish","4":"has-post-thumbnail","6":"product_cat-electric-pressure-fryers","8":"first","9":"instock","10":"shipping-taxable","11":"product-type-simple"},"_links":{"self":[{"href":"https:\/\/www.ccmmachine.com\/cy\/wp-json\/wp\/v2\/product\/1285","targetHints":{"allow":["GET"]}}],"collection":[{"href":"https:\/\/www.ccmmachine.com\/cy\/wp-json\/wp\/v2\/product"}],"about":[{"href":"https:\/\/www.ccmmachine.com\/cy\/wp-json\/wp\/v2\/types\/product"}],"wp:featuredmedia":[{"embeddable":true,"href":"https:\/\/www.ccmmachine.com\/cy\/wp-json\/wp\/v2\/media\/1562"}],"wp:attachment":[{"href":"https:\/\/www.ccmmachine.com\/cy\/wp-json\/wp\/v2\/media?parent=1285"}],"wp:term":[{"taxonomy":"product_brand","embeddable":true,"href":"https:\/\/www.ccmmachine.com\/cy\/wp-json\/wp\/v2\/product_brand?post=1285"},{"taxonomy":"product_cat","embeddable":true,"href":"https:\/\/www.ccmmachine.com\/cy\/wp-json\/wp\/v2\/product_cat?post=1285"},{"taxonomy":"product_tag","embeddable":true,"href":"https:\/\/www.ccmmachine.com\/cy\/wp-json\/wp\/v2\/product_tag?post=1285"}],"curies":[{"name":"wp","href":"https:\/\/api.w.org\/{rel}","templated":true}]}}