{"id":3,"date":"2019-07-18T17:44:06","date_gmt":"2019-07-18T17:44:06","guid":{"rendered":"http:\/\/www.ccmmachine.com\/?page_id=3"},"modified":"2019-09-08T08:06:10","modified_gmt":"2019-09-08T08:06:10","slug":"polisi-preifatrwydd","status":"publish","type":"page","link":"https:\/\/www.ccmmachine.com\/cy\/privacy-policy\/","title":{"rendered":"Polisi Preifatrwydd"},"content":{"rendered":"<h3 style=\"text-align: center;\">Polisi Preifatrwydd<\/h3>\n<p><strong>Ymrwymedig i<\/strong><\/p>\n<p>Rydym wedi ymrwymo i ddiogelu\u2019r preifatrwydd, gwybodaeth bersonol a gwybodaeth bersonol (y cyfeirir atynt gyda\u2019i gilydd fel \u201cData Personol\u201d) a ddarperir gennym ni wrth ddefnyddio ein gwefan, fel ein bod yn gallu casglu, defnyddio, storio a throsglwyddo data personol (gyda data personol). preifatrwydd). Cyfreithiau a rheoliadau perthnasol) a&#039;r safonau uchaf o ran diogelu defnyddwyr.<\/p>\n<p>Er mwyn sicrhau eich bod yn gwbl hyderus yn ein dull o drin eich data personol, dylech ddarllen a deall darpariaethau\u2019r Polisi Preifatrwydd yn fanwl. Yn benodol, unwaith y byddwch yn defnyddio ein gwefan, ystyrir eich bod yn derbyn, cytuno, addo a chadarnhau:<\/p>\n<p>Rydych yn datgelu gwybodaeth bersonol i ni yn wirfoddol gyda&#039;r caniat\u00e2d gofynnol;<\/p>\n<p>Byddwch yn cydymffurfio \u00e2 holl delerau a chyfyngiadau&#039;r Polisi Preifatrwydd hwn;<\/p>\n<p>Rydych yn cofrestru ar ein gwefan a bydd y wybodaeth yn cael ei chasglu;<\/p>\n<p>Rydych yn cytuno i unrhyw newidiadau i&#039;n Polisi Preifatrwydd yn y dyfodol;<\/p>\n<p>Rydych chi&#039;n cytuno i&#039;n cwmn\u00efau cysylltiedig, cysylltiedig, gweithwyr, ac efallai y bydd gennych ddiddordeb mewn cynhyrchion a gwasanaethau a allai fod o ddiddordeb i chi (oni bai eich bod wedi nodi nad ydych am dderbyn negeseuon o&#039;r fath).<\/p>\n<p><strong>Math o ddata personol a gasglwyd<\/strong><\/p>\n<p>Rydym yn casglu, rheoli a monitro data personol gyda\u2019ch caniat\u00e2d. Er mwyn darparu ein gwasanaethau i chi, bydd angen i chi ddarparu\u2019r data personol a\u2019r deunyddiau dienw y credwn eu bod yn angenrheidiol i fodloni eich cyfarwyddiadau a gwella ein gwasanaethau ymhellach, gan gynnwys ond heb fod yn gyfyngedig i:<\/p>\n<p><strong>Gwybodaeth personol<\/strong><\/p>\n<p>\u2013 Eich enw, rhyw, oedran, dyddiad geni, rhif ff\u00f4n, rhif ffacs, cyfeiriad neu gyfeiriad post, cyfeiriad e-bost.<\/p>\n<p><strong>Deunydd dienw<\/strong><\/p>\n<p>Mae pwrpas a defnydd casglu data personol a gwybodaeth ddienw fel a ganlyn:<\/p>\n<p>Darparu ein gwasanaethau i ni trwy ein gwefan;<\/p>\n<p>Pan fyddwch yn defnyddio ein gwefan, gallwch nodi a chadarnhau pwy ydych;<\/p>\n<p>Gadael i chi gael y teimlad i chi wrth ddefnyddio ein gwefan;<\/p>\n<p>Gall ein staff gwasanaeth cwsmeriaid gysylltu \u00e2 chi os oes angen;<\/p>\n<p>Ystadegau ar y defnydd o&#039;n gwefan;<\/p>\n<p>Ei gwneud yn haws i chi ddefnyddio ein gwefan;<\/p>\n<p>Cynnal arolygon ymchwil marchnad i wella ein cynnyrch, gwasanaethau a chynnwys ein gwefan;<\/p>\n<p>Casglu gwybodaeth ar gyfer ein gweithgareddau, rhaglenni marchnata a hyrwyddo;<\/p>\n<p>Cydymffurfio \u00e2 chyfreithiau, llywodraeth ac awdurdodau rheoleiddio, gan gynnwys ond heb fod yn gyfyngedig i ddatgelu data personol a hysbysiadau;<\/p>\n<p>Gadewch i ni a&#039;n cwmn\u00efau cysylltiedig, cysylltiedig, cysylltiedig, gweithwyr, asiantau, partneriaid gwasanaeth neu drydydd part\u00efon eraill sy&#039;n gweithio gyda ni yn y wlad lle rydych chi&#039;n byw hyrwyddo cynhyrchion a \/ neu wasanaethau;<\/p>\n<p>Dadansoddi, gwirio a\/neu adolygu eich credyd, taliad a\/neu statws mewn perthynas \u00e2&#039;r gwasanaethau a ddarparwn;<\/p>\n<p>Prosesu unrhyw gyfarwyddiadau talu, trefniadau debyd uniongyrchol a\/neu gredyd ar eich cais;<\/p>\n<p>Yn eich galluogi i weithredu&#039;ch cyfrif a\/neu&#039;n caniat\u00e1u i ni dynnu&#039;r ffi gwasanaeth sy&#039;n weddill o&#039;r cyfrif.<\/p>\n<p><strong>Cwcis<\/strong><\/p>\n<p>Pan fyddwch yn ymweld \u00e2&#039;n gwefan, rydym yn defnyddio Google Stats i gofnodi ein perfformiad a gwirio effeithiolrwydd hysbysebu ar-lein trwy gwcis. Swm bach o ddata sy&#039;n cael ei anfon i&#039;ch porwr a&#039;i storio ar yriant caled eich cyfrifiadur yw cwci. Dim ond pan fyddwch chi&#039;n defnyddio&#039;ch cyfrifiadur i gael mynediad i&#039;n gwefan y gellir anfon cwcis i yriant caled eich cyfrifiadur. Defnyddir cwcis yn aml i gofnodi arferion a hoffterau ymwelwyr wrth bori drwy eitemau amrywiol ar ein gwefan. Mae&#039;r wybodaeth a gesglir gan y cwcis yn ystadegau cyfunol anghofrestredig ac nid yw&#039;n cynnwys data personol. Ni ellir defnyddio cwcis i gael data ar eich gyriant caled, eich cyfeiriad e-bost, a&#039;ch data preifat. Pan fyddwch yn ailymweld \u00e2&#039;n gwefan, gallwch arbed y camau i gofrestru eto. Mae&#039;r rhan fwyaf o borwyr wedi&#039;u rhagosod i dderbyn cwcis. Gallwch ddewis gosod eich porwr i beidio \u00e2 derbyn cwcis, neu i roi gwybod i chi os caiff cwcis eu gosod. Fodd bynnag, os byddwch yn gosod gwaharddiad ar gwcis, efallai na fyddwch yn gallu actifadu neu ddefnyddio rhai o nodweddion ein gwefan.<\/p>\n<p>Os na fyddwch yn gwahardd neu\u2019n dileu cwcis, bob tro y byddwch yn defnyddio\u2019r un cyfrifiadur i gael mynediad i\u2019n gwefan, bydd ein gweinydd gwe yn ein hysbysu eich bod wedi ymweld \u00e2\u2019n gwefan, a byddwn yn eich adnabod chi a\u2019ch data cofrestru a data talu. , casglu gwybodaeth am ddefnydd, ymchwil marchnad, olrhain cynnydd, a chyfranogiad mewn gweithgareddau hyrwyddo.<\/p>\n<p>Gallwch newid y gosodiadau ar borwr y cyfrifiadur rydych chi&#039;n ei ddefnyddio i gael mynediad i&#039;n gwefan i benderfynu a ydych am dderbyn cwcis ai peidio. Os yw&#039;n well gennych, gallwch newid y gosodiadau ar eich porwr. Os rhowch eich dewisiadau ar eich porwr, gallwch dderbyn pob cwci, derbyn hysbysiadau o gwcis, a hyd yn oed wrthod pob cwci. Fodd bynnag, os dewiswch beidio \u00e2 defnyddio cwcis neu wrthod pob cwci yn eich porwr, efallai na fyddwch yn gallu defnyddio neu actifadu rhai o nodweddion ein gwefan, neu efallai y bydd angen i chi ail-fewngofnodi i&#039;ch data.<\/p>\n<p><strong>Cadw data personol a gwybodaeth ddienw<\/strong><\/p>\n<p>Dim ond hyd nes y cyrhaeddir pwrpas y casgliad y cedwir y data personol a\u2019r wybodaeth ddienw a roddwch i ni, oni bai ei fod yn cael ei gadw yn unol \u00e2 chyfreithiau a rheoliadau cymwys.<\/p>\n<p><strong>Perchnogaeth a datgelu data personol<\/strong><\/p>\n<p>Mae&#039;r holl wybodaeth a gesglir ar ein gwefan yn eiddo i ni ac ni fydd yn cael ei rhentu na&#039;i gwerthu i unrhyw drydydd parti digyswllt. Fodd bynnag, gellir datgelu data personol i:<\/p>\n<p><strong>Gwerthiant uniongyrchol<\/strong><\/p>\n<p>Unwaith y byddwch wedi rhoi eich gwybodaeth bersonol i ni, efallai y byddwch yn derbyn galwad ff\u00f4n, e-bost a phost uniongyrchol gennym ni neu ein swyddfa gangen. Os nad ydych yn dymuno derbyn ein deunyddiau marchnata a hyrwyddo uniongyrchol, ysgrifennwch atom yn y cyfeiriad isod. Byddwn yn parchu eich cais ac ni fyddwn yn defnyddio eich gwybodaeth bersonol mwyach mewn gweithgareddau marchnata uniongyrchol.<\/p>\n<p><strong>Diogelu data personol<\/strong><\/p>\n<p>Rydym yn gweithredu mesurau corfforol, electronig, rheoli a thechnegol priodol i amddiffyn a diogelu diogelwch eich data personol. Rydym yn ymdrechu i sicrhau bod unrhyw ddata personol a gesglir trwy ein gwefan yn rhydd o niwsans gan unrhyw drydydd parti nad yw\u2019n perthyn i ni. Mae\u2019r mesurau diogelwch a gymerwn yn cynnwys ond heb fod yn gyfyngedig i:<\/p>\n<p>Mesurau ffisegol: Bydd cofnodion sy&#039;n cynnwys eich data personol yn cael eu storio mewn man dan glo.<\/p>\n<p>Mesurau electronig: Bydd data cyfrifiadurol sy&#039;n cynnwys eich data personol yn cael ei storio ar systemau cyfrifiadurol a chyfryngau storio yn amodol ar gyfyngiadau mewngofnodi llym.<\/p>\n<p>Mesurau rheoli: Dim ond gweithwyr sydd wedi&#039;u hawdurdodi gennym ni all gael mynediad at eich data personol. Mae&#039;n ofynnol i&#039;r gweithwyr hyn gydymffurfio \u00e2 chod cyfrinachedd mewnol ein data personol.<\/p>\n<p>Mesurau technegol: Gellir defnyddio technoleg amgryptio fel Amgryptio Haen Soced Ddiogel i ddosbarthu eich data personol.<\/p>\n<p>Mesurau eraill: Mae ein gweinydd gwe wedi&#039;i warchod gan \u201cwal d\u00e2n\u201d.<\/p>\n<p>Os ydych yn ymwybodol o unrhyw wendidau diogelwch ar ein gwefan, mae croeso i chi gysylltu \u00e2 ni fel y gallwn gymryd camau priodol cyn gynted \u00e2 phosibl.<\/p>\n<p>Er gwaethaf gweithredu&#039;r mesurau technegol a diogelwch uchod, ni allwn warantu diogelwch absoliwt y data ar y Rhyngrwyd, felly ni allwn warantu bod y data personol a roddwch i ni trwy ein gwefan yn ddiogel bob amser. Nid ydym yn atebol am unrhyw ddigwyddiadau sy\u2019n deillio o fynediad heb awdurdod i\u2019ch data personol, ac nid ydym yn atebol am unrhyw golled neu ddifrod sy\u2019n codi neu\u2019n cael ei achosi yn hyn o beth.<\/p>\n<p><strong>M\u00e2n<\/strong><\/p>\n<p>Os bydd unrhyw riant neu warcheidwad yn credu bod plentyn dan oed wedi darparu gwybodaeth bersonol i ni heb gymeradwyaeth neu ganiat\u00e2d y rhiant neu warcheidwad, mae croeso i chi gysylltu \u00e2&#039;n Hadran Gwasanaethau Cwsmer i sicrhau bod y wybodaeth yn cael ei thynnu oddi ar ein rhestr hyrwyddo. Tynnodd yn \u00f4l.<\/p>\n<p><strong>Cyrchu a chywiro data personol<\/strong><\/p>\n<p><strong>Mae gennych hawl i:<\/strong><\/p>\n<p>Gwiriwch a ydym yn cadw unrhyw ran o&#039;ch gwybodaeth bersonol;<\/p>\n<p>Mynediad at eich data personol a gedwir gennym ni;<\/p>\n<p>Gofyn i ni gywiro unrhyw wybodaeth bersonol anghywir;<\/p>\n<p>O bryd i&#039;w gilydd, gofynnwch am natur, polis\u00efau a dulliau gweithredu&#039;r data personol sydd gennym.<\/p>\n<p>Fodd bynnag, o dan yr amgylchiadau hynod gyfyngedig a ganiateir gan y gyfraith, efallai na fyddwn yn caniat\u00e1u ichi gael mynediad at eich data personol, megis:<\/p>\n<p>Os byddwch yn derbyn ac yn derbyn eich gwybodaeth bersonol, efallai y byddwch mewn perygl;<\/p>\n<p>Pryd y gall eich proffil effeithio ar arolwg parhaus;<\/p>\n<p>Pan fydd eich data personol yn ymwneud ag achos llys, a gall fod yn destun cyfyngiadau darganfod.<\/p>\n<p>Pan fydd eich proffil yn cynnwys proses gwneud penderfyniadau sy&#039;n sensitif i fusnes;<\/p>\n<p>Pan fydd proffil person arall hefyd yn cael ei gynnwys yn yr un cofnod.<\/p>\n<p>Os ydych yn dymuno cyrchu neu gywiro eich data personol, neu ofyn am wybodaeth am eich data personol, sut mae\u2019n cael ei berfformio, a\u2019r math o ddata personol sydd gennych, dylech ysgrifennu atom yn y cyfeiriad isod. Gall ceisiadau am fynediad at neu gywiro gwybodaeth arwain at ffioedd prosesu rhesymol.<\/p>\n<p><strong>Cadwch eich cyfrinair yn ddiogel<\/strong><\/p>\n<p>Yn ogystal \u00e2&#039;n hymdrechion i sicrhau diogelwch eich storio a phrosesu data personol, ni ddylech ddatgelu eich cyfrinair mewngofnodi na gwybodaeth cyfrif i unrhyw un er mwyn diogelu eich data personol. Pryd bynnag y byddwch yn mewngofnodi i&#039;n gwefan, yn enwedig pan fyddwch yn defnyddio cyfrifiadur rhywun arall neu derfynell rhyngrwyd cyhoeddus, cofiwch glicio a rhoi&#039;r gorau iddi ar \u00f4l y llawdriniaeth. Mae eich ymdrechion a&#039;ch cymorth yn gwbl ddefnyddiol i ni ddiogelu eich gwybodaeth bersonol.<\/p>\n<p><strong>Addasu&#039;r polisi preifatrwydd<\/strong><\/p>\n<p>Gellir diwygio\u2019r Polisi Preifatrwydd hwn o bryd i\u2019w gilydd (heb roi rhybudd i chi ymlaen llaw). Bydd unrhyw newidiadau i\u2019r polisi preifatrwydd yn cael eu postio ar ein gwefan.<\/p>\n<p><strong>Cysylltwch \u00e2 ni<\/strong><\/p>\n<p>Os oes gennych unrhyw gwestiynau neu bryderon am ein polisi preifatrwydd, mae croeso i chi gysylltu \u00e2 ni.<\/p>","protected":false},"excerpt":{"rendered":"<p>Privacy Policy Committed to We are committed to protecting the privacy, personal information and personal information (collectively referred to as &#8220;Personal Data&#8221;) provided by us when using our website, so that we are able to collect, use, store and transmit personal data (with personal data privacy). Relevant laws and regulations) and the highest standards of [&#8230;]\n","protected":false},"author":1,"featured_media":0,"parent":0,"menu_order":0,"comment_status":"closed","ping_status":"open","template":"","meta":{"footnotes":""},"class_list":["post-3","page","type-page","status-publish","hentry"],"_links":{"self":[{"href":"https:\/\/www.ccmmachine.com\/cy\/wp-json\/wp\/v2\/pages\/3","targetHints":{"allow":["GET"]}}],"collection":[{"href":"https:\/\/www.ccmmachine.com\/cy\/wp-json\/wp\/v2\/pages"}],"about":[{"href":"https:\/\/www.ccmmachine.com\/cy\/wp-json\/wp\/v2\/types\/page"}],"author":[{"embeddable":true,"href":"https:\/\/www.ccmmachine.com\/cy\/wp-json\/wp\/v2\/users\/1"}],"replies":[{"embeddable":true,"href":"https:\/\/www.ccmmachine.com\/cy\/wp-json\/wp\/v2\/comments?post=3"}],"version-history":[{"count":0,"href":"https:\/\/www.ccmmachine.com\/cy\/wp-json\/wp\/v2\/pages\/3\/revisions"}],"wp:attachment":[{"href":"https:\/\/www.ccmmachine.com\/cy\/wp-json\/wp\/v2\/media?parent=3"}],"curies":[{"name":"wp","href":"https:\/\/api.w.org\/{rel}","templated":true}]}}