{"id":1349,"date":"2024-03-21T04:17:59","date_gmt":"2024-03-21T04:17:59","guid":{"rendered":"https:\/\/www.ccmmachine.com\/?post_type=product&#038;p=1349"},"modified":"2024-03-21T04:18:02","modified_gmt":"2024-03-21T04:18:02","slug":"fregidora-a-pressio-mdxz-24c","status":"publish","type":"product","link":"https:\/\/www.ccmmachine.com\/ca\/product\/pressure-fryer-mdxz-24c\/","title":{"rendered":"Fregidora a pressi\u00f3 MDXZ-24C"},"content":{"rendered":"<p>Aquesta fregidora a pressi\u00f3 de la secci\u00f3 \u00e9s l&#039;empresa que absorbeix tecnologia avan\u00e7ada estrangera, desenvolupament i producci\u00f3 de l&#039;\u00faltim proc\u00e9s de producci\u00f3 de pollastre fregit al forn d&#039;acord amb les caracter\u00edstiques del pollastre rostit xin\u00e8s occidental i tradicional. Tot el cos d&#039;acer inoxidable, sincronitzaci\u00f3 electr\u00f2nica, pressi\u00f3 d&#039;escapament de control autom\u00e0tic de la temperatura.<\/p>\n\n\n\n<p>Utilitzant el principi d&#039;alta pressi\u00f3 a baixa temperatura, menjar fregit cruixent a l&#039;exterior i tendre, de color brillant, per\u00f2 tamb\u00e9 \u00e0nec fregit, peix, porc, xai i altres carns i patates i altres verdures. Aplicable a totes les botigues principals, hotels, restaurants de menjar r\u00e0pid, bars d&#039;aperitius, menjadors de f\u00e0brica i llars aut\u00f2noms. L&#039;operaci\u00f3 espec\u00edfica \u00e9s senzilla, neta, f\u00e0cil d&#039;utilitzar, d&#039;alta efici\u00e8ncia i durabilitat, \u00e9s l&#039;\u00faltim tipus de maquin\u00e0ria i equip de processament d&#039;aliments.<gwmw style=\"display:none;\"><\/gwmw><\/p>\n\n\n\n<h3 class=\"wp-block-heading\"><strong>Caracter\u00edstiques:<\/strong><gwmw style=\"display:none;\"><\/gwmw><\/h3>\n\n\n\n<p>1. Tot el cos d&#039;acer inoxidable, f\u00e0cil de rentar i netejar, llarga vida \u00fatil.<br>2 tapes d&#039;alumini, resistents i lleugeres, f\u00e0cils d&#039;obrir i tancar.<br>Capacitat de c\u00e0rrega de 3 quatre rodes, juntament amb funci\u00f3 de fre, facilitat de moviment i posicionament.<br>4. Una operaci\u00f3 de control d&#039;instruments mec\u00e0nics, \u00e9s senzilla, f\u00e0cil, elegant i precisa.<gwmw style=\"display:none;\"><\/gwmw><gwmw style=\"display:none;\"><\/gwmw><\/p>\n\n\n\n<figure class=\"wp-block-table\"><table><tbody><tr><td>Nom<\/td><td>Fregidora el\u00e8ctrica a pressi\u00f3<\/td><\/tr><tr><td>nom<\/td><td>MDXZ-24<\/td><\/tr><tr><td>Voltatge<\/td><td>3N\/380V\/50Hz<\/td><\/tr><tr><td>Poder<\/td><td>12kw<\/td><\/tr><tr><td>Control del rang de temperatura<\/td><td>90-190 \u2103<\/td><\/tr><tr><td>Mida<\/td><td>960\u00d7460\u00d71230mm<\/td><\/tr><tr><td>Mida de l&#039;embalatge<\/td><td>1030\u00d7510\u00d71300mm<\/td><\/tr><tr><td>Capacitat<\/td><td>24L<\/td><\/tr><tr><td>Pes<\/td><td>110 kg<\/td><\/tr><tr><td>Pes brut<\/td><td>135 kg<\/td><\/tr><tr><td>Panell de control<\/td><td>panell manual<\/td><\/tr><\/tbody><\/table><\/figure>\n\n\n\n<p><gwmw style=\"display:none;\"><\/gwmw><\/p>","protected":false},"excerpt":{"rendered":"<p>This section pressure fryer is the company absorbing foreign advanced technology, development and production of the latest fried chicken oven fried chicken production process according to the characteristics of Western and traditional Chinese roast chicken. The whole body of stainless steel, electronic timing, automatic temperature control exhaust pressure. Using low-temperature high-pressure principle, fried food crisp [&#8230;]\n","protected":false},"featured_media":1582,"template":"","meta":[],"product_brand":[],"product_cat":[85],"product_tag":[],"class_list":{"0":"post-1349","1":"product","2":"type-product","3":"status-publish","4":"has-post-thumbnail","6":"product_cat-electric-pressure-fryers","8":"first","9":"instock","10":"shipping-taxable","11":"product-type-simple"},"_links":{"self":[{"href":"https:\/\/www.ccmmachine.com\/ca\/wp-json\/wp\/v2\/product\/1349","targetHints":{"allow":["GET"]}}],"collection":[{"href":"https:\/\/www.ccmmachine.com\/ca\/wp-json\/wp\/v2\/product"}],"about":[{"href":"https:\/\/www.ccmmachine.com\/ca\/wp-json\/wp\/v2\/types\/product"}],"wp:featuredmedia":[{"embeddable":true,"href":"https:\/\/www.ccmmachine.com\/ca\/wp-json\/wp\/v2\/media\/1582"}],"wp:attachment":[{"href":"https:\/\/www.ccmmachine.com\/ca\/wp-json\/wp\/v2\/media?parent=1349"}],"wp:term":[{"taxonomy":"product_brand","embeddable":true,"href":"https:\/\/www.ccmmachine.com\/ca\/wp-json\/wp\/v2\/product_brand?post=1349"},{"taxonomy":"product_cat","embeddable":true,"href":"https:\/\/www.ccmmachine.com\/ca\/wp-json\/wp\/v2\/product_cat?post=1349"},{"taxonomy":"product_tag","embeddable":true,"href":"https:\/\/www.ccmmachine.com\/ca\/wp-json\/wp\/v2\/product_tag?post=1349"}],"curies":[{"name":"wp","href":"https:\/\/api.w.org\/{rel}","templated":true}]}}