{"id":1345,"date":"2024-03-21T04:03:01","date_gmt":"2024-03-21T04:03:01","guid":{"rendered":"https:\/\/www.ccmmachine.com\/?post_type=product&#038;p=1345"},"modified":"2024-03-21T04:03:05","modified_gmt":"2024-03-21T04:03:05","slug":"fregidora-electrica-a-pressio-pfe-500","status":"publish","type":"product","link":"https:\/\/www.ccmmachine.com\/ca\/product\/electric-pressure-fryer-pfe-500\/","title":{"rendered":"Fregidora el\u00e8ctrica a pressi\u00f3 PFE-500"},"content":{"rendered":"<p>Aquesta s\u00e8rie de forn de pollastre fregit americ\u00e0 \u00e9s una empresa que absorbeix la tecnologia avan\u00e7ada estrangera, segons les caracter\u00edstiques del proc\u00e9s de producci\u00f3 del pollastre fregit de pollastre xin\u00e8s occidental i tradicional en el desenvolupament i la producci\u00f3 de l&#039;\u00faltim forn de pollastre fregit. Tot el cos d&#039;acer inoxidable, funcionament senzill, pressi\u00f3 d&#039;escapament de control autom\u00e0tic de la temperatura.<br>Utilitzant principis d&#039;alta pressi\u00f3 a baixa temperatura, aliments fregits cruixents a l&#039;exterior i de color tendre i brillant, per\u00f2 tamb\u00e9 \u00e0nec fregit, pollastre fregit, pollastre fregit, ales de pollastre, peix, porc i altres carns i patates i altres verdures. Aplicable a totes les grans botigues, hotels, restaurants de menjar r\u00e0pid, snack-bars, menjadors de f\u00e0brica i llars aut\u00f2noms. Amb un funcionament senzill, net, f\u00e0cil d&#039;utilitzar, alta efici\u00e8ncia, durabilitat i altres caracter\u00edstiques. \u00c9s l&#039;\u00faltim tipus de maquin\u00e0ria i equip de processament d&#039;aliments.<gwmw style=\"display:none;\"><\/gwmw><\/p>\n\n\n\n<h3 class=\"wp-block-heading\"><strong>Caracter\u00edstiques:<\/strong><gwmw style=\"display:none;\"><\/gwmw><\/h3>\n\n\n\n<p>1, tot el cos d&#039;acer inoxidable, f\u00e0cil de rentar i netejar llarga vida \u00fatil.<br>2, tapa d&#039;alumini, resistent i lleugera, f\u00e0cil d&#039;obrir i tancar.<br>3, sistema de filtraci\u00f3 integrat, f\u00e0cil d&#039;utilitzar i eficient energ\u00e8ticament.<br>4, capacitat de c\u00e0rrega de quatre rodes juntament amb funci\u00f3 de fre, facilitat de moviment i posicionament.<br>5, el tauler de control cl\u00e0ssic de la m\u00e0quina, m\u00e9s f\u00e0cil i eficient.<\/p>\n\n\n\n<figure class=\"wp-block-table\"><table><tbody><tr><td>Nom<\/td><td>Fregidora el\u00e8ctrica a pressi\u00f3<\/td><\/tr><tr><td>nom<\/td><td>PFE-500<\/td><\/tr><tr><td>Voltatge<\/td><td>~3N380v\/50Hz\uff08~3N220v\/60Hz\uff09<\/td><\/tr><tr><td>Poder<\/td><td>13,5 kW<\/td><\/tr><tr><td>Control del rang de temperatura<\/td><td>20-200 \u2103<\/td><\/tr><tr><td>Mida<\/td><td>960\u00d7460\u00d71230mm<\/td><\/tr><tr><td>Mida de l&#039;embalatge<\/td><td>1030\u00d7510\u00d71300mm<\/td><\/tr><tr><td>Capacitat<\/td><td>24L<\/td><\/tr><tr><td>Pes<\/td><td>135 kg<\/td><\/tr><tr><td>Pes brut<\/td><td>155 kg<\/td><\/tr><tr><td>Panell de control<\/td><td>panell manual<\/td><\/tr><\/tbody><\/table><\/figure>\n\n\n\n<figure class=\"wp-block-image size-full\"><img decoding=\"async\" width=\"740\" height=\"300\" src=\"https:\/\/www.ccmmachine.com\/wp-content\/uploads\/2024\/03\/Electric-Pressure-fryer-PFE-500-001.webp\" alt=\"\" class=\"wp-image-1577\" srcset=\"https:\/\/www.ccmmachine.com\/wp-content\/uploads\/2024\/03\/Electric-Pressure-fryer-PFE-500-001.webp 740w, https:\/\/www.ccmmachine.com\/wp-content\/uploads\/2024\/03\/Electric-Pressure-fryer-PFE-500-001-700x284.webp 700w, https:\/\/www.ccmmachine.com\/wp-content\/uploads\/2024\/03\/Electric-Pressure-fryer-PFE-500-001-300x122.webp 300w, https:\/\/www.ccmmachine.com\/wp-content\/uploads\/2024\/03\/Electric-Pressure-fryer-PFE-500-001-18x7.webp 18w\" sizes=\"(max-width: 740px) 100vw, 740px\" \/><\/figure>\n\n\n\n<figure class=\"wp-block-image size-full\"><img decoding=\"async\" width=\"472\" height=\"461\" src=\"https:\/\/www.ccmmachine.com\/wp-content\/uploads\/2024\/03\/Electric-Pressure-fryer-PFE-500-002.webp\" alt=\"\" class=\"wp-image-1578\" srcset=\"https:\/\/www.ccmmachine.com\/wp-content\/uploads\/2024\/03\/Electric-Pressure-fryer-PFE-500-002.webp 472w, https:\/\/www.ccmmachine.com\/wp-content\/uploads\/2024\/03\/Electric-Pressure-fryer-PFE-500-002-300x293.webp 300w, https:\/\/www.ccmmachine.com\/wp-content\/uploads\/2024\/03\/Electric-Pressure-fryer-PFE-500-002-12x12.webp 12w\" sizes=\"(max-width: 472px) 100vw, 472px\" \/><\/figure>\n\n\n\n<p><gwmw style=\"display:none;\"><\/gwmw><\/p>","protected":false},"excerpt":{"rendered":"<p>This series American fried chicken oven is a company absorbing the foreign advanced technology, according to the production process characteristics of Western and traditional Chinese chicken fried chicken in the development and production of the latest fried chicken oven. The whole body of stainless steel, simple operation, automatic temperature control exhaust pressure.Using low-temperature high-pressure principles, [&#8230;]\n","protected":false},"featured_media":1576,"template":"","meta":[],"product_brand":[],"product_cat":[85],"product_tag":[],"class_list":{"0":"post-1345","1":"product","2":"type-product","3":"status-publish","4":"has-post-thumbnail","6":"product_cat-electric-pressure-fryers","8":"first","9":"instock","10":"shipping-taxable","11":"product-type-simple"},"_links":{"self":[{"href":"https:\/\/www.ccmmachine.com\/ca\/wp-json\/wp\/v2\/product\/1345","targetHints":{"allow":["GET"]}}],"collection":[{"href":"https:\/\/www.ccmmachine.com\/ca\/wp-json\/wp\/v2\/product"}],"about":[{"href":"https:\/\/www.ccmmachine.com\/ca\/wp-json\/wp\/v2\/types\/product"}],"wp:featuredmedia":[{"embeddable":true,"href":"https:\/\/www.ccmmachine.com\/ca\/wp-json\/wp\/v2\/media\/1576"}],"wp:attachment":[{"href":"https:\/\/www.ccmmachine.com\/ca\/wp-json\/wp\/v2\/media?parent=1345"}],"wp:term":[{"taxonomy":"product_brand","embeddable":true,"href":"https:\/\/www.ccmmachine.com\/ca\/wp-json\/wp\/v2\/product_brand?post=1345"},{"taxonomy":"product_cat","embeddable":true,"href":"https:\/\/www.ccmmachine.com\/ca\/wp-json\/wp\/v2\/product_cat?post=1345"},{"taxonomy":"product_tag","embeddable":true,"href":"https:\/\/www.ccmmachine.com\/ca\/wp-json\/wp\/v2\/product_tag?post=1345"}],"curies":[{"name":"wp","href":"https:\/\/api.w.org\/{rel}","templated":true}]}}