{"id":3,"date":"2019-07-18T17:44:06","date_gmt":"2019-07-18T17:44:06","guid":{"rendered":"http:\/\/www.ccmmachine.com\/?page_id=3"},"modified":"2019-09-08T08:06:10","modified_gmt":"2019-09-08T08:06:10","slug":"politica-de-privacitat","status":"publish","type":"page","link":"https:\/\/www.ccmmachine.com\/ca\/privacy-policy\/","title":{"rendered":"Pol\u00edtica de privacitat"},"content":{"rendered":"<h3 style=\"text-align: center;\">Pol\u00edtica de privacitat<\/h3>\n<p><strong>Comprom\u00e8s amb<\/strong><\/p>\n<p>Ens comprometem a protegir la privadesa, la informaci\u00f3 personal i la informaci\u00f3 personal (anomenada col\u00b7lectivament &quot;Dades personals&quot;) que ens proporcionem quan utilitzem el nostre lloc web, de manera que puguem recollir, utilitzar, emmagatzemar i transmetre dades personals (amb dades personals). privadesa). lleis i reglaments rellevants) i els m\u00e9s alts est\u00e0ndards de protecci\u00f3 del consumidor.<\/p>\n<p>Per assegurar-vos que teniu plena confian\u00e7a en el nostre tractament de les vostres dades personals, heu de llegir i entendre detalladament les disposicions de la Pol\u00edtica de privadesa. En particular, un cop utilitzeu el nostre lloc web, es considerar\u00e0 que accepteu, accepteu, prometeu i confirmeu:<\/p>\n<p>Ens divulgueu volunt\u00e0riament informaci\u00f3 personal amb el consentiment requerit;<\/p>\n<p>Complir\u00e0 amb tots els termes i restriccions d&#039;aquesta Pol\u00edtica de privadesa;<\/p>\n<p>Us registreu al nostre lloc web i es recopilar\u00e0 la informaci\u00f3;<\/p>\n<p>Accepteu qualsevol canvi a la nostra Pol\u00edtica de privadesa en el futur;<\/p>\n<p>Accepteu els nostres afiliats, afiliats, empleats i \u00e9s possible que us interessin productes i serveis que us puguin interessar (tret que h\u00e0giu indicat que no voleu rebre aquests missatges).<\/p>\n<p><strong>Tipus de dades personals recollides<\/strong><\/p>\n<p>Recollim, gestionem i controlem dades personals amb el vostre consentiment. Per oferir-vos els nostres serveis, haureu de proporcionar les dades personals i els materials sense nom que creiem necessaris per complir les vostres instruccions i millorar encara m\u00e9s els nostres serveis, incloent, entre d&#039;altres:<\/p>\n<p><strong>Informaci\u00f3 personal<\/strong><\/p>\n<p>\u2013 El vostre nom, sexe, edat, data de naixement, n\u00famero de tel\u00e8fon, n\u00famero de fax, adre\u00e7a o adre\u00e7a postal, adre\u00e7a de correu electr\u00f2nic.<\/p>\n<p><strong>Material sense nom<\/strong><\/p>\n<p>La finalitat i l&#039;\u00fas de la recollida de dades personals i informaci\u00f3 sense nom s\u00f3n els seg\u00fcents:<\/p>\n<p>Proporcioneu-nos els nostres serveis a trav\u00e9s del nostre lloc web;<\/p>\n<p>Quan utilitzeu el nostre lloc web, podeu identificar i confirmar la vostra identitat;<\/p>\n<p>Permeteu que tingueu la sensaci\u00f3 per vosaltres quan feu servir el nostre lloc web;<\/p>\n<p>El nostre personal d&#039;atenci\u00f3 al client pot contactar amb vost\u00e8 si cal;<\/p>\n<p>Estad\u00edstiques sobre l&#039;\u00fas del nostre lloc web;<\/p>\n<p>Facilitar-vos l&#039;\u00fas del nostre lloc web;<\/p>\n<p>Realitzar enquestes d&#039;investigaci\u00f3 de mercat per millorar els nostres productes, serveis i contingut del lloc web;<\/p>\n<p>Recollir informaci\u00f3 per a les nostres activitats, programes de m\u00e0rqueting i promoci\u00f3;<\/p>\n<p>Complir amb les lleis, les autoritats governamentals i reguladores, incloent, entre d&#039;altres, la divulgaci\u00f3 de dades personals i notificacions;<\/p>\n<p>Deixa que nosaltres i els nostres afiliats, afiliats, afiliats, empleats, agents, socis de servei o altres tercers que treballin amb nosaltres al pa\u00eds on vius fem la promoci\u00f3 de productes i\/o serveis;<\/p>\n<p>Analitzar, verificar i\/o revisar el vostre cr\u00e8dit, pagament i\/o estat pel que fa als serveis que oferim;<\/p>\n<p>Processar les instruccions de pagament, domiciliaci\u00f3 banc\u00e0ria i\/o acords de cr\u00e8dit a la vostra sol\u00b7licitud;<\/p>\n<p>Us permet operar el vostre compte i\/o ens permet retirar la quota de servei pendent del compte.<\/p>\n<p><strong>Galetes<\/strong><\/p>\n<p>Quan visiteu el nostre lloc web, utilitzem Google Stats per registrar el nostre rendiment i comprovar l&#039;efic\u00e0cia de la publicitat en l\u00ednia mitjan\u00e7ant galetes. Una galeta \u00e9s una petita quantitat de dades que s&#039;envien al vostre navegador i s&#039;emmagatzemen al disc dur del vostre ordinador. Les galetes nom\u00e9s es poden enviar al disc dur del vostre ordinador quan utilitzeu el vostre ordinador per accedir al nostre lloc web. Les galetes s&#039;utilitzen sovint per registrar els h\u00e0bits i les prefer\u00e8ncies dels visitants quan naveguen per diversos elements al nostre lloc web. La informaci\u00f3 recollida per les cookies \u00e9s estad\u00edstica col\u00b7lectiva no registrada i no cont\u00e9 dades personals. Les galetes no es poden utilitzar per obtenir dades del vostre disc dur, la vostra adre\u00e7a de correu electr\u00f2nic i les vostres dades privades. Quan torneu a visitar el nostre lloc web, podeu desar els passos per registrar-vos de nou. La majoria dels navegadors estan predefinits per acceptar cookies. Podeu optar per configurar el vostre navegador perqu\u00e8 no accepti galetes o per avisar-vos si hi ha galetes instal\u00b7lades. Tanmateix, si establiu una prohibici\u00f3 de les galetes, \u00e9s possible que no pugueu activar o utilitzar determinades funcions del nostre lloc web.<\/p>\n<p>Si no prohibeix o elimina les cookies, cada vegada que utilitzis el mateix ordinador per accedir al nostre lloc web, el nostre servidor web ens notificar\u00e0 que has visitat el nostre lloc web, i t&#039;identificarem a tu i a les teves dades de registre i de pagament. , recopilant informaci\u00f3 sobre l&#039;\u00fas, estudis de mercat, seguiment del progr\u00e9s i participaci\u00f3 en activitats promocionals.<\/p>\n<p>Podeu canviar la configuraci\u00f3 del navegador de l&#039;ordinador que utilitzeu per accedir al nostre lloc web per decidir si accepteu o no les cookies. Si ho prefereixes, pots canviar la configuraci\u00f3 del teu navegador. Si poseu les vostres prefer\u00e8ncies al vostre navegador, podeu acceptar totes les cookies, rebre notificacions de les cookies i fins i tot rebutjar totes les cookies. Tanmateix, si decidiu no utilitzar galetes o rebutjar totes les galetes al vostre navegador, \u00e9s possible que no pugueu utilitzar o activar determinades funcions del nostre lloc web, o potser haureu de tornar a iniciar sessi\u00f3 a les vostres dades.<\/p>\n<p><strong>Desa dades personals i informaci\u00f3 sense nom<\/strong><\/p>\n<p>Les dades personals i la informaci\u00f3 sense nom que ens proporcioneu nom\u00e9s es conserven fins que s&#039;hagi assolit la finalitat de la recollida, tret que es conserven d&#039;acord amb les lleis i regulacions aplicables.<\/p>\n<p><strong>Propietat i divulgaci\u00f3 de les dades personals<\/strong><\/p>\n<p>Tota la informaci\u00f3 recollida al nostre lloc web \u00e9s propietat nostra i no es llogar\u00e0 ni vendr\u00e0 a tercers no relacionats. No obstant aix\u00f2, les dades personals es poden comunicar a:<\/p>\n<p><strong>Venda directa<\/strong><\/p>\n<p>Un cop ens hagis proporcionat la teva informaci\u00f3 personal, pots rebre una trucada telef\u00f2nica, un correu electr\u00f2nic i un correu directe de nosaltres o de la nostra sucursal. Si no voleu rebre els nostres materials promocionals i de m\u00e0rqueting directe, escriu-nos a l&#039;adre\u00e7a seg\u00fcent. Respectarem la vostra sol\u00b7licitud i deixarem d&#039;utilitzar la vostra informaci\u00f3 personal en activitats de m\u00e0rqueting directe.<\/p>\n<p><strong>Protecci\u00f3 de dades personals<\/strong><\/p>\n<p>Implementem mesures f\u00edsiques, electr\u00f2niques, de gesti\u00f3 i t\u00e8cniques adequades per protegir i protegir la seguretat de les vostres dades personals. Ens esforcem per garantir que qualsevol dada personal recollida a trav\u00e9s del nostre lloc web estigui lliure de mol\u00e8sties per part de tercers no relacionats amb nosaltres. Les mesures de seguretat que prenem inclouen per\u00f2 no es limiten a:<\/p>\n<p>Mesures f\u00edsiques: Els registres que continguin les vostres dades personals s&#039;emmagatzemaran en un lloc tancat.<\/p>\n<p>Mesures electr\u00f2niques: les dades inform\u00e0tiques que continguin les vostres dades personals s&#039;emmagatzemaran en sistemes inform\u00e0tics i suports d&#039;emmagatzematge subjectes a estrictes restriccions d&#039;inici de sessi\u00f3.<\/p>\n<p>Mesures de gesti\u00f3: Nom\u00e9s els empleats autoritzats per nosaltres poden accedir a les vostres dades personals. Aquests empleats estan obligats a complir amb el codi intern de confidencialitat de les nostres dades personals.<\/p>\n<p>Mesures t\u00e8cniques: la tecnologia de xifratge, com ara Secure Socket Layer Encryption, es pot utilitzar per lliurar les vostres dades personals.<\/p>\n<p>Altres mesures: El nostre servidor web est\u00e0 protegit per un \u201ctallafoc\u201d.<\/p>\n<p>Si coneixeu alguna vulnerabilitat de seguretat al nostre lloc web, no dubteu a posar-vos en contacte amb nosaltres per tal que puguem prendre les mesures oportunes el m\u00e9s aviat possible.<\/p>\n<p>Tot i la implementaci\u00f3 de les mesures t\u00e8cniques i de seguretat anteriors, no podem garantir la seguretat absoluta de les dades a Internet, per la qual cosa no podem garantir que les dades personals que ens proporcioneu a trav\u00e9s del nostre lloc web estiguin segures en tot moment. No ens fem responsables de cap incid\u00e8ncia derivada de l&#039;acc\u00e9s no autoritzat a les vostres dades personals, ni ens fem responsables de cap p\u00e8rdua o dany derivat o causat en aquest sentit.<\/p>\n<p><strong>Menor<\/strong><\/p>\n<p>Si algun pare o tutor considera que un menor d&#039;edat ens ha proporcionat informaci\u00f3 personal sense l&#039;aprovaci\u00f3 o consentiment del pare o tutor, no dubteu a posar-vos en contacte amb el nostre Departament d&#039;Atenci\u00f3 al Client per assegurar-vos que la informaci\u00f3 s&#039;elimina i de la nostra llista promocional. Es va retirar.<\/p>\n<p><strong>Acc\u00e9s i correcci\u00f3 de dades personals<\/strong><\/p>\n<p><strong>Tens dret a:<\/strong><\/p>\n<p>Comproveu si tenim alguna de la vostra informaci\u00f3 personal;<\/p>\n<p>Acc\u00e9s a les vostres dades personals que tenim;<\/p>\n<p>Demaneu-nos que corregim qualsevol informaci\u00f3 personal incorrecta;<\/p>\n<p>De tant en tant, pregunteu sobre la naturalesa, les pol\u00edtiques i els m\u00e8todes d&#039;implementaci\u00f3 de les dades personals que tenim.<\/p>\n<p>Tanmateix, en les circumst\u00e0ncies extremadament limitades que permet la llei, \u00e9s possible que no us permetrem accedir a les vostres dades personals, com ara:<\/p>\n<p>Si rep i rep la seva informaci\u00f3 personal, pot estar en perill;<\/p>\n<p>Quan el vostre perfil pot afectar una enquesta en curs;<\/p>\n<p>Quan les vostres dades personals es relacionen amb procediments judicials i poden estar subjectes a restriccions de descobriment.<\/p>\n<p>Quan el teu perfil impliqui un proc\u00e9s de presa de decisions sensible a l&#039;empresa;<\/p>\n<p>Quan el perfil d&#039;una altra persona tamb\u00e9 s&#039;inclou al mateix registre.<\/p>\n<p>Si voleu accedir o corregir les vostres dades personals, o sol\u00b7licitar informaci\u00f3 sobre les vostres dades personals, com es duen a terme i el tipus de dades personals que teniu, ens heu d&#039;escriure a l&#039;adre\u00e7a seg\u00fcent. Les sol\u00b7licituds d&#039;acc\u00e9s a la informaci\u00f3 o de correcci\u00f3 d&#039;aquesta poden donar lloc a tarifes de processament raonables.<\/p>\n<p><strong>Mantingueu la vostra contrasenya segura<\/strong><\/p>\n<p>A m\u00e9s dels nostres esfor\u00e7os per garantir la seguretat de l&#039;emmagatzematge i el tractament de les vostres dades personals, no haur\u00edeu de revelar la vostra contrasenya d&#039;inici de sessi\u00f3 o la informaci\u00f3 del compte a ning\u00fa per protegir les vostres dades personals. Sempre que inicieu sessi\u00f3 al nostre lloc web, especialment quan utilitzeu l&#039;ordinador d&#039;una altra persona o un terminal p\u00fablic d&#039;Internet, recordeu fer clic i sortir despr\u00e9s de l&#039;operaci\u00f3. Els vostres esfor\u00e7os i assist\u00e8ncia ens s\u00f3n absolutament \u00fatils per protegir la vostra informaci\u00f3 personal.<\/p>\n<p><strong>Modificaci\u00f3 de la pol\u00edtica de privacitat<\/strong><\/p>\n<p>Aquesta Pol\u00edtica de privadesa es pot modificar de tant en tant (sense av\u00eds previ). Qualsevol canvi a la pol\u00edtica de privadesa es publicar\u00e0 al nostre lloc web.<\/p>\n<p><strong>Contacta amb nosaltres<\/strong><\/p>\n<p>Si teniu cap pregunta o dubte sobre la nostra pol\u00edtica de privadesa, no dubteu a posar-vos en contacte amb nosaltres.<\/p>","protected":false},"excerpt":{"rendered":"<p>Privacy Policy Committed to We are committed to protecting the privacy, personal information and personal information (collectively referred to as &#8220;Personal Data&#8221;) provided by us when using our website, so that we are able to collect, use, store and transmit personal data (with personal data privacy). Relevant laws and regulations) and the highest standards of [&#8230;]\n","protected":false},"author":1,"featured_media":0,"parent":0,"menu_order":0,"comment_status":"closed","ping_status":"open","template":"","meta":{"footnotes":""},"class_list":["post-3","page","type-page","status-publish","hentry"],"_links":{"self":[{"href":"https:\/\/www.ccmmachine.com\/ca\/wp-json\/wp\/v2\/pages\/3","targetHints":{"allow":["GET"]}}],"collection":[{"href":"https:\/\/www.ccmmachine.com\/ca\/wp-json\/wp\/v2\/pages"}],"about":[{"href":"https:\/\/www.ccmmachine.com\/ca\/wp-json\/wp\/v2\/types\/page"}],"author":[{"embeddable":true,"href":"https:\/\/www.ccmmachine.com\/ca\/wp-json\/wp\/v2\/users\/1"}],"replies":[{"embeddable":true,"href":"https:\/\/www.ccmmachine.com\/ca\/wp-json\/wp\/v2\/comments?post=3"}],"version-history":[{"count":0,"href":"https:\/\/www.ccmmachine.com\/ca\/wp-json\/wp\/v2\/pages\/3\/revisions"}],"wp:attachment":[{"href":"https:\/\/www.ccmmachine.com\/ca\/wp-json\/wp\/v2\/media?parent=3"}],"curies":[{"name":"wp","href":"https:\/\/api.w.org\/{rel}","templated":true}]}}