{"id":1414,"date":"2024-03-21T02:08:47","date_gmt":"2024-03-21T02:08:47","guid":{"rendered":"https:\/\/www.ccmmachine.com\/?post_type=product&#038;p=1414"},"modified":"2024-03-21T02:08:51","modified_gmt":"2024-03-21T02:08:51","slug":"friteza-na-plin-pfg-800","status":"publish","type":"product","link":"https:\/\/www.ccmmachine.com\/bs\/product\/gas-pressure-fryer-pfg-800\/","title":{"rendered":"Plinska friteza PFG-800"},"content":{"rendered":"<p> Ova serija friteza za piletinu pod pritiskom koristi princip niske temperature i visokog pritiska, pr\u017eena hrana je hrskava spolja i nje\u017ena, svijetle boje. Cijelo tijelo od nehr\u0111aju\u0107eg \u010delika, kompjuterska kontrolna plo\u010da, jednostavan rad i automatska kontrola temperature izduvnog tlaka. <\/p>\n\n\n\n<h3 class=\"wp-block-heading\"><strong>Glavne karakteristike<\/strong><\/h3>\n\n\n\n<ul class=\"wp-block-list\">\n<li>Cijelo tijelo od nehr\u0111aju\u0107eg \u010delika, lako se \u010disti i bri\u0161e, s dugim vijekom trajanja. <\/li>\n\n\n\n<li>Aluminijski poklopac, robustan i lagan, lako se otvara i zatvara. <\/li>\n\n\n\n<li>Ugra\u0111en automatski sistem filtera ulja, jednostavan za kori\u0161tenje, efikasan i \u0161tedi energiju. <\/li>\n\n\n\n<li>\u010cetiri kota\u010da imaju veliki kapacitet i opremljeni su funkcijom ko\u010dnice, koja se lako pomera i postavlja. <\/li>\n\n\n\n<li>Kontrolna plo\u010da digitalnog displeja je preciznija i ljep\u0161a. <\/li>\n\n\n\n<li>Ma\u0161ina je opremljena sa 10-0 klju\u010deva za skladi\u0161tenje za 10 kategorija pr\u017eenja hrane. <\/li>\n\n\n\n<li>Podesite automatski ispuh nakon isteka vremena i dajte alarm da vas podseti. <\/li>\n\n\n\n<li>Svaki klju\u010d proizvoda mo\u017ee postaviti 10 na\u010dina grijanja. <\/li>\n\n\n\n<li>Podsjetnici filtera ulja i podsjetnici za promjenu ulja mogu se podesiti. <\/li>\n\n\n\n<li>Prebacite se na stepene Farenhajta. <\/li>\n\n\n\n<li>Vrijeme predgrijavanja se mo\u017ee podesiti. <\/li>\n\n\n\n<li>Mo\u017ee se podesiti vrijeme \u010di\u0161\u0107enja, re\u017eim mirovanja i na\u010din topljenja ulja. <\/li>\n\n\n\n<li>Mo\u017ee se podesiti sa ili bez pritiska na radu.<\/li>\n<\/ul>\n\n\n\n<figure class=\"wp-block-table\"><table><tbody><tr><td><strong>Ime<\/strong><\/td><td>friteza pod pritiskom na gas<\/td><\/tr><tr><td><strong>Model<\/strong><\/td><td>PFG-800<\/td><\/tr><tr><td><strong>Radni pritisak<\/strong><\/td><td>0,085Mpa<\/td><\/tr><tr><td><strong>Kontrolni raspon temperature<\/strong><\/td><td>20~200\u2103<\/td><\/tr><tr><td><strong>Potro\u0161nja plina<\/strong><\/td><td>oko 0,48 kg\/h (uklju\u010duju\u0107i vrijeme dr\u017eanja)<\/td><\/tr><tr><td><strong>volta\u017ea<\/strong><\/td><td>&nbsp;~220V\/50Hz-60Hz<\/td><\/tr><tr><td><strong>Gorivo<\/strong><\/td><td>LPG\/Prirodni gas<\/td><\/tr><tr><td><strong>Veli\u010dina<\/strong><\/td><td>460\u00d7960\u00d71230 mm<\/td><\/tr><tr><td><strong>Veli\u010dina pakovanja<\/strong><\/td><td>510\u00d71030\u00d71300 mm<\/td><\/tr><tr><td><strong>Kapacitet<\/strong><\/td><td>24L<\/td><\/tr><tr><td><strong>Te\u017eina<\/strong><\/td><td>110kg<\/td><\/tr><tr><td><strong>Bruto te\u017eina<\/strong><\/td><td>135 kg<\/td><\/tr><tr><td><strong>Kontrolna tabla<\/strong><\/td><td>Computer Panel<\/td><\/tr><\/tbody><\/table><\/figure>\n\n\n\n<figure class=\"wp-block-image size-large\"><img decoding=\"async\" width=\"1024\" height=\"768\" src=\"https:\/\/www.ccmmachine.com\/wp-content\/uploads\/2024\/03\/Pfg-800-Chicken-Pressure-Fryer-LPG-Gas-Deep-Fryer-1024x768.webp\" alt=\"\" class=\"wp-image-1554\" srcset=\"https:\/\/www.ccmmachine.com\/wp-content\/uploads\/2024\/03\/Pfg-800-Chicken-Pressure-Fryer-LPG-Gas-Deep-Fryer-1024x768.webp 1024w, https:\/\/www.ccmmachine.com\/wp-content\/uploads\/2024\/03\/Pfg-800-Chicken-Pressure-Fryer-LPG-Gas-Deep-Fryer-800x600.webp 800w, https:\/\/www.ccmmachine.com\/wp-content\/uploads\/2024\/03\/Pfg-800-Chicken-Pressure-Fryer-LPG-Gas-Deep-Fryer-300x225.webp 300w, https:\/\/www.ccmmachine.com\/wp-content\/uploads\/2024\/03\/Pfg-800-Chicken-Pressure-Fryer-LPG-Gas-Deep-Fryer-768x576.webp 768w, https:\/\/www.ccmmachine.com\/wp-content\/uploads\/2024\/03\/Pfg-800-Chicken-Pressure-Fryer-LPG-Gas-Deep-Fryer-16x12.webp 16w, https:\/\/www.ccmmachine.com\/wp-content\/uploads\/2024\/03\/Pfg-800-Chicken-Pressure-Fryer-LPG-Gas-Deep-Fryer.webp 1440w\" sizes=\"(max-width: 1024px) 100vw, 1024px\" \/><\/figure>","protected":false},"excerpt":{"rendered":"<p>This series chicken pressure fryer uses a low temperature and high pressure principle, fried food crisp outside and tender, bright color. The whole body of stainless steel, computer control panel, simple operation, and automatic temperature control exhaust pressure. Main Features Name gas pressure fryer Model PFG-800 Working pressure 0.085Mpa Control temperature range 20~200\u2103 Gas consumption [&#8230;]\n","protected":false},"featured_media":1553,"template":"","meta":[],"product_brand":[],"product_cat":[86],"product_tag":[],"class_list":{"0":"post-1414","1":"product","2":"type-product","3":"status-publish","4":"has-post-thumbnail","6":"product_cat-gas-pressure-fryers","8":"first","9":"instock","10":"shipping-taxable","11":"product-type-simple"},"_links":{"self":[{"href":"https:\/\/www.ccmmachine.com\/bs\/wp-json\/wp\/v2\/product\/1414","targetHints":{"allow":["GET"]}}],"collection":[{"href":"https:\/\/www.ccmmachine.com\/bs\/wp-json\/wp\/v2\/product"}],"about":[{"href":"https:\/\/www.ccmmachine.com\/bs\/wp-json\/wp\/v2\/types\/product"}],"wp:featuredmedia":[{"embeddable":true,"href":"https:\/\/www.ccmmachine.com\/bs\/wp-json\/wp\/v2\/media\/1553"}],"wp:attachment":[{"href":"https:\/\/www.ccmmachine.com\/bs\/wp-json\/wp\/v2\/media?parent=1414"}],"wp:term":[{"taxonomy":"product_brand","embeddable":true,"href":"https:\/\/www.ccmmachine.com\/bs\/wp-json\/wp\/v2\/product_brand?post=1414"},{"taxonomy":"product_cat","embeddable":true,"href":"https:\/\/www.ccmmachine.com\/bs\/wp-json\/wp\/v2\/product_cat?post=1414"},{"taxonomy":"product_tag","embeddable":true,"href":"https:\/\/www.ccmmachine.com\/bs\/wp-json\/wp\/v2\/product_tag?post=1414"}],"curies":[{"name":"wp","href":"https:\/\/api.w.org\/{rel}","templated":true}]}}